{"id":466296,"date":"2025-01-23T05:47:44","date_gmt":"2025-01-23T04:47:44","guid":{"rendered":"https:\/\/printwave.pl\/de\/produkt\/premium-organic-t\/"},"modified":"2026-02-20T08:07:47","modified_gmt":"2026-02-20T07:07:47","slug":"premium-organic-t","status":"publish","type":"product","link":"https:\/\/printwave.pl\/de\/produkt\/premium-organic-t\/","title":{"rendered":"Premium Organic T"},"content":{"rendered":"<p>\u00b7165 g\/m\u00b2<br \/>\n\u00b7100% Baumwolle, ringgesponnen und organisch<br \/>\n\u00b7Rundhalsausschnitt mit elastischem Rippstrickb\u00fcndchen<br \/>\n\u00b7Tear-away Etikett<br \/>\n\u00b7Schulter-zu-Schulter-Nackenband<br \/>\n\u00b7Glatte Oberfl\u00e4che und hochdichtes Jersey f\u00fcr au\u00dfergew\u00f6hnliche Druckklarheit<br \/>\n\u00b7Weiche Haptik f\u00fcr Extra-Komfort<br \/>\n\u00b7Classic Fit.<\/p>\n","protected":false},"excerpt":{"rendered":"<p>\u00b7165 g\/m\u00b2 \u00b7100% Baumwolle, ringgesponnen und organisch \u00b7Rundhalsausschnitt mit elastischem Rippstrickb\u00fcndchen \u00b7Tear-away Etikett \u00b7Schulter-zu-Schulter-Nackenband \u00b7Glatte Oberfl\u00e4che und hochdichtes Jersey f\u00fcr<\/p>\n","protected":false},"featured_media":466295,"comment_status":"open","ping_status":"closed","template":"","meta":[],"product_brand":[],"product_cat":[4209,3276],"product_tag":[],"class_list":{"0":"post-466296","1":"product","2":"type-product","3":"status-publish","4":"has-post-thumbnail","6":"product_cat-t-shirts","7":"product_cat-unsere-angebote","8":"pa_brand-jerzees","9":"pa_color-black","10":"pa_color-blush-pink","11":"pa_color-denim","12":"pa_color-gold","13":"pa_color-golden-pecan","14":"pa_color-j-navy","15":"pa_color-military-green","16":"pa_color-mineral-blue","17":"pa_color-natural","18":"pa_color-putty","19":"pa_color-rock","20":"pa_color-royal","21":"pa_color-sage","22":"pa_color-true-red","23":"pa_color-white","24":"pa_eco-organisch","25":"pa_fabric-baumwolle","26":"pa_gender-unisex","27":"pa_neckline-crew-neck","28":"pa_product-group-bedruckbar","29":"pa_product-group-t-shirts","30":"pa_size-2xl","31":"pa_size-3xl","32":"pa_size-l","33":"pa_size-m","34":"pa_size-s","35":"pa_size-xl","36":"pa_sleeve-kurzaermelig","37":"pa_stil-nummer-7183","38":"pa_weight-140-169-g-m","40":"first","41":"instock","42":"taxable","43":"shipping-taxable","44":"purchasable","45":"product-type-variable"},"yoast_head":"<!-- This site is optimized with the Yoast SEO Premium plugin v20.9 (Yoast SEO v26.3) - https:\/\/yoast.com\/wordpress\/plugins\/seo\/ -->\n<title>Premium Organic T | Printwave DE<\/title>\n<meta name=\"robots\" content=\"index, follow, max-snippet:-1, max-image-preview:large, max-video-preview:-1\" \/>\n<link rel=\"canonical\" href=\"https:\/\/printwave.pl\/de\/produkt\/premium-organic-t\/\" \/>\n<meta property=\"og:locale\" content=\"de_DE\" \/>\n<meta property=\"og:type\" content=\"article\" \/>\n<meta property=\"og:title\" content=\"Premium Organic T\" \/>\n<meta property=\"og:description\" content=\"\u00b7165 g\/m\u00b2 \u00b7100% Baumwolle, ringgesponnen und organisch \u00b7Rundhalsausschnitt mit elastischem Rippstrickb\u00fcndchen \u00b7Tear-away Etikett \u00b7Schulter-zu-Schulter-Nackenband \u00b7Glatte Oberfl\u00e4che und hochdichtes Jersey f\u00fcr\" \/>\n<meta property=\"og:url\" content=\"https:\/\/printwave.pl\/de\/produkt\/premium-organic-t\/\" \/>\n<meta property=\"og:site_name\" content=\"Printwave DE\" \/>\n<meta property=\"article:modified_time\" content=\"2026-02-20T07:07:47+00:00\" \/>\n<meta property=\"og:image\" content=\"https:\/\/printwave.pl\/de\/wp-content\/uploads\/sites\/3\/2025\/03\/Print-Wave-logo-2025.png\" \/>\n\t<meta property=\"og:image:width\" content=\"1645\" \/>\n\t<meta property=\"og:image:height\" content=\"297\" \/>\n\t<meta property=\"og:image:type\" content=\"image\/png\" \/>\n<meta name=\"twitter:card\" content=\"summary_large_image\" \/>\n<script type=\"application\/ld+json\" class=\"yoast-schema-graph\">{\"@context\":\"https:\/\/schema.org\",\"@graph\":[{\"@type\":\"WebPage\",\"@id\":\"https:\/\/printwave.pl\/de\/produkt\/premium-organic-t\/\",\"url\":\"https:\/\/printwave.pl\/de\/produkt\/premium-organic-t\/\",\"name\":\"Premium Organic T | Printwave DE\",\"isPartOf\":{\"@id\":\"https:\/\/printwave.pl\/de\/#website\"},\"primaryImageOfPage\":{\"@id\":\"https:\/\/printwave.pl\/de\/produkt\/premium-organic-t\/#primaryimage\"},\"image\":{\"@id\":\"https:\/\/printwave.pl\/de\/produkt\/premium-organic-t\/#primaryimage\"},\"thumbnailUrl\":\"https:\/\/printwave.pl\/de\/wp-content\/uploads\/sites\/3\/2025\/01\/101_37_506_m-2024_01.jpg\",\"datePublished\":\"2025-01-23T04:47:44+00:00\",\"dateModified\":\"2026-02-20T07:07:47+00:00\",\"breadcrumb\":{\"@id\":\"https:\/\/printwave.pl\/de\/produkt\/premium-organic-t\/#breadcrumb\"},\"inLanguage\":\"de\",\"potentialAction\":[{\"@type\":\"ReadAction\",\"target\":[\"https:\/\/printwave.pl\/de\/produkt\/premium-organic-t\/\"]}]},{\"@type\":\"ImageObject\",\"inLanguage\":\"de\",\"@id\":\"https:\/\/printwave.pl\/de\/produkt\/premium-organic-t\/#primaryimage\",\"url\":\"https:\/\/printwave.pl\/de\/wp-content\/uploads\/sites\/3\/2025\/01\/101_37_506_m-2024_01.jpg\",\"contentUrl\":\"https:\/\/printwave.pl\/de\/wp-content\/uploads\/sites\/3\/2025\/01\/101_37_506_m-2024_01.jpg\",\"width\":1024,\"height\":1304},{\"@type\":\"BreadcrumbList\",\"@id\":\"https:\/\/printwave.pl\/de\/produkt\/premium-organic-t\/#breadcrumb\",\"itemListElement\":[{\"@type\":\"ListItem\",\"position\":1,\"name\":\"Strona g\u0142\u00f3wna\",\"item\":\"https:\/\/printwave.pl\/de\/\"},{\"@type\":\"ListItem\",\"position\":2,\"name\":\"Shop\",\"item\":\"https:\/\/printwave.pl\/de\/shop\/\"},{\"@type\":\"ListItem\",\"position\":3,\"name\":\"Premium Organic T\"}]},{\"@type\":\"WebSite\",\"@id\":\"https:\/\/printwave.pl\/de\/#website\",\"url\":\"https:\/\/printwave.pl\/de\/\",\"name\":\"Printwave DE\",\"description\":\"\",\"potentialAction\":[{\"@type\":\"SearchAction\",\"target\":{\"@type\":\"EntryPoint\",\"urlTemplate\":\"https:\/\/printwave.pl\/de\/?s={search_term_string}\"},\"query-input\":{\"@type\":\"PropertyValueSpecification\",\"valueRequired\":true,\"valueName\":\"search_term_string\"}}],\"inLanguage\":\"de\"}]}<\/script>\n<!-- \/ Yoast SEO Premium plugin. -->","yoast_head_json":{"title":"Premium Organic T | Printwave DE","robots":{"index":"index","follow":"follow","max-snippet":"max-snippet:-1","max-image-preview":"max-image-preview:large","max-video-preview":"max-video-preview:-1"},"canonical":"https:\/\/printwave.pl\/de\/produkt\/premium-organic-t\/","og_locale":"de_DE","og_type":"article","og_title":"Premium Organic T","og_description":"\u00b7165 g\/m\u00b2 \u00b7100% Baumwolle, ringgesponnen und organisch \u00b7Rundhalsausschnitt mit elastischem Rippstrickb\u00fcndchen \u00b7Tear-away Etikett \u00b7Schulter-zu-Schulter-Nackenband \u00b7Glatte Oberfl\u00e4che und hochdichtes Jersey f\u00fcr","og_url":"https:\/\/printwave.pl\/de\/produkt\/premium-organic-t\/","og_site_name":"Printwave DE","article_modified_time":"2026-02-20T07:07:47+00:00","og_image":[{"width":1645,"height":297,"url":"https:\/\/printwave.pl\/de\/wp-content\/uploads\/sites\/3\/2025\/03\/Print-Wave-logo-2025.png","type":"image\/png"}],"twitter_card":"summary_large_image","schema":{"@context":"https:\/\/schema.org","@graph":[{"@type":"WebPage","@id":"https:\/\/printwave.pl\/de\/produkt\/premium-organic-t\/","url":"https:\/\/printwave.pl\/de\/produkt\/premium-organic-t\/","name":"Premium Organic T | Printwave DE","isPartOf":{"@id":"https:\/\/printwave.pl\/de\/#website"},"primaryImageOfPage":{"@id":"https:\/\/printwave.pl\/de\/produkt\/premium-organic-t\/#primaryimage"},"image":{"@id":"https:\/\/printwave.pl\/de\/produkt\/premium-organic-t\/#primaryimage"},"thumbnailUrl":"https:\/\/printwave.pl\/de\/wp-content\/uploads\/sites\/3\/2025\/01\/101_37_506_m-2024_01.jpg","datePublished":"2025-01-23T04:47:44+00:00","dateModified":"2026-02-20T07:07:47+00:00","breadcrumb":{"@id":"https:\/\/printwave.pl\/de\/produkt\/premium-organic-t\/#breadcrumb"},"inLanguage":"de","potentialAction":[{"@type":"ReadAction","target":["https:\/\/printwave.pl\/de\/produkt\/premium-organic-t\/"]}]},{"@type":"ImageObject","inLanguage":"de","@id":"https:\/\/printwave.pl\/de\/produkt\/premium-organic-t\/#primaryimage","url":"https:\/\/printwave.pl\/de\/wp-content\/uploads\/sites\/3\/2025\/01\/101_37_506_m-2024_01.jpg","contentUrl":"https:\/\/printwave.pl\/de\/wp-content\/uploads\/sites\/3\/2025\/01\/101_37_506_m-2024_01.jpg","width":1024,"height":1304},{"@type":"BreadcrumbList","@id":"https:\/\/printwave.pl\/de\/produkt\/premium-organic-t\/#breadcrumb","itemListElement":[{"@type":"ListItem","position":1,"name":"Strona g\u0142\u00f3wna","item":"https:\/\/printwave.pl\/de\/"},{"@type":"ListItem","position":2,"name":"Shop","item":"https:\/\/printwave.pl\/de\/shop\/"},{"@type":"ListItem","position":3,"name":"Premium Organic T"}]},{"@type":"WebSite","@id":"https:\/\/printwave.pl\/de\/#website","url":"https:\/\/printwave.pl\/de\/","name":"Printwave DE","description":"","potentialAction":[{"@type":"SearchAction","target":{"@type":"EntryPoint","urlTemplate":"https:\/\/printwave.pl\/de\/?s={search_term_string}"},"query-input":{"@type":"PropertyValueSpecification","valueRequired":true,"valueName":"search_term_string"}}],"inLanguage":"de"}]}},"_links":{"self":[{"href":"https:\/\/printwave.pl\/de\/wp-json\/wp\/v2\/product\/466296","targetHints":{"allow":["GET"]}}],"collection":[{"href":"https:\/\/printwave.pl\/de\/wp-json\/wp\/v2\/product"}],"about":[{"href":"https:\/\/printwave.pl\/de\/wp-json\/wp\/v2\/types\/product"}],"replies":[{"embeddable":true,"href":"https:\/\/printwave.pl\/de\/wp-json\/wp\/v2\/comments?post=466296"}],"wp:featuredmedia":[{"embeddable":true,"href":"https:\/\/printwave.pl\/de\/wp-json\/wp\/v2\/media\/466295"}],"wp:attachment":[{"href":"https:\/\/printwave.pl\/de\/wp-json\/wp\/v2\/media?parent=466296"}],"wp:term":[{"taxonomy":"product_brand","embeddable":true,"href":"https:\/\/printwave.pl\/de\/wp-json\/wp\/v2\/product_brand?post=466296"},{"taxonomy":"product_cat","embeddable":true,"href":"https:\/\/printwave.pl\/de\/wp-json\/wp\/v2\/product_cat?post=466296"},{"taxonomy":"product_tag","embeddable":true,"href":"https:\/\/printwave.pl\/de\/wp-json\/wp\/v2\/product_tag?post=466296"}],"curies":[{"name":"wp","href":"https:\/\/api.w.org\/{rel}","templated":true}]}}