{"id":459788,"date":"2025-01-23T01:24:16","date_gmt":"2025-01-23T00:24:16","guid":{"rendered":"https:\/\/printwave.pl\/de\/produkt\/t-shirt-base-ball\/"},"modified":"2026-02-20T07:56:08","modified_gmt":"2026-02-20T06:56:08","slug":"t-shirt-base-ball","status":"publish","type":"product","link":"https:\/\/printwave.pl\/de\/produkt\/t-shirt-base-ball\/","title":{"rendered":"T-Shirt Base-Ball"},"content":{"rendered":"<p>\u00b7185 g\/m\u00b2<br \/>\n\u00b7100% Baumwolle, Vorgeschrumpft und ringgesponnenes<br \/>\n\u00b7Single Jersey,einlaufvorbehandelt<br \/>\n\u00b7Doppeltgelegtes, 1&#215;1 geripptes Halsb\u00fcndchen mit Elasthan<br \/>\n\u00b7Nackenband<br \/>\n\u00b7Halsb\u00fcndchen und Raglan\u00e4rmel in Kontrastfarbe<br \/>\n\u00b7Doppelnaht an \u00c4rmeln und Bund<br \/>\n\u00b7Gro\u00dfz\u00fcgiger Schnitt mit Seitenn\u00e4hten<\/p>\n","protected":false},"excerpt":{"rendered":"<p>\u00b7185 g\/m\u00b2 \u00b7100% Baumwolle, Vorgeschrumpft und ringgesponnenes \u00b7Single Jersey,einlaufvorbehandelt \u00b7Doppeltgelegtes, 1&#215;1 geripptes Halsb\u00fcndchen mit Elasthan \u00b7Nackenband \u00b7Halsb\u00fcndchen und Raglan\u00e4rmel in<\/p>\n","protected":false},"featured_media":459787,"comment_status":"open","ping_status":"closed","template":"","meta":[],"product_brand":[],"product_cat":[4209],"product_tag":[2673,2795,2355,2297,3207,2678],"class_list":{"0":"post-459788","1":"product","2":"type-product","3":"status-publish","4":"has-post-thumbnail","6":"product_cat-t-shirts","7":"product_tag-2-farbig","8":"product_tag-kurzarm","9":"product_tag-kurzaermelig","10":"product_tag-oberbekleidung","11":"product_tag-rundhalsausschnitt","12":"product_tag-zweifarbig","13":"pa_brand-bc","14":"pa_certificates-fwf-fair-wear","15":"pa_certificates-oeko-tex-standard-100","16":"pa_color-white-navy","17":"pa_color-white-red","18":"pa_details-raglan","19":"pa_details-seitennaehte","20":"pa_fabric-baumwolle","21":"pa_gender-partner-produkte","22":"pa_neckline-crew-neck","23":"pa_product-group-t-shirts","24":"pa_size-2xl","25":"pa_size-l","26":"pa_size-m","27":"pa_size-s","28":"pa_size-xl","29":"pa_sleeve-kurzaermelig","30":"pa_stil-nummer-7103","31":"pa_weight-170-199-g-m","33":"first","34":"instock","35":"taxable","36":"shipping-taxable","37":"purchasable","38":"product-type-variable"},"yoast_head":"<!-- This site is optimized with the Yoast SEO Premium plugin v20.9 (Yoast SEO v26.3) - https:\/\/yoast.com\/wordpress\/plugins\/seo\/ -->\n<title>T-Shirt Base-Ball | Printwave DE<\/title>\n<meta name=\"robots\" content=\"index, follow, max-snippet:-1, max-image-preview:large, max-video-preview:-1\" \/>\n<link rel=\"canonical\" href=\"https:\/\/printwave.pl\/de\/produkt\/t-shirt-base-ball\/\" \/>\n<meta property=\"og:locale\" content=\"de_DE\" \/>\n<meta property=\"og:type\" content=\"article\" \/>\n<meta property=\"og:title\" content=\"T-Shirt Base-Ball\" \/>\n<meta property=\"og:description\" content=\"\u00b7185 g\/m\u00b2 \u00b7100% Baumwolle, Vorgeschrumpft und ringgesponnenes \u00b7Single Jersey,einlaufvorbehandelt \u00b7Doppeltgelegtes, 1&#215;1 geripptes Halsb\u00fcndchen mit Elasthan \u00b7Nackenband \u00b7Halsb\u00fcndchen und Raglan\u00e4rmel in\" \/>\n<meta property=\"og:url\" content=\"https:\/\/printwave.pl\/de\/produkt\/t-shirt-base-ball\/\" \/>\n<meta property=\"og:site_name\" content=\"Printwave DE\" \/>\n<meta property=\"article:modified_time\" content=\"2026-02-20T06:56:08+00:00\" \/>\n<meta property=\"og:image\" content=\"https:\/\/printwave.pl\/de\/wp-content\/uploads\/sites\/3\/2025\/03\/Print-Wave-logo-2025.png\" \/>\n\t<meta property=\"og:image:width\" content=\"1645\" \/>\n\t<meta property=\"og:image:height\" content=\"297\" \/>\n\t<meta property=\"og:image:type\" content=\"image\/png\" \/>\n<meta name=\"twitter:card\" content=\"summary_large_image\" \/>\n<script type=\"application\/ld+json\" class=\"yoast-schema-graph\">{\"@context\":\"https:\/\/schema.org\",\"@graph\":[{\"@type\":\"WebPage\",\"@id\":\"https:\/\/printwave.pl\/de\/produkt\/t-shirt-base-ball\/\",\"url\":\"https:\/\/printwave.pl\/de\/produkt\/t-shirt-base-ball\/\",\"name\":\"T-Shirt Base-Ball | Printwave DE\",\"isPartOf\":{\"@id\":\"https:\/\/printwave.pl\/de\/#website\"},\"primaryImageOfPage\":{\"@id\":\"https:\/\/printwave.pl\/de\/produkt\/t-shirt-base-ball\/#primaryimage\"},\"image\":{\"@id\":\"https:\/\/printwave.pl\/de\/produkt\/t-shirt-base-ball\/#primaryimage\"},\"thumbnailUrl\":\"https:\/\/printwave.pl\/de\/wp-content\/uploads\/sites\/3\/2025\/01\/117_42_052_m-2023_02.jpg\",\"datePublished\":\"2025-01-23T00:24:16+00:00\",\"dateModified\":\"2026-02-20T06:56:08+00:00\",\"breadcrumb\":{\"@id\":\"https:\/\/printwave.pl\/de\/produkt\/t-shirt-base-ball\/#breadcrumb\"},\"inLanguage\":\"de\",\"potentialAction\":[{\"@type\":\"ReadAction\",\"target\":[\"https:\/\/printwave.pl\/de\/produkt\/t-shirt-base-ball\/\"]}]},{\"@type\":\"ImageObject\",\"inLanguage\":\"de\",\"@id\":\"https:\/\/printwave.pl\/de\/produkt\/t-shirt-base-ball\/#primaryimage\",\"url\":\"https:\/\/printwave.pl\/de\/wp-content\/uploads\/sites\/3\/2025\/01\/117_42_052_m-2023_02.jpg\",\"contentUrl\":\"https:\/\/printwave.pl\/de\/wp-content\/uploads\/sites\/3\/2025\/01\/117_42_052_m-2023_02.jpg\",\"width\":1024,\"height\":1304},{\"@type\":\"BreadcrumbList\",\"@id\":\"https:\/\/printwave.pl\/de\/produkt\/t-shirt-base-ball\/#breadcrumb\",\"itemListElement\":[{\"@type\":\"ListItem\",\"position\":1,\"name\":\"Strona g\u0142\u00f3wna\",\"item\":\"https:\/\/printwave.pl\/de\/\"},{\"@type\":\"ListItem\",\"position\":2,\"name\":\"Shop\",\"item\":\"https:\/\/printwave.pl\/de\/shop\/\"},{\"@type\":\"ListItem\",\"position\":3,\"name\":\"T-Shirt Base-Ball\"}]},{\"@type\":\"WebSite\",\"@id\":\"https:\/\/printwave.pl\/de\/#website\",\"url\":\"https:\/\/printwave.pl\/de\/\",\"name\":\"Printwave DE\",\"description\":\"\",\"potentialAction\":[{\"@type\":\"SearchAction\",\"target\":{\"@type\":\"EntryPoint\",\"urlTemplate\":\"https:\/\/printwave.pl\/de\/?s={search_term_string}\"},\"query-input\":{\"@type\":\"PropertyValueSpecification\",\"valueRequired\":true,\"valueName\":\"search_term_string\"}}],\"inLanguage\":\"de\"}]}<\/script>\n<!-- \/ Yoast SEO Premium plugin. -->","yoast_head_json":{"title":"T-Shirt Base-Ball | Printwave DE","robots":{"index":"index","follow":"follow","max-snippet":"max-snippet:-1","max-image-preview":"max-image-preview:large","max-video-preview":"max-video-preview:-1"},"canonical":"https:\/\/printwave.pl\/de\/produkt\/t-shirt-base-ball\/","og_locale":"de_DE","og_type":"article","og_title":"T-Shirt Base-Ball","og_description":"\u00b7185 g\/m\u00b2 \u00b7100% Baumwolle, Vorgeschrumpft und ringgesponnenes \u00b7Single Jersey,einlaufvorbehandelt \u00b7Doppeltgelegtes, 1&#215;1 geripptes Halsb\u00fcndchen mit Elasthan \u00b7Nackenband \u00b7Halsb\u00fcndchen und Raglan\u00e4rmel in","og_url":"https:\/\/printwave.pl\/de\/produkt\/t-shirt-base-ball\/","og_site_name":"Printwave DE","article_modified_time":"2026-02-20T06:56:08+00:00","og_image":[{"width":1645,"height":297,"url":"https:\/\/printwave.pl\/de\/wp-content\/uploads\/sites\/3\/2025\/03\/Print-Wave-logo-2025.png","type":"image\/png"}],"twitter_card":"summary_large_image","schema":{"@context":"https:\/\/schema.org","@graph":[{"@type":"WebPage","@id":"https:\/\/printwave.pl\/de\/produkt\/t-shirt-base-ball\/","url":"https:\/\/printwave.pl\/de\/produkt\/t-shirt-base-ball\/","name":"T-Shirt Base-Ball | Printwave DE","isPartOf":{"@id":"https:\/\/printwave.pl\/de\/#website"},"primaryImageOfPage":{"@id":"https:\/\/printwave.pl\/de\/produkt\/t-shirt-base-ball\/#primaryimage"},"image":{"@id":"https:\/\/printwave.pl\/de\/produkt\/t-shirt-base-ball\/#primaryimage"},"thumbnailUrl":"https:\/\/printwave.pl\/de\/wp-content\/uploads\/sites\/3\/2025\/01\/117_42_052_m-2023_02.jpg","datePublished":"2025-01-23T00:24:16+00:00","dateModified":"2026-02-20T06:56:08+00:00","breadcrumb":{"@id":"https:\/\/printwave.pl\/de\/produkt\/t-shirt-base-ball\/#breadcrumb"},"inLanguage":"de","potentialAction":[{"@type":"ReadAction","target":["https:\/\/printwave.pl\/de\/produkt\/t-shirt-base-ball\/"]}]},{"@type":"ImageObject","inLanguage":"de","@id":"https:\/\/printwave.pl\/de\/produkt\/t-shirt-base-ball\/#primaryimage","url":"https:\/\/printwave.pl\/de\/wp-content\/uploads\/sites\/3\/2025\/01\/117_42_052_m-2023_02.jpg","contentUrl":"https:\/\/printwave.pl\/de\/wp-content\/uploads\/sites\/3\/2025\/01\/117_42_052_m-2023_02.jpg","width":1024,"height":1304},{"@type":"BreadcrumbList","@id":"https:\/\/printwave.pl\/de\/produkt\/t-shirt-base-ball\/#breadcrumb","itemListElement":[{"@type":"ListItem","position":1,"name":"Strona g\u0142\u00f3wna","item":"https:\/\/printwave.pl\/de\/"},{"@type":"ListItem","position":2,"name":"Shop","item":"https:\/\/printwave.pl\/de\/shop\/"},{"@type":"ListItem","position":3,"name":"T-Shirt Base-Ball"}]},{"@type":"WebSite","@id":"https:\/\/printwave.pl\/de\/#website","url":"https:\/\/printwave.pl\/de\/","name":"Printwave DE","description":"","potentialAction":[{"@type":"SearchAction","target":{"@type":"EntryPoint","urlTemplate":"https:\/\/printwave.pl\/de\/?s={search_term_string}"},"query-input":{"@type":"PropertyValueSpecification","valueRequired":true,"valueName":"search_term_string"}}],"inLanguage":"de"}]}},"_links":{"self":[{"href":"https:\/\/printwave.pl\/de\/wp-json\/wp\/v2\/product\/459788","targetHints":{"allow":["GET"]}}],"collection":[{"href":"https:\/\/printwave.pl\/de\/wp-json\/wp\/v2\/product"}],"about":[{"href":"https:\/\/printwave.pl\/de\/wp-json\/wp\/v2\/types\/product"}],"replies":[{"embeddable":true,"href":"https:\/\/printwave.pl\/de\/wp-json\/wp\/v2\/comments?post=459788"}],"wp:featuredmedia":[{"embeddable":true,"href":"https:\/\/printwave.pl\/de\/wp-json\/wp\/v2\/media\/459787"}],"wp:attachment":[{"href":"https:\/\/printwave.pl\/de\/wp-json\/wp\/v2\/media?parent=459788"}],"wp:term":[{"taxonomy":"product_brand","embeddable":true,"href":"https:\/\/printwave.pl\/de\/wp-json\/wp\/v2\/product_brand?post=459788"},{"taxonomy":"product_cat","embeddable":true,"href":"https:\/\/printwave.pl\/de\/wp-json\/wp\/v2\/product_cat?post=459788"},{"taxonomy":"product_tag","embeddable":true,"href":"https:\/\/printwave.pl\/de\/wp-json\/wp\/v2\/product_tag?post=459788"}],"curies":[{"name":"wp","href":"https:\/\/api.w.org\/{rel}","templated":true}]}}