{"id":457653,"date":"2025-01-23T00:08:35","date_gmt":"2025-01-22T23:08:35","guid":{"rendered":"https:\/\/printwave.pl\/de\/produkt\/softstyle-midweight-womens-t-shirt\/"},"modified":"2026-02-20T07:52:56","modified_gmt":"2026-02-20T06:52:56","slug":"softstyle-midweight-womens-t-shirt","status":"publish","type":"product","link":"https:\/\/printwave.pl\/de\/produkt\/softstyle-midweight-womens-t-shirt\/","title":{"rendered":"Softstyle Midweight Women&#8217;s T-Shirt"},"content":{"rendered":"<p>\u00b7183 g\/m\u00b2 (White: 180 g\/m\u00b2)<br \/>\n\u00b7100% Baumwolle, ringgesponnen<br \/>\n\u00b7(Sport Grey: 90% Baumwolle, 10% Polyester)<br \/>\n\u00b7Hohe Maschendichte f\u00fcr glattere Druckoberfl\u00e4che, ideal f\u00fcr DTG-Veredelung geeignet<br \/>\n\u00b7Rundhalsausschnitt mit schmalem Rippstrickb\u00fcnchen ohne Ziernaht<br \/>\n\u00b7Schulter-zu-Schulter Nackenband<br \/>\n\u00b7Seitenn\u00e4hte<br \/>\n\u00b7Leicht umzuetikettieren<br \/>\n\u00b7Leicht tailliert geschnitten.<\/p>\n","protected":false},"excerpt":{"rendered":"<p>\u00b7183 g\/m\u00b2 (White: 180 g\/m\u00b2) \u00b7100% Baumwolle, ringgesponnen \u00b7(Sport Grey: 90% Baumwolle, 10% Polyester) \u00b7Hohe Maschendichte f\u00fcr glattere Druckoberfl\u00e4che, ideal<\/p>\n","protected":false},"featured_media":457647,"comment_status":"open","ping_status":"closed","template":"","meta":[],"product_brand":[],"product_cat":[4209],"product_tag":[],"class_list":{"0":"post-457653","1":"product","2":"type-product","3":"status-publish","4":"has-post-thumbnail","6":"product_cat-t-shirts","7":"pa_brand-gildan","8":"pa_color-heliconia","9":"pa_color-irish-green","10":"pa_color-navy","11":"pa_color-pitch-black","12":"pa_color-red","13":"pa_color-royal","14":"pa_color-sapphire","15":"pa_color-sport-grey","16":"pa_color-violet","17":"pa_color-white","18":"pa_details-easy-to-relabel","19":"pa_details-seitennaehte","20":"pa_details-set-in","21":"pa_fabric-baumwolle","22":"pa_gender-partner-produkte","23":"pa_product-group-t-shirts","24":"pa_size-2xl","25":"pa_size-3xl","26":"pa_size-l","27":"pa_size-m","28":"pa_size-s","29":"pa_size-xl","30":"pa_sleeve-kurzaermelig","31":"pa_stil-nummer-7077","33":"first","34":"instock","35":"taxable","36":"shipping-taxable","37":"purchasable","38":"product-type-variable"},"yoast_head":"<!-- This site is optimized with the Yoast SEO Premium plugin v20.9 (Yoast SEO v26.3) - https:\/\/yoast.com\/wordpress\/plugins\/seo\/ -->\n<title>Softstyle Midweight Women&#039;s T-Shirt | Printwave DE<\/title>\n<meta name=\"robots\" content=\"index, follow, max-snippet:-1, max-image-preview:large, max-video-preview:-1\" \/>\n<link rel=\"canonical\" href=\"https:\/\/printwave.pl\/de\/produkt\/softstyle-midweight-womens-t-shirt\/\" \/>\n<meta property=\"og:locale\" content=\"de_DE\" \/>\n<meta property=\"og:type\" content=\"article\" \/>\n<meta property=\"og:title\" content=\"Softstyle Midweight Women&#039;s T-Shirt\" \/>\n<meta property=\"og:description\" content=\"\u00b7183 g\/m\u00b2 (White: 180 g\/m\u00b2) \u00b7100% Baumwolle, ringgesponnen \u00b7(Sport Grey: 90% Baumwolle, 10% Polyester) \u00b7Hohe Maschendichte f\u00fcr glattere Druckoberfl\u00e4che, ideal\" \/>\n<meta property=\"og:url\" content=\"https:\/\/printwave.pl\/de\/produkt\/softstyle-midweight-womens-t-shirt\/\" \/>\n<meta property=\"og:site_name\" content=\"Printwave DE\" \/>\n<meta property=\"article:modified_time\" content=\"2026-02-20T06:52:56+00:00\" \/>\n<meta property=\"og:image\" content=\"https:\/\/printwave.pl\/de\/wp-content\/uploads\/sites\/3\/2025\/03\/Print-Wave-logo-2025.png\" \/>\n\t<meta property=\"og:image:width\" content=\"1645\" \/>\n\t<meta property=\"og:image:height\" content=\"297\" \/>\n\t<meta property=\"og:image:type\" content=\"image\/png\" \/>\n<meta name=\"twitter:card\" content=\"summary_large_image\" \/>\n<script type=\"application\/ld+json\" class=\"yoast-schema-graph\">{\"@context\":\"https:\/\/schema.org\",\"@graph\":[{\"@type\":\"WebPage\",\"@id\":\"https:\/\/printwave.pl\/de\/produkt\/softstyle-midweight-womens-t-shirt\/\",\"url\":\"https:\/\/printwave.pl\/de\/produkt\/softstyle-midweight-womens-t-shirt\/\",\"name\":\"Softstyle Midweight Women's T-Shirt | Printwave DE\",\"isPartOf\":{\"@id\":\"https:\/\/printwave.pl\/de\/#website\"},\"primaryImageOfPage\":{\"@id\":\"https:\/\/printwave.pl\/de\/produkt\/softstyle-midweight-womens-t-shirt\/#primaryimage\"},\"image\":{\"@id\":\"https:\/\/printwave.pl\/de\/produkt\/softstyle-midweight-womens-t-shirt\/#primaryimage\"},\"thumbnailUrl\":\"https:\/\/printwave.pl\/de\/wp-content\/uploads\/sites\/3\/2025\/01\/122_09_329_m-2023_01.jpg\",\"datePublished\":\"2025-01-22T23:08:35+00:00\",\"dateModified\":\"2026-02-20T06:52:56+00:00\",\"breadcrumb\":{\"@id\":\"https:\/\/printwave.pl\/de\/produkt\/softstyle-midweight-womens-t-shirt\/#breadcrumb\"},\"inLanguage\":\"de\",\"potentialAction\":[{\"@type\":\"ReadAction\",\"target\":[\"https:\/\/printwave.pl\/de\/produkt\/softstyle-midweight-womens-t-shirt\/\"]}]},{\"@type\":\"ImageObject\",\"inLanguage\":\"de\",\"@id\":\"https:\/\/printwave.pl\/de\/produkt\/softstyle-midweight-womens-t-shirt\/#primaryimage\",\"url\":\"https:\/\/printwave.pl\/de\/wp-content\/uploads\/sites\/3\/2025\/01\/122_09_329_m-2023_01.jpg\",\"contentUrl\":\"https:\/\/printwave.pl\/de\/wp-content\/uploads\/sites\/3\/2025\/01\/122_09_329_m-2023_01.jpg\",\"width\":1024,\"height\":1304},{\"@type\":\"BreadcrumbList\",\"@id\":\"https:\/\/printwave.pl\/de\/produkt\/softstyle-midweight-womens-t-shirt\/#breadcrumb\",\"itemListElement\":[{\"@type\":\"ListItem\",\"position\":1,\"name\":\"Strona g\u0142\u00f3wna\",\"item\":\"https:\/\/printwave.pl\/de\/\"},{\"@type\":\"ListItem\",\"position\":2,\"name\":\"Shop\",\"item\":\"https:\/\/printwave.pl\/de\/shop\/\"},{\"@type\":\"ListItem\",\"position\":3,\"name\":\"Softstyle Midweight Women&#8217;s T-Shirt\"}]},{\"@type\":\"WebSite\",\"@id\":\"https:\/\/printwave.pl\/de\/#website\",\"url\":\"https:\/\/printwave.pl\/de\/\",\"name\":\"Printwave DE\",\"description\":\"\",\"potentialAction\":[{\"@type\":\"SearchAction\",\"target\":{\"@type\":\"EntryPoint\",\"urlTemplate\":\"https:\/\/printwave.pl\/de\/?s={search_term_string}\"},\"query-input\":{\"@type\":\"PropertyValueSpecification\",\"valueRequired\":true,\"valueName\":\"search_term_string\"}}],\"inLanguage\":\"de\"}]}<\/script>\n<!-- \/ Yoast SEO Premium plugin. -->","yoast_head_json":{"title":"Softstyle Midweight Women's T-Shirt | Printwave DE","robots":{"index":"index","follow":"follow","max-snippet":"max-snippet:-1","max-image-preview":"max-image-preview:large","max-video-preview":"max-video-preview:-1"},"canonical":"https:\/\/printwave.pl\/de\/produkt\/softstyle-midweight-womens-t-shirt\/","og_locale":"de_DE","og_type":"article","og_title":"Softstyle Midweight Women's T-Shirt","og_description":"\u00b7183 g\/m\u00b2 (White: 180 g\/m\u00b2) \u00b7100% Baumwolle, ringgesponnen \u00b7(Sport Grey: 90% Baumwolle, 10% Polyester) \u00b7Hohe Maschendichte f\u00fcr glattere Druckoberfl\u00e4che, ideal","og_url":"https:\/\/printwave.pl\/de\/produkt\/softstyle-midweight-womens-t-shirt\/","og_site_name":"Printwave DE","article_modified_time":"2026-02-20T06:52:56+00:00","og_image":[{"width":1645,"height":297,"url":"https:\/\/printwave.pl\/de\/wp-content\/uploads\/sites\/3\/2025\/03\/Print-Wave-logo-2025.png","type":"image\/png"}],"twitter_card":"summary_large_image","schema":{"@context":"https:\/\/schema.org","@graph":[{"@type":"WebPage","@id":"https:\/\/printwave.pl\/de\/produkt\/softstyle-midweight-womens-t-shirt\/","url":"https:\/\/printwave.pl\/de\/produkt\/softstyle-midweight-womens-t-shirt\/","name":"Softstyle Midweight Women's T-Shirt | Printwave DE","isPartOf":{"@id":"https:\/\/printwave.pl\/de\/#website"},"primaryImageOfPage":{"@id":"https:\/\/printwave.pl\/de\/produkt\/softstyle-midweight-womens-t-shirt\/#primaryimage"},"image":{"@id":"https:\/\/printwave.pl\/de\/produkt\/softstyle-midweight-womens-t-shirt\/#primaryimage"},"thumbnailUrl":"https:\/\/printwave.pl\/de\/wp-content\/uploads\/sites\/3\/2025\/01\/122_09_329_m-2023_01.jpg","datePublished":"2025-01-22T23:08:35+00:00","dateModified":"2026-02-20T06:52:56+00:00","breadcrumb":{"@id":"https:\/\/printwave.pl\/de\/produkt\/softstyle-midweight-womens-t-shirt\/#breadcrumb"},"inLanguage":"de","potentialAction":[{"@type":"ReadAction","target":["https:\/\/printwave.pl\/de\/produkt\/softstyle-midweight-womens-t-shirt\/"]}]},{"@type":"ImageObject","inLanguage":"de","@id":"https:\/\/printwave.pl\/de\/produkt\/softstyle-midweight-womens-t-shirt\/#primaryimage","url":"https:\/\/printwave.pl\/de\/wp-content\/uploads\/sites\/3\/2025\/01\/122_09_329_m-2023_01.jpg","contentUrl":"https:\/\/printwave.pl\/de\/wp-content\/uploads\/sites\/3\/2025\/01\/122_09_329_m-2023_01.jpg","width":1024,"height":1304},{"@type":"BreadcrumbList","@id":"https:\/\/printwave.pl\/de\/produkt\/softstyle-midweight-womens-t-shirt\/#breadcrumb","itemListElement":[{"@type":"ListItem","position":1,"name":"Strona g\u0142\u00f3wna","item":"https:\/\/printwave.pl\/de\/"},{"@type":"ListItem","position":2,"name":"Shop","item":"https:\/\/printwave.pl\/de\/shop\/"},{"@type":"ListItem","position":3,"name":"Softstyle Midweight Women&#8217;s T-Shirt"}]},{"@type":"WebSite","@id":"https:\/\/printwave.pl\/de\/#website","url":"https:\/\/printwave.pl\/de\/","name":"Printwave DE","description":"","potentialAction":[{"@type":"SearchAction","target":{"@type":"EntryPoint","urlTemplate":"https:\/\/printwave.pl\/de\/?s={search_term_string}"},"query-input":{"@type":"PropertyValueSpecification","valueRequired":true,"valueName":"search_term_string"}}],"inLanguage":"de"}]}},"_links":{"self":[{"href":"https:\/\/printwave.pl\/de\/wp-json\/wp\/v2\/product\/457653","targetHints":{"allow":["GET"]}}],"collection":[{"href":"https:\/\/printwave.pl\/de\/wp-json\/wp\/v2\/product"}],"about":[{"href":"https:\/\/printwave.pl\/de\/wp-json\/wp\/v2\/types\/product"}],"replies":[{"embeddable":true,"href":"https:\/\/printwave.pl\/de\/wp-json\/wp\/v2\/comments?post=457653"}],"wp:featuredmedia":[{"embeddable":true,"href":"https:\/\/printwave.pl\/de\/wp-json\/wp\/v2\/media\/457647"}],"wp:attachment":[{"href":"https:\/\/printwave.pl\/de\/wp-json\/wp\/v2\/media?parent=457653"}],"wp:term":[{"taxonomy":"product_brand","embeddable":true,"href":"https:\/\/printwave.pl\/de\/wp-json\/wp\/v2\/product_brand?post=457653"},{"taxonomy":"product_cat","embeddable":true,"href":"https:\/\/printwave.pl\/de\/wp-json\/wp\/v2\/product_cat?post=457653"},{"taxonomy":"product_tag","embeddable":true,"href":"https:\/\/printwave.pl\/de\/wp-json\/wp\/v2\/product_tag?post=457653"}],"curies":[{"name":"wp","href":"https:\/\/api.w.org\/{rel}","templated":true}]}}