{"id":443576,"date":"2025-01-22T15:18:52","date_gmt":"2025-01-22T14:18:52","guid":{"rendered":"https:\/\/printwave.pl\/de\/produkt\/organic-inspire-slub-t-men\/"},"modified":"2026-02-20T07:34:11","modified_gmt":"2026-02-20T06:34:11","slug":"organic-inspire-slub-t-men","status":"publish","type":"product","link":"https:\/\/printwave.pl\/de\/produkt\/organic-inspire-slub-t-men\/","title":{"rendered":"Organic Inspire Slub T \/men"},"content":{"rendered":"<p>\u00b7120 g\/m\u00b2<br \/>\n\u00b7100% Baumwolle (zertifizierte Bio-Baumwolle oder in Konversion-Bio-Baumwolle)<br \/>\n\u00b7Single Jersey aus Flammengarn<br \/>\n\u00b7Schulter-zu-Schulter Nackenband<br \/>\n\u00b7Schmaler Kragen aus T-Shirt-Material<br \/>\n\u00b7Doppelnaht an \u00c4rmelabschluss und Bund<br \/>\n\u00b7Seitenn\u00e4hte<br \/>\n\u00b7Leicht umzuetikettieren<br \/>\n\u00b7Besonders weiche und ebenm\u00e4\u00dfige Oberfl\u00e4che f\u00fcr gestochen scharfe Druckergebnisse<br \/>\n\u00b7Getestet und best\u00e4tigt f\u00fcr alle Baumwoll-Standard-Drucktechniken.<\/p>\n","protected":false},"excerpt":{"rendered":"<p>\u00b7120 g\/m\u00b2 \u00b7100% Baumwolle (zertifizierte Bio-Baumwolle oder in Konversion-Bio-Baumwolle) \u00b7Single Jersey aus Flammengarn \u00b7Schulter-zu-Schulter Nackenband \u00b7Schmaler Kragen aus T-Shirt-Material \u00b7Doppelnaht<\/p>\n","protected":false},"featured_media":443574,"comment_status":"open","ping_status":"closed","template":"","meta":[],"product_brand":[],"product_cat":[2365,3122,4170,2374,4209],"product_tag":[2795,2355,3285,2297,3207],"class_list":{"0":"post-443576","1":"product","2":"type-product","3":"status-publish","4":"has-post-thumbnail","6":"product_cat-all-eco","7":"product_cat-nachhaltige-produkte","8":"product_cat-ohne-etikett-kein-label","9":"product_cat-organic","10":"product_cat-t-shirts","11":"product_tag-kurzarm","12":"product_tag-kurzaermelig","13":"product_tag-leicht-umzuetikettieren","14":"product_tag-oberbekleidung","15":"product_tag-rundhalsausschnitt","16":"pa_brand-bc","17":"pa_certificates-fwf-fair-wear","18":"pa_certificates-ocs-100-organic","19":"pa_certificates-oeko-tex-standard-100","20":"pa_color-chic-anthracite","21":"pa_color-chic-black","22":"pa_color-chic-navy","23":"pa_color-chic-pure-white","24":"pa_color-chic-red","25":"pa_details-seitennaehte","26":"pa_details-set-in","27":"pa_eco-organisch","28":"pa_fabric-organics","29":"pa_gender-partner-produkte","30":"pa_neckline-crew-neck","31":"pa_product-group-t-shirts","32":"pa_size-2xl","33":"pa_size-3xl","34":"pa_size-l","35":"pa_size-m","36":"pa_size-s","37":"pa_size-xl","38":"pa_sleeve-kurzaermelig","39":"pa_stil-nummer-6899","40":"pa_weight-100-139-g-m","42":"first","43":"instock","44":"taxable","45":"shipping-taxable","46":"purchasable","47":"product-type-variable"},"yoast_head":"<!-- This site is optimized with the Yoast SEO Premium plugin v20.9 (Yoast SEO v26.3) - https:\/\/yoast.com\/wordpress\/plugins\/seo\/ -->\n<title>Organic Inspire Slub T \/men | Printwave DE<\/title>\n<meta name=\"robots\" content=\"index, follow, max-snippet:-1, max-image-preview:large, max-video-preview:-1\" \/>\n<link rel=\"canonical\" href=\"https:\/\/printwave.pl\/de\/produkt\/organic-inspire-slub-t-men\/\" \/>\n<meta property=\"og:locale\" content=\"de_DE\" \/>\n<meta property=\"og:type\" content=\"article\" \/>\n<meta property=\"og:title\" content=\"Organic Inspire Slub T \/men\" \/>\n<meta property=\"og:description\" content=\"\u00b7120 g\/m\u00b2 \u00b7100% Baumwolle (zertifizierte Bio-Baumwolle oder in Konversion-Bio-Baumwolle) \u00b7Single Jersey aus Flammengarn \u00b7Schulter-zu-Schulter Nackenband \u00b7Schmaler Kragen aus T-Shirt-Material \u00b7Doppelnaht\" \/>\n<meta property=\"og:url\" content=\"https:\/\/printwave.pl\/de\/produkt\/organic-inspire-slub-t-men\/\" \/>\n<meta property=\"og:site_name\" content=\"Printwave DE\" \/>\n<meta property=\"article:modified_time\" content=\"2026-02-20T06:34:11+00:00\" \/>\n<meta property=\"og:image\" content=\"https:\/\/printwave.pl\/de\/wp-content\/uploads\/sites\/3\/2025\/03\/Print-Wave-logo-2025.png\" \/>\n\t<meta property=\"og:image:width\" content=\"1645\" \/>\n\t<meta property=\"og:image:height\" content=\"297\" \/>\n\t<meta property=\"og:image:type\" content=\"image\/png\" \/>\n<meta name=\"twitter:card\" content=\"summary_large_image\" \/>\n<script type=\"application\/ld+json\" class=\"yoast-schema-graph\">{\"@context\":\"https:\/\/schema.org\",\"@graph\":[{\"@type\":\"WebPage\",\"@id\":\"https:\/\/printwave.pl\/de\/produkt\/organic-inspire-slub-t-men\/\",\"url\":\"https:\/\/printwave.pl\/de\/produkt\/organic-inspire-slub-t-men\/\",\"name\":\"Organic Inspire Slub T \/men | Printwave DE\",\"isPartOf\":{\"@id\":\"https:\/\/printwave.pl\/de\/#website\"},\"primaryImageOfPage\":{\"@id\":\"https:\/\/printwave.pl\/de\/produkt\/organic-inspire-slub-t-men\/#primaryimage\"},\"image\":{\"@id\":\"https:\/\/printwave.pl\/de\/produkt\/organic-inspire-slub-t-men\/#primaryimage\"},\"thumbnailUrl\":\"https:\/\/printwave.pl\/de\/wp-content\/uploads\/sites\/3\/2025\/01\/184_42_249_m-2023_01.jpg\",\"datePublished\":\"2025-01-22T14:18:52+00:00\",\"dateModified\":\"2026-02-20T06:34:11+00:00\",\"breadcrumb\":{\"@id\":\"https:\/\/printwave.pl\/de\/produkt\/organic-inspire-slub-t-men\/#breadcrumb\"},\"inLanguage\":\"de\",\"potentialAction\":[{\"@type\":\"ReadAction\",\"target\":[\"https:\/\/printwave.pl\/de\/produkt\/organic-inspire-slub-t-men\/\"]}]},{\"@type\":\"ImageObject\",\"inLanguage\":\"de\",\"@id\":\"https:\/\/printwave.pl\/de\/produkt\/organic-inspire-slub-t-men\/#primaryimage\",\"url\":\"https:\/\/printwave.pl\/de\/wp-content\/uploads\/sites\/3\/2025\/01\/184_42_249_m-2023_01.jpg\",\"contentUrl\":\"https:\/\/printwave.pl\/de\/wp-content\/uploads\/sites\/3\/2025\/01\/184_42_249_m-2023_01.jpg\",\"width\":1024,\"height\":1304},{\"@type\":\"BreadcrumbList\",\"@id\":\"https:\/\/printwave.pl\/de\/produkt\/organic-inspire-slub-t-men\/#breadcrumb\",\"itemListElement\":[{\"@type\":\"ListItem\",\"position\":1,\"name\":\"Strona g\u0142\u00f3wna\",\"item\":\"https:\/\/printwave.pl\/de\/\"},{\"@type\":\"ListItem\",\"position\":2,\"name\":\"Shop\",\"item\":\"https:\/\/printwave.pl\/de\/shop\/\"},{\"@type\":\"ListItem\",\"position\":3,\"name\":\"Organic Inspire Slub T \/men\"}]},{\"@type\":\"WebSite\",\"@id\":\"https:\/\/printwave.pl\/de\/#website\",\"url\":\"https:\/\/printwave.pl\/de\/\",\"name\":\"Printwave DE\",\"description\":\"\",\"potentialAction\":[{\"@type\":\"SearchAction\",\"target\":{\"@type\":\"EntryPoint\",\"urlTemplate\":\"https:\/\/printwave.pl\/de\/?s={search_term_string}\"},\"query-input\":{\"@type\":\"PropertyValueSpecification\",\"valueRequired\":true,\"valueName\":\"search_term_string\"}}],\"inLanguage\":\"de\"}]}<\/script>\n<!-- \/ Yoast SEO Premium plugin. -->","yoast_head_json":{"title":"Organic Inspire Slub T \/men | Printwave DE","robots":{"index":"index","follow":"follow","max-snippet":"max-snippet:-1","max-image-preview":"max-image-preview:large","max-video-preview":"max-video-preview:-1"},"canonical":"https:\/\/printwave.pl\/de\/produkt\/organic-inspire-slub-t-men\/","og_locale":"de_DE","og_type":"article","og_title":"Organic Inspire Slub T \/men","og_description":"\u00b7120 g\/m\u00b2 \u00b7100% Baumwolle (zertifizierte Bio-Baumwolle oder in Konversion-Bio-Baumwolle) \u00b7Single Jersey aus Flammengarn \u00b7Schulter-zu-Schulter Nackenband \u00b7Schmaler Kragen aus T-Shirt-Material \u00b7Doppelnaht","og_url":"https:\/\/printwave.pl\/de\/produkt\/organic-inspire-slub-t-men\/","og_site_name":"Printwave DE","article_modified_time":"2026-02-20T06:34:11+00:00","og_image":[{"width":1645,"height":297,"url":"https:\/\/printwave.pl\/de\/wp-content\/uploads\/sites\/3\/2025\/03\/Print-Wave-logo-2025.png","type":"image\/png"}],"twitter_card":"summary_large_image","schema":{"@context":"https:\/\/schema.org","@graph":[{"@type":"WebPage","@id":"https:\/\/printwave.pl\/de\/produkt\/organic-inspire-slub-t-men\/","url":"https:\/\/printwave.pl\/de\/produkt\/organic-inspire-slub-t-men\/","name":"Organic Inspire Slub T \/men | Printwave DE","isPartOf":{"@id":"https:\/\/printwave.pl\/de\/#website"},"primaryImageOfPage":{"@id":"https:\/\/printwave.pl\/de\/produkt\/organic-inspire-slub-t-men\/#primaryimage"},"image":{"@id":"https:\/\/printwave.pl\/de\/produkt\/organic-inspire-slub-t-men\/#primaryimage"},"thumbnailUrl":"https:\/\/printwave.pl\/de\/wp-content\/uploads\/sites\/3\/2025\/01\/184_42_249_m-2023_01.jpg","datePublished":"2025-01-22T14:18:52+00:00","dateModified":"2026-02-20T06:34:11+00:00","breadcrumb":{"@id":"https:\/\/printwave.pl\/de\/produkt\/organic-inspire-slub-t-men\/#breadcrumb"},"inLanguage":"de","potentialAction":[{"@type":"ReadAction","target":["https:\/\/printwave.pl\/de\/produkt\/organic-inspire-slub-t-men\/"]}]},{"@type":"ImageObject","inLanguage":"de","@id":"https:\/\/printwave.pl\/de\/produkt\/organic-inspire-slub-t-men\/#primaryimage","url":"https:\/\/printwave.pl\/de\/wp-content\/uploads\/sites\/3\/2025\/01\/184_42_249_m-2023_01.jpg","contentUrl":"https:\/\/printwave.pl\/de\/wp-content\/uploads\/sites\/3\/2025\/01\/184_42_249_m-2023_01.jpg","width":1024,"height":1304},{"@type":"BreadcrumbList","@id":"https:\/\/printwave.pl\/de\/produkt\/organic-inspire-slub-t-men\/#breadcrumb","itemListElement":[{"@type":"ListItem","position":1,"name":"Strona g\u0142\u00f3wna","item":"https:\/\/printwave.pl\/de\/"},{"@type":"ListItem","position":2,"name":"Shop","item":"https:\/\/printwave.pl\/de\/shop\/"},{"@type":"ListItem","position":3,"name":"Organic Inspire Slub T \/men"}]},{"@type":"WebSite","@id":"https:\/\/printwave.pl\/de\/#website","url":"https:\/\/printwave.pl\/de\/","name":"Printwave DE","description":"","potentialAction":[{"@type":"SearchAction","target":{"@type":"EntryPoint","urlTemplate":"https:\/\/printwave.pl\/de\/?s={search_term_string}"},"query-input":{"@type":"PropertyValueSpecification","valueRequired":true,"valueName":"search_term_string"}}],"inLanguage":"de"}]}},"_links":{"self":[{"href":"https:\/\/printwave.pl\/de\/wp-json\/wp\/v2\/product\/443576","targetHints":{"allow":["GET"]}}],"collection":[{"href":"https:\/\/printwave.pl\/de\/wp-json\/wp\/v2\/product"}],"about":[{"href":"https:\/\/printwave.pl\/de\/wp-json\/wp\/v2\/types\/product"}],"replies":[{"embeddable":true,"href":"https:\/\/printwave.pl\/de\/wp-json\/wp\/v2\/comments?post=443576"}],"wp:featuredmedia":[{"embeddable":true,"href":"https:\/\/printwave.pl\/de\/wp-json\/wp\/v2\/media\/443574"}],"wp:attachment":[{"href":"https:\/\/printwave.pl\/de\/wp-json\/wp\/v2\/media?parent=443576"}],"wp:term":[{"taxonomy":"product_brand","embeddable":true,"href":"https:\/\/printwave.pl\/de\/wp-json\/wp\/v2\/product_brand?post=443576"},{"taxonomy":"product_cat","embeddable":true,"href":"https:\/\/printwave.pl\/de\/wp-json\/wp\/v2\/product_cat?post=443576"},{"taxonomy":"product_tag","embeddable":true,"href":"https:\/\/printwave.pl\/de\/wp-json\/wp\/v2\/product_tag?post=443576"}],"curies":[{"name":"wp","href":"https:\/\/api.w.org\/{rel}","templated":true}]}}