{"id":441818,"date":"2025-01-22T14:19:54","date_gmt":"2025-01-22T13:19:54","guid":{"rendered":"https:\/\/printwave.pl\/de\/produkt\/organic-inspire-t-women\/"},"modified":"2026-02-20T07:32:42","modified_gmt":"2026-02-20T06:32:42","slug":"organic-inspire-t-women","status":"publish","type":"product","link":"https:\/\/printwave.pl\/de\/produkt\/organic-inspire-t-women\/","title":{"rendered":"Organic Inspire T \/women"},"content":{"rendered":"<p>\u00b7140 g\/m\u00b2<br \/>\n\u00b7100% Baumwolle (zertifizierte Bio-Baumwolle oder in Konversion-Bio-Baumwolle)<br \/>\n\u00b7Sport Grey: 90% Baumwolle (zertifizierte Bio-Baumwolle oder in Konversion-Bio-Baumwolle), 10% Viskose<br \/>\n\u00b7Single Jersey<br \/>\n\u00b7Schmaler Rippstrickkragen<br \/>\n\u00b7Nackenband<br \/>\n\u00b7Doppelnaht an \u00c4rmelabschluss und Bund<br \/>\n\u00b7Seitenn\u00e4hte<br \/>\n\u00b7Leicht umzuetikettieren<br \/>\n\u00b7Besonders weiche und ebenm\u00e4\u00dfige Oberfl\u00e4che f\u00fcr gestochen scharfe Druckergebnisse<br \/>\n\u00b7Getestet und best\u00e4tigt f\u00fcr alle Baumwoll-Standard-Drucktechniken<\/p>\n","protected":false},"excerpt":{"rendered":"<p>\u00b7140 g\/m\u00b2 \u00b7100% Baumwolle (zertifizierte Bio-Baumwolle oder in Konversion-Bio-Baumwolle) \u00b7Sport Grey: 90% Baumwolle (zertifizierte Bio-Baumwolle oder in Konversion-Bio-Baumwolle), 10% Viskose<\/p>\n","protected":false},"featured_media":441814,"comment_status":"open","ping_status":"closed","template":"","meta":[],"product_brand":[],"product_cat":[2365,3122,4170,2374,4209],"product_tag":[2795,2355,3285,2297,3207],"class_list":{"0":"post-441818","1":"product","2":"type-product","3":"status-publish","4":"has-post-thumbnail","6":"product_cat-all-eco","7":"product_cat-nachhaltige-produkte","8":"product_cat-ohne-etikett-kein-label","9":"product_cat-organic","10":"product_cat-t-shirts","11":"product_tag-kurzarm","12":"product_tag-kurzaermelig","13":"product_tag-leicht-umzuetikettieren","14":"product_tag-oberbekleidung","15":"product_tag-rundhalsausschnitt","16":"pa_brand-bc","17":"pa_certificates-fwf-fair-wear","18":"pa_certificates-ocs-100-organic","19":"pa_certificates-oeko-tex-standard-100","20":"pa_color-atoll","21":"pa_color-black","22":"pa_color-dark-grey","23":"pa_color-fuchsia","24":"pa_color-gold","25":"pa_color-khaki-green","26":"pa_color-light-grey","27":"pa_color-millennial-khaki","28":"pa_color-millennial-pink","29":"pa_color-navy","30":"pa_color-orange","31":"pa_color-real-green","32":"pa_color-red","33":"pa_color-royal-blue","34":"pa_color-sport-grey","35":"pa_color-urban-orange","36":"pa_color-urban-purple","37":"pa_color-white","38":"pa_details-xs","39":"pa_details-seitennaehte","40":"pa_eco-organisch","41":"pa_fabric-organics","42":"pa_gender-partner-produkte","43":"pa_neckline-crew-neck","44":"pa_product-group-t-shirts","45":"pa_size-2xl","46":"pa_size-l","47":"pa_size-m","48":"pa_size-s","49":"pa_size-xl","50":"pa_size-xs","51":"pa_sleeve-kurzaermelig","52":"pa_stil-nummer-6885","54":"first","55":"instock","56":"taxable","57":"shipping-taxable","58":"purchasable","59":"product-type-variable"},"yoast_head":"<!-- This site is optimized with the Yoast SEO Premium plugin v20.9 (Yoast SEO v26.3) - https:\/\/yoast.com\/wordpress\/plugins\/seo\/ -->\n<title>Organic Inspire T \/women | Printwave DE<\/title>\n<meta name=\"robots\" content=\"index, follow, max-snippet:-1, max-image-preview:large, max-video-preview:-1\" \/>\n<link rel=\"canonical\" href=\"https:\/\/printwave.pl\/de\/produkt\/organic-inspire-t-women\/\" \/>\n<meta property=\"og:locale\" content=\"de_DE\" \/>\n<meta property=\"og:type\" content=\"article\" \/>\n<meta property=\"og:title\" content=\"Organic Inspire T \/women\" \/>\n<meta property=\"og:description\" content=\"\u00b7140 g\/m\u00b2 \u00b7100% Baumwolle (zertifizierte Bio-Baumwolle oder in Konversion-Bio-Baumwolle) \u00b7Sport Grey: 90% Baumwolle (zertifizierte Bio-Baumwolle oder in Konversion-Bio-Baumwolle), 10% Viskose\" \/>\n<meta property=\"og:url\" content=\"https:\/\/printwave.pl\/de\/produkt\/organic-inspire-t-women\/\" \/>\n<meta property=\"og:site_name\" content=\"Printwave DE\" \/>\n<meta property=\"article:modified_time\" content=\"2026-02-20T06:32:42+00:00\" \/>\n<meta property=\"og:image\" content=\"https:\/\/printwave.pl\/de\/wp-content\/uploads\/sites\/3\/2025\/03\/Print-Wave-logo-2025.png\" \/>\n\t<meta property=\"og:image:width\" content=\"1645\" \/>\n\t<meta property=\"og:image:height\" content=\"297\" \/>\n\t<meta property=\"og:image:type\" content=\"image\/png\" \/>\n<meta name=\"twitter:card\" content=\"summary_large_image\" \/>\n<script type=\"application\/ld+json\" class=\"yoast-schema-graph\">{\"@context\":\"https:\/\/schema.org\",\"@graph\":[{\"@type\":\"WebPage\",\"@id\":\"https:\/\/printwave.pl\/de\/produkt\/organic-inspire-t-women\/\",\"url\":\"https:\/\/printwave.pl\/de\/produkt\/organic-inspire-t-women\/\",\"name\":\"Organic Inspire T \/women | Printwave DE\",\"isPartOf\":{\"@id\":\"https:\/\/printwave.pl\/de\/#website\"},\"primaryImageOfPage\":{\"@id\":\"https:\/\/printwave.pl\/de\/produkt\/organic-inspire-t-women\/#primaryimage\"},\"image\":{\"@id\":\"https:\/\/printwave.pl\/de\/produkt\/organic-inspire-t-women\/#primaryimage\"},\"thumbnailUrl\":\"https:\/\/printwave.pl\/de\/wp-content\/uploads\/sites\/3\/2025\/01\/189_42_431_m-2023_01.jpg\",\"datePublished\":\"2025-01-22T13:19:54+00:00\",\"dateModified\":\"2026-02-20T06:32:42+00:00\",\"breadcrumb\":{\"@id\":\"https:\/\/printwave.pl\/de\/produkt\/organic-inspire-t-women\/#breadcrumb\"},\"inLanguage\":\"de\",\"potentialAction\":[{\"@type\":\"ReadAction\",\"target\":[\"https:\/\/printwave.pl\/de\/produkt\/organic-inspire-t-women\/\"]}]},{\"@type\":\"ImageObject\",\"inLanguage\":\"de\",\"@id\":\"https:\/\/printwave.pl\/de\/produkt\/organic-inspire-t-women\/#primaryimage\",\"url\":\"https:\/\/printwave.pl\/de\/wp-content\/uploads\/sites\/3\/2025\/01\/189_42_431_m-2023_01.jpg\",\"contentUrl\":\"https:\/\/printwave.pl\/de\/wp-content\/uploads\/sites\/3\/2025\/01\/189_42_431_m-2023_01.jpg\",\"width\":1024,\"height\":1304},{\"@type\":\"BreadcrumbList\",\"@id\":\"https:\/\/printwave.pl\/de\/produkt\/organic-inspire-t-women\/#breadcrumb\",\"itemListElement\":[{\"@type\":\"ListItem\",\"position\":1,\"name\":\"Strona g\u0142\u00f3wna\",\"item\":\"https:\/\/printwave.pl\/de\/\"},{\"@type\":\"ListItem\",\"position\":2,\"name\":\"Shop\",\"item\":\"https:\/\/printwave.pl\/de\/shop\/\"},{\"@type\":\"ListItem\",\"position\":3,\"name\":\"Organic Inspire T \/women\"}]},{\"@type\":\"WebSite\",\"@id\":\"https:\/\/printwave.pl\/de\/#website\",\"url\":\"https:\/\/printwave.pl\/de\/\",\"name\":\"Printwave DE\",\"description\":\"\",\"potentialAction\":[{\"@type\":\"SearchAction\",\"target\":{\"@type\":\"EntryPoint\",\"urlTemplate\":\"https:\/\/printwave.pl\/de\/?s={search_term_string}\"},\"query-input\":{\"@type\":\"PropertyValueSpecification\",\"valueRequired\":true,\"valueName\":\"search_term_string\"}}],\"inLanguage\":\"de\"}]}<\/script>\n<!-- \/ Yoast SEO Premium plugin. -->","yoast_head_json":{"title":"Organic Inspire T \/women | Printwave DE","robots":{"index":"index","follow":"follow","max-snippet":"max-snippet:-1","max-image-preview":"max-image-preview:large","max-video-preview":"max-video-preview:-1"},"canonical":"https:\/\/printwave.pl\/de\/produkt\/organic-inspire-t-women\/","og_locale":"de_DE","og_type":"article","og_title":"Organic Inspire T \/women","og_description":"\u00b7140 g\/m\u00b2 \u00b7100% Baumwolle (zertifizierte Bio-Baumwolle oder in Konversion-Bio-Baumwolle) \u00b7Sport Grey: 90% Baumwolle (zertifizierte Bio-Baumwolle oder in Konversion-Bio-Baumwolle), 10% Viskose","og_url":"https:\/\/printwave.pl\/de\/produkt\/organic-inspire-t-women\/","og_site_name":"Printwave DE","article_modified_time":"2026-02-20T06:32:42+00:00","og_image":[{"width":1645,"height":297,"url":"https:\/\/printwave.pl\/de\/wp-content\/uploads\/sites\/3\/2025\/03\/Print-Wave-logo-2025.png","type":"image\/png"}],"twitter_card":"summary_large_image","schema":{"@context":"https:\/\/schema.org","@graph":[{"@type":"WebPage","@id":"https:\/\/printwave.pl\/de\/produkt\/organic-inspire-t-women\/","url":"https:\/\/printwave.pl\/de\/produkt\/organic-inspire-t-women\/","name":"Organic Inspire T \/women | Printwave DE","isPartOf":{"@id":"https:\/\/printwave.pl\/de\/#website"},"primaryImageOfPage":{"@id":"https:\/\/printwave.pl\/de\/produkt\/organic-inspire-t-women\/#primaryimage"},"image":{"@id":"https:\/\/printwave.pl\/de\/produkt\/organic-inspire-t-women\/#primaryimage"},"thumbnailUrl":"https:\/\/printwave.pl\/de\/wp-content\/uploads\/sites\/3\/2025\/01\/189_42_431_m-2023_01.jpg","datePublished":"2025-01-22T13:19:54+00:00","dateModified":"2026-02-20T06:32:42+00:00","breadcrumb":{"@id":"https:\/\/printwave.pl\/de\/produkt\/organic-inspire-t-women\/#breadcrumb"},"inLanguage":"de","potentialAction":[{"@type":"ReadAction","target":["https:\/\/printwave.pl\/de\/produkt\/organic-inspire-t-women\/"]}]},{"@type":"ImageObject","inLanguage":"de","@id":"https:\/\/printwave.pl\/de\/produkt\/organic-inspire-t-women\/#primaryimage","url":"https:\/\/printwave.pl\/de\/wp-content\/uploads\/sites\/3\/2025\/01\/189_42_431_m-2023_01.jpg","contentUrl":"https:\/\/printwave.pl\/de\/wp-content\/uploads\/sites\/3\/2025\/01\/189_42_431_m-2023_01.jpg","width":1024,"height":1304},{"@type":"BreadcrumbList","@id":"https:\/\/printwave.pl\/de\/produkt\/organic-inspire-t-women\/#breadcrumb","itemListElement":[{"@type":"ListItem","position":1,"name":"Strona g\u0142\u00f3wna","item":"https:\/\/printwave.pl\/de\/"},{"@type":"ListItem","position":2,"name":"Shop","item":"https:\/\/printwave.pl\/de\/shop\/"},{"@type":"ListItem","position":3,"name":"Organic Inspire T \/women"}]},{"@type":"WebSite","@id":"https:\/\/printwave.pl\/de\/#website","url":"https:\/\/printwave.pl\/de\/","name":"Printwave DE","description":"","potentialAction":[{"@type":"SearchAction","target":{"@type":"EntryPoint","urlTemplate":"https:\/\/printwave.pl\/de\/?s={search_term_string}"},"query-input":{"@type":"PropertyValueSpecification","valueRequired":true,"valueName":"search_term_string"}}],"inLanguage":"de"}]}},"_links":{"self":[{"href":"https:\/\/printwave.pl\/de\/wp-json\/wp\/v2\/product\/441818","targetHints":{"allow":["GET"]}}],"collection":[{"href":"https:\/\/printwave.pl\/de\/wp-json\/wp\/v2\/product"}],"about":[{"href":"https:\/\/printwave.pl\/de\/wp-json\/wp\/v2\/types\/product"}],"replies":[{"embeddable":true,"href":"https:\/\/printwave.pl\/de\/wp-json\/wp\/v2\/comments?post=441818"}],"wp:featuredmedia":[{"embeddable":true,"href":"https:\/\/printwave.pl\/de\/wp-json\/wp\/v2\/media\/441814"}],"wp:attachment":[{"href":"https:\/\/printwave.pl\/de\/wp-json\/wp\/v2\/media?parent=441818"}],"wp:term":[{"taxonomy":"product_brand","embeddable":true,"href":"https:\/\/printwave.pl\/de\/wp-json\/wp\/v2\/product_brand?post=441818"},{"taxonomy":"product_cat","embeddable":true,"href":"https:\/\/printwave.pl\/de\/wp-json\/wp\/v2\/product_cat?post=441818"},{"taxonomy":"product_tag","embeddable":true,"href":"https:\/\/printwave.pl\/de\/wp-json\/wp\/v2\/product_tag?post=441818"}],"curies":[{"name":"wp","href":"https:\/\/api.w.org\/{rel}","templated":true}]}}