{"id":415649,"date":"2025-01-21T23:54:53","date_gmt":"2025-01-21T22:54:53","guid":{"rendered":"https:\/\/printwave.pl\/de\/produkt\/hooded-sweatshirt-men\/"},"modified":"2026-02-20T06:59:49","modified_gmt":"2026-02-20T05:59:49","slug":"hooded-sweatshirt-men","status":"publish","type":"product","link":"https:\/\/printwave.pl\/de\/produkt\/hooded-sweatshirt-men\/","title":{"rendered":"Hooded Sweatshirt Men"},"content":{"rendered":"<p>\u00b7280 g\/m\u00b2<br \/>\n\u00b780% Baumwolle, ringgesponnen und gek\u00e4mmt, 20% Polyester (Denim: 60% Baumwolle, 40% Polyester; Light Oxford: 70% Baumwolle, 30% Polyester)<br \/>\n\u00b7Innen angerautes Fleece<br \/>\n\u00b7Gef\u00fctterte Kapuze<br \/>\n\u00b7Farblich passender Kordelzug<br \/>\n\u00b7Set-in \u00c4rmel<br \/>\n\u00b7K\u00e4ngurutasche mit verst\u00e4rkten N\u00e4hten am Tascheneingriff<br \/>\n\u00b7Rippstrickb\u00fcndchen an \u00c4rmelabschluss und Bund<br \/>\n\u00b7Seitenn\u00e4hte.<\/p>\n","protected":false},"excerpt":{"rendered":"<p>\u00b7280 g\/m\u00b2 \u00b780% Baumwolle, ringgesponnen und gek\u00e4mmt, 20% Polyester (Denim: 60% Baumwolle, 40% Polyester; Light Oxford: 70% Baumwolle, 30% Polyester)<\/p>\n","protected":false},"featured_media":415641,"comment_status":"open","ping_status":"closed","template":"","meta":[],"product_brand":[],"product_cat":[4086,2339],"product_tag":[4087,4088,2294,2295,2296,2297,3111],"class_list":{"0":"post-415649","1":"product","2":"type-product","3":"status-publish","4":"has-post-thumbnail","6":"product_cat-hoodies","7":"product_cat-topseller","8":"product_tag-hoodie","9":"product_tag-kaengurutasche","10":"product_tag-kapuze","11":"product_tag-langarm","12":"product_tag-langaermelig","13":"product_tag-oberbekleidung","14":"product_tag-sweater","15":"pa_brand-sg-originals","16":"pa_certificates-oeko-tex-standard-100","17":"pa_certificates-sedex","18":"pa_certificates-wrap","19":"pa_color-angel-blue","20":"pa_color-ash-grey","21":"pa_color-black","22":"pa_color-bottle-green","23":"pa_color-burgundy","24":"pa_color-cantaloupe","25":"pa_color-cassis","26":"pa_color-charcoal","27":"pa_color-dark-black","28":"pa_color-dark-pink","29":"pa_color-denim","30":"pa_color-grey","31":"pa_color-light-oxford","32":"pa_color-mercury-grey","33":"pa_color-navy","34":"pa_color-neo-mint","35":"pa_color-pink","36":"pa_color-purple","37":"pa_color-red","38":"pa_color-royal-blue","39":"pa_color-sky","40":"pa_color-snowwhite","41":"pa_color-turquoise","42":"pa_color-white","43":"pa_details-kapuze","44":"pa_details-seitennaehte","45":"pa_details-set-in","46":"pa_fabric-mischgewebe","47":"pa_gender-partner-produkte","48":"pa_product-group-groesse-4xl","49":"pa_product-group-mit-kapuze","50":"pa_product-group-sweatshirts","51":"pa_size-2xl","52":"pa_size-3xl","53":"pa_size-4xl","54":"pa_size-5xl","55":"pa_size-l","56":"pa_size-m","57":"pa_size-s","58":"pa_size-xl","59":"pa_sleeve-langaermelig","60":"pa_stil-nummer-6620","61":"pa_weight-ab-220-g-m","63":"first","64":"instock","65":"taxable","66":"shipping-taxable","67":"purchasable","68":"product-type-variable"},"yoast_head":"<!-- This site is optimized with the Yoast SEO Premium plugin v20.9 (Yoast SEO v26.3) - https:\/\/yoast.com\/wordpress\/plugins\/seo\/ -->\n<title>Hooded Sweatshirt Men | Printwave DE<\/title>\n<meta name=\"robots\" content=\"index, follow, max-snippet:-1, max-image-preview:large, max-video-preview:-1\" \/>\n<link rel=\"canonical\" href=\"https:\/\/printwave.pl\/de\/produkt\/hooded-sweatshirt-men\/\" \/>\n<meta property=\"og:locale\" content=\"de_DE\" \/>\n<meta property=\"og:type\" content=\"article\" \/>\n<meta property=\"og:title\" content=\"Hooded Sweatshirt Men\" \/>\n<meta property=\"og:description\" content=\"\u00b7280 g\/m\u00b2 \u00b780% Baumwolle, ringgesponnen und gek\u00e4mmt, 20% Polyester (Denim: 60% Baumwolle, 40% Polyester; Light Oxford: 70% Baumwolle, 30% Polyester)\" \/>\n<meta property=\"og:url\" content=\"https:\/\/printwave.pl\/de\/produkt\/hooded-sweatshirt-men\/\" \/>\n<meta property=\"og:site_name\" content=\"Printwave DE\" \/>\n<meta property=\"article:modified_time\" content=\"2026-02-20T05:59:49+00:00\" \/>\n<meta property=\"og:image\" content=\"https:\/\/printwave.pl\/de\/wp-content\/uploads\/sites\/3\/2025\/03\/Print-Wave-logo-2025.png\" \/>\n\t<meta property=\"og:image:width\" content=\"1645\" \/>\n\t<meta property=\"og:image:height\" content=\"297\" \/>\n\t<meta property=\"og:image:type\" content=\"image\/png\" \/>\n<meta name=\"twitter:card\" content=\"summary_large_image\" \/>\n<script type=\"application\/ld+json\" class=\"yoast-schema-graph\">{\"@context\":\"https:\/\/schema.org\",\"@graph\":[{\"@type\":\"WebPage\",\"@id\":\"https:\/\/printwave.pl\/de\/produkt\/hooded-sweatshirt-men\/\",\"url\":\"https:\/\/printwave.pl\/de\/produkt\/hooded-sweatshirt-men\/\",\"name\":\"Hooded Sweatshirt Men | Printwave DE\",\"isPartOf\":{\"@id\":\"https:\/\/printwave.pl\/de\/#website\"},\"primaryImageOfPage\":{\"@id\":\"https:\/\/printwave.pl\/de\/produkt\/hooded-sweatshirt-men\/#primaryimage\"},\"image\":{\"@id\":\"https:\/\/printwave.pl\/de\/produkt\/hooded-sweatshirt-men\/#primaryimage\"},\"thumbnailUrl\":\"https:\/\/printwave.pl\/de\/wp-content\/uploads\/sites\/3\/2025\/01\/276_52_118_m-2023_01.jpg\",\"datePublished\":\"2025-01-21T22:54:53+00:00\",\"dateModified\":\"2026-02-20T05:59:49+00:00\",\"breadcrumb\":{\"@id\":\"https:\/\/printwave.pl\/de\/produkt\/hooded-sweatshirt-men\/#breadcrumb\"},\"inLanguage\":\"de\",\"potentialAction\":[{\"@type\":\"ReadAction\",\"target\":[\"https:\/\/printwave.pl\/de\/produkt\/hooded-sweatshirt-men\/\"]}]},{\"@type\":\"ImageObject\",\"inLanguage\":\"de\",\"@id\":\"https:\/\/printwave.pl\/de\/produkt\/hooded-sweatshirt-men\/#primaryimage\",\"url\":\"https:\/\/printwave.pl\/de\/wp-content\/uploads\/sites\/3\/2025\/01\/276_52_118_m-2023_01.jpg\",\"contentUrl\":\"https:\/\/printwave.pl\/de\/wp-content\/uploads\/sites\/3\/2025\/01\/276_52_118_m-2023_01.jpg\",\"width\":1024,\"height\":1304},{\"@type\":\"BreadcrumbList\",\"@id\":\"https:\/\/printwave.pl\/de\/produkt\/hooded-sweatshirt-men\/#breadcrumb\",\"itemListElement\":[{\"@type\":\"ListItem\",\"position\":1,\"name\":\"Strona g\u0142\u00f3wna\",\"item\":\"https:\/\/printwave.pl\/de\/\"},{\"@type\":\"ListItem\",\"position\":2,\"name\":\"Shop\",\"item\":\"https:\/\/printwave.pl\/de\/shop\/\"},{\"@type\":\"ListItem\",\"position\":3,\"name\":\"Hooded Sweatshirt Men\"}]},{\"@type\":\"WebSite\",\"@id\":\"https:\/\/printwave.pl\/de\/#website\",\"url\":\"https:\/\/printwave.pl\/de\/\",\"name\":\"Printwave DE\",\"description\":\"\",\"potentialAction\":[{\"@type\":\"SearchAction\",\"target\":{\"@type\":\"EntryPoint\",\"urlTemplate\":\"https:\/\/printwave.pl\/de\/?s={search_term_string}\"},\"query-input\":{\"@type\":\"PropertyValueSpecification\",\"valueRequired\":true,\"valueName\":\"search_term_string\"}}],\"inLanguage\":\"de\"}]}<\/script>\n<!-- \/ Yoast SEO Premium plugin. -->","yoast_head_json":{"title":"Hooded Sweatshirt Men | Printwave DE","robots":{"index":"index","follow":"follow","max-snippet":"max-snippet:-1","max-image-preview":"max-image-preview:large","max-video-preview":"max-video-preview:-1"},"canonical":"https:\/\/printwave.pl\/de\/produkt\/hooded-sweatshirt-men\/","og_locale":"de_DE","og_type":"article","og_title":"Hooded Sweatshirt Men","og_description":"\u00b7280 g\/m\u00b2 \u00b780% Baumwolle, ringgesponnen und gek\u00e4mmt, 20% Polyester (Denim: 60% Baumwolle, 40% Polyester; Light Oxford: 70% Baumwolle, 30% Polyester)","og_url":"https:\/\/printwave.pl\/de\/produkt\/hooded-sweatshirt-men\/","og_site_name":"Printwave DE","article_modified_time":"2026-02-20T05:59:49+00:00","og_image":[{"width":1645,"height":297,"url":"https:\/\/printwave.pl\/de\/wp-content\/uploads\/sites\/3\/2025\/03\/Print-Wave-logo-2025.png","type":"image\/png"}],"twitter_card":"summary_large_image","schema":{"@context":"https:\/\/schema.org","@graph":[{"@type":"WebPage","@id":"https:\/\/printwave.pl\/de\/produkt\/hooded-sweatshirt-men\/","url":"https:\/\/printwave.pl\/de\/produkt\/hooded-sweatshirt-men\/","name":"Hooded Sweatshirt Men | Printwave DE","isPartOf":{"@id":"https:\/\/printwave.pl\/de\/#website"},"primaryImageOfPage":{"@id":"https:\/\/printwave.pl\/de\/produkt\/hooded-sweatshirt-men\/#primaryimage"},"image":{"@id":"https:\/\/printwave.pl\/de\/produkt\/hooded-sweatshirt-men\/#primaryimage"},"thumbnailUrl":"https:\/\/printwave.pl\/de\/wp-content\/uploads\/sites\/3\/2025\/01\/276_52_118_m-2023_01.jpg","datePublished":"2025-01-21T22:54:53+00:00","dateModified":"2026-02-20T05:59:49+00:00","breadcrumb":{"@id":"https:\/\/printwave.pl\/de\/produkt\/hooded-sweatshirt-men\/#breadcrumb"},"inLanguage":"de","potentialAction":[{"@type":"ReadAction","target":["https:\/\/printwave.pl\/de\/produkt\/hooded-sweatshirt-men\/"]}]},{"@type":"ImageObject","inLanguage":"de","@id":"https:\/\/printwave.pl\/de\/produkt\/hooded-sweatshirt-men\/#primaryimage","url":"https:\/\/printwave.pl\/de\/wp-content\/uploads\/sites\/3\/2025\/01\/276_52_118_m-2023_01.jpg","contentUrl":"https:\/\/printwave.pl\/de\/wp-content\/uploads\/sites\/3\/2025\/01\/276_52_118_m-2023_01.jpg","width":1024,"height":1304},{"@type":"BreadcrumbList","@id":"https:\/\/printwave.pl\/de\/produkt\/hooded-sweatshirt-men\/#breadcrumb","itemListElement":[{"@type":"ListItem","position":1,"name":"Strona g\u0142\u00f3wna","item":"https:\/\/printwave.pl\/de\/"},{"@type":"ListItem","position":2,"name":"Shop","item":"https:\/\/printwave.pl\/de\/shop\/"},{"@type":"ListItem","position":3,"name":"Hooded Sweatshirt Men"}]},{"@type":"WebSite","@id":"https:\/\/printwave.pl\/de\/#website","url":"https:\/\/printwave.pl\/de\/","name":"Printwave DE","description":"","potentialAction":[{"@type":"SearchAction","target":{"@type":"EntryPoint","urlTemplate":"https:\/\/printwave.pl\/de\/?s={search_term_string}"},"query-input":{"@type":"PropertyValueSpecification","valueRequired":true,"valueName":"search_term_string"}}],"inLanguage":"de"}]}},"_links":{"self":[{"href":"https:\/\/printwave.pl\/de\/wp-json\/wp\/v2\/product\/415649","targetHints":{"allow":["GET"]}}],"collection":[{"href":"https:\/\/printwave.pl\/de\/wp-json\/wp\/v2\/product"}],"about":[{"href":"https:\/\/printwave.pl\/de\/wp-json\/wp\/v2\/types\/product"}],"replies":[{"embeddable":true,"href":"https:\/\/printwave.pl\/de\/wp-json\/wp\/v2\/comments?post=415649"}],"wp:featuredmedia":[{"embeddable":true,"href":"https:\/\/printwave.pl\/de\/wp-json\/wp\/v2\/media\/415641"}],"wp:attachment":[{"href":"https:\/\/printwave.pl\/de\/wp-json\/wp\/v2\/media?parent=415649"}],"wp:term":[{"taxonomy":"product_brand","embeddable":true,"href":"https:\/\/printwave.pl\/de\/wp-json\/wp\/v2\/product_brand?post=415649"},{"taxonomy":"product_cat","embeddable":true,"href":"https:\/\/printwave.pl\/de\/wp-json\/wp\/v2\/product_cat?post=415649"},{"taxonomy":"product_tag","embeddable":true,"href":"https:\/\/printwave.pl\/de\/wp-json\/wp\/v2\/product_tag?post=415649"}],"curies":[{"name":"wp","href":"https:\/\/api.w.org\/{rel}","templated":true}]}}