{"id":414130,"date":"2025-01-21T23:07:52","date_gmt":"2025-01-21T22:07:52","guid":{"rendered":"https:\/\/printwave.pl\/de\/produkt\/ladies-authentic-zipped-hood\/"},"modified":"2026-02-20T06:57:37","modified_gmt":"2026-02-20T05:57:37","slug":"ladies-authentic-zipped-hood","status":"publish","type":"product","link":"https:\/\/printwave.pl\/de\/produkt\/ladies-authentic-zipped-hood\/","title":{"rendered":"Ladies&#8216; Authentic Zipped Hood"},"content":{"rendered":"<p>\u00b7280 g\/m\u00b2<br \/>\n\u00b780% Baumwolle, ringgesponnen und gek\u00e4mmt, 20% Polyester (3-lagiger Stoff)<br \/>\n\u00b7Doppelschichtige Kapuze<br \/>\n\u00b7Flacher, breiter Kordelzug mit Knopfloch\u00f6sen<br \/>\n\u00b7Nackenband in Fischgr\u00e4tenoptik<br \/>\n\u00b7Schmalere \u00c4rmel mit nach vorn versetzten Schultern\u00e4hten<br \/>\n\u00b7Verdeckter YKK Full Zip (Antique Silver) f\u00fcr durchgehende Veredelung auf der Brust<br \/>\n\u00b7Zugang f\u00fcr MP3-Player, Kopfh\u00f6rer-Kabelf\u00fchrung<br \/>\n\u00b72 aufgesetzte Taschen<br \/>\n\u00b7Deckn\u00e4hte an Armausschnitt, \u00c4rmelbund und Saum<br \/>\n\u00b7Zeitgem\u00e4\u00dfe, feminine Passform.<\/p>\n","protected":false},"excerpt":{"rendered":"<p>\u00b7280 g\/m\u00b2 \u00b780% Baumwolle, ringgesponnen und gek\u00e4mmt, 20% Polyester (3-lagiger Stoff) \u00b7Doppelschichtige Kapuze \u00b7Flacher, breiter Kordelzug mit Knopfloch\u00f6sen \u00b7Nackenband in<\/p>\n","protected":false},"featured_media":414122,"comment_status":"open","ping_status":"closed","template":"","meta":[],"product_brand":[],"product_cat":[4086],"product_tag":[4087,2294,2295,2296,2297,3731,3111,3730,2987],"class_list":{"0":"post-414130","1":"product","2":"type-product","3":"status-publish","4":"has-post-thumbnail","6":"product_cat-hoodies","7":"product_tag-hoodie","8":"product_tag-kapuze","9":"product_tag-langarm","10":"product_tag-langaermelig","11":"product_tag-oberbekleidung","12":"product_tag-sweat-jacken","13":"product_tag-sweater","14":"product_tag-sweatjacken","15":"product_tag-zip-hoodies","16":"pa_brand-russell","17":"pa_certificates-bsci","18":"pa_certificates-oeko-tex-standard-100","19":"pa_certificates-wrap","20":"pa_color-black","21":"pa_color-bottle-green","22":"pa_color-bright-royal","23":"pa_color-burgundy","24":"pa_color-classic-red","25":"pa_color-convoy-grey","26":"pa_color-french-navy","27":"pa_color-fuchsia","28":"pa_color-light-oxford","29":"pa_color-lime","30":"pa_color-white","31":"pa_details-xs","32":"pa_details-koerpernah-geschnitten","33":"pa_details-seitennaehte","34":"pa_details-seitentaschen","35":"pa_details-set-in","36":"pa_fabric-mischgewebe","37":"pa_gender-partner-produkte","38":"pa_product-group-full-zip","39":"pa_product-group-media-kompatibel","40":"pa_product-group-mit-kapuze","41":"pa_product-group-sweatshirts","42":"pa_size-2xl","43":"pa_size-l","44":"pa_size-m","45":"pa_size-s","46":"pa_size-xl","47":"pa_size-xs","48":"pa_sleeve-langaermelig","49":"pa_stil-nummer-6603","50":"pa_weight-ab-220-g-m","52":"first","53":"instock","54":"taxable","55":"shipping-taxable","56":"purchasable","57":"product-type-variable"},"yoast_head":"<!-- This site is optimized with the Yoast SEO Premium plugin v20.9 (Yoast SEO v26.3) - https:\/\/yoast.com\/wordpress\/plugins\/seo\/ -->\n<title>Ladies&#039; Authentic Zipped Hood | Printwave DE<\/title>\n<meta name=\"robots\" content=\"index, follow, max-snippet:-1, max-image-preview:large, max-video-preview:-1\" \/>\n<link rel=\"canonical\" href=\"https:\/\/printwave.pl\/de\/produkt\/ladies-authentic-zipped-hood\/\" \/>\n<meta property=\"og:locale\" content=\"de_DE\" \/>\n<meta property=\"og:type\" content=\"article\" \/>\n<meta property=\"og:title\" content=\"Ladies&#039; Authentic Zipped Hood\" \/>\n<meta property=\"og:description\" content=\"\u00b7280 g\/m\u00b2 \u00b780% Baumwolle, ringgesponnen und gek\u00e4mmt, 20% Polyester (3-lagiger Stoff) \u00b7Doppelschichtige Kapuze \u00b7Flacher, breiter Kordelzug mit Knopfloch\u00f6sen \u00b7Nackenband in\" \/>\n<meta property=\"og:url\" content=\"https:\/\/printwave.pl\/de\/produkt\/ladies-authentic-zipped-hood\/\" \/>\n<meta property=\"og:site_name\" content=\"Printwave DE\" \/>\n<meta property=\"article:modified_time\" content=\"2026-02-20T05:57:37+00:00\" \/>\n<meta property=\"og:image\" content=\"https:\/\/printwave.pl\/de\/wp-content\/uploads\/sites\/3\/2025\/03\/Print-Wave-logo-2025.png\" \/>\n\t<meta property=\"og:image:width\" content=\"1645\" \/>\n\t<meta property=\"og:image:height\" content=\"297\" \/>\n\t<meta property=\"og:image:type\" content=\"image\/png\" \/>\n<meta name=\"twitter:card\" content=\"summary_large_image\" \/>\n<script type=\"application\/ld+json\" class=\"yoast-schema-graph\">{\"@context\":\"https:\/\/schema.org\",\"@graph\":[{\"@type\":\"WebPage\",\"@id\":\"https:\/\/printwave.pl\/de\/produkt\/ladies-authentic-zipped-hood\/\",\"url\":\"https:\/\/printwave.pl\/de\/produkt\/ladies-authentic-zipped-hood\/\",\"name\":\"Ladies' Authentic Zipped Hood | Printwave DE\",\"isPartOf\":{\"@id\":\"https:\/\/printwave.pl\/de\/#website\"},\"primaryImageOfPage\":{\"@id\":\"https:\/\/printwave.pl\/de\/produkt\/ladies-authentic-zipped-hood\/#primaryimage\"},\"image\":{\"@id\":\"https:\/\/printwave.pl\/de\/produkt\/ladies-authentic-zipped-hood\/#primaryimage\"},\"thumbnailUrl\":\"https:\/\/printwave.pl\/de\/wp-content\/uploads\/sites\/3\/2025\/01\/283_00_306_m-2023_01.jpg\",\"datePublished\":\"2025-01-21T22:07:52+00:00\",\"dateModified\":\"2026-02-20T05:57:37+00:00\",\"breadcrumb\":{\"@id\":\"https:\/\/printwave.pl\/de\/produkt\/ladies-authentic-zipped-hood\/#breadcrumb\"},\"inLanguage\":\"de\",\"potentialAction\":[{\"@type\":\"ReadAction\",\"target\":[\"https:\/\/printwave.pl\/de\/produkt\/ladies-authentic-zipped-hood\/\"]}]},{\"@type\":\"ImageObject\",\"inLanguage\":\"de\",\"@id\":\"https:\/\/printwave.pl\/de\/produkt\/ladies-authentic-zipped-hood\/#primaryimage\",\"url\":\"https:\/\/printwave.pl\/de\/wp-content\/uploads\/sites\/3\/2025\/01\/283_00_306_m-2023_01.jpg\",\"contentUrl\":\"https:\/\/printwave.pl\/de\/wp-content\/uploads\/sites\/3\/2025\/01\/283_00_306_m-2023_01.jpg\",\"width\":1024,\"height\":1304},{\"@type\":\"BreadcrumbList\",\"@id\":\"https:\/\/printwave.pl\/de\/produkt\/ladies-authentic-zipped-hood\/#breadcrumb\",\"itemListElement\":[{\"@type\":\"ListItem\",\"position\":1,\"name\":\"Strona g\u0142\u00f3wna\",\"item\":\"https:\/\/printwave.pl\/de\/\"},{\"@type\":\"ListItem\",\"position\":2,\"name\":\"Shop\",\"item\":\"https:\/\/printwave.pl\/de\/shop\/\"},{\"@type\":\"ListItem\",\"position\":3,\"name\":\"Ladies&#8216; Authentic Zipped Hood\"}]},{\"@type\":\"WebSite\",\"@id\":\"https:\/\/printwave.pl\/de\/#website\",\"url\":\"https:\/\/printwave.pl\/de\/\",\"name\":\"Printwave DE\",\"description\":\"\",\"potentialAction\":[{\"@type\":\"SearchAction\",\"target\":{\"@type\":\"EntryPoint\",\"urlTemplate\":\"https:\/\/printwave.pl\/de\/?s={search_term_string}\"},\"query-input\":{\"@type\":\"PropertyValueSpecification\",\"valueRequired\":true,\"valueName\":\"search_term_string\"}}],\"inLanguage\":\"de\"}]}<\/script>\n<!-- \/ Yoast SEO Premium plugin. -->","yoast_head_json":{"title":"Ladies' Authentic Zipped Hood | Printwave DE","robots":{"index":"index","follow":"follow","max-snippet":"max-snippet:-1","max-image-preview":"max-image-preview:large","max-video-preview":"max-video-preview:-1"},"canonical":"https:\/\/printwave.pl\/de\/produkt\/ladies-authentic-zipped-hood\/","og_locale":"de_DE","og_type":"article","og_title":"Ladies' Authentic Zipped Hood","og_description":"\u00b7280 g\/m\u00b2 \u00b780% Baumwolle, ringgesponnen und gek\u00e4mmt, 20% Polyester (3-lagiger Stoff) \u00b7Doppelschichtige Kapuze \u00b7Flacher, breiter Kordelzug mit Knopfloch\u00f6sen \u00b7Nackenband in","og_url":"https:\/\/printwave.pl\/de\/produkt\/ladies-authentic-zipped-hood\/","og_site_name":"Printwave DE","article_modified_time":"2026-02-20T05:57:37+00:00","og_image":[{"width":1645,"height":297,"url":"https:\/\/printwave.pl\/de\/wp-content\/uploads\/sites\/3\/2025\/03\/Print-Wave-logo-2025.png","type":"image\/png"}],"twitter_card":"summary_large_image","schema":{"@context":"https:\/\/schema.org","@graph":[{"@type":"WebPage","@id":"https:\/\/printwave.pl\/de\/produkt\/ladies-authentic-zipped-hood\/","url":"https:\/\/printwave.pl\/de\/produkt\/ladies-authentic-zipped-hood\/","name":"Ladies' Authentic Zipped Hood | Printwave DE","isPartOf":{"@id":"https:\/\/printwave.pl\/de\/#website"},"primaryImageOfPage":{"@id":"https:\/\/printwave.pl\/de\/produkt\/ladies-authentic-zipped-hood\/#primaryimage"},"image":{"@id":"https:\/\/printwave.pl\/de\/produkt\/ladies-authentic-zipped-hood\/#primaryimage"},"thumbnailUrl":"https:\/\/printwave.pl\/de\/wp-content\/uploads\/sites\/3\/2025\/01\/283_00_306_m-2023_01.jpg","datePublished":"2025-01-21T22:07:52+00:00","dateModified":"2026-02-20T05:57:37+00:00","breadcrumb":{"@id":"https:\/\/printwave.pl\/de\/produkt\/ladies-authentic-zipped-hood\/#breadcrumb"},"inLanguage":"de","potentialAction":[{"@type":"ReadAction","target":["https:\/\/printwave.pl\/de\/produkt\/ladies-authentic-zipped-hood\/"]}]},{"@type":"ImageObject","inLanguage":"de","@id":"https:\/\/printwave.pl\/de\/produkt\/ladies-authentic-zipped-hood\/#primaryimage","url":"https:\/\/printwave.pl\/de\/wp-content\/uploads\/sites\/3\/2025\/01\/283_00_306_m-2023_01.jpg","contentUrl":"https:\/\/printwave.pl\/de\/wp-content\/uploads\/sites\/3\/2025\/01\/283_00_306_m-2023_01.jpg","width":1024,"height":1304},{"@type":"BreadcrumbList","@id":"https:\/\/printwave.pl\/de\/produkt\/ladies-authentic-zipped-hood\/#breadcrumb","itemListElement":[{"@type":"ListItem","position":1,"name":"Strona g\u0142\u00f3wna","item":"https:\/\/printwave.pl\/de\/"},{"@type":"ListItem","position":2,"name":"Shop","item":"https:\/\/printwave.pl\/de\/shop\/"},{"@type":"ListItem","position":3,"name":"Ladies&#8216; Authentic Zipped Hood"}]},{"@type":"WebSite","@id":"https:\/\/printwave.pl\/de\/#website","url":"https:\/\/printwave.pl\/de\/","name":"Printwave DE","description":"","potentialAction":[{"@type":"SearchAction","target":{"@type":"EntryPoint","urlTemplate":"https:\/\/printwave.pl\/de\/?s={search_term_string}"},"query-input":{"@type":"PropertyValueSpecification","valueRequired":true,"valueName":"search_term_string"}}],"inLanguage":"de"}]}},"_links":{"self":[{"href":"https:\/\/printwave.pl\/de\/wp-json\/wp\/v2\/product\/414130","targetHints":{"allow":["GET"]}}],"collection":[{"href":"https:\/\/printwave.pl\/de\/wp-json\/wp\/v2\/product"}],"about":[{"href":"https:\/\/printwave.pl\/de\/wp-json\/wp\/v2\/types\/product"}],"replies":[{"embeddable":true,"href":"https:\/\/printwave.pl\/de\/wp-json\/wp\/v2\/comments?post=414130"}],"wp:featuredmedia":[{"embeddable":true,"href":"https:\/\/printwave.pl\/de\/wp-json\/wp\/v2\/media\/414122"}],"wp:attachment":[{"href":"https:\/\/printwave.pl\/de\/wp-json\/wp\/v2\/media?parent=414130"}],"wp:term":[{"taxonomy":"product_brand","embeddable":true,"href":"https:\/\/printwave.pl\/de\/wp-json\/wp\/v2\/product_brand?post=414130"},{"taxonomy":"product_cat","embeddable":true,"href":"https:\/\/printwave.pl\/de\/wp-json\/wp\/v2\/product_cat?post=414130"},{"taxonomy":"product_tag","embeddable":true,"href":"https:\/\/printwave.pl\/de\/wp-json\/wp\/v2\/product_tag?post=414130"}],"curies":[{"name":"wp","href":"https:\/\/api.w.org\/{rel}","templated":true}]}}