{"id":404378,"date":"2025-01-21T17:42:17","date_gmt":"2025-01-21T16:42:17","guid":{"rendered":"https:\/\/printwave.pl\/de\/produkt\/childrens-core-winter-parka\/"},"modified":"2026-02-20T06:26:34","modified_gmt":"2026-02-20T05:26:34","slug":"childrens-core-winter-parka","status":"publish","type":"product","link":"https:\/\/printwave.pl\/de\/produkt\/childrens-core-winter-parka\/","title":{"rendered":"Children&#8217;s Core Winter Parka"},"content":{"rendered":"<p>\u00b7Au\u00dfen: 100% Polyester (Pongee)<br \/>\n\u00b7Wattierung: 160 g\/m\u00b2, 100% Polyester (gesteppt)<br \/>\n\u00b7Futter: 100% Polyester<br \/>\n\u00b7Wind- und wasserdicht (6.000 mm)<br \/>\n\u00b73-teilige Kapuze im Kragen mit eingen\u00e4htem Gummi an den Seiten<br \/>\n\u00b7Schwerer Full Zip mit Windschutzleiste und Klettverschluss<br \/>\n\u00b72 Seitentaschen mit Windschutzleiste und warmen Fleece-Futter<br \/>\n\u00b7Namensschild in linker Innentasche<br \/>\n\u00b7Reflektierende Streifen hinten \u00fcber Bund und an den \u00c4rmelb\u00fcndchen<br \/>\n\u00b7Verstellbarer Kordelzug im Bund (EN14682 entsprechend)<br \/>\n\u00b7Veredelungszugang am Saum und im linken Brustbereich<br \/>\n\u00b7Geeignet f\u00fcr Stick, Direktdruck, Digitaler Transferdruck<\/p>\n","protected":false},"excerpt":{"rendered":"<p>\u00b7Au\u00dfen: 100% Polyester (Pongee) \u00b7Wattierung: 160 g\/m\u00b2, 100% Polyester (gesteppt) \u00b7Futter: 100% Polyester \u00b7Wind- und wasserdicht (6.000 mm) \u00b73-teilige Kapuze<\/p>\n","protected":false},"featured_media":404376,"comment_status":"open","ping_status":"closed","template":"","meta":[],"product_brand":[],"product_cat":[2292,2291],"product_tag":[2294,2295,2296,2297,2303,2304,2305,2306,2952],"class_list":{"0":"post-404378","1":"product","2":"type-product","3":"status-publish","4":"has-post-thumbnail","6":"product_cat-jacken","7":"product_cat-kinderbekleidung","8":"product_tag-kapuze","9":"product_tag-langarm","10":"product_tag-langaermelig","11":"product_tag-oberbekleidung","12":"product_tag-stehkragen","13":"product_tag-wasserabweisend","14":"product_tag-wasserdicht","15":"product_tag-winddicht","16":"product_tag-winterjacken","17":"pa_brand-result-core","18":"pa_color-black","19":"pa_color-bottle-green","20":"pa_color-burgundy","21":"pa_color-navy","22":"pa_color-red","23":"pa_color-royal","24":"pa_details-xs","25":"pa_details-full-zip","26":"pa_details-seitentaschen","27":"pa_details-warme-jacken","28":"pa_fabric-polyester","29":"pa_gender-kinder","30":"pa_product-group-full-zip","31":"pa_product-group-jacken","32":"pa_product-group-veredelungszugang","33":"pa_size-2xl-13-14-164","34":"pa_size-l-9-10-140","35":"pa_size-m-7-8-128","36":"pa_size-s-5-6-116","37":"pa_size-xl-11-12-152","38":"pa_size-xs-3-4-104","39":"pa_stil-nummer-6257","40":"pa_weight-140-169-g-m","42":"first","43":"instock","44":"taxable","45":"shipping-taxable","46":"purchasable","47":"product-type-variable"},"yoast_head":"<!-- This site is optimized with the Yoast SEO Premium plugin v20.9 (Yoast SEO v26.3) - https:\/\/yoast.com\/wordpress\/plugins\/seo\/ -->\n<title>Children&#039;s Core Winter Parka | Printwave DE<\/title>\n<meta name=\"robots\" content=\"index, follow, max-snippet:-1, max-image-preview:large, max-video-preview:-1\" \/>\n<link rel=\"canonical\" href=\"https:\/\/printwave.pl\/de\/produkt\/childrens-core-winter-parka\/\" \/>\n<meta property=\"og:locale\" content=\"de_DE\" \/>\n<meta property=\"og:type\" content=\"article\" \/>\n<meta property=\"og:title\" content=\"Children&#039;s Core Winter Parka\" \/>\n<meta property=\"og:description\" content=\"\u00b7Au\u00dfen: 100% Polyester (Pongee) \u00b7Wattierung: 160 g\/m\u00b2, 100% Polyester (gesteppt) \u00b7Futter: 100% Polyester \u00b7Wind- und wasserdicht (6.000 mm) \u00b73-teilige Kapuze\" \/>\n<meta property=\"og:url\" content=\"https:\/\/printwave.pl\/de\/produkt\/childrens-core-winter-parka\/\" \/>\n<meta property=\"og:site_name\" content=\"Printwave DE\" \/>\n<meta property=\"article:modified_time\" content=\"2026-02-20T05:26:34+00:00\" \/>\n<meta property=\"og:image\" content=\"https:\/\/printwave.pl\/de\/wp-content\/uploads\/sites\/3\/2025\/01\/415_33_200_m-2015_01.jpg\" \/>\n\t<meta property=\"og:image:width\" content=\"1024\" \/>\n\t<meta property=\"og:image:height\" content=\"1304\" \/>\n\t<meta property=\"og:image:type\" content=\"image\/jpeg\" \/>\n<meta name=\"twitter:card\" content=\"summary_large_image\" \/>\n<script type=\"application\/ld+json\" class=\"yoast-schema-graph\">{\"@context\":\"https:\/\/schema.org\",\"@graph\":[{\"@type\":\"WebPage\",\"@id\":\"https:\/\/printwave.pl\/de\/produkt\/childrens-core-winter-parka\/\",\"url\":\"https:\/\/printwave.pl\/de\/produkt\/childrens-core-winter-parka\/\",\"name\":\"Children's Core Winter Parka | Printwave DE\",\"isPartOf\":{\"@id\":\"https:\/\/printwave.pl\/de\/#website\"},\"primaryImageOfPage\":{\"@id\":\"https:\/\/printwave.pl\/de\/produkt\/childrens-core-winter-parka\/#primaryimage\"},\"image\":{\"@id\":\"https:\/\/printwave.pl\/de\/produkt\/childrens-core-winter-parka\/#primaryimage\"},\"thumbnailUrl\":\"https:\/\/printwave.pl\/de\/wp-content\/uploads\/sites\/3\/2025\/01\/415_33_200_m-2015_01.jpg\",\"datePublished\":\"2025-01-21T16:42:17+00:00\",\"dateModified\":\"2026-02-20T05:26:34+00:00\",\"breadcrumb\":{\"@id\":\"https:\/\/printwave.pl\/de\/produkt\/childrens-core-winter-parka\/#breadcrumb\"},\"inLanguage\":\"de\",\"potentialAction\":[{\"@type\":\"ReadAction\",\"target\":[\"https:\/\/printwave.pl\/de\/produkt\/childrens-core-winter-parka\/\"]}]},{\"@type\":\"ImageObject\",\"inLanguage\":\"de\",\"@id\":\"https:\/\/printwave.pl\/de\/produkt\/childrens-core-winter-parka\/#primaryimage\",\"url\":\"https:\/\/printwave.pl\/de\/wp-content\/uploads\/sites\/3\/2025\/01\/415_33_200_m-2015_01.jpg\",\"contentUrl\":\"https:\/\/printwave.pl\/de\/wp-content\/uploads\/sites\/3\/2025\/01\/415_33_200_m-2015_01.jpg\",\"width\":1024,\"height\":1304},{\"@type\":\"BreadcrumbList\",\"@id\":\"https:\/\/printwave.pl\/de\/produkt\/childrens-core-winter-parka\/#breadcrumb\",\"itemListElement\":[{\"@type\":\"ListItem\",\"position\":1,\"name\":\"Strona g\u0142\u00f3wna\",\"item\":\"https:\/\/printwave.pl\/de\/\"},{\"@type\":\"ListItem\",\"position\":2,\"name\":\"Shop\",\"item\":\"https:\/\/printwave.pl\/de\/shop\/\"},{\"@type\":\"ListItem\",\"position\":3,\"name\":\"Children&#8217;s Core Winter Parka\"}]},{\"@type\":\"WebSite\",\"@id\":\"https:\/\/printwave.pl\/de\/#website\",\"url\":\"https:\/\/printwave.pl\/de\/\",\"name\":\"Printwave DE\",\"description\":\"\",\"potentialAction\":[{\"@type\":\"SearchAction\",\"target\":{\"@type\":\"EntryPoint\",\"urlTemplate\":\"https:\/\/printwave.pl\/de\/?s={search_term_string}\"},\"query-input\":{\"@type\":\"PropertyValueSpecification\",\"valueRequired\":true,\"valueName\":\"search_term_string\"}}],\"inLanguage\":\"de\"}]}<\/script>\n<!-- \/ Yoast SEO Premium plugin. -->","yoast_head_json":{"title":"Children's Core Winter Parka | Printwave DE","robots":{"index":"index","follow":"follow","max-snippet":"max-snippet:-1","max-image-preview":"max-image-preview:large","max-video-preview":"max-video-preview:-1"},"canonical":"https:\/\/printwave.pl\/de\/produkt\/childrens-core-winter-parka\/","og_locale":"de_DE","og_type":"article","og_title":"Children's Core Winter Parka","og_description":"\u00b7Au\u00dfen: 100% Polyester (Pongee) \u00b7Wattierung: 160 g\/m\u00b2, 100% Polyester (gesteppt) \u00b7Futter: 100% Polyester \u00b7Wind- und wasserdicht (6.000 mm) \u00b73-teilige Kapuze","og_url":"https:\/\/printwave.pl\/de\/produkt\/childrens-core-winter-parka\/","og_site_name":"Printwave DE","article_modified_time":"2026-02-20T05:26:34+00:00","og_image":[{"width":1024,"height":1304,"url":"https:\/\/printwave.pl\/de\/wp-content\/uploads\/sites\/3\/2025\/01\/415_33_200_m-2015_01.jpg","type":"image\/jpeg"}],"twitter_card":"summary_large_image","schema":{"@context":"https:\/\/schema.org","@graph":[{"@type":"WebPage","@id":"https:\/\/printwave.pl\/de\/produkt\/childrens-core-winter-parka\/","url":"https:\/\/printwave.pl\/de\/produkt\/childrens-core-winter-parka\/","name":"Children's Core Winter Parka | Printwave DE","isPartOf":{"@id":"https:\/\/printwave.pl\/de\/#website"},"primaryImageOfPage":{"@id":"https:\/\/printwave.pl\/de\/produkt\/childrens-core-winter-parka\/#primaryimage"},"image":{"@id":"https:\/\/printwave.pl\/de\/produkt\/childrens-core-winter-parka\/#primaryimage"},"thumbnailUrl":"https:\/\/printwave.pl\/de\/wp-content\/uploads\/sites\/3\/2025\/01\/415_33_200_m-2015_01.jpg","datePublished":"2025-01-21T16:42:17+00:00","dateModified":"2026-02-20T05:26:34+00:00","breadcrumb":{"@id":"https:\/\/printwave.pl\/de\/produkt\/childrens-core-winter-parka\/#breadcrumb"},"inLanguage":"de","potentialAction":[{"@type":"ReadAction","target":["https:\/\/printwave.pl\/de\/produkt\/childrens-core-winter-parka\/"]}]},{"@type":"ImageObject","inLanguage":"de","@id":"https:\/\/printwave.pl\/de\/produkt\/childrens-core-winter-parka\/#primaryimage","url":"https:\/\/printwave.pl\/de\/wp-content\/uploads\/sites\/3\/2025\/01\/415_33_200_m-2015_01.jpg","contentUrl":"https:\/\/printwave.pl\/de\/wp-content\/uploads\/sites\/3\/2025\/01\/415_33_200_m-2015_01.jpg","width":1024,"height":1304},{"@type":"BreadcrumbList","@id":"https:\/\/printwave.pl\/de\/produkt\/childrens-core-winter-parka\/#breadcrumb","itemListElement":[{"@type":"ListItem","position":1,"name":"Strona g\u0142\u00f3wna","item":"https:\/\/printwave.pl\/de\/"},{"@type":"ListItem","position":2,"name":"Shop","item":"https:\/\/printwave.pl\/de\/shop\/"},{"@type":"ListItem","position":3,"name":"Children&#8217;s Core Winter Parka"}]},{"@type":"WebSite","@id":"https:\/\/printwave.pl\/de\/#website","url":"https:\/\/printwave.pl\/de\/","name":"Printwave DE","description":"","potentialAction":[{"@type":"SearchAction","target":{"@type":"EntryPoint","urlTemplate":"https:\/\/printwave.pl\/de\/?s={search_term_string}"},"query-input":{"@type":"PropertyValueSpecification","valueRequired":true,"valueName":"search_term_string"}}],"inLanguage":"de"}]}},"_links":{"self":[{"href":"https:\/\/printwave.pl\/de\/wp-json\/wp\/v2\/product\/404378","targetHints":{"allow":["GET"]}}],"collection":[{"href":"https:\/\/printwave.pl\/de\/wp-json\/wp\/v2\/product"}],"about":[{"href":"https:\/\/printwave.pl\/de\/wp-json\/wp\/v2\/types\/product"}],"replies":[{"embeddable":true,"href":"https:\/\/printwave.pl\/de\/wp-json\/wp\/v2\/comments?post=404378"}],"wp:featuredmedia":[{"embeddable":true,"href":"https:\/\/printwave.pl\/de\/wp-json\/wp\/v2\/media\/404376"}],"wp:attachment":[{"href":"https:\/\/printwave.pl\/de\/wp-json\/wp\/v2\/media?parent=404378"}],"wp:term":[{"taxonomy":"product_brand","embeddable":true,"href":"https:\/\/printwave.pl\/de\/wp-json\/wp\/v2\/product_brand?post=404378"},{"taxonomy":"product_cat","embeddable":true,"href":"https:\/\/printwave.pl\/de\/wp-json\/wp\/v2\/product_cat?post=404378"},{"taxonomy":"product_tag","embeddable":true,"href":"https:\/\/printwave.pl\/de\/wp-json\/wp\/v2\/product_tag?post=404378"}],"curies":[{"name":"wp","href":"https:\/\/api.w.org\/{rel}","templated":true}]}}