{"id":403427,"date":"2025-01-21T17:12:14","date_gmt":"2025-01-21T16:12:14","guid":{"rendered":"https:\/\/printwave.pl\/de\/produkt\/safety-hi-vis-vest\/"},"modified":"2026-02-20T06:24:18","modified_gmt":"2026-02-20T05:24:18","slug":"safety-hi-vis-vest","status":"publish","type":"product","link":"https:\/\/printwave.pl\/de\/produkt\/safety-hi-vis-vest\/","title":{"rendered":"Safety Hi-Vis Vest"},"content":{"rendered":"<p>\u00b7150 g\/m\u00b2<br \/>\n\u00b7100% Polyester<br \/>\n\u00b7EN ISO 20471:2013, Klasse 2<br \/>\n\u00b7Eingefasste R\u00e4nder in Grey<br \/>\n\u00b7Vorne mit Klettverschluss<br \/>\n\u00b7Gro\u00dfz\u00fcgige Passform f\u00fcr das Tragen \u00fcber der Tagesbekleidung<br \/>\n\u00b750 mm breite Reflektionsstreifen (3M\u2122Scotchlite\u2122).<\/p>\n","protected":false},"excerpt":{"rendered":"<p>\u00b7150 g\/m\u00b2 \u00b7100% Polyester \u00b7EN ISO 20471:2013, Klasse 2 \u00b7Eingefasste R\u00e4nder in Grey \u00b7Vorne mit Klettverschluss \u00b7Gro\u00dfz\u00fcgige Passform f\u00fcr das<\/p>\n","protected":false},"featured_media":403424,"comment_status":"open","ping_status":"closed","template":"","meta":[],"product_brand":[],"product_cat":[3054,4192],"product_tag":[2293,2436,2437,2725,2842,2844,3075,2681,2297,2298,3076,2342,2733,2915,2442],"class_list":{"0":"post-403427","1":"product","2":"type-product","3":"status-publish","4":"has-post-thumbnail","6":"product_cat-arbeitsbekleidung","7":"product_cat-sicherheitsbekleidung","8":"product_tag-3m","9":"product_tag-arbeitsbekleidung","10":"product_tag-arbeitskleidung","11":"product_tag-aermellos","12":"product_tag-fluoreszierende-bekleidung","13":"product_tag-fluoreszierende-kleidung","14":"product_tag-fluoreszierende-westen","15":"product_tag-hi-vis","16":"product_tag-oberbekleidung","17":"product_tag-reflexpaspeln","18":"product_tag-sicherheitswesten","19":"product_tag-unisex","20":"product_tag-v-ausschnitt","21":"product_tag-westen","22":"product_tag-workwear","23":"pa_brand-result-safe-guard","24":"pa_color-fluorescent-orange","25":"pa_color-fluorescent-yellow","26":"pa_fabric-polyester","27":"pa_gender-unisex","28":"pa_product-group-fluoreszierende-kleidung","29":"pa_product-group-sicherheitswesten","30":"pa_product-group-warnweste","31":"pa_product-group-workwear","32":"pa_size-2xl","33":"pa_size-3xl","34":"pa_size-l-xl","35":"pa_size-s-m","36":"pa_sleeve-aermellos","37":"pa_stil-nummer-6234","39":"first","40":"instock","41":"taxable","42":"shipping-taxable","43":"purchasable","44":"product-type-variable"},"yoast_head":"<!-- This site is optimized with the Yoast SEO Premium plugin v20.9 (Yoast SEO v26.3) - https:\/\/yoast.com\/wordpress\/plugins\/seo\/ -->\n<title>Safety Hi-Vis Vest | Printwave DE<\/title>\n<meta name=\"robots\" content=\"index, follow, max-snippet:-1, max-image-preview:large, max-video-preview:-1\" \/>\n<link rel=\"canonical\" href=\"https:\/\/printwave.pl\/de\/produkt\/safety-hi-vis-vest\/\" \/>\n<meta property=\"og:locale\" content=\"de_DE\" \/>\n<meta property=\"og:type\" content=\"article\" \/>\n<meta property=\"og:title\" content=\"Safety Hi-Vis Vest\" \/>\n<meta property=\"og:description\" content=\"\u00b7150 g\/m\u00b2 \u00b7100% Polyester \u00b7EN ISO 20471:2013, Klasse 2 \u00b7Eingefasste R\u00e4nder in Grey \u00b7Vorne mit Klettverschluss \u00b7Gro\u00dfz\u00fcgige Passform f\u00fcr das\" \/>\n<meta property=\"og:url\" content=\"https:\/\/printwave.pl\/de\/produkt\/safety-hi-vis-vest\/\" \/>\n<meta property=\"og:site_name\" content=\"Printwave DE\" \/>\n<meta property=\"article:modified_time\" content=\"2026-02-20T05:24:18+00:00\" \/>\n<meta property=\"og:image\" content=\"https:\/\/printwave.pl\/de\/wp-content\/uploads\/sites\/3\/2025\/03\/Print-Wave-logo-2025.png\" \/>\n\t<meta property=\"og:image:width\" content=\"1645\" \/>\n\t<meta property=\"og:image:height\" content=\"297\" \/>\n\t<meta property=\"og:image:type\" content=\"image\/png\" \/>\n<meta name=\"twitter:card\" content=\"summary_large_image\" \/>\n<script type=\"application\/ld+json\" class=\"yoast-schema-graph\">{\"@context\":\"https:\/\/schema.org\",\"@graph\":[{\"@type\":\"WebPage\",\"@id\":\"https:\/\/printwave.pl\/de\/produkt\/safety-hi-vis-vest\/\",\"url\":\"https:\/\/printwave.pl\/de\/produkt\/safety-hi-vis-vest\/\",\"name\":\"Safety Hi-Vis Vest | Printwave DE\",\"isPartOf\":{\"@id\":\"https:\/\/printwave.pl\/de\/#website\"},\"primaryImageOfPage\":{\"@id\":\"https:\/\/printwave.pl\/de\/produkt\/safety-hi-vis-vest\/#primaryimage\"},\"image\":{\"@id\":\"https:\/\/printwave.pl\/de\/produkt\/safety-hi-vis-vest\/#primaryimage\"},\"thumbnailUrl\":\"https:\/\/printwave.pl\/de\/wp-content\/uploads\/sites\/3\/2025\/01\/421_33_405_m-2011_01.jpg\",\"datePublished\":\"2025-01-21T16:12:14+00:00\",\"dateModified\":\"2026-02-20T05:24:18+00:00\",\"breadcrumb\":{\"@id\":\"https:\/\/printwave.pl\/de\/produkt\/safety-hi-vis-vest\/#breadcrumb\"},\"inLanguage\":\"de\",\"potentialAction\":[{\"@type\":\"ReadAction\",\"target\":[\"https:\/\/printwave.pl\/de\/produkt\/safety-hi-vis-vest\/\"]}]},{\"@type\":\"ImageObject\",\"inLanguage\":\"de\",\"@id\":\"https:\/\/printwave.pl\/de\/produkt\/safety-hi-vis-vest\/#primaryimage\",\"url\":\"https:\/\/printwave.pl\/de\/wp-content\/uploads\/sites\/3\/2025\/01\/421_33_405_m-2011_01.jpg\",\"contentUrl\":\"https:\/\/printwave.pl\/de\/wp-content\/uploads\/sites\/3\/2025\/01\/421_33_405_m-2011_01.jpg\",\"width\":1024,\"height\":1304},{\"@type\":\"BreadcrumbList\",\"@id\":\"https:\/\/printwave.pl\/de\/produkt\/safety-hi-vis-vest\/#breadcrumb\",\"itemListElement\":[{\"@type\":\"ListItem\",\"position\":1,\"name\":\"Strona g\u0142\u00f3wna\",\"item\":\"https:\/\/printwave.pl\/de\/\"},{\"@type\":\"ListItem\",\"position\":2,\"name\":\"Shop\",\"item\":\"https:\/\/printwave.pl\/de\/shop\/\"},{\"@type\":\"ListItem\",\"position\":3,\"name\":\"Safety Hi-Vis Vest\"}]},{\"@type\":\"WebSite\",\"@id\":\"https:\/\/printwave.pl\/de\/#website\",\"url\":\"https:\/\/printwave.pl\/de\/\",\"name\":\"Printwave DE\",\"description\":\"\",\"potentialAction\":[{\"@type\":\"SearchAction\",\"target\":{\"@type\":\"EntryPoint\",\"urlTemplate\":\"https:\/\/printwave.pl\/de\/?s={search_term_string}\"},\"query-input\":{\"@type\":\"PropertyValueSpecification\",\"valueRequired\":true,\"valueName\":\"search_term_string\"}}],\"inLanguage\":\"de\"}]}<\/script>\n<!-- \/ Yoast SEO Premium plugin. -->","yoast_head_json":{"title":"Safety Hi-Vis Vest | Printwave DE","robots":{"index":"index","follow":"follow","max-snippet":"max-snippet:-1","max-image-preview":"max-image-preview:large","max-video-preview":"max-video-preview:-1"},"canonical":"https:\/\/printwave.pl\/de\/produkt\/safety-hi-vis-vest\/","og_locale":"de_DE","og_type":"article","og_title":"Safety Hi-Vis Vest","og_description":"\u00b7150 g\/m\u00b2 \u00b7100% Polyester \u00b7EN ISO 20471:2013, Klasse 2 \u00b7Eingefasste R\u00e4nder in Grey \u00b7Vorne mit Klettverschluss \u00b7Gro\u00dfz\u00fcgige Passform f\u00fcr das","og_url":"https:\/\/printwave.pl\/de\/produkt\/safety-hi-vis-vest\/","og_site_name":"Printwave DE","article_modified_time":"2026-02-20T05:24:18+00:00","og_image":[{"width":1645,"height":297,"url":"https:\/\/printwave.pl\/de\/wp-content\/uploads\/sites\/3\/2025\/03\/Print-Wave-logo-2025.png","type":"image\/png"}],"twitter_card":"summary_large_image","schema":{"@context":"https:\/\/schema.org","@graph":[{"@type":"WebPage","@id":"https:\/\/printwave.pl\/de\/produkt\/safety-hi-vis-vest\/","url":"https:\/\/printwave.pl\/de\/produkt\/safety-hi-vis-vest\/","name":"Safety Hi-Vis Vest | Printwave DE","isPartOf":{"@id":"https:\/\/printwave.pl\/de\/#website"},"primaryImageOfPage":{"@id":"https:\/\/printwave.pl\/de\/produkt\/safety-hi-vis-vest\/#primaryimage"},"image":{"@id":"https:\/\/printwave.pl\/de\/produkt\/safety-hi-vis-vest\/#primaryimage"},"thumbnailUrl":"https:\/\/printwave.pl\/de\/wp-content\/uploads\/sites\/3\/2025\/01\/421_33_405_m-2011_01.jpg","datePublished":"2025-01-21T16:12:14+00:00","dateModified":"2026-02-20T05:24:18+00:00","breadcrumb":{"@id":"https:\/\/printwave.pl\/de\/produkt\/safety-hi-vis-vest\/#breadcrumb"},"inLanguage":"de","potentialAction":[{"@type":"ReadAction","target":["https:\/\/printwave.pl\/de\/produkt\/safety-hi-vis-vest\/"]}]},{"@type":"ImageObject","inLanguage":"de","@id":"https:\/\/printwave.pl\/de\/produkt\/safety-hi-vis-vest\/#primaryimage","url":"https:\/\/printwave.pl\/de\/wp-content\/uploads\/sites\/3\/2025\/01\/421_33_405_m-2011_01.jpg","contentUrl":"https:\/\/printwave.pl\/de\/wp-content\/uploads\/sites\/3\/2025\/01\/421_33_405_m-2011_01.jpg","width":1024,"height":1304},{"@type":"BreadcrumbList","@id":"https:\/\/printwave.pl\/de\/produkt\/safety-hi-vis-vest\/#breadcrumb","itemListElement":[{"@type":"ListItem","position":1,"name":"Strona g\u0142\u00f3wna","item":"https:\/\/printwave.pl\/de\/"},{"@type":"ListItem","position":2,"name":"Shop","item":"https:\/\/printwave.pl\/de\/shop\/"},{"@type":"ListItem","position":3,"name":"Safety Hi-Vis Vest"}]},{"@type":"WebSite","@id":"https:\/\/printwave.pl\/de\/#website","url":"https:\/\/printwave.pl\/de\/","name":"Printwave DE","description":"","potentialAction":[{"@type":"SearchAction","target":{"@type":"EntryPoint","urlTemplate":"https:\/\/printwave.pl\/de\/?s={search_term_string}"},"query-input":{"@type":"PropertyValueSpecification","valueRequired":true,"valueName":"search_term_string"}}],"inLanguage":"de"}]}},"_links":{"self":[{"href":"https:\/\/printwave.pl\/de\/wp-json\/wp\/v2\/product\/403427","targetHints":{"allow":["GET"]}}],"collection":[{"href":"https:\/\/printwave.pl\/de\/wp-json\/wp\/v2\/product"}],"about":[{"href":"https:\/\/printwave.pl\/de\/wp-json\/wp\/v2\/types\/product"}],"replies":[{"embeddable":true,"href":"https:\/\/printwave.pl\/de\/wp-json\/wp\/v2\/comments?post=403427"}],"wp:featuredmedia":[{"embeddable":true,"href":"https:\/\/printwave.pl\/de\/wp-json\/wp\/v2\/media\/403424"}],"wp:attachment":[{"href":"https:\/\/printwave.pl\/de\/wp-json\/wp\/v2\/media?parent=403427"}],"wp:term":[{"taxonomy":"product_brand","embeddable":true,"href":"https:\/\/printwave.pl\/de\/wp-json\/wp\/v2\/product_brand?post=403427"},{"taxonomy":"product_cat","embeddable":true,"href":"https:\/\/printwave.pl\/de\/wp-json\/wp\/v2\/product_cat?post=403427"},{"taxonomy":"product_tag","embeddable":true,"href":"https:\/\/printwave.pl\/de\/wp-json\/wp\/v2\/product_tag?post=403427"}],"curies":[{"name":"wp","href":"https:\/\/api.w.org\/{rel}","templated":true}]}}