{"id":400245,"date":"2025-01-21T15:34:09","date_gmt":"2025-01-21T14:34:09","guid":{"rendered":"https:\/\/printwave.pl\/de\/produkt\/womens-ranger3-in-1\/"},"modified":"2026-02-20T06:17:06","modified_gmt":"2026-02-20T05:17:06","slug":"womens-ranger3-in-1","status":"publish","type":"product","link":"https:\/\/printwave.pl\/de\/produkt\/womens-ranger3-in-1\/","title":{"rendered":"Women&#8217;s Ranger3-in-1"},"content":{"rendered":"<p>\u00b7Au\u00dfen: 165 g\/m\u00b2, 100% Nylon (Oxford)<br \/>\n\u00b7Innen: 280 g\/m\u00b2, 100% Polyester (Polarfleece mit Taffeta Futter)<br \/>\n\u00b7Herausnehmbares Innenfutter<br \/>\n\u00b7W\u00e4rme reflektierendes Netzinnenfutter<br \/>\n\u00b7Abnehmbare, verstellbare Kapuze<br \/>\n\u00b7Full Zip mit Windschutzblende innen<br \/>\n\u00b72 Seitentaschen mit Zip, \u00c4rmeltasche mit Zip, Au\u00dfentasche f\u00fcr MP3-Player<br \/>\n\u00b7Handw\u00e4rmtaschen aus geb\u00fcrstetem Trikotstoff<br \/>\n\u00b7Verstellbare \u00c4rmelb\u00fcndchen und Bund<br \/>\n\u00b7Versiegelte N\u00e4hte<br \/>\n\u00b7Wasserdicht (2.000 mm)<br \/>\n\u00b7Atmungsaktiv (1.000 g\/qm in 24h)<br \/>\n\u00b7Veredelungszugang.<\/p>\n","protected":false},"excerpt":{"rendered":"<p>\u00b7Au\u00dfen: 165 g\/m\u00b2, 100% Nylon (Oxford) \u00b7Innen: 280 g\/m\u00b2, 100% Polyester (Polarfleece mit Taffeta Futter) \u00b7Herausnehmbares Innenfutter \u00b7W\u00e4rme reflektierendes Netzinnenfutter<\/p>\n","protected":false},"featured_media":400242,"comment_status":"open","ping_status":"closed","template":"","meta":[],"product_brand":[],"product_cat":[2292],"product_tag":[3020,3019,2913,2793,2964,2963,2294,2295,2296,2297,2299,2301,2302,3757,3758,3759,2509,2510,2303,3760],"class_list":{"0":"post-400245","1":"product","2":"type-product","3":"status-publish","4":"has-post-thumbnail","6":"product_cat-jacken","7":"product_tag-3-in-1-jacken","8":"product_tag-3in1-jacken","9":"product_tag-atmungsaktive-jacken","10":"product_tag-brusttasche","11":"product_tag-fleece-jacken","12":"product_tag-fleecejacken","13":"product_tag-kapuze","14":"product_tag-langarm","15":"product_tag-langaermelig","16":"product_tag-oberbekleidung","17":"product_tag-regenbekleidung","18":"product_tag-regenjacken","19":"product_tag-regenkleidung","20":"product_tag-skibekleidung","21":"product_tag-skijacken","22":"product_tag-skikleidung","23":"product_tag-sportbekleidung","24":"product_tag-sportkleidung","25":"product_tag-stehkragen","26":"product_tag-wasserab","27":"pa_brand-stormtech","28":"pa_certificates-bsci","29":"pa_certificates-wrap","30":"pa_color-black","31":"pa_details-full-zip","32":"pa_details-seitentaschen-mit-zip","33":"pa_fabric-nylon","34":"pa_gender-damen","35":"pa_product-group-jacken","36":"pa_product-group-veredelungszugang","37":"pa_size-l","38":"pa_size-s","39":"pa_sleeve-langaermelig","40":"pa_stil-nummer-6159","42":"first","43":"outofstock","44":"taxable","45":"shipping-taxable","46":"purchasable","47":"product-type-variable"},"yoast_head":"<!-- This site is optimized with the Yoast SEO Premium plugin v20.9 (Yoast SEO v26.3) - https:\/\/yoast.com\/wordpress\/plugins\/seo\/ -->\n<title>Women&#039;s Ranger3-in-1 | Printwave DE<\/title>\n<meta name=\"robots\" content=\"index, follow, max-snippet:-1, max-image-preview:large, max-video-preview:-1\" \/>\n<link rel=\"canonical\" href=\"https:\/\/printwave.pl\/de\/produkt\/womens-ranger3-in-1\/\" \/>\n<meta property=\"og:locale\" content=\"de_DE\" \/>\n<meta property=\"og:type\" content=\"article\" \/>\n<meta property=\"og:title\" content=\"Women&#039;s Ranger3-in-1\" \/>\n<meta property=\"og:description\" content=\"\u00b7Au\u00dfen: 165 g\/m\u00b2, 100% Nylon (Oxford) \u00b7Innen: 280 g\/m\u00b2, 100% Polyester (Polarfleece mit Taffeta Futter) \u00b7Herausnehmbares Innenfutter \u00b7W\u00e4rme reflektierendes Netzinnenfutter\" \/>\n<meta property=\"og:url\" content=\"https:\/\/printwave.pl\/de\/produkt\/womens-ranger3-in-1\/\" \/>\n<meta property=\"og:site_name\" content=\"Printwave DE\" \/>\n<meta property=\"article:modified_time\" content=\"2026-02-20T05:17:06+00:00\" \/>\n<meta property=\"og:image\" content=\"https:\/\/printwave.pl\/de\/wp-content\/uploads\/sites\/3\/2025\/03\/Print-Wave-logo-2025.png\" \/>\n\t<meta property=\"og:image:width\" content=\"1645\" \/>\n\t<meta property=\"og:image:height\" content=\"297\" \/>\n\t<meta property=\"og:image:type\" content=\"image\/png\" \/>\n<meta name=\"twitter:card\" content=\"summary_large_image\" \/>\n<script type=\"application\/ld+json\" class=\"yoast-schema-graph\">{\"@context\":\"https:\/\/schema.org\",\"@graph\":[{\"@type\":\"WebPage\",\"@id\":\"https:\/\/printwave.pl\/de\/produkt\/womens-ranger3-in-1\/\",\"url\":\"https:\/\/printwave.pl\/de\/produkt\/womens-ranger3-in-1\/\",\"name\":\"Women's Ranger3-in-1 | Printwave DE\",\"isPartOf\":{\"@id\":\"https:\/\/printwave.pl\/de\/#website\"},\"primaryImageOfPage\":{\"@id\":\"https:\/\/printwave.pl\/de\/produkt\/womens-ranger3-in-1\/#primaryimage\"},\"image\":{\"@id\":\"https:\/\/printwave.pl\/de\/produkt\/womens-ranger3-in-1\/#primaryimage\"},\"thumbnailUrl\":\"https:\/\/printwave.pl\/de\/wp-content\/uploads\/sites\/3\/2025\/01\/441_18_101_m-2018_01.jpg\",\"datePublished\":\"2025-01-21T14:34:09+00:00\",\"dateModified\":\"2026-02-20T05:17:06+00:00\",\"breadcrumb\":{\"@id\":\"https:\/\/printwave.pl\/de\/produkt\/womens-ranger3-in-1\/#breadcrumb\"},\"inLanguage\":\"de\",\"potentialAction\":[{\"@type\":\"ReadAction\",\"target\":[\"https:\/\/printwave.pl\/de\/produkt\/womens-ranger3-in-1\/\"]}]},{\"@type\":\"ImageObject\",\"inLanguage\":\"de\",\"@id\":\"https:\/\/printwave.pl\/de\/produkt\/womens-ranger3-in-1\/#primaryimage\",\"url\":\"https:\/\/printwave.pl\/de\/wp-content\/uploads\/sites\/3\/2025\/01\/441_18_101_m-2018_01.jpg\",\"contentUrl\":\"https:\/\/printwave.pl\/de\/wp-content\/uploads\/sites\/3\/2025\/01\/441_18_101_m-2018_01.jpg\",\"width\":1024,\"height\":1304},{\"@type\":\"BreadcrumbList\",\"@id\":\"https:\/\/printwave.pl\/de\/produkt\/womens-ranger3-in-1\/#breadcrumb\",\"itemListElement\":[{\"@type\":\"ListItem\",\"position\":1,\"name\":\"Strona g\u0142\u00f3wna\",\"item\":\"https:\/\/printwave.pl\/de\/\"},{\"@type\":\"ListItem\",\"position\":2,\"name\":\"Shop\",\"item\":\"https:\/\/printwave.pl\/de\/shop\/\"},{\"@type\":\"ListItem\",\"position\":3,\"name\":\"Women&#8217;s Ranger3-in-1\"}]},{\"@type\":\"WebSite\",\"@id\":\"https:\/\/printwave.pl\/de\/#website\",\"url\":\"https:\/\/printwave.pl\/de\/\",\"name\":\"Printwave DE\",\"description\":\"\",\"potentialAction\":[{\"@type\":\"SearchAction\",\"target\":{\"@type\":\"EntryPoint\",\"urlTemplate\":\"https:\/\/printwave.pl\/de\/?s={search_term_string}\"},\"query-input\":{\"@type\":\"PropertyValueSpecification\",\"valueRequired\":true,\"valueName\":\"search_term_string\"}}],\"inLanguage\":\"de\"}]}<\/script>\n<!-- \/ Yoast SEO Premium plugin. -->","yoast_head_json":{"title":"Women's Ranger3-in-1 | Printwave DE","robots":{"index":"index","follow":"follow","max-snippet":"max-snippet:-1","max-image-preview":"max-image-preview:large","max-video-preview":"max-video-preview:-1"},"canonical":"https:\/\/printwave.pl\/de\/produkt\/womens-ranger3-in-1\/","og_locale":"de_DE","og_type":"article","og_title":"Women's Ranger3-in-1","og_description":"\u00b7Au\u00dfen: 165 g\/m\u00b2, 100% Nylon (Oxford) \u00b7Innen: 280 g\/m\u00b2, 100% Polyester (Polarfleece mit Taffeta Futter) \u00b7Herausnehmbares Innenfutter \u00b7W\u00e4rme reflektierendes Netzinnenfutter","og_url":"https:\/\/printwave.pl\/de\/produkt\/womens-ranger3-in-1\/","og_site_name":"Printwave DE","article_modified_time":"2026-02-20T05:17:06+00:00","og_image":[{"width":1645,"height":297,"url":"https:\/\/printwave.pl\/de\/wp-content\/uploads\/sites\/3\/2025\/03\/Print-Wave-logo-2025.png","type":"image\/png"}],"twitter_card":"summary_large_image","schema":{"@context":"https:\/\/schema.org","@graph":[{"@type":"WebPage","@id":"https:\/\/printwave.pl\/de\/produkt\/womens-ranger3-in-1\/","url":"https:\/\/printwave.pl\/de\/produkt\/womens-ranger3-in-1\/","name":"Women's Ranger3-in-1 | Printwave DE","isPartOf":{"@id":"https:\/\/printwave.pl\/de\/#website"},"primaryImageOfPage":{"@id":"https:\/\/printwave.pl\/de\/produkt\/womens-ranger3-in-1\/#primaryimage"},"image":{"@id":"https:\/\/printwave.pl\/de\/produkt\/womens-ranger3-in-1\/#primaryimage"},"thumbnailUrl":"https:\/\/printwave.pl\/de\/wp-content\/uploads\/sites\/3\/2025\/01\/441_18_101_m-2018_01.jpg","datePublished":"2025-01-21T14:34:09+00:00","dateModified":"2026-02-20T05:17:06+00:00","breadcrumb":{"@id":"https:\/\/printwave.pl\/de\/produkt\/womens-ranger3-in-1\/#breadcrumb"},"inLanguage":"de","potentialAction":[{"@type":"ReadAction","target":["https:\/\/printwave.pl\/de\/produkt\/womens-ranger3-in-1\/"]}]},{"@type":"ImageObject","inLanguage":"de","@id":"https:\/\/printwave.pl\/de\/produkt\/womens-ranger3-in-1\/#primaryimage","url":"https:\/\/printwave.pl\/de\/wp-content\/uploads\/sites\/3\/2025\/01\/441_18_101_m-2018_01.jpg","contentUrl":"https:\/\/printwave.pl\/de\/wp-content\/uploads\/sites\/3\/2025\/01\/441_18_101_m-2018_01.jpg","width":1024,"height":1304},{"@type":"BreadcrumbList","@id":"https:\/\/printwave.pl\/de\/produkt\/womens-ranger3-in-1\/#breadcrumb","itemListElement":[{"@type":"ListItem","position":1,"name":"Strona g\u0142\u00f3wna","item":"https:\/\/printwave.pl\/de\/"},{"@type":"ListItem","position":2,"name":"Shop","item":"https:\/\/printwave.pl\/de\/shop\/"},{"@type":"ListItem","position":3,"name":"Women&#8217;s Ranger3-in-1"}]},{"@type":"WebSite","@id":"https:\/\/printwave.pl\/de\/#website","url":"https:\/\/printwave.pl\/de\/","name":"Printwave DE","description":"","potentialAction":[{"@type":"SearchAction","target":{"@type":"EntryPoint","urlTemplate":"https:\/\/printwave.pl\/de\/?s={search_term_string}"},"query-input":{"@type":"PropertyValueSpecification","valueRequired":true,"valueName":"search_term_string"}}],"inLanguage":"de"}]}},"_links":{"self":[{"href":"https:\/\/printwave.pl\/de\/wp-json\/wp\/v2\/product\/400245","targetHints":{"allow":["GET"]}}],"collection":[{"href":"https:\/\/printwave.pl\/de\/wp-json\/wp\/v2\/product"}],"about":[{"href":"https:\/\/printwave.pl\/de\/wp-json\/wp\/v2\/types\/product"}],"replies":[{"embeddable":true,"href":"https:\/\/printwave.pl\/de\/wp-json\/wp\/v2\/comments?post=400245"}],"wp:featuredmedia":[{"embeddable":true,"href":"https:\/\/printwave.pl\/de\/wp-json\/wp\/v2\/media\/400242"}],"wp:attachment":[{"href":"https:\/\/printwave.pl\/de\/wp-json\/wp\/v2\/media?parent=400245"}],"wp:term":[{"taxonomy":"product_brand","embeddable":true,"href":"https:\/\/printwave.pl\/de\/wp-json\/wp\/v2\/product_brand?post=400245"},{"taxonomy":"product_cat","embeddable":true,"href":"https:\/\/printwave.pl\/de\/wp-json\/wp\/v2\/product_cat?post=400245"},{"taxonomy":"product_tag","embeddable":true,"href":"https:\/\/printwave.pl\/de\/wp-json\/wp\/v2\/product_tag?post=400245"}],"curies":[{"name":"wp","href":"https:\/\/api.w.org\/{rel}","templated":true}]}}