{"id":391998,"date":"2025-01-21T11:39:58","date_gmt":"2025-01-21T10:39:58","guid":{"rendered":"https:\/\/printwave.pl\/de\/produkt\/my-polo-180-kids\/"},"modified":"2026-02-27T06:09:17","modified_gmt":"2026-02-27T05:09:17","slug":"my-polo-180-kids","status":"publish","type":"product","link":"https:\/\/printwave.pl\/de\/produkt\/my-polo-180-kids\/","title":{"rendered":"MY POLO 180 \/kids"},"content":{"rendered":"<p>\u00b7180 g\/m\u00b2<br \/>\n\u00b7100% Baumwolle (Investition in Better Cotton), Optimium\u2122 vorgeschrumpft, ringgesponnen<br \/>\n\u00b7Moderner, klassischer Polo-Stil f\u00fcr Jungen und M\u00e4dchen (geschlechtsneutral), vom Kind bis zum Teenager<br \/>\n\u00b7Authentisches Polo-Feature: \u00dcberragendes formstabiles 1 x 1 Rippb\u00fcndchen<br \/>\n\u00b7Moderne, verst\u00e4rkte Knopfleiste mit 2 Kn\u00f6pfen<br \/>\n\u00b7Charakteristischer B&amp;C Optimium\u2122 Feinpiqu\u00e9 mit gleichm\u00e4\u00dfiger Druckoberfl\u00e4che, die leuchtende und klare Druckergebnisse verspricht<br \/>\n\u00b7F\u00fcr alle Standard-Drucktechniken auf Baumwolle getestet und zugelassen<br \/>\n\u00b7Farblich abgestimmte Kn\u00f6pfe zur Dekoration und f\u00fcr flexibles Bedrucken<br \/>\n\u00b7In einer Box gefaltet, um den Dekorationsprozess zu erleichtern<br \/>\n\u00b7Ohne B&amp;C-Etikett f\u00fcr ein leichtes Rebranding.<\/p>\n","protected":false},"excerpt":{"rendered":"<p>\u00b7180 g\/m\u00b2 \u00b7100% Baumwolle (Investition in Better Cotton), Optimium\u2122 vorgeschrumpft, ringgesponnen \u00b7Moderner, klassischer Polo-Stil f\u00fcr Jungen und M\u00e4dchen (geschlechtsneutral), vom<\/p>\n","protected":false},"featured_media":391992,"comment_status":"open","ping_status":"closed","template":"","meta":[],"product_brand":[],"product_cat":[2291,4780,2811],"product_tag":[],"class_list":{"0":"post-391998","1":"product","2":"type-product","3":"status-publish","4":"has-post-thumbnail","6":"product_cat-kinderbekleidung","7":"product_cat-neu-2025","8":"product_cat-polos","9":"pa_brand-bc","10":"pa_color-apple-green","11":"pa_color-black","12":"pa_color-blush-blue","13":"pa_color-blush-pink","14":"pa_color-dark-forest","15":"pa_color-dark-grey","16":"pa_color-meta-fuchsia","17":"pa_color-meta-turquoise","18":"pa_color-navy","19":"pa_color-pure-orange","20":"pa_color-red","21":"pa_color-royal-blue","22":"pa_color-solar-yellow","23":"pa_color-sport-grey","24":"pa_color-white","25":"pa_fabric-baumwolle","26":"pa_gender-kinder","27":"pa_product-group-poloshirts","28":"pa_size-12-13-152-158","29":"pa_size-5-6-110-116","30":"pa_size-7-8-122-128","31":"pa_size-9-11-134-146","32":"pa_sleeve-kurzaermelig","33":"pa_stil-nummer-6033","34":"pa_weight-170-199-g-m","36":"first","37":"instock","38":"taxable","39":"shipping-taxable","40":"purchasable","41":"product-type-variable"},"yoast_head":"<!-- This site is optimized with the Yoast SEO Premium plugin v20.9 (Yoast SEO v26.3) - https:\/\/yoast.com\/wordpress\/plugins\/seo\/ -->\n<title>MY POLO 180 \/kids | Printwave DE<\/title>\n<meta name=\"robots\" content=\"index, follow, max-snippet:-1, max-image-preview:large, max-video-preview:-1\" \/>\n<link rel=\"canonical\" href=\"https:\/\/printwave.pl\/de\/produkt\/my-polo-180-kids\/\" \/>\n<meta property=\"og:locale\" content=\"de_DE\" \/>\n<meta property=\"og:type\" content=\"article\" \/>\n<meta property=\"og:title\" content=\"MY POLO 180 \/kids\" \/>\n<meta property=\"og:description\" content=\"\u00b7180 g\/m\u00b2 \u00b7100% Baumwolle (Investition in Better Cotton), Optimium\u2122 vorgeschrumpft, ringgesponnen \u00b7Moderner, klassischer Polo-Stil f\u00fcr Jungen und M\u00e4dchen (geschlechtsneutral), vom\" \/>\n<meta property=\"og:url\" content=\"https:\/\/printwave.pl\/de\/produkt\/my-polo-180-kids\/\" \/>\n<meta property=\"og:site_name\" content=\"Printwave DE\" \/>\n<meta property=\"article:modified_time\" content=\"2026-02-27T05:09:17+00:00\" \/>\n<meta property=\"og:image\" content=\"https:\/\/printwave.pl\/de\/wp-content\/uploads\/sites\/3\/2025\/01\/505_42_200_m-2024_06.jpg\" \/>\n\t<meta property=\"og:image:width\" content=\"1024\" \/>\n\t<meta property=\"og:image:height\" content=\"1304\" \/>\n\t<meta property=\"og:image:type\" content=\"image\/jpeg\" \/>\n<meta name=\"twitter:card\" content=\"summary_large_image\" \/>\n<script type=\"application\/ld+json\" class=\"yoast-schema-graph\">{\"@context\":\"https:\/\/schema.org\",\"@graph\":[{\"@type\":\"WebPage\",\"@id\":\"https:\/\/printwave.pl\/de\/produkt\/my-polo-180-kids\/\",\"url\":\"https:\/\/printwave.pl\/de\/produkt\/my-polo-180-kids\/\",\"name\":\"MY POLO 180 \/kids | Printwave DE\",\"isPartOf\":{\"@id\":\"https:\/\/printwave.pl\/de\/#website\"},\"primaryImageOfPage\":{\"@id\":\"https:\/\/printwave.pl\/de\/produkt\/my-polo-180-kids\/#primaryimage\"},\"image\":{\"@id\":\"https:\/\/printwave.pl\/de\/produkt\/my-polo-180-kids\/#primaryimage\"},\"thumbnailUrl\":\"https:\/\/printwave.pl\/de\/wp-content\/uploads\/sites\/3\/2025\/01\/505_42_200_m-2024_06.jpg\",\"datePublished\":\"2025-01-21T10:39:58+00:00\",\"dateModified\":\"2026-02-27T05:09:17+00:00\",\"breadcrumb\":{\"@id\":\"https:\/\/printwave.pl\/de\/produkt\/my-polo-180-kids\/#breadcrumb\"},\"inLanguage\":\"de\",\"potentialAction\":[{\"@type\":\"ReadAction\",\"target\":[\"https:\/\/printwave.pl\/de\/produkt\/my-polo-180-kids\/\"]}]},{\"@type\":\"ImageObject\",\"inLanguage\":\"de\",\"@id\":\"https:\/\/printwave.pl\/de\/produkt\/my-polo-180-kids\/#primaryimage\",\"url\":\"https:\/\/printwave.pl\/de\/wp-content\/uploads\/sites\/3\/2025\/01\/505_42_200_m-2024_06.jpg\",\"contentUrl\":\"https:\/\/printwave.pl\/de\/wp-content\/uploads\/sites\/3\/2025\/01\/505_42_200_m-2024_06.jpg\",\"width\":1024,\"height\":1304},{\"@type\":\"BreadcrumbList\",\"@id\":\"https:\/\/printwave.pl\/de\/produkt\/my-polo-180-kids\/#breadcrumb\",\"itemListElement\":[{\"@type\":\"ListItem\",\"position\":1,\"name\":\"Strona g\u0142\u00f3wna\",\"item\":\"https:\/\/printwave.pl\/de\/\"},{\"@type\":\"ListItem\",\"position\":2,\"name\":\"Shop\",\"item\":\"https:\/\/printwave.pl\/de\/shop\/\"},{\"@type\":\"ListItem\",\"position\":3,\"name\":\"MY POLO 180 \/kids\"}]},{\"@type\":\"WebSite\",\"@id\":\"https:\/\/printwave.pl\/de\/#website\",\"url\":\"https:\/\/printwave.pl\/de\/\",\"name\":\"Printwave DE\",\"description\":\"\",\"potentialAction\":[{\"@type\":\"SearchAction\",\"target\":{\"@type\":\"EntryPoint\",\"urlTemplate\":\"https:\/\/printwave.pl\/de\/?s={search_term_string}\"},\"query-input\":{\"@type\":\"PropertyValueSpecification\",\"valueRequired\":true,\"valueName\":\"search_term_string\"}}],\"inLanguage\":\"de\"}]}<\/script>\n<!-- \/ Yoast SEO Premium plugin. -->","yoast_head_json":{"title":"MY POLO 180 \/kids | Printwave DE","robots":{"index":"index","follow":"follow","max-snippet":"max-snippet:-1","max-image-preview":"max-image-preview:large","max-video-preview":"max-video-preview:-1"},"canonical":"https:\/\/printwave.pl\/de\/produkt\/my-polo-180-kids\/","og_locale":"de_DE","og_type":"article","og_title":"MY POLO 180 \/kids","og_description":"\u00b7180 g\/m\u00b2 \u00b7100% Baumwolle (Investition in Better Cotton), Optimium\u2122 vorgeschrumpft, ringgesponnen \u00b7Moderner, klassischer Polo-Stil f\u00fcr Jungen und M\u00e4dchen (geschlechtsneutral), vom","og_url":"https:\/\/printwave.pl\/de\/produkt\/my-polo-180-kids\/","og_site_name":"Printwave DE","article_modified_time":"2026-02-27T05:09:17+00:00","og_image":[{"width":1024,"height":1304,"url":"https:\/\/printwave.pl\/de\/wp-content\/uploads\/sites\/3\/2025\/01\/505_42_200_m-2024_06.jpg","type":"image\/jpeg"}],"twitter_card":"summary_large_image","schema":{"@context":"https:\/\/schema.org","@graph":[{"@type":"WebPage","@id":"https:\/\/printwave.pl\/de\/produkt\/my-polo-180-kids\/","url":"https:\/\/printwave.pl\/de\/produkt\/my-polo-180-kids\/","name":"MY POLO 180 \/kids | Printwave DE","isPartOf":{"@id":"https:\/\/printwave.pl\/de\/#website"},"primaryImageOfPage":{"@id":"https:\/\/printwave.pl\/de\/produkt\/my-polo-180-kids\/#primaryimage"},"image":{"@id":"https:\/\/printwave.pl\/de\/produkt\/my-polo-180-kids\/#primaryimage"},"thumbnailUrl":"https:\/\/printwave.pl\/de\/wp-content\/uploads\/sites\/3\/2025\/01\/505_42_200_m-2024_06.jpg","datePublished":"2025-01-21T10:39:58+00:00","dateModified":"2026-02-27T05:09:17+00:00","breadcrumb":{"@id":"https:\/\/printwave.pl\/de\/produkt\/my-polo-180-kids\/#breadcrumb"},"inLanguage":"de","potentialAction":[{"@type":"ReadAction","target":["https:\/\/printwave.pl\/de\/produkt\/my-polo-180-kids\/"]}]},{"@type":"ImageObject","inLanguage":"de","@id":"https:\/\/printwave.pl\/de\/produkt\/my-polo-180-kids\/#primaryimage","url":"https:\/\/printwave.pl\/de\/wp-content\/uploads\/sites\/3\/2025\/01\/505_42_200_m-2024_06.jpg","contentUrl":"https:\/\/printwave.pl\/de\/wp-content\/uploads\/sites\/3\/2025\/01\/505_42_200_m-2024_06.jpg","width":1024,"height":1304},{"@type":"BreadcrumbList","@id":"https:\/\/printwave.pl\/de\/produkt\/my-polo-180-kids\/#breadcrumb","itemListElement":[{"@type":"ListItem","position":1,"name":"Strona g\u0142\u00f3wna","item":"https:\/\/printwave.pl\/de\/"},{"@type":"ListItem","position":2,"name":"Shop","item":"https:\/\/printwave.pl\/de\/shop\/"},{"@type":"ListItem","position":3,"name":"MY POLO 180 \/kids"}]},{"@type":"WebSite","@id":"https:\/\/printwave.pl\/de\/#website","url":"https:\/\/printwave.pl\/de\/","name":"Printwave DE","description":"","potentialAction":[{"@type":"SearchAction","target":{"@type":"EntryPoint","urlTemplate":"https:\/\/printwave.pl\/de\/?s={search_term_string}"},"query-input":{"@type":"PropertyValueSpecification","valueRequired":true,"valueName":"search_term_string"}}],"inLanguage":"de"}]}},"_links":{"self":[{"href":"https:\/\/printwave.pl\/de\/wp-json\/wp\/v2\/product\/391998","targetHints":{"allow":["GET"]}}],"collection":[{"href":"https:\/\/printwave.pl\/de\/wp-json\/wp\/v2\/product"}],"about":[{"href":"https:\/\/printwave.pl\/de\/wp-json\/wp\/v2\/types\/product"}],"replies":[{"embeddable":true,"href":"https:\/\/printwave.pl\/de\/wp-json\/wp\/v2\/comments?post=391998"}],"wp:featuredmedia":[{"embeddable":true,"href":"https:\/\/printwave.pl\/de\/wp-json\/wp\/v2\/media\/391992"}],"wp:attachment":[{"href":"https:\/\/printwave.pl\/de\/wp-json\/wp\/v2\/media?parent=391998"}],"wp:term":[{"taxonomy":"product_brand","embeddable":true,"href":"https:\/\/printwave.pl\/de\/wp-json\/wp\/v2\/product_brand?post=391998"},{"taxonomy":"product_cat","embeddable":true,"href":"https:\/\/printwave.pl\/de\/wp-json\/wp\/v2\/product_cat?post=391998"},{"taxonomy":"product_tag","embeddable":true,"href":"https:\/\/printwave.pl\/de\/wp-json\/wp\/v2\/product_tag?post=391998"}],"curies":[{"name":"wp","href":"https:\/\/api.w.org\/{rel}","templated":true}]}}