{"id":380791,"date":"2025-01-21T06:08:49","date_gmt":"2025-01-21T05:08:49","guid":{"rendered":"https:\/\/printwave.pl\/de\/produkt\/cotton-bag-lh\/"},"modified":"2026-02-27T05:55:20","modified_gmt":"2026-02-27T04:55:20","slug":"cotton-bag-lh","status":"publish","type":"product","link":"https:\/\/printwave.pl\/de\/produkt\/cotton-bag-lh\/","title":{"rendered":"Cotton Bag LH"},"content":{"rendered":"<p>\u00b7140 g\/m\u00b2<br \/>\n\u00b7100% Baumwolle<br \/>\n\u00b7Nur lauwarme Handw\u00e4sche<br \/>\n\u00b7Lange Tragegriffe (LH): ca. 70 cm<br \/>\n\u00b7Cross Stitching an Tragegriffen f\u00fcr mehr Stabilit\u00e4t<br \/>\n\u00b7Fombest\u00e4ndig, durch ums\u00e4umte und eingeschlagene Innenn\u00e4hte<br \/>\n\u00b7Ma\u00dfe: 38 x 42 cm<br \/>\n\u00b7Geeignet f\u00fcr Stick, Sieb- und Transferdruck (bereits geb\u00fcgelt)<br \/>\n\u00b7Maximale Druckfl\u00e4che: 30 x 30cm.<\/p>\n","protected":false},"excerpt":{"rendered":"<p>\u00b7140 g\/m\u00b2 \u00b7100% Baumwolle \u00b7Nur lauwarme Handw\u00e4sche \u00b7Lange Tragegriffe (LH): ca. 70 cm \u00b7Cross Stitching an Tragegriffen f\u00fcr mehr Stabilit\u00e4t<\/p>\n","protected":false},"featured_media":380787,"comment_status":"open","ping_status":"closed","template":"","meta":[],"product_brand":[],"product_cat":[4170,2272,2339],"product_tag":[3335,3379],"class_list":{"0":"post-380791","1":"product","2":"type-product","3":"status-publish","4":"has-post-thumbnail","6":"product_cat-ohne-etikett-kein-label","7":"product_cat-taschen-accessoires","8":"product_cat-topseller","9":"product_tag-einkaufstaschen","10":"product_tag-messetaschen","11":"pa_brand-sg-accessories-bags-ex-jassz-bags","12":"pa_certificates-oeko-tex-step","13":"pa_color-apricot-brandy","14":"pa_color-bark","15":"pa_color-black","16":"pa_color-bottle-green","17":"pa_color-brown","18":"pa_color-burgundy","19":"pa_color-buttercup","20":"pa_color-cantaloupe","21":"pa_color-charcoal","22":"pa_color-claret","23":"pa_color-dark-blue","24":"pa_color-dark-green","25":"pa_color-dark-grey","26":"pa_color-dubarry-pink","27":"pa_color-eucalyptus","28":"pa_color-french-navy","29":"pa_color-iced-coffee","30":"pa_color-indigo-blue","31":"pa_color-lavender","32":"pa_color-light-green","33":"pa_color-light-grey","34":"pa_color-light-petrol","35":"pa_color-lilac","36":"pa_color-lime","37":"pa_color-limeade","38":"pa_color-limpet-shell","39":"pa_color-magenta","40":"pa_color-medal-bronze","41":"pa_color-melon","42":"pa_color-mercury-grey","43":"pa_color-mid-blue","44":"pa_color-military-green","45":"pa_color-mint","46":"pa_color-mystic-blue","47":"pa_color-natural","48":"pa_color-neo-mint","49":"pa_color-orange-rust","50":"pa_color-peach-echo","51":"pa_color-peagreen","52":"pa_color-petrol","53":"pa_color-pink","54":"pa_color-purple","55":"pa_color-red","56":"pa_color-rose","57":"pa_color-rose-quartz","58":"pa_color-rouge-red","59":"pa_color-royal","60":"pa_color-sky","61":"pa_color-snowwhite","62":"pa_color-sunflower","63":"pa_color-tangerine","64":"pa_color-turquoise","65":"pa_color-vanilla-custard","66":"pa_color-winter-wheat","67":"pa_color-yellow","68":"pa_fabric-baumwolle","69":"pa_product-group-einkaufstaschen","70":"pa_size-one-size","71":"pa_stil-nummer-5905","72":"pa_weight-140-169-g-m","74":"first","75":"instock","76":"taxable","77":"shipping-taxable","78":"purchasable","79":"product-type-variable"},"yoast_head":"<!-- This site is optimized with the Yoast SEO Premium plugin v20.9 (Yoast SEO v26.3) - https:\/\/yoast.com\/wordpress\/plugins\/seo\/ -->\n<title>Cotton Bag LH | Printwave DE<\/title>\n<meta name=\"robots\" content=\"index, follow, max-snippet:-1, max-image-preview:large, max-video-preview:-1\" \/>\n<link rel=\"canonical\" href=\"https:\/\/printwave.pl\/de\/produkt\/cotton-bag-lh\/\" \/>\n<meta property=\"og:locale\" content=\"de_DE\" \/>\n<meta property=\"og:type\" content=\"article\" \/>\n<meta property=\"og:title\" content=\"Cotton Bag LH\" \/>\n<meta property=\"og:description\" content=\"\u00b7140 g\/m\u00b2 \u00b7100% Baumwolle \u00b7Nur lauwarme Handw\u00e4sche \u00b7Lange Tragegriffe (LH): ca. 70 cm \u00b7Cross Stitching an Tragegriffen f\u00fcr mehr Stabilit\u00e4t\" \/>\n<meta property=\"og:url\" content=\"https:\/\/printwave.pl\/de\/produkt\/cotton-bag-lh\/\" \/>\n<meta property=\"og:site_name\" content=\"Printwave DE\" \/>\n<meta property=\"article:modified_time\" content=\"2026-02-27T04:55:20+00:00\" \/>\n<meta property=\"og:image\" content=\"https:\/\/printwave.pl\/de\/wp-content\/uploads\/sites\/3\/2025\/03\/Print-Wave-logo-2025.png\" \/>\n\t<meta property=\"og:image:width\" content=\"1645\" \/>\n\t<meta property=\"og:image:height\" content=\"297\" \/>\n\t<meta property=\"og:image:type\" content=\"image\/png\" \/>\n<meta name=\"twitter:card\" content=\"summary_large_image\" \/>\n<script type=\"application\/ld+json\" class=\"yoast-schema-graph\">{\"@context\":\"https:\/\/schema.org\",\"@graph\":[{\"@type\":\"WebPage\",\"@id\":\"https:\/\/printwave.pl\/de\/produkt\/cotton-bag-lh\/\",\"url\":\"https:\/\/printwave.pl\/de\/produkt\/cotton-bag-lh\/\",\"name\":\"Cotton Bag LH | Printwave DE\",\"isPartOf\":{\"@id\":\"https:\/\/printwave.pl\/de\/#website\"},\"primaryImageOfPage\":{\"@id\":\"https:\/\/printwave.pl\/de\/produkt\/cotton-bag-lh\/#primaryimage\"},\"image\":{\"@id\":\"https:\/\/printwave.pl\/de\/produkt\/cotton-bag-lh\/#primaryimage\"},\"thumbnailUrl\":\"https:\/\/printwave.pl\/de\/wp-content\/uploads\/sites\/3\/2025\/01\/601_57_506_m-2023_01.jpg\",\"datePublished\":\"2025-01-21T05:08:49+00:00\",\"dateModified\":\"2026-02-27T04:55:20+00:00\",\"breadcrumb\":{\"@id\":\"https:\/\/printwave.pl\/de\/produkt\/cotton-bag-lh\/#breadcrumb\"},\"inLanguage\":\"de\",\"potentialAction\":[{\"@type\":\"ReadAction\",\"target\":[\"https:\/\/printwave.pl\/de\/produkt\/cotton-bag-lh\/\"]}]},{\"@type\":\"ImageObject\",\"inLanguage\":\"de\",\"@id\":\"https:\/\/printwave.pl\/de\/produkt\/cotton-bag-lh\/#primaryimage\",\"url\":\"https:\/\/printwave.pl\/de\/wp-content\/uploads\/sites\/3\/2025\/01\/601_57_506_m-2023_01.jpg\",\"contentUrl\":\"https:\/\/printwave.pl\/de\/wp-content\/uploads\/sites\/3\/2025\/01\/601_57_506_m-2023_01.jpg\",\"width\":1024,\"height\":1304},{\"@type\":\"BreadcrumbList\",\"@id\":\"https:\/\/printwave.pl\/de\/produkt\/cotton-bag-lh\/#breadcrumb\",\"itemListElement\":[{\"@type\":\"ListItem\",\"position\":1,\"name\":\"Strona g\u0142\u00f3wna\",\"item\":\"https:\/\/printwave.pl\/de\/\"},{\"@type\":\"ListItem\",\"position\":2,\"name\":\"Shop\",\"item\":\"https:\/\/printwave.pl\/de\/shop\/\"},{\"@type\":\"ListItem\",\"position\":3,\"name\":\"Cotton Bag LH\"}]},{\"@type\":\"WebSite\",\"@id\":\"https:\/\/printwave.pl\/de\/#website\",\"url\":\"https:\/\/printwave.pl\/de\/\",\"name\":\"Printwave DE\",\"description\":\"\",\"potentialAction\":[{\"@type\":\"SearchAction\",\"target\":{\"@type\":\"EntryPoint\",\"urlTemplate\":\"https:\/\/printwave.pl\/de\/?s={search_term_string}\"},\"query-input\":{\"@type\":\"PropertyValueSpecification\",\"valueRequired\":true,\"valueName\":\"search_term_string\"}}],\"inLanguage\":\"de\"}]}<\/script>\n<!-- \/ Yoast SEO Premium plugin. -->","yoast_head_json":{"title":"Cotton Bag LH | Printwave DE","robots":{"index":"index","follow":"follow","max-snippet":"max-snippet:-1","max-image-preview":"max-image-preview:large","max-video-preview":"max-video-preview:-1"},"canonical":"https:\/\/printwave.pl\/de\/produkt\/cotton-bag-lh\/","og_locale":"de_DE","og_type":"article","og_title":"Cotton Bag LH","og_description":"\u00b7140 g\/m\u00b2 \u00b7100% Baumwolle \u00b7Nur lauwarme Handw\u00e4sche \u00b7Lange Tragegriffe (LH): ca. 70 cm \u00b7Cross Stitching an Tragegriffen f\u00fcr mehr Stabilit\u00e4t","og_url":"https:\/\/printwave.pl\/de\/produkt\/cotton-bag-lh\/","og_site_name":"Printwave DE","article_modified_time":"2026-02-27T04:55:20+00:00","og_image":[{"width":1645,"height":297,"url":"https:\/\/printwave.pl\/de\/wp-content\/uploads\/sites\/3\/2025\/03\/Print-Wave-logo-2025.png","type":"image\/png"}],"twitter_card":"summary_large_image","schema":{"@context":"https:\/\/schema.org","@graph":[{"@type":"WebPage","@id":"https:\/\/printwave.pl\/de\/produkt\/cotton-bag-lh\/","url":"https:\/\/printwave.pl\/de\/produkt\/cotton-bag-lh\/","name":"Cotton Bag LH | Printwave DE","isPartOf":{"@id":"https:\/\/printwave.pl\/de\/#website"},"primaryImageOfPage":{"@id":"https:\/\/printwave.pl\/de\/produkt\/cotton-bag-lh\/#primaryimage"},"image":{"@id":"https:\/\/printwave.pl\/de\/produkt\/cotton-bag-lh\/#primaryimage"},"thumbnailUrl":"https:\/\/printwave.pl\/de\/wp-content\/uploads\/sites\/3\/2025\/01\/601_57_506_m-2023_01.jpg","datePublished":"2025-01-21T05:08:49+00:00","dateModified":"2026-02-27T04:55:20+00:00","breadcrumb":{"@id":"https:\/\/printwave.pl\/de\/produkt\/cotton-bag-lh\/#breadcrumb"},"inLanguage":"de","potentialAction":[{"@type":"ReadAction","target":["https:\/\/printwave.pl\/de\/produkt\/cotton-bag-lh\/"]}]},{"@type":"ImageObject","inLanguage":"de","@id":"https:\/\/printwave.pl\/de\/produkt\/cotton-bag-lh\/#primaryimage","url":"https:\/\/printwave.pl\/de\/wp-content\/uploads\/sites\/3\/2025\/01\/601_57_506_m-2023_01.jpg","contentUrl":"https:\/\/printwave.pl\/de\/wp-content\/uploads\/sites\/3\/2025\/01\/601_57_506_m-2023_01.jpg","width":1024,"height":1304},{"@type":"BreadcrumbList","@id":"https:\/\/printwave.pl\/de\/produkt\/cotton-bag-lh\/#breadcrumb","itemListElement":[{"@type":"ListItem","position":1,"name":"Strona g\u0142\u00f3wna","item":"https:\/\/printwave.pl\/de\/"},{"@type":"ListItem","position":2,"name":"Shop","item":"https:\/\/printwave.pl\/de\/shop\/"},{"@type":"ListItem","position":3,"name":"Cotton Bag LH"}]},{"@type":"WebSite","@id":"https:\/\/printwave.pl\/de\/#website","url":"https:\/\/printwave.pl\/de\/","name":"Printwave DE","description":"","potentialAction":[{"@type":"SearchAction","target":{"@type":"EntryPoint","urlTemplate":"https:\/\/printwave.pl\/de\/?s={search_term_string}"},"query-input":{"@type":"PropertyValueSpecification","valueRequired":true,"valueName":"search_term_string"}}],"inLanguage":"de"}]}},"_links":{"self":[{"href":"https:\/\/printwave.pl\/de\/wp-json\/wp\/v2\/product\/380791","targetHints":{"allow":["GET"]}}],"collection":[{"href":"https:\/\/printwave.pl\/de\/wp-json\/wp\/v2\/product"}],"about":[{"href":"https:\/\/printwave.pl\/de\/wp-json\/wp\/v2\/types\/product"}],"replies":[{"embeddable":true,"href":"https:\/\/printwave.pl\/de\/wp-json\/wp\/v2\/comments?post=380791"}],"wp:featuredmedia":[{"embeddable":true,"href":"https:\/\/printwave.pl\/de\/wp-json\/wp\/v2\/media\/380787"}],"wp:attachment":[{"href":"https:\/\/printwave.pl\/de\/wp-json\/wp\/v2\/media?parent=380791"}],"wp:term":[{"taxonomy":"product_brand","embeddable":true,"href":"https:\/\/printwave.pl\/de\/wp-json\/wp\/v2\/product_brand?post=380791"},{"taxonomy":"product_cat","embeddable":true,"href":"https:\/\/printwave.pl\/de\/wp-json\/wp\/v2\/product_cat?post=380791"},{"taxonomy":"product_tag","embeddable":true,"href":"https:\/\/printwave.pl\/de\/wp-json\/wp\/v2\/product_tag?post=380791"}],"curies":[{"name":"wp","href":"https:\/\/api.w.org\/{rel}","templated":true}]}}