{"id":380631,"date":"2025-01-21T06:02:35","date_gmt":"2025-01-21T05:02:35","guid":{"rendered":"https:\/\/printwave.pl\/de\/produkt\/cotton-drawstring-backpack\/"},"modified":"2026-02-27T05:54:46","modified_gmt":"2026-02-27T04:54:46","slug":"cotton-drawstring-backpack","status":"publish","type":"product","link":"https:\/\/printwave.pl\/de\/produkt\/cotton-drawstring-backpack\/","title":{"rendered":"Cotton Drawstring Backpack"},"content":{"rendered":"<p>\u00b7140 g\/m\u00b2<br \/>\n\u00b7100% Baumwolle<br \/>\n\u00b7Nur lauwarme Handw\u00e4sche<br \/>\n\u00b7Zusammenziehbare Tragekordel<br \/>\n\u00b7Durch Riegeln\u00e4hte verst\u00e4rkter Ausgang der Kordelf\u00fchrung<br \/>\n\u00b7Verst\u00e4rktes Material im Bereich der gen\u00e4hten \u00d6sen<br \/>\n\u00b7Ma\u00dfe: 38 x 48 cm<br \/>\n\u00b7Geeignet f\u00fcr Stick, Sieb- und Transferdruck (bereits geb\u00fcgelt)<br \/>\n\u00b7Maximale Druckfl\u00e4che: 30 x 30 cm.<\/p>\n","protected":false},"excerpt":{"rendered":"<p>\u00b7140 g\/m\u00b2 \u00b7100% Baumwolle \u00b7Nur lauwarme Handw\u00e4sche \u00b7Zusammenziehbare Tragekordel \u00b7Durch Riegeln\u00e4hte verst\u00e4rkter Ausgang der Kordelf\u00fchrung \u00b7Verst\u00e4rktes Material im Bereich der<\/p>\n","protected":false},"featured_media":380627,"comment_status":"open","ping_status":"closed","template":"","meta":[],"product_brand":[],"product_cat":[4170,2272,2339],"product_tag":[3379,3287,3257,3331],"class_list":{"0":"post-380631","1":"product","2":"type-product","3":"status-publish","4":"has-post-thumbnail","6":"product_cat-ohne-etikett-kein-label","7":"product_cat-taschen-accessoires","8":"product_cat-topseller","9":"product_tag-messetaschen","10":"product_tag-turnbeutel","11":"product_tag-umhaengetaschen","12":"product_tag-zugbeutel","13":"pa_brand-sg-accessories-bags-ex-jassz-bags","14":"pa_certificates-oeko-tex-step","15":"pa_color-black","16":"pa_color-burgundy","17":"pa_color-buttercup","18":"pa_color-claret","19":"pa_color-dark-blue","20":"pa_color-dark-grey","21":"pa_color-french-navy","22":"pa_color-indigo-blue","23":"pa_color-lavender","24":"pa_color-light-green","25":"pa_color-light-grey","26":"pa_color-lilac","27":"pa_color-lime","28":"pa_color-limpet-shell","29":"pa_color-magenta","30":"pa_color-mid-blue","31":"pa_color-natural","32":"pa_color-peagreen","33":"pa_color-petrol","34":"pa_color-red","35":"pa_color-rouge-red","36":"pa_color-royal","37":"pa_color-snowwhite","38":"pa_color-tangerine","39":"pa_color-turquoise","40":"pa_color-yellow","41":"pa_details-rucksackbeutel","42":"pa_fabric-baumwolle","43":"pa_product-group-rucksaecke","44":"pa_product-group-sporttaschen","45":"pa_product-group-umhaengetaschen","46":"pa_size-one-size","47":"pa_stil-nummer-5896","48":"pa_weight-140-169-g-m","50":"first","51":"instock","52":"taxable","53":"shipping-taxable","54":"purchasable","55":"product-type-variable"},"yoast_head":"<!-- This site is optimized with the Yoast SEO Premium plugin v20.9 (Yoast SEO v26.3) - https:\/\/yoast.com\/wordpress\/plugins\/seo\/ -->\n<title>Cotton Drawstring Backpack | Printwave DE<\/title>\n<meta name=\"robots\" content=\"index, follow, max-snippet:-1, max-image-preview:large, max-video-preview:-1\" \/>\n<link rel=\"canonical\" href=\"https:\/\/printwave.pl\/de\/produkt\/cotton-drawstring-backpack\/\" \/>\n<meta property=\"og:locale\" content=\"de_DE\" \/>\n<meta property=\"og:type\" content=\"article\" \/>\n<meta property=\"og:title\" content=\"Cotton Drawstring Backpack\" \/>\n<meta property=\"og:description\" content=\"\u00b7140 g\/m\u00b2 \u00b7100% Baumwolle \u00b7Nur lauwarme Handw\u00e4sche \u00b7Zusammenziehbare Tragekordel \u00b7Durch Riegeln\u00e4hte verst\u00e4rkter Ausgang der Kordelf\u00fchrung \u00b7Verst\u00e4rktes Material im Bereich der\" \/>\n<meta property=\"og:url\" content=\"https:\/\/printwave.pl\/de\/produkt\/cotton-drawstring-backpack\/\" \/>\n<meta property=\"og:site_name\" content=\"Printwave DE\" \/>\n<meta property=\"article:modified_time\" content=\"2026-02-27T04:54:46+00:00\" \/>\n<meta property=\"og:image\" content=\"https:\/\/printwave.pl\/de\/wp-content\/uploads\/sites\/3\/2025\/03\/Print-Wave-logo-2025.png\" \/>\n\t<meta property=\"og:image:width\" content=\"1645\" \/>\n\t<meta property=\"og:image:height\" content=\"297\" \/>\n\t<meta property=\"og:image:type\" content=\"image\/png\" \/>\n<meta name=\"twitter:card\" content=\"summary_large_image\" \/>\n<script type=\"application\/ld+json\" class=\"yoast-schema-graph\">{\"@context\":\"https:\/\/schema.org\",\"@graph\":[{\"@type\":\"WebPage\",\"@id\":\"https:\/\/printwave.pl\/de\/produkt\/cotton-drawstring-backpack\/\",\"url\":\"https:\/\/printwave.pl\/de\/produkt\/cotton-drawstring-backpack\/\",\"name\":\"Cotton Drawstring Backpack | Printwave DE\",\"isPartOf\":{\"@id\":\"https:\/\/printwave.pl\/de\/#website\"},\"primaryImageOfPage\":{\"@id\":\"https:\/\/printwave.pl\/de\/produkt\/cotton-drawstring-backpack\/#primaryimage\"},\"image\":{\"@id\":\"https:\/\/printwave.pl\/de\/produkt\/cotton-drawstring-backpack\/#primaryimage\"},\"thumbnailUrl\":\"https:\/\/printwave.pl\/de\/wp-content\/uploads\/sites\/3\/2025\/01\/602_57_525_m-2023_01.jpg\",\"datePublished\":\"2025-01-21T05:02:35+00:00\",\"dateModified\":\"2026-02-27T04:54:46+00:00\",\"breadcrumb\":{\"@id\":\"https:\/\/printwave.pl\/de\/produkt\/cotton-drawstring-backpack\/#breadcrumb\"},\"inLanguage\":\"de\",\"potentialAction\":[{\"@type\":\"ReadAction\",\"target\":[\"https:\/\/printwave.pl\/de\/produkt\/cotton-drawstring-backpack\/\"]}]},{\"@type\":\"ImageObject\",\"inLanguage\":\"de\",\"@id\":\"https:\/\/printwave.pl\/de\/produkt\/cotton-drawstring-backpack\/#primaryimage\",\"url\":\"https:\/\/printwave.pl\/de\/wp-content\/uploads\/sites\/3\/2025\/01\/602_57_525_m-2023_01.jpg\",\"contentUrl\":\"https:\/\/printwave.pl\/de\/wp-content\/uploads\/sites\/3\/2025\/01\/602_57_525_m-2023_01.jpg\",\"width\":1024,\"height\":1304},{\"@type\":\"BreadcrumbList\",\"@id\":\"https:\/\/printwave.pl\/de\/produkt\/cotton-drawstring-backpack\/#breadcrumb\",\"itemListElement\":[{\"@type\":\"ListItem\",\"position\":1,\"name\":\"Strona g\u0142\u00f3wna\",\"item\":\"https:\/\/printwave.pl\/de\/\"},{\"@type\":\"ListItem\",\"position\":2,\"name\":\"Shop\",\"item\":\"https:\/\/printwave.pl\/de\/shop\/\"},{\"@type\":\"ListItem\",\"position\":3,\"name\":\"Cotton Drawstring Backpack\"}]},{\"@type\":\"WebSite\",\"@id\":\"https:\/\/printwave.pl\/de\/#website\",\"url\":\"https:\/\/printwave.pl\/de\/\",\"name\":\"Printwave DE\",\"description\":\"\",\"potentialAction\":[{\"@type\":\"SearchAction\",\"target\":{\"@type\":\"EntryPoint\",\"urlTemplate\":\"https:\/\/printwave.pl\/de\/?s={search_term_string}\"},\"query-input\":{\"@type\":\"PropertyValueSpecification\",\"valueRequired\":true,\"valueName\":\"search_term_string\"}}],\"inLanguage\":\"de\"}]}<\/script>\n<!-- \/ Yoast SEO Premium plugin. -->","yoast_head_json":{"title":"Cotton Drawstring Backpack | Printwave DE","robots":{"index":"index","follow":"follow","max-snippet":"max-snippet:-1","max-image-preview":"max-image-preview:large","max-video-preview":"max-video-preview:-1"},"canonical":"https:\/\/printwave.pl\/de\/produkt\/cotton-drawstring-backpack\/","og_locale":"de_DE","og_type":"article","og_title":"Cotton Drawstring Backpack","og_description":"\u00b7140 g\/m\u00b2 \u00b7100% Baumwolle \u00b7Nur lauwarme Handw\u00e4sche \u00b7Zusammenziehbare Tragekordel \u00b7Durch Riegeln\u00e4hte verst\u00e4rkter Ausgang der Kordelf\u00fchrung \u00b7Verst\u00e4rktes Material im Bereich der","og_url":"https:\/\/printwave.pl\/de\/produkt\/cotton-drawstring-backpack\/","og_site_name":"Printwave DE","article_modified_time":"2026-02-27T04:54:46+00:00","og_image":[{"width":1645,"height":297,"url":"https:\/\/printwave.pl\/de\/wp-content\/uploads\/sites\/3\/2025\/03\/Print-Wave-logo-2025.png","type":"image\/png"}],"twitter_card":"summary_large_image","schema":{"@context":"https:\/\/schema.org","@graph":[{"@type":"WebPage","@id":"https:\/\/printwave.pl\/de\/produkt\/cotton-drawstring-backpack\/","url":"https:\/\/printwave.pl\/de\/produkt\/cotton-drawstring-backpack\/","name":"Cotton Drawstring Backpack | Printwave DE","isPartOf":{"@id":"https:\/\/printwave.pl\/de\/#website"},"primaryImageOfPage":{"@id":"https:\/\/printwave.pl\/de\/produkt\/cotton-drawstring-backpack\/#primaryimage"},"image":{"@id":"https:\/\/printwave.pl\/de\/produkt\/cotton-drawstring-backpack\/#primaryimage"},"thumbnailUrl":"https:\/\/printwave.pl\/de\/wp-content\/uploads\/sites\/3\/2025\/01\/602_57_525_m-2023_01.jpg","datePublished":"2025-01-21T05:02:35+00:00","dateModified":"2026-02-27T04:54:46+00:00","breadcrumb":{"@id":"https:\/\/printwave.pl\/de\/produkt\/cotton-drawstring-backpack\/#breadcrumb"},"inLanguage":"de","potentialAction":[{"@type":"ReadAction","target":["https:\/\/printwave.pl\/de\/produkt\/cotton-drawstring-backpack\/"]}]},{"@type":"ImageObject","inLanguage":"de","@id":"https:\/\/printwave.pl\/de\/produkt\/cotton-drawstring-backpack\/#primaryimage","url":"https:\/\/printwave.pl\/de\/wp-content\/uploads\/sites\/3\/2025\/01\/602_57_525_m-2023_01.jpg","contentUrl":"https:\/\/printwave.pl\/de\/wp-content\/uploads\/sites\/3\/2025\/01\/602_57_525_m-2023_01.jpg","width":1024,"height":1304},{"@type":"BreadcrumbList","@id":"https:\/\/printwave.pl\/de\/produkt\/cotton-drawstring-backpack\/#breadcrumb","itemListElement":[{"@type":"ListItem","position":1,"name":"Strona g\u0142\u00f3wna","item":"https:\/\/printwave.pl\/de\/"},{"@type":"ListItem","position":2,"name":"Shop","item":"https:\/\/printwave.pl\/de\/shop\/"},{"@type":"ListItem","position":3,"name":"Cotton Drawstring Backpack"}]},{"@type":"WebSite","@id":"https:\/\/printwave.pl\/de\/#website","url":"https:\/\/printwave.pl\/de\/","name":"Printwave DE","description":"","potentialAction":[{"@type":"SearchAction","target":{"@type":"EntryPoint","urlTemplate":"https:\/\/printwave.pl\/de\/?s={search_term_string}"},"query-input":{"@type":"PropertyValueSpecification","valueRequired":true,"valueName":"search_term_string"}}],"inLanguage":"de"}]}},"_links":{"self":[{"href":"https:\/\/printwave.pl\/de\/wp-json\/wp\/v2\/product\/380631","targetHints":{"allow":["GET"]}}],"collection":[{"href":"https:\/\/printwave.pl\/de\/wp-json\/wp\/v2\/product"}],"about":[{"href":"https:\/\/printwave.pl\/de\/wp-json\/wp\/v2\/types\/product"}],"replies":[{"embeddable":true,"href":"https:\/\/printwave.pl\/de\/wp-json\/wp\/v2\/comments?post=380631"}],"wp:featuredmedia":[{"embeddable":true,"href":"https:\/\/printwave.pl\/de\/wp-json\/wp\/v2\/media\/380627"}],"wp:attachment":[{"href":"https:\/\/printwave.pl\/de\/wp-json\/wp\/v2\/media?parent=380631"}],"wp:term":[{"taxonomy":"product_brand","embeddable":true,"href":"https:\/\/printwave.pl\/de\/wp-json\/wp\/v2\/product_brand?post=380631"},{"taxonomy":"product_cat","embeddable":true,"href":"https:\/\/printwave.pl\/de\/wp-json\/wp\/v2\/product_cat?post=380631"},{"taxonomy":"product_tag","embeddable":true,"href":"https:\/\/printwave.pl\/de\/wp-json\/wp\/v2\/product_tag?post=380631"}],"curies":[{"name":"wp","href":"https:\/\/api.w.org\/{rel}","templated":true}]}}