{"id":380217,"date":"2025-01-21T05:45:56","date_gmt":"2025-01-21T04:45:56","guid":{"rendered":"https:\/\/printwave.pl\/de\/produkt\/core-recycled-printers-cap\/"},"modified":"2026-02-27T05:52:15","modified_gmt":"2026-02-27T04:52:15","slug":"core-recycled-printers-cap","status":"publish","type":"product","link":"https:\/\/printwave.pl\/de\/produkt\/core-recycled-printers-cap\/","title":{"rendered":"Core Recycled Printers Cap"},"content":{"rendered":"<p>\u00b7210 g\/m\u00b2<br \/>\n\u00b7100% Polyester, recycelt (Twill)<br \/>\n\u00b75-teilig<br \/>\n\u00b7Nahtlose, verst\u00e4rkte Frontseite<br \/>\n\u00b7Vorgeformter, 6-fach gesteppter Schirm<br \/>\n\u00b7Gen\u00e4hte Luft\u00f6sen<br \/>\n\u00b7Gr\u00f6\u00dfenverstellbar durch Klettverschluss<br \/>\n\u00b7Hergestellt aus nachhaltigen Garnen h\u00f6chster Qualit\u00e4t unter Verwendung von 100 % recycelten Post-Consumer-PET-Plastikflaschen und bietet ein nachhaltiges \u00c4quivalent zu herk\u00f6mmlichen Garnen.<\/p>\n","protected":false},"excerpt":{"rendered":"<p>\u00b7210 g\/m\u00b2 \u00b7100% Polyester, recycelt (Twill) \u00b75-teilig \u00b7Nahtlose, verst\u00e4rkte Frontseite \u00b7Vorgeformter, 6-fach gesteppter Schirm \u00b7Gen\u00e4hte Luft\u00f6sen \u00b7Gr\u00f6\u00dfenverstellbar durch Klettverschluss \u00b7Hergestellt<\/p>\n","protected":false},"featured_media":380216,"comment_status":"open","ping_status":"closed","template":"","meta":[],"product_brand":[],"product_cat":[2365,2375,2271],"product_tag":[],"class_list":{"0":"post-380217","1":"product","2":"type-product","3":"status-publish","4":"has-post-thumbnail","6":"product_cat-all-eco","7":"product_cat-caps-accessoires","8":"product_cat-recycelt","9":"pa_brand-result-genuine-recycled","10":"pa_color-black","11":"pa_color-bottle-green","12":"pa_color-navy","13":"pa_color-orange","14":"pa_color-red","15":"pa_color-royal","16":"pa_color-sky","17":"pa_color-white","18":"pa_eco-recycelt","19":"pa_fabric-polyester","20":"pa_gender-unisex","21":"pa_product-group-caps","22":"pa_size-one-size","23":"pa_stil-nummer-5868","24":"pa_weight-200-219-g-m","26":"first","27":"instock","28":"taxable","29":"shipping-taxable","30":"purchasable","31":"product-type-variable"},"yoast_head":"<!-- This site is optimized with the Yoast SEO Premium plugin v20.9 (Yoast SEO v26.3) - https:\/\/yoast.com\/wordpress\/plugins\/seo\/ -->\n<title>Core Recycled Printers Cap | Printwave DE<\/title>\n<meta name=\"robots\" content=\"index, follow, max-snippet:-1, max-image-preview:large, max-video-preview:-1\" \/>\n<link rel=\"canonical\" href=\"https:\/\/printwave.pl\/de\/produkt\/core-recycled-printers-cap\/\" \/>\n<meta property=\"og:locale\" content=\"de_DE\" \/>\n<meta property=\"og:type\" content=\"article\" \/>\n<meta property=\"og:title\" content=\"Core Recycled Printers Cap\" \/>\n<meta property=\"og:description\" content=\"\u00b7210 g\/m\u00b2 \u00b7100% Polyester, recycelt (Twill) \u00b75-teilig \u00b7Nahtlose, verst\u00e4rkte Frontseite \u00b7Vorgeformter, 6-fach gesteppter Schirm \u00b7Gen\u00e4hte Luft\u00f6sen \u00b7Gr\u00f6\u00dfenverstellbar durch Klettverschluss \u00b7Hergestellt\" \/>\n<meta property=\"og:url\" content=\"https:\/\/printwave.pl\/de\/produkt\/core-recycled-printers-cap\/\" \/>\n<meta property=\"og:site_name\" content=\"Printwave DE\" \/>\n<meta property=\"article:modified_time\" content=\"2026-02-27T04:52:15+00:00\" \/>\n<meta property=\"og:image\" content=\"https:\/\/printwave.pl\/de\/wp-content\/uploads\/sites\/3\/2025\/03\/Print-Wave-logo-2025.png\" \/>\n\t<meta property=\"og:image:width\" content=\"1645\" \/>\n\t<meta property=\"og:image:height\" content=\"297\" \/>\n\t<meta property=\"og:image:type\" content=\"image\/png\" \/>\n<meta name=\"twitter:card\" content=\"summary_large_image\" \/>\n<script type=\"application\/ld+json\" class=\"yoast-schema-graph\">{\"@context\":\"https:\/\/schema.org\",\"@graph\":[{\"@type\":\"WebPage\",\"@id\":\"https:\/\/printwave.pl\/de\/produkt\/core-recycled-printers-cap\/\",\"url\":\"https:\/\/printwave.pl\/de\/produkt\/core-recycled-printers-cap\/\",\"name\":\"Core Recycled Printers Cap | Printwave DE\",\"isPartOf\":{\"@id\":\"https:\/\/printwave.pl\/de\/#website\"},\"primaryImageOfPage\":{\"@id\":\"https:\/\/printwave.pl\/de\/produkt\/core-recycled-printers-cap\/#primaryimage\"},\"image\":{\"@id\":\"https:\/\/printwave.pl\/de\/produkt\/core-recycled-printers-cap\/#primaryimage\"},\"thumbnailUrl\":\"https:\/\/printwave.pl\/de\/wp-content\/uploads\/sites\/3\/2025\/01\/607_33_410_m-2024_01.jpg\",\"datePublished\":\"2025-01-21T04:45:56+00:00\",\"dateModified\":\"2026-02-27T04:52:15+00:00\",\"breadcrumb\":{\"@id\":\"https:\/\/printwave.pl\/de\/produkt\/core-recycled-printers-cap\/#breadcrumb\"},\"inLanguage\":\"de\",\"potentialAction\":[{\"@type\":\"ReadAction\",\"target\":[\"https:\/\/printwave.pl\/de\/produkt\/core-recycled-printers-cap\/\"]}]},{\"@type\":\"ImageObject\",\"inLanguage\":\"de\",\"@id\":\"https:\/\/printwave.pl\/de\/produkt\/core-recycled-printers-cap\/#primaryimage\",\"url\":\"https:\/\/printwave.pl\/de\/wp-content\/uploads\/sites\/3\/2025\/01\/607_33_410_m-2024_01.jpg\",\"contentUrl\":\"https:\/\/printwave.pl\/de\/wp-content\/uploads\/sites\/3\/2025\/01\/607_33_410_m-2024_01.jpg\",\"width\":1024,\"height\":1304},{\"@type\":\"BreadcrumbList\",\"@id\":\"https:\/\/printwave.pl\/de\/produkt\/core-recycled-printers-cap\/#breadcrumb\",\"itemListElement\":[{\"@type\":\"ListItem\",\"position\":1,\"name\":\"Strona g\u0142\u00f3wna\",\"item\":\"https:\/\/printwave.pl\/de\/\"},{\"@type\":\"ListItem\",\"position\":2,\"name\":\"Shop\",\"item\":\"https:\/\/printwave.pl\/de\/shop\/\"},{\"@type\":\"ListItem\",\"position\":3,\"name\":\"Core Recycled Printers Cap\"}]},{\"@type\":\"WebSite\",\"@id\":\"https:\/\/printwave.pl\/de\/#website\",\"url\":\"https:\/\/printwave.pl\/de\/\",\"name\":\"Printwave DE\",\"description\":\"\",\"potentialAction\":[{\"@type\":\"SearchAction\",\"target\":{\"@type\":\"EntryPoint\",\"urlTemplate\":\"https:\/\/printwave.pl\/de\/?s={search_term_string}\"},\"query-input\":{\"@type\":\"PropertyValueSpecification\",\"valueRequired\":true,\"valueName\":\"search_term_string\"}}],\"inLanguage\":\"de\"}]}<\/script>\n<!-- \/ Yoast SEO Premium plugin. -->","yoast_head_json":{"title":"Core Recycled Printers Cap | Printwave DE","robots":{"index":"index","follow":"follow","max-snippet":"max-snippet:-1","max-image-preview":"max-image-preview:large","max-video-preview":"max-video-preview:-1"},"canonical":"https:\/\/printwave.pl\/de\/produkt\/core-recycled-printers-cap\/","og_locale":"de_DE","og_type":"article","og_title":"Core Recycled Printers Cap","og_description":"\u00b7210 g\/m\u00b2 \u00b7100% Polyester, recycelt (Twill) \u00b75-teilig \u00b7Nahtlose, verst\u00e4rkte Frontseite \u00b7Vorgeformter, 6-fach gesteppter Schirm \u00b7Gen\u00e4hte Luft\u00f6sen \u00b7Gr\u00f6\u00dfenverstellbar durch Klettverschluss \u00b7Hergestellt","og_url":"https:\/\/printwave.pl\/de\/produkt\/core-recycled-printers-cap\/","og_site_name":"Printwave DE","article_modified_time":"2026-02-27T04:52:15+00:00","og_image":[{"width":1645,"height":297,"url":"https:\/\/printwave.pl\/de\/wp-content\/uploads\/sites\/3\/2025\/03\/Print-Wave-logo-2025.png","type":"image\/png"}],"twitter_card":"summary_large_image","schema":{"@context":"https:\/\/schema.org","@graph":[{"@type":"WebPage","@id":"https:\/\/printwave.pl\/de\/produkt\/core-recycled-printers-cap\/","url":"https:\/\/printwave.pl\/de\/produkt\/core-recycled-printers-cap\/","name":"Core Recycled Printers Cap | Printwave DE","isPartOf":{"@id":"https:\/\/printwave.pl\/de\/#website"},"primaryImageOfPage":{"@id":"https:\/\/printwave.pl\/de\/produkt\/core-recycled-printers-cap\/#primaryimage"},"image":{"@id":"https:\/\/printwave.pl\/de\/produkt\/core-recycled-printers-cap\/#primaryimage"},"thumbnailUrl":"https:\/\/printwave.pl\/de\/wp-content\/uploads\/sites\/3\/2025\/01\/607_33_410_m-2024_01.jpg","datePublished":"2025-01-21T04:45:56+00:00","dateModified":"2026-02-27T04:52:15+00:00","breadcrumb":{"@id":"https:\/\/printwave.pl\/de\/produkt\/core-recycled-printers-cap\/#breadcrumb"},"inLanguage":"de","potentialAction":[{"@type":"ReadAction","target":["https:\/\/printwave.pl\/de\/produkt\/core-recycled-printers-cap\/"]}]},{"@type":"ImageObject","inLanguage":"de","@id":"https:\/\/printwave.pl\/de\/produkt\/core-recycled-printers-cap\/#primaryimage","url":"https:\/\/printwave.pl\/de\/wp-content\/uploads\/sites\/3\/2025\/01\/607_33_410_m-2024_01.jpg","contentUrl":"https:\/\/printwave.pl\/de\/wp-content\/uploads\/sites\/3\/2025\/01\/607_33_410_m-2024_01.jpg","width":1024,"height":1304},{"@type":"BreadcrumbList","@id":"https:\/\/printwave.pl\/de\/produkt\/core-recycled-printers-cap\/#breadcrumb","itemListElement":[{"@type":"ListItem","position":1,"name":"Strona g\u0142\u00f3wna","item":"https:\/\/printwave.pl\/de\/"},{"@type":"ListItem","position":2,"name":"Shop","item":"https:\/\/printwave.pl\/de\/shop\/"},{"@type":"ListItem","position":3,"name":"Core Recycled Printers Cap"}]},{"@type":"WebSite","@id":"https:\/\/printwave.pl\/de\/#website","url":"https:\/\/printwave.pl\/de\/","name":"Printwave DE","description":"","potentialAction":[{"@type":"SearchAction","target":{"@type":"EntryPoint","urlTemplate":"https:\/\/printwave.pl\/de\/?s={search_term_string}"},"query-input":{"@type":"PropertyValueSpecification","valueRequired":true,"valueName":"search_term_string"}}],"inLanguage":"de"}]}},"_links":{"self":[{"href":"https:\/\/printwave.pl\/de\/wp-json\/wp\/v2\/product\/380217","targetHints":{"allow":["GET"]}}],"collection":[{"href":"https:\/\/printwave.pl\/de\/wp-json\/wp\/v2\/product"}],"about":[{"href":"https:\/\/printwave.pl\/de\/wp-json\/wp\/v2\/types\/product"}],"replies":[{"embeddable":true,"href":"https:\/\/printwave.pl\/de\/wp-json\/wp\/v2\/comments?post=380217"}],"wp:featuredmedia":[{"embeddable":true,"href":"https:\/\/printwave.pl\/de\/wp-json\/wp\/v2\/media\/380216"}],"wp:attachment":[{"href":"https:\/\/printwave.pl\/de\/wp-json\/wp\/v2\/media?parent=380217"}],"wp:term":[{"taxonomy":"product_brand","embeddable":true,"href":"https:\/\/printwave.pl\/de\/wp-json\/wp\/v2\/product_brand?post=380217"},{"taxonomy":"product_cat","embeddable":true,"href":"https:\/\/printwave.pl\/de\/wp-json\/wp\/v2\/product_cat?post=380217"},{"taxonomy":"product_tag","embeddable":true,"href":"https:\/\/printwave.pl\/de\/wp-json\/wp\/v2\/product_tag?post=380217"}],"curies":[{"name":"wp","href":"https:\/\/api.w.org\/{rel}","templated":true}]}}