{"id":379328,"date":"2025-01-21T05:15:13","date_gmt":"2025-01-21T04:15:13","guid":{"rendered":"https:\/\/printwave.pl\/de\/produkt\/stafford-drawstring-tote\/"},"modified":"2026-02-27T05:47:08","modified_gmt":"2026-02-27T04:47:08","slug":"stafford-drawstring-tote","status":"publish","type":"product","link":"https:\/\/printwave.pl\/de\/produkt\/stafford-drawstring-tote\/","title":{"rendered":"Stafford Drawstring Tote"},"content":{"rendered":"<p>\u00b7100% Polyester (210D) mit PU-Beschichtung<br \/>\n\u00b7Klassischer Rucksack mit Zugband<br \/>\n\u00b7Verst\u00e4rkte Ecken (r\u00fcckseitig in Black) mit Metall\u00f6sen<br \/>\n\u00b7Robuste Polyester-Tragegriffe<br \/>\n\u00b7Wasserabweisend<br \/>\n\u00b7F\u00fcr Siebdruck, Transferdruck oder Stick geeignet, beidseitig bedruckbar<br \/>\n\u00b7Fassungsverm\u00f6gen: 13 Ltr.<br \/>\n\u00b7Ma\u00dfe: 34 x 44 cm<br \/>\n\u00b7Maximale Veredelung durch runden Stickrahmen (Gr\u00f6\u00dfe 18)<br \/>\n\u00b7Veredelbare Fl\u00e4che: 26 x 32 cm.<\/p>\n","protected":false},"excerpt":{"rendered":"<p>\u00b7100% Polyester (210D) mit PU-Beschichtung \u00b7Klassischer Rucksack mit Zugband \u00b7Verst\u00e4rkte Ecken (r\u00fcckseitig in Black) mit Metall\u00f6sen \u00b7Robuste Polyester-Tragegriffe \u00b7Wasserabweisend \u00b7F\u00fcr<\/p>\n","protected":false},"featured_media":379323,"comment_status":"open","ping_status":"closed","template":"","meta":[],"product_brand":[],"product_cat":[2272,2339],"product_tag":[3379,3330,3287,2304,3331],"class_list":{"0":"post-379328","1":"product","2":"type-product","3":"status-publish","4":"has-post-thumbnail","6":"product_cat-taschen-accessoires","7":"product_cat-topseller","8":"product_tag-messetaschen","9":"product_tag-rucksackbeutel","10":"product_tag-turnbeutel","11":"product_tag-wasserabweisend","12":"product_tag-zugbeutel","13":"pa_brand-shugon","14":"pa_color-black","15":"pa_color-burgundy","16":"pa_color-dark-grey","17":"pa_color-green","18":"pa_color-hot-pink","19":"pa_color-irish-green","20":"pa_color-lagoon","21":"pa_color-light-blue","22":"pa_color-lime","23":"pa_color-navy","24":"pa_color-orange","25":"pa_color-purple","26":"pa_color-red","27":"pa_color-royal","28":"pa_color-silver","29":"pa_color-sky-blue","30":"pa_color-white","31":"pa_color-yellow","32":"pa_fabric-polyester","33":"pa_gender-unisex","34":"pa_product-group-sonstige-taschen","35":"pa_size-one-size","36":"pa_stil-nummer-5819","38":"first","39":"instock","40":"taxable","41":"shipping-taxable","42":"purchasable","43":"product-type-variable"},"yoast_head":"<!-- This site is optimized with the Yoast SEO Premium plugin v20.9 (Yoast SEO v26.3) - https:\/\/yoast.com\/wordpress\/plugins\/seo\/ -->\n<title>Stafford Drawstring Tote | Printwave DE<\/title>\n<meta name=\"robots\" content=\"index, follow, max-snippet:-1, max-image-preview:large, max-video-preview:-1\" \/>\n<link rel=\"canonical\" href=\"https:\/\/printwave.pl\/de\/produkt\/stafford-drawstring-tote\/\" \/>\n<meta property=\"og:locale\" content=\"de_DE\" \/>\n<meta property=\"og:type\" content=\"article\" \/>\n<meta property=\"og:title\" content=\"Stafford Drawstring Tote\" \/>\n<meta property=\"og:description\" content=\"\u00b7100% Polyester (210D) mit PU-Beschichtung \u00b7Klassischer Rucksack mit Zugband \u00b7Verst\u00e4rkte Ecken (r\u00fcckseitig in Black) mit Metall\u00f6sen \u00b7Robuste Polyester-Tragegriffe \u00b7Wasserabweisend \u00b7F\u00fcr\" \/>\n<meta property=\"og:url\" content=\"https:\/\/printwave.pl\/de\/produkt\/stafford-drawstring-tote\/\" \/>\n<meta property=\"og:site_name\" content=\"Printwave DE\" \/>\n<meta property=\"article:modified_time\" content=\"2026-02-27T04:47:08+00:00\" \/>\n<meta property=\"og:image\" content=\"https:\/\/printwave.pl\/de\/wp-content\/uploads\/sites\/3\/2025\/03\/Print-Wave-logo-2025.png\" \/>\n\t<meta property=\"og:image:width\" content=\"1645\" \/>\n\t<meta property=\"og:image:height\" content=\"297\" \/>\n\t<meta property=\"og:image:type\" content=\"image\/png\" \/>\n<meta name=\"twitter:card\" content=\"summary_large_image\" \/>\n<script type=\"application\/ld+json\" class=\"yoast-schema-graph\">{\"@context\":\"https:\/\/schema.org\",\"@graph\":[{\"@type\":\"WebPage\",\"@id\":\"https:\/\/printwave.pl\/de\/produkt\/stafford-drawstring-tote\/\",\"url\":\"https:\/\/printwave.pl\/de\/produkt\/stafford-drawstring-tote\/\",\"name\":\"Stafford Drawstring Tote | Printwave DE\",\"isPartOf\":{\"@id\":\"https:\/\/printwave.pl\/de\/#website\"},\"primaryImageOfPage\":{\"@id\":\"https:\/\/printwave.pl\/de\/produkt\/stafford-drawstring-tote\/#primaryimage\"},\"image\":{\"@id\":\"https:\/\/printwave.pl\/de\/produkt\/stafford-drawstring-tote\/#primaryimage\"},\"thumbnailUrl\":\"https:\/\/printwave.pl\/de\/wp-content\/uploads\/sites\/3\/2025\/01\/619_38_509_m-2019-nc_01.jpg\",\"datePublished\":\"2025-01-21T04:15:13+00:00\",\"dateModified\":\"2026-02-27T04:47:08+00:00\",\"breadcrumb\":{\"@id\":\"https:\/\/printwave.pl\/de\/produkt\/stafford-drawstring-tote\/#breadcrumb\"},\"inLanguage\":\"de\",\"potentialAction\":[{\"@type\":\"ReadAction\",\"target\":[\"https:\/\/printwave.pl\/de\/produkt\/stafford-drawstring-tote\/\"]}]},{\"@type\":\"ImageObject\",\"inLanguage\":\"de\",\"@id\":\"https:\/\/printwave.pl\/de\/produkt\/stafford-drawstring-tote\/#primaryimage\",\"url\":\"https:\/\/printwave.pl\/de\/wp-content\/uploads\/sites\/3\/2025\/01\/619_38_509_m-2019-nc_01.jpg\",\"contentUrl\":\"https:\/\/printwave.pl\/de\/wp-content\/uploads\/sites\/3\/2025\/01\/619_38_509_m-2019-nc_01.jpg\",\"width\":1024,\"height\":1304},{\"@type\":\"BreadcrumbList\",\"@id\":\"https:\/\/printwave.pl\/de\/produkt\/stafford-drawstring-tote\/#breadcrumb\",\"itemListElement\":[{\"@type\":\"ListItem\",\"position\":1,\"name\":\"Strona g\u0142\u00f3wna\",\"item\":\"https:\/\/printwave.pl\/de\/\"},{\"@type\":\"ListItem\",\"position\":2,\"name\":\"Shop\",\"item\":\"https:\/\/printwave.pl\/de\/shop\/\"},{\"@type\":\"ListItem\",\"position\":3,\"name\":\"Stafford Drawstring Tote\"}]},{\"@type\":\"WebSite\",\"@id\":\"https:\/\/printwave.pl\/de\/#website\",\"url\":\"https:\/\/printwave.pl\/de\/\",\"name\":\"Printwave DE\",\"description\":\"\",\"potentialAction\":[{\"@type\":\"SearchAction\",\"target\":{\"@type\":\"EntryPoint\",\"urlTemplate\":\"https:\/\/printwave.pl\/de\/?s={search_term_string}\"},\"query-input\":{\"@type\":\"PropertyValueSpecification\",\"valueRequired\":true,\"valueName\":\"search_term_string\"}}],\"inLanguage\":\"de\"}]}<\/script>\n<!-- \/ Yoast SEO Premium plugin. -->","yoast_head_json":{"title":"Stafford Drawstring Tote | Printwave DE","robots":{"index":"index","follow":"follow","max-snippet":"max-snippet:-1","max-image-preview":"max-image-preview:large","max-video-preview":"max-video-preview:-1"},"canonical":"https:\/\/printwave.pl\/de\/produkt\/stafford-drawstring-tote\/","og_locale":"de_DE","og_type":"article","og_title":"Stafford Drawstring Tote","og_description":"\u00b7100% Polyester (210D) mit PU-Beschichtung \u00b7Klassischer Rucksack mit Zugband \u00b7Verst\u00e4rkte Ecken (r\u00fcckseitig in Black) mit Metall\u00f6sen \u00b7Robuste Polyester-Tragegriffe \u00b7Wasserabweisend \u00b7F\u00fcr","og_url":"https:\/\/printwave.pl\/de\/produkt\/stafford-drawstring-tote\/","og_site_name":"Printwave DE","article_modified_time":"2026-02-27T04:47:08+00:00","og_image":[{"width":1645,"height":297,"url":"https:\/\/printwave.pl\/de\/wp-content\/uploads\/sites\/3\/2025\/03\/Print-Wave-logo-2025.png","type":"image\/png"}],"twitter_card":"summary_large_image","schema":{"@context":"https:\/\/schema.org","@graph":[{"@type":"WebPage","@id":"https:\/\/printwave.pl\/de\/produkt\/stafford-drawstring-tote\/","url":"https:\/\/printwave.pl\/de\/produkt\/stafford-drawstring-tote\/","name":"Stafford Drawstring Tote | Printwave DE","isPartOf":{"@id":"https:\/\/printwave.pl\/de\/#website"},"primaryImageOfPage":{"@id":"https:\/\/printwave.pl\/de\/produkt\/stafford-drawstring-tote\/#primaryimage"},"image":{"@id":"https:\/\/printwave.pl\/de\/produkt\/stafford-drawstring-tote\/#primaryimage"},"thumbnailUrl":"https:\/\/printwave.pl\/de\/wp-content\/uploads\/sites\/3\/2025\/01\/619_38_509_m-2019-nc_01.jpg","datePublished":"2025-01-21T04:15:13+00:00","dateModified":"2026-02-27T04:47:08+00:00","breadcrumb":{"@id":"https:\/\/printwave.pl\/de\/produkt\/stafford-drawstring-tote\/#breadcrumb"},"inLanguage":"de","potentialAction":[{"@type":"ReadAction","target":["https:\/\/printwave.pl\/de\/produkt\/stafford-drawstring-tote\/"]}]},{"@type":"ImageObject","inLanguage":"de","@id":"https:\/\/printwave.pl\/de\/produkt\/stafford-drawstring-tote\/#primaryimage","url":"https:\/\/printwave.pl\/de\/wp-content\/uploads\/sites\/3\/2025\/01\/619_38_509_m-2019-nc_01.jpg","contentUrl":"https:\/\/printwave.pl\/de\/wp-content\/uploads\/sites\/3\/2025\/01\/619_38_509_m-2019-nc_01.jpg","width":1024,"height":1304},{"@type":"BreadcrumbList","@id":"https:\/\/printwave.pl\/de\/produkt\/stafford-drawstring-tote\/#breadcrumb","itemListElement":[{"@type":"ListItem","position":1,"name":"Strona g\u0142\u00f3wna","item":"https:\/\/printwave.pl\/de\/"},{"@type":"ListItem","position":2,"name":"Shop","item":"https:\/\/printwave.pl\/de\/shop\/"},{"@type":"ListItem","position":3,"name":"Stafford Drawstring Tote"}]},{"@type":"WebSite","@id":"https:\/\/printwave.pl\/de\/#website","url":"https:\/\/printwave.pl\/de\/","name":"Printwave DE","description":"","potentialAction":[{"@type":"SearchAction","target":{"@type":"EntryPoint","urlTemplate":"https:\/\/printwave.pl\/de\/?s={search_term_string}"},"query-input":{"@type":"PropertyValueSpecification","valueRequired":true,"valueName":"search_term_string"}}],"inLanguage":"de"}]}},"_links":{"self":[{"href":"https:\/\/printwave.pl\/de\/wp-json\/wp\/v2\/product\/379328","targetHints":{"allow":["GET"]}}],"collection":[{"href":"https:\/\/printwave.pl\/de\/wp-json\/wp\/v2\/product"}],"about":[{"href":"https:\/\/printwave.pl\/de\/wp-json\/wp\/v2\/types\/product"}],"replies":[{"embeddable":true,"href":"https:\/\/printwave.pl\/de\/wp-json\/wp\/v2\/comments?post=379328"}],"wp:featuredmedia":[{"embeddable":true,"href":"https:\/\/printwave.pl\/de\/wp-json\/wp\/v2\/media\/379323"}],"wp:attachment":[{"href":"https:\/\/printwave.pl\/de\/wp-json\/wp\/v2\/media?parent=379328"}],"wp:term":[{"taxonomy":"product_brand","embeddable":true,"href":"https:\/\/printwave.pl\/de\/wp-json\/wp\/v2\/product_brand?post=379328"},{"taxonomy":"product_cat","embeddable":true,"href":"https:\/\/printwave.pl\/de\/wp-json\/wp\/v2\/product_cat?post=379328"},{"taxonomy":"product_tag","embeddable":true,"href":"https:\/\/printwave.pl\/de\/wp-json\/wp\/v2\/product_tag?post=379328"}],"curies":[{"name":"wp","href":"https:\/\/api.w.org\/{rel}","templated":true}]}}