{"id":378592,"date":"2025-01-21T04:48:33","date_gmt":"2025-01-21T03:48:33","guid":{"rendered":"https:\/\/printwave.pl\/de\/produkt\/freiburg-laptop-backpack\/"},"modified":"2026-02-27T05:43:21","modified_gmt":"2026-02-27T04:43:21","slug":"freiburg-laptop-backpack","status":"publish","type":"product","link":"https:\/\/printwave.pl\/de\/produkt\/freiburg-laptop-backpack\/","title":{"rendered":"Freiburg Laptop Backpack"},"content":{"rendered":"<p>\u00b7100% Polyester (600D\/600D Ripstop)<br \/>\n\u00b7Sportlicher Laptop Rucksack<br \/>\n\u00b7Gepolstertes Laptop-Fach mit Zip, passend f\u00fcr nahezu alle Laptops bis 15,6&#8243;<br \/>\n\u00b7Fronttasche mit Utensilienfach und Zip<br \/>\n\u00b7Kleine Tasche vorne mit Zip<br \/>\n\u00b7Kleine \u00d6ffnung um Kopfh\u00f6rer von innen nach au\u00dfen zu f\u00fchren<br \/>\n\u00b72 Netztaschen au\u00dfen<br \/>\n\u00b7Gewebter Tragegriff<br \/>\n\u00b7Verstellbare, gepolsterte Schultergurte<br \/>\n\u00b7F\u00fcr Siebdruck, Transferdruck und Bestickung geeignet<br \/>\n\u00b7Gesamtgewicht: 550 g<br \/>\n\u00b7Fassungsverm\u00f6gen: 30 Ltr.<br \/>\n\u00b7Ma\u00dfe: 31 x 48 x 25 cm<br \/>\n\u00b7Veredelbare Fl\u00e4che: 10 x 15 cm.<\/p>\n","protected":false},"excerpt":{"rendered":"<p>\u00b7100% Polyester (600D\/600D Ripstop) \u00b7Sportlicher Laptop Rucksack \u00b7Gepolstertes Laptop-Fach mit Zip, passend f\u00fcr nahezu alle Laptops bis 15,6&#8243; \u00b7Fronttasche mit<\/p>\n","protected":false},"featured_media":378591,"comment_status":"open","ping_status":"closed","template":"","meta":[],"product_brand":[],"product_cat":[2272],"product_tag":[2673,3322,3323,2678],"class_list":{"0":"post-378592","1":"product","2":"type-product","3":"status-publish","4":"has-post-thumbnail","6":"product_cat-taschen-accessoires","7":"product_tag-2-farbig","8":"product_tag-laptoprucksaecke","9":"product_tag-rucksaecke","10":"product_tag-zweifarbig","11":"pa_brand-shugon","12":"pa_color-black","13":"pa_fabric-polyester","14":"pa_gender-unisex","15":"pa_product-group-buerotaschen","16":"pa_product-group-media-kompatibel","17":"pa_product-group-rucksaecke","18":"pa_size-one-size","19":"pa_stil-nummer-5764","21":"first","22":"instock","23":"taxable","24":"shipping-taxable","25":"purchasable","26":"product-type-variable"},"yoast_head":"<!-- This site is optimized with the Yoast SEO Premium plugin v20.9 (Yoast SEO v26.3) - https:\/\/yoast.com\/wordpress\/plugins\/seo\/ -->\n<title>Freiburg Laptop Backpack | Printwave DE<\/title>\n<meta name=\"robots\" content=\"index, follow, max-snippet:-1, max-image-preview:large, max-video-preview:-1\" \/>\n<link rel=\"canonical\" href=\"https:\/\/printwave.pl\/de\/produkt\/freiburg-laptop-backpack\/\" \/>\n<meta property=\"og:locale\" content=\"de_DE\" \/>\n<meta property=\"og:type\" content=\"article\" \/>\n<meta property=\"og:title\" content=\"Freiburg Laptop Backpack\" \/>\n<meta property=\"og:description\" content=\"\u00b7100% Polyester (600D\/600D Ripstop) \u00b7Sportlicher Laptop Rucksack \u00b7Gepolstertes Laptop-Fach mit Zip, passend f\u00fcr nahezu alle Laptops bis 15,6&#8243; \u00b7Fronttasche mit\" \/>\n<meta property=\"og:url\" content=\"https:\/\/printwave.pl\/de\/produkt\/freiburg-laptop-backpack\/\" \/>\n<meta property=\"og:site_name\" content=\"Printwave DE\" \/>\n<meta property=\"article:modified_time\" content=\"2026-02-27T04:43:21+00:00\" \/>\n<meta property=\"og:image\" content=\"https:\/\/printwave.pl\/de\/wp-content\/uploads\/sites\/3\/2025\/01\/634_38_101_m-2015_01.jpg\" \/>\n\t<meta property=\"og:image:width\" content=\"1024\" \/>\n\t<meta property=\"og:image:height\" content=\"1304\" \/>\n\t<meta property=\"og:image:type\" content=\"image\/jpeg\" \/>\n<meta name=\"twitter:card\" content=\"summary_large_image\" \/>\n<script type=\"application\/ld+json\" class=\"yoast-schema-graph\">{\"@context\":\"https:\/\/schema.org\",\"@graph\":[{\"@type\":\"WebPage\",\"@id\":\"https:\/\/printwave.pl\/de\/produkt\/freiburg-laptop-backpack\/\",\"url\":\"https:\/\/printwave.pl\/de\/produkt\/freiburg-laptop-backpack\/\",\"name\":\"Freiburg Laptop Backpack | Printwave DE\",\"isPartOf\":{\"@id\":\"https:\/\/printwave.pl\/de\/#website\"},\"primaryImageOfPage\":{\"@id\":\"https:\/\/printwave.pl\/de\/produkt\/freiburg-laptop-backpack\/#primaryimage\"},\"image\":{\"@id\":\"https:\/\/printwave.pl\/de\/produkt\/freiburg-laptop-backpack\/#primaryimage\"},\"thumbnailUrl\":\"https:\/\/printwave.pl\/de\/wp-content\/uploads\/sites\/3\/2025\/01\/634_38_101_m-2015_01.jpg\",\"datePublished\":\"2025-01-21T03:48:33+00:00\",\"dateModified\":\"2026-02-27T04:43:21+00:00\",\"breadcrumb\":{\"@id\":\"https:\/\/printwave.pl\/de\/produkt\/freiburg-laptop-backpack\/#breadcrumb\"},\"inLanguage\":\"de\",\"potentialAction\":[{\"@type\":\"ReadAction\",\"target\":[\"https:\/\/printwave.pl\/de\/produkt\/freiburg-laptop-backpack\/\"]}]},{\"@type\":\"ImageObject\",\"inLanguage\":\"de\",\"@id\":\"https:\/\/printwave.pl\/de\/produkt\/freiburg-laptop-backpack\/#primaryimage\",\"url\":\"https:\/\/printwave.pl\/de\/wp-content\/uploads\/sites\/3\/2025\/01\/634_38_101_m-2015_01.jpg\",\"contentUrl\":\"https:\/\/printwave.pl\/de\/wp-content\/uploads\/sites\/3\/2025\/01\/634_38_101_m-2015_01.jpg\",\"width\":1024,\"height\":1304},{\"@type\":\"BreadcrumbList\",\"@id\":\"https:\/\/printwave.pl\/de\/produkt\/freiburg-laptop-backpack\/#breadcrumb\",\"itemListElement\":[{\"@type\":\"ListItem\",\"position\":1,\"name\":\"Strona g\u0142\u00f3wna\",\"item\":\"https:\/\/printwave.pl\/de\/\"},{\"@type\":\"ListItem\",\"position\":2,\"name\":\"Shop\",\"item\":\"https:\/\/printwave.pl\/de\/shop\/\"},{\"@type\":\"ListItem\",\"position\":3,\"name\":\"Freiburg Laptop Backpack\"}]},{\"@type\":\"WebSite\",\"@id\":\"https:\/\/printwave.pl\/de\/#website\",\"url\":\"https:\/\/printwave.pl\/de\/\",\"name\":\"Printwave DE\",\"description\":\"\",\"potentialAction\":[{\"@type\":\"SearchAction\",\"target\":{\"@type\":\"EntryPoint\",\"urlTemplate\":\"https:\/\/printwave.pl\/de\/?s={search_term_string}\"},\"query-input\":{\"@type\":\"PropertyValueSpecification\",\"valueRequired\":true,\"valueName\":\"search_term_string\"}}],\"inLanguage\":\"de\"}]}<\/script>\n<!-- \/ Yoast SEO Premium plugin. -->","yoast_head_json":{"title":"Freiburg Laptop Backpack | Printwave DE","robots":{"index":"index","follow":"follow","max-snippet":"max-snippet:-1","max-image-preview":"max-image-preview:large","max-video-preview":"max-video-preview:-1"},"canonical":"https:\/\/printwave.pl\/de\/produkt\/freiburg-laptop-backpack\/","og_locale":"de_DE","og_type":"article","og_title":"Freiburg Laptop Backpack","og_description":"\u00b7100% Polyester (600D\/600D Ripstop) \u00b7Sportlicher Laptop Rucksack \u00b7Gepolstertes Laptop-Fach mit Zip, passend f\u00fcr nahezu alle Laptops bis 15,6&#8243; \u00b7Fronttasche mit","og_url":"https:\/\/printwave.pl\/de\/produkt\/freiburg-laptop-backpack\/","og_site_name":"Printwave DE","article_modified_time":"2026-02-27T04:43:21+00:00","og_image":[{"width":1024,"height":1304,"url":"https:\/\/printwave.pl\/de\/wp-content\/uploads\/sites\/3\/2025\/01\/634_38_101_m-2015_01.jpg","type":"image\/jpeg"}],"twitter_card":"summary_large_image","schema":{"@context":"https:\/\/schema.org","@graph":[{"@type":"WebPage","@id":"https:\/\/printwave.pl\/de\/produkt\/freiburg-laptop-backpack\/","url":"https:\/\/printwave.pl\/de\/produkt\/freiburg-laptop-backpack\/","name":"Freiburg Laptop Backpack | Printwave DE","isPartOf":{"@id":"https:\/\/printwave.pl\/de\/#website"},"primaryImageOfPage":{"@id":"https:\/\/printwave.pl\/de\/produkt\/freiburg-laptop-backpack\/#primaryimage"},"image":{"@id":"https:\/\/printwave.pl\/de\/produkt\/freiburg-laptop-backpack\/#primaryimage"},"thumbnailUrl":"https:\/\/printwave.pl\/de\/wp-content\/uploads\/sites\/3\/2025\/01\/634_38_101_m-2015_01.jpg","datePublished":"2025-01-21T03:48:33+00:00","dateModified":"2026-02-27T04:43:21+00:00","breadcrumb":{"@id":"https:\/\/printwave.pl\/de\/produkt\/freiburg-laptop-backpack\/#breadcrumb"},"inLanguage":"de","potentialAction":[{"@type":"ReadAction","target":["https:\/\/printwave.pl\/de\/produkt\/freiburg-laptop-backpack\/"]}]},{"@type":"ImageObject","inLanguage":"de","@id":"https:\/\/printwave.pl\/de\/produkt\/freiburg-laptop-backpack\/#primaryimage","url":"https:\/\/printwave.pl\/de\/wp-content\/uploads\/sites\/3\/2025\/01\/634_38_101_m-2015_01.jpg","contentUrl":"https:\/\/printwave.pl\/de\/wp-content\/uploads\/sites\/3\/2025\/01\/634_38_101_m-2015_01.jpg","width":1024,"height":1304},{"@type":"BreadcrumbList","@id":"https:\/\/printwave.pl\/de\/produkt\/freiburg-laptop-backpack\/#breadcrumb","itemListElement":[{"@type":"ListItem","position":1,"name":"Strona g\u0142\u00f3wna","item":"https:\/\/printwave.pl\/de\/"},{"@type":"ListItem","position":2,"name":"Shop","item":"https:\/\/printwave.pl\/de\/shop\/"},{"@type":"ListItem","position":3,"name":"Freiburg Laptop Backpack"}]},{"@type":"WebSite","@id":"https:\/\/printwave.pl\/de\/#website","url":"https:\/\/printwave.pl\/de\/","name":"Printwave DE","description":"","potentialAction":[{"@type":"SearchAction","target":{"@type":"EntryPoint","urlTemplate":"https:\/\/printwave.pl\/de\/?s={search_term_string}"},"query-input":{"@type":"PropertyValueSpecification","valueRequired":true,"valueName":"search_term_string"}}],"inLanguage":"de"}]}},"_links":{"self":[{"href":"https:\/\/printwave.pl\/de\/wp-json\/wp\/v2\/product\/378592","targetHints":{"allow":["GET"]}}],"collection":[{"href":"https:\/\/printwave.pl\/de\/wp-json\/wp\/v2\/product"}],"about":[{"href":"https:\/\/printwave.pl\/de\/wp-json\/wp\/v2\/types\/product"}],"replies":[{"embeddable":true,"href":"https:\/\/printwave.pl\/de\/wp-json\/wp\/v2\/comments?post=378592"}],"wp:featuredmedia":[{"embeddable":true,"href":"https:\/\/printwave.pl\/de\/wp-json\/wp\/v2\/media\/378591"}],"wp:attachment":[{"href":"https:\/\/printwave.pl\/de\/wp-json\/wp\/v2\/media?parent=378592"}],"wp:term":[{"taxonomy":"product_brand","embeddable":true,"href":"https:\/\/printwave.pl\/de\/wp-json\/wp\/v2\/product_brand?post=378592"},{"taxonomy":"product_cat","embeddable":true,"href":"https:\/\/printwave.pl\/de\/wp-json\/wp\/v2\/product_cat?post=378592"},{"taxonomy":"product_tag","embeddable":true,"href":"https:\/\/printwave.pl\/de\/wp-json\/wp\/v2\/product_tag?post=378592"}],"curies":[{"name":"wp","href":"https:\/\/api.w.org\/{rel}","templated":true}]}}