{"id":378397,"date":"2025-01-21T04:42:09","date_gmt":"2025-01-21T03:42:09","guid":{"rendered":"https:\/\/printwave.pl\/de\/produkt\/canvas-messenger\/"},"modified":"2026-02-27T05:42:32","modified_gmt":"2026-02-27T04:42:32","slug":"canvas-messenger","status":"publish","type":"product","link":"https:\/\/printwave.pl\/de\/produkt\/canvas-messenger\/","title":{"rendered":"Canvas Messenger"},"content":{"rendered":"<p>\u00b7340 g\/m\u00b2<br \/>\n\u00b7100% Baumwolle (Canvas)<br \/>\n\u00b7Nur lauwarme Handw\u00e4sche<br \/>\n\u00b7St\u00fcckweise gef\u00e4rbt und gewaschen (jede Tasche ist ein Einzelst\u00fcck)<br \/>\n\u00b7L\u00e4nge Schultergurt: ca. 95 cm<br \/>\n\u00b7Messing farbener Druckknopf unter Lasche<br \/>\n\u00b7N\u00e4hte in Kontrastfarbe<br \/>\n\u00b7Ma\u00dfe: 37 x 30 x 9 cm<br \/>\n\u00b7Maximale Druckfl\u00e4che: 28 x 15 cm<br \/>\n\u00b7Geeignet f\u00fcr Stick, Sieb- und Tranfers- und Digitaldruck.<\/p>\n","protected":false},"excerpt":{"rendered":"<p>\u00b7340 g\/m\u00b2 \u00b7100% Baumwolle (Canvas) \u00b7Nur lauwarme Handw\u00e4sche \u00b7St\u00fcckweise gef\u00e4rbt und gewaschen (jede Tasche ist ein Einzelst\u00fcck) \u00b7L\u00e4nge Schultergurt: ca.<\/p>\n","protected":false},"featured_media":378392,"comment_status":"open","ping_status":"closed","template":"","meta":[],"product_brand":[],"product_cat":[2272],"product_tag":[],"class_list":{"0":"post-378397","1":"product","2":"type-product","3":"status-publish","4":"has-post-thumbnail","6":"product_cat-taschen-accessoires","7":"pa_brand-sg-accessories-bags-ex-jassz-bags","8":"pa_certificates-oeko-tex-step","9":"pa_color-autumn-maple","10":"pa_color-denim","11":"pa_color-neutral-grey","12":"pa_color-pepper","13":"pa_details-modische-tasche","14":"pa_fabric-baumwolle","15":"pa_gender-unisex","16":"pa_product-group-sonstige-taschen","17":"pa_product-group-umhaengetaschen","18":"pa_size-one-size","19":"pa_stil-nummer-5750","20":"pa_weight-ab-220-g-m","22":"first","23":"instock","24":"taxable","25":"shipping-taxable","26":"purchasable","27":"product-type-variable"},"yoast_head":"<!-- This site is optimized with the Yoast SEO Premium plugin v20.9 (Yoast SEO v26.3) - https:\/\/yoast.com\/wordpress\/plugins\/seo\/ -->\n<title>Canvas Messenger | Printwave DE<\/title>\n<meta name=\"robots\" content=\"index, follow, max-snippet:-1, max-image-preview:large, max-video-preview:-1\" \/>\n<link rel=\"canonical\" href=\"https:\/\/printwave.pl\/de\/produkt\/canvas-messenger\/\" \/>\n<meta property=\"og:locale\" content=\"de_DE\" \/>\n<meta property=\"og:type\" content=\"article\" \/>\n<meta property=\"og:title\" content=\"Canvas Messenger\" \/>\n<meta property=\"og:description\" content=\"\u00b7340 g\/m\u00b2 \u00b7100% Baumwolle (Canvas) \u00b7Nur lauwarme Handw\u00e4sche \u00b7St\u00fcckweise gef\u00e4rbt und gewaschen (jede Tasche ist ein Einzelst\u00fcck) \u00b7L\u00e4nge Schultergurt: ca.\" \/>\n<meta property=\"og:url\" content=\"https:\/\/printwave.pl\/de\/produkt\/canvas-messenger\/\" \/>\n<meta property=\"og:site_name\" content=\"Printwave DE\" \/>\n<meta property=\"article:modified_time\" content=\"2026-02-27T04:42:32+00:00\" \/>\n<meta property=\"og:image\" content=\"https:\/\/printwave.pl\/de\/wp-content\/uploads\/sites\/3\/2025\/01\/637_57_119_m-2023_02.jpg\" \/>\n\t<meta property=\"og:image:width\" content=\"1024\" \/>\n\t<meta property=\"og:image:height\" content=\"1304\" \/>\n\t<meta property=\"og:image:type\" content=\"image\/jpeg\" \/>\n<meta name=\"twitter:card\" content=\"summary_large_image\" \/>\n<script type=\"application\/ld+json\" class=\"yoast-schema-graph\">{\"@context\":\"https:\/\/schema.org\",\"@graph\":[{\"@type\":\"WebPage\",\"@id\":\"https:\/\/printwave.pl\/de\/produkt\/canvas-messenger\/\",\"url\":\"https:\/\/printwave.pl\/de\/produkt\/canvas-messenger\/\",\"name\":\"Canvas Messenger | Printwave DE\",\"isPartOf\":{\"@id\":\"https:\/\/printwave.pl\/de\/#website\"},\"primaryImageOfPage\":{\"@id\":\"https:\/\/printwave.pl\/de\/produkt\/canvas-messenger\/#primaryimage\"},\"image\":{\"@id\":\"https:\/\/printwave.pl\/de\/produkt\/canvas-messenger\/#primaryimage\"},\"thumbnailUrl\":\"https:\/\/printwave.pl\/de\/wp-content\/uploads\/sites\/3\/2025\/01\/637_57_119_m-2023_02.jpg\",\"datePublished\":\"2025-01-21T03:42:09+00:00\",\"dateModified\":\"2026-02-27T04:42:32+00:00\",\"breadcrumb\":{\"@id\":\"https:\/\/printwave.pl\/de\/produkt\/canvas-messenger\/#breadcrumb\"},\"inLanguage\":\"de\",\"potentialAction\":[{\"@type\":\"ReadAction\",\"target\":[\"https:\/\/printwave.pl\/de\/produkt\/canvas-messenger\/\"]}]},{\"@type\":\"ImageObject\",\"inLanguage\":\"de\",\"@id\":\"https:\/\/printwave.pl\/de\/produkt\/canvas-messenger\/#primaryimage\",\"url\":\"https:\/\/printwave.pl\/de\/wp-content\/uploads\/sites\/3\/2025\/01\/637_57_119_m-2023_02.jpg\",\"contentUrl\":\"https:\/\/printwave.pl\/de\/wp-content\/uploads\/sites\/3\/2025\/01\/637_57_119_m-2023_02.jpg\",\"width\":1024,\"height\":1304},{\"@type\":\"BreadcrumbList\",\"@id\":\"https:\/\/printwave.pl\/de\/produkt\/canvas-messenger\/#breadcrumb\",\"itemListElement\":[{\"@type\":\"ListItem\",\"position\":1,\"name\":\"Strona g\u0142\u00f3wna\",\"item\":\"https:\/\/printwave.pl\/de\/\"},{\"@type\":\"ListItem\",\"position\":2,\"name\":\"Shop\",\"item\":\"https:\/\/printwave.pl\/de\/shop\/\"},{\"@type\":\"ListItem\",\"position\":3,\"name\":\"Canvas Messenger\"}]},{\"@type\":\"WebSite\",\"@id\":\"https:\/\/printwave.pl\/de\/#website\",\"url\":\"https:\/\/printwave.pl\/de\/\",\"name\":\"Printwave DE\",\"description\":\"\",\"potentialAction\":[{\"@type\":\"SearchAction\",\"target\":{\"@type\":\"EntryPoint\",\"urlTemplate\":\"https:\/\/printwave.pl\/de\/?s={search_term_string}\"},\"query-input\":{\"@type\":\"PropertyValueSpecification\",\"valueRequired\":true,\"valueName\":\"search_term_string\"}}],\"inLanguage\":\"de\"}]}<\/script>\n<!-- \/ Yoast SEO Premium plugin. -->","yoast_head_json":{"title":"Canvas Messenger | Printwave DE","robots":{"index":"index","follow":"follow","max-snippet":"max-snippet:-1","max-image-preview":"max-image-preview:large","max-video-preview":"max-video-preview:-1"},"canonical":"https:\/\/printwave.pl\/de\/produkt\/canvas-messenger\/","og_locale":"de_DE","og_type":"article","og_title":"Canvas Messenger","og_description":"\u00b7340 g\/m\u00b2 \u00b7100% Baumwolle (Canvas) \u00b7Nur lauwarme Handw\u00e4sche \u00b7St\u00fcckweise gef\u00e4rbt und gewaschen (jede Tasche ist ein Einzelst\u00fcck) \u00b7L\u00e4nge Schultergurt: ca.","og_url":"https:\/\/printwave.pl\/de\/produkt\/canvas-messenger\/","og_site_name":"Printwave DE","article_modified_time":"2026-02-27T04:42:32+00:00","og_image":[{"width":1024,"height":1304,"url":"https:\/\/printwave.pl\/de\/wp-content\/uploads\/sites\/3\/2025\/01\/637_57_119_m-2023_02.jpg","type":"image\/jpeg"}],"twitter_card":"summary_large_image","schema":{"@context":"https:\/\/schema.org","@graph":[{"@type":"WebPage","@id":"https:\/\/printwave.pl\/de\/produkt\/canvas-messenger\/","url":"https:\/\/printwave.pl\/de\/produkt\/canvas-messenger\/","name":"Canvas Messenger | Printwave DE","isPartOf":{"@id":"https:\/\/printwave.pl\/de\/#website"},"primaryImageOfPage":{"@id":"https:\/\/printwave.pl\/de\/produkt\/canvas-messenger\/#primaryimage"},"image":{"@id":"https:\/\/printwave.pl\/de\/produkt\/canvas-messenger\/#primaryimage"},"thumbnailUrl":"https:\/\/printwave.pl\/de\/wp-content\/uploads\/sites\/3\/2025\/01\/637_57_119_m-2023_02.jpg","datePublished":"2025-01-21T03:42:09+00:00","dateModified":"2026-02-27T04:42:32+00:00","breadcrumb":{"@id":"https:\/\/printwave.pl\/de\/produkt\/canvas-messenger\/#breadcrumb"},"inLanguage":"de","potentialAction":[{"@type":"ReadAction","target":["https:\/\/printwave.pl\/de\/produkt\/canvas-messenger\/"]}]},{"@type":"ImageObject","inLanguage":"de","@id":"https:\/\/printwave.pl\/de\/produkt\/canvas-messenger\/#primaryimage","url":"https:\/\/printwave.pl\/de\/wp-content\/uploads\/sites\/3\/2025\/01\/637_57_119_m-2023_02.jpg","contentUrl":"https:\/\/printwave.pl\/de\/wp-content\/uploads\/sites\/3\/2025\/01\/637_57_119_m-2023_02.jpg","width":1024,"height":1304},{"@type":"BreadcrumbList","@id":"https:\/\/printwave.pl\/de\/produkt\/canvas-messenger\/#breadcrumb","itemListElement":[{"@type":"ListItem","position":1,"name":"Strona g\u0142\u00f3wna","item":"https:\/\/printwave.pl\/de\/"},{"@type":"ListItem","position":2,"name":"Shop","item":"https:\/\/printwave.pl\/de\/shop\/"},{"@type":"ListItem","position":3,"name":"Canvas Messenger"}]},{"@type":"WebSite","@id":"https:\/\/printwave.pl\/de\/#website","url":"https:\/\/printwave.pl\/de\/","name":"Printwave DE","description":"","potentialAction":[{"@type":"SearchAction","target":{"@type":"EntryPoint","urlTemplate":"https:\/\/printwave.pl\/de\/?s={search_term_string}"},"query-input":{"@type":"PropertyValueSpecification","valueRequired":true,"valueName":"search_term_string"}}],"inLanguage":"de"}]}},"_links":{"self":[{"href":"https:\/\/printwave.pl\/de\/wp-json\/wp\/v2\/product\/378397","targetHints":{"allow":["GET"]}}],"collection":[{"href":"https:\/\/printwave.pl\/de\/wp-json\/wp\/v2\/product"}],"about":[{"href":"https:\/\/printwave.pl\/de\/wp-json\/wp\/v2\/types\/product"}],"replies":[{"embeddable":true,"href":"https:\/\/printwave.pl\/de\/wp-json\/wp\/v2\/comments?post=378397"}],"wp:featuredmedia":[{"embeddable":true,"href":"https:\/\/printwave.pl\/de\/wp-json\/wp\/v2\/media\/378392"}],"wp:attachment":[{"href":"https:\/\/printwave.pl\/de\/wp-json\/wp\/v2\/media?parent=378397"}],"wp:term":[{"taxonomy":"product_brand","embeddable":true,"href":"https:\/\/printwave.pl\/de\/wp-json\/wp\/v2\/product_brand?post=378397"},{"taxonomy":"product_cat","embeddable":true,"href":"https:\/\/printwave.pl\/de\/wp-json\/wp\/v2\/product_cat?post=378397"},{"taxonomy":"product_tag","embeddable":true,"href":"https:\/\/printwave.pl\/de\/wp-json\/wp\/v2\/product_tag?post=378397"}],"curies":[{"name":"wp","href":"https:\/\/api.w.org\/{rel}","templated":true}]}}