{"id":378127,"date":"2025-01-21T04:32:53","date_gmt":"2025-01-21T03:32:53","guid":{"rendered":"https:\/\/printwave.pl\/de\/produkt\/athleisure-holdall\/"},"modified":"2026-02-27T05:41:10","modified_gmt":"2026-02-27T04:41:10","slug":"athleisure-holdall","status":"publish","type":"product","link":"https:\/\/printwave.pl\/de\/produkt\/athleisure-holdall\/","title":{"rendered":"Athleisure Holdall"},"content":{"rendered":"<p>\u00b7100% Polyester (600D\/420D)<br \/>\n\u00b7Abnehmbarer, verstellbarer und gepolsterter Schultergurt<br \/>\n\u00b7Schuhfach<br \/>\n\u00b7Wasserdichtes Fach<br \/>\n\u00b7Innentasche f\u00fcr Wertsachen<br \/>\n\u00b7Netztaschen au\u00dfen<br \/>\n\u00b7Zip-Taschen an den Enden<br \/>\n\u00b7Sch\u00fctzende F\u00fc\u00dfe<br \/>\n\u00b7Bel\u00fcftungs\u00f6sen aus Metall<br \/>\n\u00b7Fassungsverm\u00f6gen: 30 Ltr.<br \/>\n\u00b7Ma\u00dfe: 54 x 29 x 26 cm<br \/>\n\u00b7Max. Fl\u00e4che f\u00fcr Stick: rechteckiger Stickrahmen (vorne und End-Taschen: Gr\u00f6\u00dfe 18)<br \/>\n\u00b7Max. Fl\u00e4che f\u00fcr Druck: 20 x 13 cm (vorne), 17 x 15 cm (End-Taschen).<\/p>\n","protected":false},"excerpt":{"rendered":"<p>\u00b7100% Polyester (600D\/420D) \u00b7Abnehmbarer, verstellbarer und gepolsterter Schultergurt \u00b7Schuhfach \u00b7Wasserdichtes Fach \u00b7Innentasche f\u00fcr Wertsachen \u00b7Netztaschen au\u00dfen \u00b7Zip-Taschen an den Enden<\/p>\n","protected":false},"featured_media":378118,"comment_status":"open","ping_status":"closed","template":"","meta":[],"product_brand":[],"product_cat":[2272],"product_tag":[3254,3257,2304,2305],"class_list":{"0":"post-378127","1":"product","2":"type-product","3":"status-publish","4":"has-post-thumbnail","6":"product_cat-taschen-accessoires","7":"product_tag-reisetaschen","8":"product_tag-umhaengetaschen","9":"product_tag-wasserabweisend","10":"product_tag-wasserdicht","11":"pa_brand-bagbase","12":"pa_color-black","13":"pa_color-black-black","14":"pa_color-bright-royal","15":"pa_color-classic-red","16":"pa_color-french-navy","17":"pa_color-fuchsia","18":"pa_color-grey-marl","19":"pa_color-ice-grey","20":"pa_color-lime-green","21":"pa_color-orange","22":"pa_fabric-polyester","23":"pa_product-group-sporttaschen","24":"pa_size-one-size","25":"pa_stil-nummer-5729","27":"first","28":"instock","29":"taxable","30":"shipping-taxable","31":"purchasable","32":"product-type-variable"},"yoast_head":"<!-- This site is optimized with the Yoast SEO Premium plugin v20.9 (Yoast SEO v26.3) - https:\/\/yoast.com\/wordpress\/plugins\/seo\/ -->\n<title>Athleisure Holdall | Printwave DE<\/title>\n<meta name=\"robots\" content=\"index, follow, max-snippet:-1, max-image-preview:large, max-video-preview:-1\" \/>\n<link rel=\"canonical\" href=\"https:\/\/printwave.pl\/de\/produkt\/athleisure-holdall\/\" \/>\n<meta property=\"og:locale\" content=\"de_DE\" \/>\n<meta property=\"og:type\" content=\"article\" \/>\n<meta property=\"og:title\" content=\"Athleisure Holdall\" \/>\n<meta property=\"og:description\" content=\"\u00b7100% Polyester (600D\/420D) \u00b7Abnehmbarer, verstellbarer und gepolsterter Schultergurt \u00b7Schuhfach \u00b7Wasserdichtes Fach \u00b7Innentasche f\u00fcr Wertsachen \u00b7Netztaschen au\u00dfen \u00b7Zip-Taschen an den Enden\" \/>\n<meta property=\"og:url\" content=\"https:\/\/printwave.pl\/de\/produkt\/athleisure-holdall\/\" \/>\n<meta property=\"og:site_name\" content=\"Printwave DE\" \/>\n<meta property=\"article:modified_time\" content=\"2026-02-27T04:41:10+00:00\" \/>\n<meta property=\"og:image\" content=\"https:\/\/printwave.pl\/de\/wp-content\/uploads\/sites\/3\/2025\/03\/Print-Wave-logo-2025.png\" \/>\n\t<meta property=\"og:image:width\" content=\"1645\" \/>\n\t<meta property=\"og:image:height\" content=\"297\" \/>\n\t<meta property=\"og:image:type\" content=\"image\/png\" \/>\n<meta name=\"twitter:card\" content=\"summary_large_image\" \/>\n<script type=\"application\/ld+json\" class=\"yoast-schema-graph\">{\"@context\":\"https:\/\/schema.org\",\"@graph\":[{\"@type\":\"WebPage\",\"@id\":\"https:\/\/printwave.pl\/de\/produkt\/athleisure-holdall\/\",\"url\":\"https:\/\/printwave.pl\/de\/produkt\/athleisure-holdall\/\",\"name\":\"Athleisure Holdall | Printwave DE\",\"isPartOf\":{\"@id\":\"https:\/\/printwave.pl\/de\/#website\"},\"primaryImageOfPage\":{\"@id\":\"https:\/\/printwave.pl\/de\/produkt\/athleisure-holdall\/#primaryimage\"},\"image\":{\"@id\":\"https:\/\/printwave.pl\/de\/produkt\/athleisure-holdall\/#primaryimage\"},\"thumbnailUrl\":\"https:\/\/printwave.pl\/de\/wp-content\/uploads\/sites\/3\/2025\/01\/644_29_401_m-2022_02.jpg\",\"datePublished\":\"2025-01-21T03:32:53+00:00\",\"dateModified\":\"2026-02-27T04:41:10+00:00\",\"breadcrumb\":{\"@id\":\"https:\/\/printwave.pl\/de\/produkt\/athleisure-holdall\/#breadcrumb\"},\"inLanguage\":\"de\",\"potentialAction\":[{\"@type\":\"ReadAction\",\"target\":[\"https:\/\/printwave.pl\/de\/produkt\/athleisure-holdall\/\"]}]},{\"@type\":\"ImageObject\",\"inLanguage\":\"de\",\"@id\":\"https:\/\/printwave.pl\/de\/produkt\/athleisure-holdall\/#primaryimage\",\"url\":\"https:\/\/printwave.pl\/de\/wp-content\/uploads\/sites\/3\/2025\/01\/644_29_401_m-2022_02.jpg\",\"contentUrl\":\"https:\/\/printwave.pl\/de\/wp-content\/uploads\/sites\/3\/2025\/01\/644_29_401_m-2022_02.jpg\",\"width\":1024,\"height\":1304},{\"@type\":\"BreadcrumbList\",\"@id\":\"https:\/\/printwave.pl\/de\/produkt\/athleisure-holdall\/#breadcrumb\",\"itemListElement\":[{\"@type\":\"ListItem\",\"position\":1,\"name\":\"Strona g\u0142\u00f3wna\",\"item\":\"https:\/\/printwave.pl\/de\/\"},{\"@type\":\"ListItem\",\"position\":2,\"name\":\"Shop\",\"item\":\"https:\/\/printwave.pl\/de\/shop\/\"},{\"@type\":\"ListItem\",\"position\":3,\"name\":\"Athleisure Holdall\"}]},{\"@type\":\"WebSite\",\"@id\":\"https:\/\/printwave.pl\/de\/#website\",\"url\":\"https:\/\/printwave.pl\/de\/\",\"name\":\"Printwave DE\",\"description\":\"\",\"potentialAction\":[{\"@type\":\"SearchAction\",\"target\":{\"@type\":\"EntryPoint\",\"urlTemplate\":\"https:\/\/printwave.pl\/de\/?s={search_term_string}\"},\"query-input\":{\"@type\":\"PropertyValueSpecification\",\"valueRequired\":true,\"valueName\":\"search_term_string\"}}],\"inLanguage\":\"de\"}]}<\/script>\n<!-- \/ Yoast SEO Premium plugin. -->","yoast_head_json":{"title":"Athleisure Holdall | Printwave DE","robots":{"index":"index","follow":"follow","max-snippet":"max-snippet:-1","max-image-preview":"max-image-preview:large","max-video-preview":"max-video-preview:-1"},"canonical":"https:\/\/printwave.pl\/de\/produkt\/athleisure-holdall\/","og_locale":"de_DE","og_type":"article","og_title":"Athleisure Holdall","og_description":"\u00b7100% Polyester (600D\/420D) \u00b7Abnehmbarer, verstellbarer und gepolsterter Schultergurt \u00b7Schuhfach \u00b7Wasserdichtes Fach \u00b7Innentasche f\u00fcr Wertsachen \u00b7Netztaschen au\u00dfen \u00b7Zip-Taschen an den Enden","og_url":"https:\/\/printwave.pl\/de\/produkt\/athleisure-holdall\/","og_site_name":"Printwave DE","article_modified_time":"2026-02-27T04:41:10+00:00","og_image":[{"width":1645,"height":297,"url":"https:\/\/printwave.pl\/de\/wp-content\/uploads\/sites\/3\/2025\/03\/Print-Wave-logo-2025.png","type":"image\/png"}],"twitter_card":"summary_large_image","schema":{"@context":"https:\/\/schema.org","@graph":[{"@type":"WebPage","@id":"https:\/\/printwave.pl\/de\/produkt\/athleisure-holdall\/","url":"https:\/\/printwave.pl\/de\/produkt\/athleisure-holdall\/","name":"Athleisure Holdall | Printwave DE","isPartOf":{"@id":"https:\/\/printwave.pl\/de\/#website"},"primaryImageOfPage":{"@id":"https:\/\/printwave.pl\/de\/produkt\/athleisure-holdall\/#primaryimage"},"image":{"@id":"https:\/\/printwave.pl\/de\/produkt\/athleisure-holdall\/#primaryimage"},"thumbnailUrl":"https:\/\/printwave.pl\/de\/wp-content\/uploads\/sites\/3\/2025\/01\/644_29_401_m-2022_02.jpg","datePublished":"2025-01-21T03:32:53+00:00","dateModified":"2026-02-27T04:41:10+00:00","breadcrumb":{"@id":"https:\/\/printwave.pl\/de\/produkt\/athleisure-holdall\/#breadcrumb"},"inLanguage":"de","potentialAction":[{"@type":"ReadAction","target":["https:\/\/printwave.pl\/de\/produkt\/athleisure-holdall\/"]}]},{"@type":"ImageObject","inLanguage":"de","@id":"https:\/\/printwave.pl\/de\/produkt\/athleisure-holdall\/#primaryimage","url":"https:\/\/printwave.pl\/de\/wp-content\/uploads\/sites\/3\/2025\/01\/644_29_401_m-2022_02.jpg","contentUrl":"https:\/\/printwave.pl\/de\/wp-content\/uploads\/sites\/3\/2025\/01\/644_29_401_m-2022_02.jpg","width":1024,"height":1304},{"@type":"BreadcrumbList","@id":"https:\/\/printwave.pl\/de\/produkt\/athleisure-holdall\/#breadcrumb","itemListElement":[{"@type":"ListItem","position":1,"name":"Strona g\u0142\u00f3wna","item":"https:\/\/printwave.pl\/de\/"},{"@type":"ListItem","position":2,"name":"Shop","item":"https:\/\/printwave.pl\/de\/shop\/"},{"@type":"ListItem","position":3,"name":"Athleisure Holdall"}]},{"@type":"WebSite","@id":"https:\/\/printwave.pl\/de\/#website","url":"https:\/\/printwave.pl\/de\/","name":"Printwave DE","description":"","potentialAction":[{"@type":"SearchAction","target":{"@type":"EntryPoint","urlTemplate":"https:\/\/printwave.pl\/de\/?s={search_term_string}"},"query-input":{"@type":"PropertyValueSpecification","valueRequired":true,"valueName":"search_term_string"}}],"inLanguage":"de"}]}},"_links":{"self":[{"href":"https:\/\/printwave.pl\/de\/wp-json\/wp\/v2\/product\/378127","targetHints":{"allow":["GET"]}}],"collection":[{"href":"https:\/\/printwave.pl\/de\/wp-json\/wp\/v2\/product"}],"about":[{"href":"https:\/\/printwave.pl\/de\/wp-json\/wp\/v2\/types\/product"}],"replies":[{"embeddable":true,"href":"https:\/\/printwave.pl\/de\/wp-json\/wp\/v2\/comments?post=378127"}],"wp:featuredmedia":[{"embeddable":true,"href":"https:\/\/printwave.pl\/de\/wp-json\/wp\/v2\/media\/378118"}],"wp:attachment":[{"href":"https:\/\/printwave.pl\/de\/wp-json\/wp\/v2\/media?parent=378127"}],"wp:term":[{"taxonomy":"product_brand","embeddable":true,"href":"https:\/\/printwave.pl\/de\/wp-json\/wp\/v2\/product_brand?post=378127"},{"taxonomy":"product_cat","embeddable":true,"href":"https:\/\/printwave.pl\/de\/wp-json\/wp\/v2\/product_cat?post=378127"},{"taxonomy":"product_tag","embeddable":true,"href":"https:\/\/printwave.pl\/de\/wp-json\/wp\/v2\/product_tag?post=378127"}],"curies":[{"name":"wp","href":"https:\/\/api.w.org\/{rel}","templated":true}]}}