{"id":376777,"date":"2025-01-21T03:46:52","date_gmt":"2025-01-21T02:46:52","guid":{"rendered":"https:\/\/printwave.pl\/de\/produkt\/recycled-cotton-polyester-backpack-dd\/"},"modified":"2026-02-27T05:33:57","modified_gmt":"2026-02-27T04:33:57","slug":"recycled-cotton-polyester-backpack-dd","status":"publish","type":"product","link":"https:\/\/printwave.pl\/de\/produkt\/recycled-cotton-polyester-backpack-dd\/","title":{"rendered":"Recycled Cotton\/Polyester Backpack DD"},"content":{"rendered":"<p>\u00b7140 g\/m\u00b2<br \/>\n\u00b765% Baumwolle (recycelt), 35% Polyester (recycelt)<br \/>\n\u00b7Zusammenziehbare Tragegurte<br \/>\n\u00b7Riegel\u00f6ffnung f\u00fcr den Tragegurt<br \/>\n\u00b7Verst\u00e4rkte gen\u00e4hte \u00d6sen<br \/>\n\u00b7Bis 60\u00b0C waschbar<br \/>\n\u00b7Ma\u00dfe: 38 x 48 cm<br \/>\n\u00b7Max. Druckfl\u00e4che: 30 x 34 cm<br \/>\n\u00b7Geeignet f\u00fcr Stick, Sieb- und Transferdruck (geb\u00fcgelte Taschen)<\/p>\n","protected":false},"excerpt":{"rendered":"<p>\u00b7140 g\/m\u00b2 \u00b765% Baumwolle (recycelt), 35% Polyester (recycelt) \u00b7Zusammenziehbare Tragegurte \u00b7Riegel\u00f6ffnung f\u00fcr den Tragegurt \u00b7Verst\u00e4rkte gen\u00e4hte \u00d6sen \u00b7Bis 60\u00b0C waschbar<\/p>\n","protected":false},"featured_media":376774,"comment_status":"open","ping_status":"closed","template":"","meta":[],"product_brand":[],"product_cat":[2365,3122,2271,2272],"product_tag":[],"class_list":{"0":"post-376777","1":"product","2":"type-product","3":"status-publish","4":"has-post-thumbnail","6":"product_cat-all-eco","7":"product_cat-nachhaltige-produkte","8":"product_cat-recycelt","9":"product_cat-taschen-accessoires","10":"pa_brand-sg-accessories-bags-ex-jassz-bags","11":"pa_color-black-heather","12":"pa_color-grey-heather","13":"pa_color-natural-heather","14":"pa_color-red-heather","15":"pa_color-royal-heather","16":"pa_details-modische-tasche","17":"pa_details-rucksackbeutel","18":"pa_eco-recycelt","19":"pa_fabric-mischgewebe","20":"pa_gender-unisex","21":"pa_product-group-rucksaecke","22":"pa_product-group-sonstige-taschen","23":"pa_size-one-size","24":"pa_stil-nummer-5623","25":"pa_weight-140-169-g-m","27":"first","28":"instock","29":"taxable","30":"shipping-taxable","31":"purchasable","32":"product-type-variable"},"yoast_head":"<!-- This site is optimized with the Yoast SEO Premium plugin v20.9 (Yoast SEO v26.3) - https:\/\/yoast.com\/wordpress\/plugins\/seo\/ -->\n<title>Recycled Cotton\/Polyester Backpack DD | Printwave DE<\/title>\n<meta name=\"robots\" content=\"index, follow, max-snippet:-1, max-image-preview:large, max-video-preview:-1\" \/>\n<link rel=\"canonical\" href=\"https:\/\/printwave.pl\/de\/produkt\/recycled-cotton-polyester-backpack-dd\/\" \/>\n<meta property=\"og:locale\" content=\"de_DE\" \/>\n<meta property=\"og:type\" content=\"article\" \/>\n<meta property=\"og:title\" content=\"Recycled Cotton\/Polyester Backpack DD\" \/>\n<meta property=\"og:description\" content=\"\u00b7140 g\/m\u00b2 \u00b765% Baumwolle (recycelt), 35% Polyester (recycelt) \u00b7Zusammenziehbare Tragegurte \u00b7Riegel\u00f6ffnung f\u00fcr den Tragegurt \u00b7Verst\u00e4rkte gen\u00e4hte \u00d6sen \u00b7Bis 60\u00b0C waschbar\" \/>\n<meta property=\"og:url\" content=\"https:\/\/printwave.pl\/de\/produkt\/recycled-cotton-polyester-backpack-dd\/\" \/>\n<meta property=\"og:site_name\" content=\"Printwave DE\" \/>\n<meta property=\"article:modified_time\" content=\"2026-02-27T04:33:57+00:00\" \/>\n<meta property=\"og:image\" content=\"https:\/\/printwave.pl\/de\/wp-content\/uploads\/sites\/3\/2025\/03\/Print-Wave-logo-2025.png\" \/>\n\t<meta property=\"og:image:width\" content=\"1645\" \/>\n\t<meta property=\"og:image:height\" content=\"297\" \/>\n\t<meta property=\"og:image:type\" content=\"image\/png\" \/>\n<meta name=\"twitter:card\" content=\"summary_large_image\" \/>\n<script type=\"application\/ld+json\" class=\"yoast-schema-graph\">{\"@context\":\"https:\/\/schema.org\",\"@graph\":[{\"@type\":\"WebPage\",\"@id\":\"https:\/\/printwave.pl\/de\/produkt\/recycled-cotton-polyester-backpack-dd\/\",\"url\":\"https:\/\/printwave.pl\/de\/produkt\/recycled-cotton-polyester-backpack-dd\/\",\"name\":\"Recycled Cotton\/Polyester Backpack DD | Printwave DE\",\"isPartOf\":{\"@id\":\"https:\/\/printwave.pl\/de\/#website\"},\"primaryImageOfPage\":{\"@id\":\"https:\/\/printwave.pl\/de\/produkt\/recycled-cotton-polyester-backpack-dd\/#primaryimage\"},\"image\":{\"@id\":\"https:\/\/printwave.pl\/de\/produkt\/recycled-cotton-polyester-backpack-dd\/#primaryimage\"},\"thumbnailUrl\":\"https:\/\/printwave.pl\/de\/wp-content\/uploads\/sites\/3\/2025\/01\/677_57_202_m-2023_02.jpg\",\"datePublished\":\"2025-01-21T02:46:52+00:00\",\"dateModified\":\"2026-02-27T04:33:57+00:00\",\"breadcrumb\":{\"@id\":\"https:\/\/printwave.pl\/de\/produkt\/recycled-cotton-polyester-backpack-dd\/#breadcrumb\"},\"inLanguage\":\"de\",\"potentialAction\":[{\"@type\":\"ReadAction\",\"target\":[\"https:\/\/printwave.pl\/de\/produkt\/recycled-cotton-polyester-backpack-dd\/\"]}]},{\"@type\":\"ImageObject\",\"inLanguage\":\"de\",\"@id\":\"https:\/\/printwave.pl\/de\/produkt\/recycled-cotton-polyester-backpack-dd\/#primaryimage\",\"url\":\"https:\/\/printwave.pl\/de\/wp-content\/uploads\/sites\/3\/2025\/01\/677_57_202_m-2023_02.jpg\",\"contentUrl\":\"https:\/\/printwave.pl\/de\/wp-content\/uploads\/sites\/3\/2025\/01\/677_57_202_m-2023_02.jpg\",\"width\":1024,\"height\":1304},{\"@type\":\"BreadcrumbList\",\"@id\":\"https:\/\/printwave.pl\/de\/produkt\/recycled-cotton-polyester-backpack-dd\/#breadcrumb\",\"itemListElement\":[{\"@type\":\"ListItem\",\"position\":1,\"name\":\"Strona g\u0142\u00f3wna\",\"item\":\"https:\/\/printwave.pl\/de\/\"},{\"@type\":\"ListItem\",\"position\":2,\"name\":\"Shop\",\"item\":\"https:\/\/printwave.pl\/de\/shop\/\"},{\"@type\":\"ListItem\",\"position\":3,\"name\":\"Recycled Cotton\/Polyester Backpack DD\"}]},{\"@type\":\"WebSite\",\"@id\":\"https:\/\/printwave.pl\/de\/#website\",\"url\":\"https:\/\/printwave.pl\/de\/\",\"name\":\"Printwave DE\",\"description\":\"\",\"potentialAction\":[{\"@type\":\"SearchAction\",\"target\":{\"@type\":\"EntryPoint\",\"urlTemplate\":\"https:\/\/printwave.pl\/de\/?s={search_term_string}\"},\"query-input\":{\"@type\":\"PropertyValueSpecification\",\"valueRequired\":true,\"valueName\":\"search_term_string\"}}],\"inLanguage\":\"de\"}]}<\/script>\n<!-- \/ Yoast SEO Premium plugin. -->","yoast_head_json":{"title":"Recycled Cotton\/Polyester Backpack DD | Printwave DE","robots":{"index":"index","follow":"follow","max-snippet":"max-snippet:-1","max-image-preview":"max-image-preview:large","max-video-preview":"max-video-preview:-1"},"canonical":"https:\/\/printwave.pl\/de\/produkt\/recycled-cotton-polyester-backpack-dd\/","og_locale":"de_DE","og_type":"article","og_title":"Recycled Cotton\/Polyester Backpack DD","og_description":"\u00b7140 g\/m\u00b2 \u00b765% Baumwolle (recycelt), 35% Polyester (recycelt) \u00b7Zusammenziehbare Tragegurte \u00b7Riegel\u00f6ffnung f\u00fcr den Tragegurt \u00b7Verst\u00e4rkte gen\u00e4hte \u00d6sen \u00b7Bis 60\u00b0C waschbar","og_url":"https:\/\/printwave.pl\/de\/produkt\/recycled-cotton-polyester-backpack-dd\/","og_site_name":"Printwave DE","article_modified_time":"2026-02-27T04:33:57+00:00","og_image":[{"width":1645,"height":297,"url":"https:\/\/printwave.pl\/de\/wp-content\/uploads\/sites\/3\/2025\/03\/Print-Wave-logo-2025.png","type":"image\/png"}],"twitter_card":"summary_large_image","schema":{"@context":"https:\/\/schema.org","@graph":[{"@type":"WebPage","@id":"https:\/\/printwave.pl\/de\/produkt\/recycled-cotton-polyester-backpack-dd\/","url":"https:\/\/printwave.pl\/de\/produkt\/recycled-cotton-polyester-backpack-dd\/","name":"Recycled Cotton\/Polyester Backpack DD | Printwave DE","isPartOf":{"@id":"https:\/\/printwave.pl\/de\/#website"},"primaryImageOfPage":{"@id":"https:\/\/printwave.pl\/de\/produkt\/recycled-cotton-polyester-backpack-dd\/#primaryimage"},"image":{"@id":"https:\/\/printwave.pl\/de\/produkt\/recycled-cotton-polyester-backpack-dd\/#primaryimage"},"thumbnailUrl":"https:\/\/printwave.pl\/de\/wp-content\/uploads\/sites\/3\/2025\/01\/677_57_202_m-2023_02.jpg","datePublished":"2025-01-21T02:46:52+00:00","dateModified":"2026-02-27T04:33:57+00:00","breadcrumb":{"@id":"https:\/\/printwave.pl\/de\/produkt\/recycled-cotton-polyester-backpack-dd\/#breadcrumb"},"inLanguage":"de","potentialAction":[{"@type":"ReadAction","target":["https:\/\/printwave.pl\/de\/produkt\/recycled-cotton-polyester-backpack-dd\/"]}]},{"@type":"ImageObject","inLanguage":"de","@id":"https:\/\/printwave.pl\/de\/produkt\/recycled-cotton-polyester-backpack-dd\/#primaryimage","url":"https:\/\/printwave.pl\/de\/wp-content\/uploads\/sites\/3\/2025\/01\/677_57_202_m-2023_02.jpg","contentUrl":"https:\/\/printwave.pl\/de\/wp-content\/uploads\/sites\/3\/2025\/01\/677_57_202_m-2023_02.jpg","width":1024,"height":1304},{"@type":"BreadcrumbList","@id":"https:\/\/printwave.pl\/de\/produkt\/recycled-cotton-polyester-backpack-dd\/#breadcrumb","itemListElement":[{"@type":"ListItem","position":1,"name":"Strona g\u0142\u00f3wna","item":"https:\/\/printwave.pl\/de\/"},{"@type":"ListItem","position":2,"name":"Shop","item":"https:\/\/printwave.pl\/de\/shop\/"},{"@type":"ListItem","position":3,"name":"Recycled Cotton\/Polyester Backpack DD"}]},{"@type":"WebSite","@id":"https:\/\/printwave.pl\/de\/#website","url":"https:\/\/printwave.pl\/de\/","name":"Printwave DE","description":"","potentialAction":[{"@type":"SearchAction","target":{"@type":"EntryPoint","urlTemplate":"https:\/\/printwave.pl\/de\/?s={search_term_string}"},"query-input":{"@type":"PropertyValueSpecification","valueRequired":true,"valueName":"search_term_string"}}],"inLanguage":"de"}]}},"_links":{"self":[{"href":"https:\/\/printwave.pl\/de\/wp-json\/wp\/v2\/product\/376777","targetHints":{"allow":["GET"]}}],"collection":[{"href":"https:\/\/printwave.pl\/de\/wp-json\/wp\/v2\/product"}],"about":[{"href":"https:\/\/printwave.pl\/de\/wp-json\/wp\/v2\/types\/product"}],"replies":[{"embeddable":true,"href":"https:\/\/printwave.pl\/de\/wp-json\/wp\/v2\/comments?post=376777"}],"wp:featuredmedia":[{"embeddable":true,"href":"https:\/\/printwave.pl\/de\/wp-json\/wp\/v2\/media\/376774"}],"wp:attachment":[{"href":"https:\/\/printwave.pl\/de\/wp-json\/wp\/v2\/media?parent=376777"}],"wp:term":[{"taxonomy":"product_brand","embeddable":true,"href":"https:\/\/printwave.pl\/de\/wp-json\/wp\/v2\/product_brand?post=376777"},{"taxonomy":"product_cat","embeddable":true,"href":"https:\/\/printwave.pl\/de\/wp-json\/wp\/v2\/product_cat?post=376777"},{"taxonomy":"product_tag","embeddable":true,"href":"https:\/\/printwave.pl\/de\/wp-json\/wp\/v2\/product_tag?post=376777"}],"curies":[{"name":"wp","href":"https:\/\/api.w.org\/{rel}","templated":true}]}}