{"id":374926,"date":"2025-01-21T02:47:54","date_gmt":"2025-01-21T01:47:54","guid":{"rendered":"https:\/\/printwave.pl\/de\/produkt\/ladies-perfect-oxford-shirt\/"},"modified":"2026-02-27T05:27:12","modified_gmt":"2026-02-27T04:27:12","slug":"ladies-perfect-oxford-shirt","status":"publish","type":"product","link":"https:\/\/printwave.pl\/de\/produkt\/ladies-perfect-oxford-shirt\/","title":{"rendered":"Ladies&#8216; Perfect Oxford Shirt"},"content":{"rendered":"<p>\u00b7166 g\/m\u00b2<br \/>\n\u00b796% Baumwolle, 4% Elasthan<br \/>\n\u00b7St\u00fcckf\u00e4rbung, anschlie\u00dfend gewaschen<br \/>\n\u00b7Button-Down-Kragen<br \/>\n\u00b7Verst\u00e4rkter Kragen und Manschetten<br \/>\n\u00b7R\u00fcckw\u00e4rtige Schulterpasse mit 2 an den Seiten eingelegten Falten<br \/>\n\u00b7Schlaufe zum Aufh\u00e4ngen innen<br \/>\n\u00b7Abgerundeter Saum<br \/>\n\u00b7Tailliert.<\/p>\n","protected":false},"excerpt":{"rendered":"<p>\u00b7166 g\/m\u00b2 \u00b796% Baumwolle, 4% Elasthan \u00b7St\u00fcckf\u00e4rbung, anschlie\u00dfend gewaschen \u00b7Button-Down-Kragen \u00b7Verst\u00e4rkter Kragen und Manschetten \u00b7R\u00fcckw\u00e4rtige Schulterpasse mit 2 an den<\/p>\n","protected":false},"featured_media":374920,"comment_status":"open","ping_status":"closed","template":"","meta":[],"product_brand":[],"product_cat":[3108,2339],"product_tag":[],"class_list":{"0":"post-374926","1":"product","2":"type-product","3":"status-publish","4":"has-post-thumbnail","6":"product_cat-hemden-blusen","7":"product_cat-topseller","8":"pa_brand-tee-jays","9":"pa_certificates-bsci","10":"pa_certificates-oeko-tex-standard-100","11":"pa_certificates-sedex","12":"pa_color-black","13":"pa_color-light-blue","14":"pa_color-navy","15":"pa_color-white","16":"pa_details-oxford","17":"pa_fabric-baumwolle","18":"pa_gender-partner-produkte","19":"pa_product-group-blusen","20":"pa_product-group-hemden","21":"pa_size-2xl","22":"pa_size-3xl","23":"pa_size-l","24":"pa_size-m","25":"pa_size-s","26":"pa_size-xl","27":"pa_size-xs","28":"pa_sleeve-langaermelig","29":"pa_stil-nummer-5543","31":"first","32":"instock","33":"taxable","34":"shipping-taxable","35":"purchasable","36":"product-type-variable"},"yoast_head":"<!-- This site is optimized with the Yoast SEO Premium plugin v20.9 (Yoast SEO v26.3) - https:\/\/yoast.com\/wordpress\/plugins\/seo\/ -->\n<title>Ladies&#039; Perfect Oxford Shirt | Printwave DE<\/title>\n<meta name=\"robots\" content=\"index, follow, max-snippet:-1, max-image-preview:large, max-video-preview:-1\" \/>\n<link rel=\"canonical\" href=\"https:\/\/printwave.pl\/de\/produkt\/ladies-perfect-oxford-shirt\/\" \/>\n<meta property=\"og:locale\" content=\"de_DE\" \/>\n<meta property=\"og:type\" content=\"article\" \/>\n<meta property=\"og:title\" content=\"Ladies&#039; Perfect Oxford Shirt\" \/>\n<meta property=\"og:description\" content=\"\u00b7166 g\/m\u00b2 \u00b796% Baumwolle, 4% Elasthan \u00b7St\u00fcckf\u00e4rbung, anschlie\u00dfend gewaschen \u00b7Button-Down-Kragen \u00b7Verst\u00e4rkter Kragen und Manschetten \u00b7R\u00fcckw\u00e4rtige Schulterpasse mit 2 an den\" \/>\n<meta property=\"og:url\" content=\"https:\/\/printwave.pl\/de\/produkt\/ladies-perfect-oxford-shirt\/\" \/>\n<meta property=\"og:site_name\" content=\"Printwave DE\" \/>\n<meta property=\"article:modified_time\" content=\"2026-02-27T04:27:12+00:00\" \/>\n<meta property=\"og:image\" content=\"https:\/\/printwave.pl\/de\/wp-content\/uploads\/sites\/3\/2025\/03\/Print-Wave-logo-2025.png\" \/>\n\t<meta property=\"og:image:width\" content=\"1645\" \/>\n\t<meta property=\"og:image:height\" content=\"297\" \/>\n\t<meta property=\"og:image:type\" content=\"image\/png\" \/>\n<meta name=\"twitter:card\" content=\"summary_large_image\" \/>\n<script type=\"application\/ld+json\" class=\"yoast-schema-graph\">{\"@context\":\"https:\/\/schema.org\",\"@graph\":[{\"@type\":\"WebPage\",\"@id\":\"https:\/\/printwave.pl\/de\/produkt\/ladies-perfect-oxford-shirt\/\",\"url\":\"https:\/\/printwave.pl\/de\/produkt\/ladies-perfect-oxford-shirt\/\",\"name\":\"Ladies' Perfect Oxford Shirt | Printwave DE\",\"isPartOf\":{\"@id\":\"https:\/\/printwave.pl\/de\/#website\"},\"primaryImageOfPage\":{\"@id\":\"https:\/\/printwave.pl\/de\/produkt\/ladies-perfect-oxford-shirt\/#primaryimage\"},\"image\":{\"@id\":\"https:\/\/printwave.pl\/de\/produkt\/ladies-perfect-oxford-shirt\/#primaryimage\"},\"thumbnailUrl\":\"https:\/\/printwave.pl\/de\/wp-content\/uploads\/sites\/3\/2025\/01\/704_54_000_m-2025_01.jpg\",\"datePublished\":\"2025-01-21T01:47:54+00:00\",\"dateModified\":\"2026-02-27T04:27:12+00:00\",\"breadcrumb\":{\"@id\":\"https:\/\/printwave.pl\/de\/produkt\/ladies-perfect-oxford-shirt\/#breadcrumb\"},\"inLanguage\":\"de\",\"potentialAction\":[{\"@type\":\"ReadAction\",\"target\":[\"https:\/\/printwave.pl\/de\/produkt\/ladies-perfect-oxford-shirt\/\"]}]},{\"@type\":\"ImageObject\",\"inLanguage\":\"de\",\"@id\":\"https:\/\/printwave.pl\/de\/produkt\/ladies-perfect-oxford-shirt\/#primaryimage\",\"url\":\"https:\/\/printwave.pl\/de\/wp-content\/uploads\/sites\/3\/2025\/01\/704_54_000_m-2025_01.jpg\",\"contentUrl\":\"https:\/\/printwave.pl\/de\/wp-content\/uploads\/sites\/3\/2025\/01\/704_54_000_m-2025_01.jpg\",\"width\":1024,\"height\":1304},{\"@type\":\"BreadcrumbList\",\"@id\":\"https:\/\/printwave.pl\/de\/produkt\/ladies-perfect-oxford-shirt\/#breadcrumb\",\"itemListElement\":[{\"@type\":\"ListItem\",\"position\":1,\"name\":\"Strona g\u0142\u00f3wna\",\"item\":\"https:\/\/printwave.pl\/de\/\"},{\"@type\":\"ListItem\",\"position\":2,\"name\":\"Shop\",\"item\":\"https:\/\/printwave.pl\/de\/shop\/\"},{\"@type\":\"ListItem\",\"position\":3,\"name\":\"Ladies&#8216; Perfect Oxford Shirt\"}]},{\"@type\":\"WebSite\",\"@id\":\"https:\/\/printwave.pl\/de\/#website\",\"url\":\"https:\/\/printwave.pl\/de\/\",\"name\":\"Printwave DE\",\"description\":\"\",\"potentialAction\":[{\"@type\":\"SearchAction\",\"target\":{\"@type\":\"EntryPoint\",\"urlTemplate\":\"https:\/\/printwave.pl\/de\/?s={search_term_string}\"},\"query-input\":{\"@type\":\"PropertyValueSpecification\",\"valueRequired\":true,\"valueName\":\"search_term_string\"}}],\"inLanguage\":\"de\"}]}<\/script>\n<!-- \/ Yoast SEO Premium plugin. -->","yoast_head_json":{"title":"Ladies' Perfect Oxford Shirt | Printwave DE","robots":{"index":"index","follow":"follow","max-snippet":"max-snippet:-1","max-image-preview":"max-image-preview:large","max-video-preview":"max-video-preview:-1"},"canonical":"https:\/\/printwave.pl\/de\/produkt\/ladies-perfect-oxford-shirt\/","og_locale":"de_DE","og_type":"article","og_title":"Ladies' Perfect Oxford Shirt","og_description":"\u00b7166 g\/m\u00b2 \u00b796% Baumwolle, 4% Elasthan \u00b7St\u00fcckf\u00e4rbung, anschlie\u00dfend gewaschen \u00b7Button-Down-Kragen \u00b7Verst\u00e4rkter Kragen und Manschetten \u00b7R\u00fcckw\u00e4rtige Schulterpasse mit 2 an den","og_url":"https:\/\/printwave.pl\/de\/produkt\/ladies-perfect-oxford-shirt\/","og_site_name":"Printwave DE","article_modified_time":"2026-02-27T04:27:12+00:00","og_image":[{"width":1645,"height":297,"url":"https:\/\/printwave.pl\/de\/wp-content\/uploads\/sites\/3\/2025\/03\/Print-Wave-logo-2025.png","type":"image\/png"}],"twitter_card":"summary_large_image","schema":{"@context":"https:\/\/schema.org","@graph":[{"@type":"WebPage","@id":"https:\/\/printwave.pl\/de\/produkt\/ladies-perfect-oxford-shirt\/","url":"https:\/\/printwave.pl\/de\/produkt\/ladies-perfect-oxford-shirt\/","name":"Ladies' Perfect Oxford Shirt | Printwave DE","isPartOf":{"@id":"https:\/\/printwave.pl\/de\/#website"},"primaryImageOfPage":{"@id":"https:\/\/printwave.pl\/de\/produkt\/ladies-perfect-oxford-shirt\/#primaryimage"},"image":{"@id":"https:\/\/printwave.pl\/de\/produkt\/ladies-perfect-oxford-shirt\/#primaryimage"},"thumbnailUrl":"https:\/\/printwave.pl\/de\/wp-content\/uploads\/sites\/3\/2025\/01\/704_54_000_m-2025_01.jpg","datePublished":"2025-01-21T01:47:54+00:00","dateModified":"2026-02-27T04:27:12+00:00","breadcrumb":{"@id":"https:\/\/printwave.pl\/de\/produkt\/ladies-perfect-oxford-shirt\/#breadcrumb"},"inLanguage":"de","potentialAction":[{"@type":"ReadAction","target":["https:\/\/printwave.pl\/de\/produkt\/ladies-perfect-oxford-shirt\/"]}]},{"@type":"ImageObject","inLanguage":"de","@id":"https:\/\/printwave.pl\/de\/produkt\/ladies-perfect-oxford-shirt\/#primaryimage","url":"https:\/\/printwave.pl\/de\/wp-content\/uploads\/sites\/3\/2025\/01\/704_54_000_m-2025_01.jpg","contentUrl":"https:\/\/printwave.pl\/de\/wp-content\/uploads\/sites\/3\/2025\/01\/704_54_000_m-2025_01.jpg","width":1024,"height":1304},{"@type":"BreadcrumbList","@id":"https:\/\/printwave.pl\/de\/produkt\/ladies-perfect-oxford-shirt\/#breadcrumb","itemListElement":[{"@type":"ListItem","position":1,"name":"Strona g\u0142\u00f3wna","item":"https:\/\/printwave.pl\/de\/"},{"@type":"ListItem","position":2,"name":"Shop","item":"https:\/\/printwave.pl\/de\/shop\/"},{"@type":"ListItem","position":3,"name":"Ladies&#8216; Perfect Oxford Shirt"}]},{"@type":"WebSite","@id":"https:\/\/printwave.pl\/de\/#website","url":"https:\/\/printwave.pl\/de\/","name":"Printwave DE","description":"","potentialAction":[{"@type":"SearchAction","target":{"@type":"EntryPoint","urlTemplate":"https:\/\/printwave.pl\/de\/?s={search_term_string}"},"query-input":{"@type":"PropertyValueSpecification","valueRequired":true,"valueName":"search_term_string"}}],"inLanguage":"de"}]}},"_links":{"self":[{"href":"https:\/\/printwave.pl\/de\/wp-json\/wp\/v2\/product\/374926","targetHints":{"allow":["GET"]}}],"collection":[{"href":"https:\/\/printwave.pl\/de\/wp-json\/wp\/v2\/product"}],"about":[{"href":"https:\/\/printwave.pl\/de\/wp-json\/wp\/v2\/types\/product"}],"replies":[{"embeddable":true,"href":"https:\/\/printwave.pl\/de\/wp-json\/wp\/v2\/comments?post=374926"}],"wp:featuredmedia":[{"embeddable":true,"href":"https:\/\/printwave.pl\/de\/wp-json\/wp\/v2\/media\/374920"}],"wp:attachment":[{"href":"https:\/\/printwave.pl\/de\/wp-json\/wp\/v2\/media?parent=374926"}],"wp:term":[{"taxonomy":"product_brand","embeddable":true,"href":"https:\/\/printwave.pl\/de\/wp-json\/wp\/v2\/product_brand?post=374926"},{"taxonomy":"product_cat","embeddable":true,"href":"https:\/\/printwave.pl\/de\/wp-json\/wp\/v2\/product_cat?post=374926"},{"taxonomy":"product_tag","embeddable":true,"href":"https:\/\/printwave.pl\/de\/wp-json\/wp\/v2\/product_tag?post=374926"}],"curies":[{"name":"wp","href":"https:\/\/api.w.org\/{rel}","templated":true}]}}