{"id":373834,"date":"2025-01-21T02:18:08","date_gmt":"2025-01-21T01:18:08","guid":{"rendered":"https:\/\/printwave.pl\/de\/produkt\/black-tie-ssl-women-poplin-shirt\/"},"modified":"2026-02-27T05:24:24","modified_gmt":"2026-02-27T04:24:24","slug":"black-tie-ssl-women-poplin-shirt","status":"publish","type":"product","link":"https:\/\/printwave.pl\/de\/produkt\/black-tie-ssl-women-poplin-shirt\/","title":{"rendered":"Black Tie SSL\/women Poplin Shirt"},"content":{"rendered":"<p>\u00b7135 g\/m\u00b2<br \/>\n\u00b797% Baumwolle, gek\u00e4mmt, 3% Elasthan<br \/>\n\u00b7Leicht verst\u00e4rkter klassischer Kragen<br \/>\n\u00b7Abn\u00e4her auf der Vorderseite und am R\u00fccken f\u00fcr taillierte Passform<br \/>\n\u00b7Kn\u00f6pfe mit Perlmuttschimmer<br \/>\n\u00b7Letztes Knopfloch waagerecht<br \/>\n\u00b7Doppelt eingeschlagener \u00c4rmelabschluss<br \/>\n\u00b7Halbrunder Saumabschluss<br \/>\n\u00b7Ersatzknopf<br \/>\n\u00b7Weiches Popelin Gewebe mit Elasthan-Anteil.<\/p>\n","protected":false},"excerpt":{"rendered":"<p>\u00b7135 g\/m\u00b2 \u00b797% Baumwolle, gek\u00e4mmt, 3% Elasthan \u00b7Leicht verst\u00e4rkter klassischer Kragen \u00b7Abn\u00e4her auf der Vorderseite und am R\u00fccken f\u00fcr taillierte<\/p>\n","protected":false},"featured_media":373830,"comment_status":"open","ping_status":"closed","template":"","meta":[],"product_brand":[],"product_cat":[3108],"product_tag":[3110,3109,2795,2355,2297,3129],"class_list":{"0":"post-373834","1":"product","2":"type-product","3":"status-publish","4":"has-post-thumbnail","6":"product_cat-hemden-blusen","7":"product_tag-business-kleidung","8":"product_tag-businessbekleidung","9":"product_tag-kurzarm","10":"product_tag-kurzaermelig","11":"product_tag-oberbekleidung","12":"product_tag-popelin-blusen","13":"pa_brand-bc","14":"pa_certificates-fwf-fair-wear","15":"pa_certificates-oeko-tex-standard-100","16":"pa_color-black","17":"pa_color-coffee-bean","18":"pa_color-luxurious-red","19":"pa_color-white","20":"pa_details-xs","21":"pa_details-koerpernah-geschnitten","22":"pa_details-popelin","23":"pa_fabric-mischgewebe","24":"pa_gender-partner-produkte","25":"pa_product-group-blusen","26":"pa_size-2xl","27":"pa_size-3xl","28":"pa_size-4xl","29":"pa_size-l","30":"pa_size-m","31":"pa_size-s","32":"pa_size-xl","33":"pa_size-xs","34":"pa_sleeve-kurzaermelig","35":"pa_stil-nummer-5520","36":"pa_weight-100-139-g-m","38":"first","39":"instock","40":"taxable","41":"shipping-taxable","42":"purchasable","43":"product-type-variable"},"yoast_head":"<!-- This site is optimized with the Yoast SEO Premium plugin v20.9 (Yoast SEO v26.3) - https:\/\/yoast.com\/wordpress\/plugins\/seo\/ -->\n<title>Black Tie SSL\/women Poplin Shirt | Printwave DE<\/title>\n<meta name=\"robots\" content=\"index, follow, max-snippet:-1, max-image-preview:large, max-video-preview:-1\" \/>\n<link rel=\"canonical\" href=\"https:\/\/printwave.pl\/de\/produkt\/black-tie-ssl-women-poplin-shirt\/\" \/>\n<meta property=\"og:locale\" content=\"de_DE\" \/>\n<meta property=\"og:type\" content=\"article\" \/>\n<meta property=\"og:title\" content=\"Black Tie SSL\/women Poplin Shirt\" \/>\n<meta property=\"og:description\" content=\"\u00b7135 g\/m\u00b2 \u00b797% Baumwolle, gek\u00e4mmt, 3% Elasthan \u00b7Leicht verst\u00e4rkter klassischer Kragen \u00b7Abn\u00e4her auf der Vorderseite und am R\u00fccken f\u00fcr taillierte\" \/>\n<meta property=\"og:url\" content=\"https:\/\/printwave.pl\/de\/produkt\/black-tie-ssl-women-poplin-shirt\/\" \/>\n<meta property=\"og:site_name\" content=\"Printwave DE\" \/>\n<meta property=\"article:modified_time\" content=\"2026-02-27T04:24:24+00:00\" \/>\n<meta property=\"og:image\" content=\"https:\/\/printwave.pl\/de\/wp-content\/uploads\/sites\/3\/2025\/03\/Print-Wave-logo-2025.png\" \/>\n\t<meta property=\"og:image:width\" content=\"1645\" \/>\n\t<meta property=\"og:image:height\" content=\"297\" \/>\n\t<meta property=\"og:image:type\" content=\"image\/png\" \/>\n<meta name=\"twitter:card\" content=\"summary_large_image\" \/>\n<script type=\"application\/ld+json\" class=\"yoast-schema-graph\">{\"@context\":\"https:\/\/schema.org\",\"@graph\":[{\"@type\":\"WebPage\",\"@id\":\"https:\/\/printwave.pl\/de\/produkt\/black-tie-ssl-women-poplin-shirt\/\",\"url\":\"https:\/\/printwave.pl\/de\/produkt\/black-tie-ssl-women-poplin-shirt\/\",\"name\":\"Black Tie SSL\/women Poplin Shirt | Printwave DE\",\"isPartOf\":{\"@id\":\"https:\/\/printwave.pl\/de\/#website\"},\"primaryImageOfPage\":{\"@id\":\"https:\/\/printwave.pl\/de\/produkt\/black-tie-ssl-women-poplin-shirt\/#primaryimage\"},\"image\":{\"@id\":\"https:\/\/printwave.pl\/de\/produkt\/black-tie-ssl-women-poplin-shirt\/#primaryimage\"},\"thumbnailUrl\":\"https:\/\/printwave.pl\/de\/wp-content\/uploads\/sites\/3\/2025\/01\/713_24_101_m-2018_02.jpg\",\"datePublished\":\"2025-01-21T01:18:08+00:00\",\"dateModified\":\"2026-02-27T04:24:24+00:00\",\"breadcrumb\":{\"@id\":\"https:\/\/printwave.pl\/de\/produkt\/black-tie-ssl-women-poplin-shirt\/#breadcrumb\"},\"inLanguage\":\"de\",\"potentialAction\":[{\"@type\":\"ReadAction\",\"target\":[\"https:\/\/printwave.pl\/de\/produkt\/black-tie-ssl-women-poplin-shirt\/\"]}]},{\"@type\":\"ImageObject\",\"inLanguage\":\"de\",\"@id\":\"https:\/\/printwave.pl\/de\/produkt\/black-tie-ssl-women-poplin-shirt\/#primaryimage\",\"url\":\"https:\/\/printwave.pl\/de\/wp-content\/uploads\/sites\/3\/2025\/01\/713_24_101_m-2018_02.jpg\",\"contentUrl\":\"https:\/\/printwave.pl\/de\/wp-content\/uploads\/sites\/3\/2025\/01\/713_24_101_m-2018_02.jpg\",\"width\":1024,\"height\":1304},{\"@type\":\"BreadcrumbList\",\"@id\":\"https:\/\/printwave.pl\/de\/produkt\/black-tie-ssl-women-poplin-shirt\/#breadcrumb\",\"itemListElement\":[{\"@type\":\"ListItem\",\"position\":1,\"name\":\"Strona g\u0142\u00f3wna\",\"item\":\"https:\/\/printwave.pl\/de\/\"},{\"@type\":\"ListItem\",\"position\":2,\"name\":\"Shop\",\"item\":\"https:\/\/printwave.pl\/de\/shop\/\"},{\"@type\":\"ListItem\",\"position\":3,\"name\":\"Black Tie SSL\/women Poplin Shirt\"}]},{\"@type\":\"WebSite\",\"@id\":\"https:\/\/printwave.pl\/de\/#website\",\"url\":\"https:\/\/printwave.pl\/de\/\",\"name\":\"Printwave DE\",\"description\":\"\",\"potentialAction\":[{\"@type\":\"SearchAction\",\"target\":{\"@type\":\"EntryPoint\",\"urlTemplate\":\"https:\/\/printwave.pl\/de\/?s={search_term_string}\"},\"query-input\":{\"@type\":\"PropertyValueSpecification\",\"valueRequired\":true,\"valueName\":\"search_term_string\"}}],\"inLanguage\":\"de\"}]}<\/script>\n<!-- \/ Yoast SEO Premium plugin. -->","yoast_head_json":{"title":"Black Tie SSL\/women Poplin Shirt | Printwave DE","robots":{"index":"index","follow":"follow","max-snippet":"max-snippet:-1","max-image-preview":"max-image-preview:large","max-video-preview":"max-video-preview:-1"},"canonical":"https:\/\/printwave.pl\/de\/produkt\/black-tie-ssl-women-poplin-shirt\/","og_locale":"de_DE","og_type":"article","og_title":"Black Tie SSL\/women Poplin Shirt","og_description":"\u00b7135 g\/m\u00b2 \u00b797% Baumwolle, gek\u00e4mmt, 3% Elasthan \u00b7Leicht verst\u00e4rkter klassischer Kragen \u00b7Abn\u00e4her auf der Vorderseite und am R\u00fccken f\u00fcr taillierte","og_url":"https:\/\/printwave.pl\/de\/produkt\/black-tie-ssl-women-poplin-shirt\/","og_site_name":"Printwave DE","article_modified_time":"2026-02-27T04:24:24+00:00","og_image":[{"width":1645,"height":297,"url":"https:\/\/printwave.pl\/de\/wp-content\/uploads\/sites\/3\/2025\/03\/Print-Wave-logo-2025.png","type":"image\/png"}],"twitter_card":"summary_large_image","schema":{"@context":"https:\/\/schema.org","@graph":[{"@type":"WebPage","@id":"https:\/\/printwave.pl\/de\/produkt\/black-tie-ssl-women-poplin-shirt\/","url":"https:\/\/printwave.pl\/de\/produkt\/black-tie-ssl-women-poplin-shirt\/","name":"Black Tie SSL\/women Poplin Shirt | Printwave DE","isPartOf":{"@id":"https:\/\/printwave.pl\/de\/#website"},"primaryImageOfPage":{"@id":"https:\/\/printwave.pl\/de\/produkt\/black-tie-ssl-women-poplin-shirt\/#primaryimage"},"image":{"@id":"https:\/\/printwave.pl\/de\/produkt\/black-tie-ssl-women-poplin-shirt\/#primaryimage"},"thumbnailUrl":"https:\/\/printwave.pl\/de\/wp-content\/uploads\/sites\/3\/2025\/01\/713_24_101_m-2018_02.jpg","datePublished":"2025-01-21T01:18:08+00:00","dateModified":"2026-02-27T04:24:24+00:00","breadcrumb":{"@id":"https:\/\/printwave.pl\/de\/produkt\/black-tie-ssl-women-poplin-shirt\/#breadcrumb"},"inLanguage":"de","potentialAction":[{"@type":"ReadAction","target":["https:\/\/printwave.pl\/de\/produkt\/black-tie-ssl-women-poplin-shirt\/"]}]},{"@type":"ImageObject","inLanguage":"de","@id":"https:\/\/printwave.pl\/de\/produkt\/black-tie-ssl-women-poplin-shirt\/#primaryimage","url":"https:\/\/printwave.pl\/de\/wp-content\/uploads\/sites\/3\/2025\/01\/713_24_101_m-2018_02.jpg","contentUrl":"https:\/\/printwave.pl\/de\/wp-content\/uploads\/sites\/3\/2025\/01\/713_24_101_m-2018_02.jpg","width":1024,"height":1304},{"@type":"BreadcrumbList","@id":"https:\/\/printwave.pl\/de\/produkt\/black-tie-ssl-women-poplin-shirt\/#breadcrumb","itemListElement":[{"@type":"ListItem","position":1,"name":"Strona g\u0142\u00f3wna","item":"https:\/\/printwave.pl\/de\/"},{"@type":"ListItem","position":2,"name":"Shop","item":"https:\/\/printwave.pl\/de\/shop\/"},{"@type":"ListItem","position":3,"name":"Black Tie SSL\/women Poplin Shirt"}]},{"@type":"WebSite","@id":"https:\/\/printwave.pl\/de\/#website","url":"https:\/\/printwave.pl\/de\/","name":"Printwave DE","description":"","potentialAction":[{"@type":"SearchAction","target":{"@type":"EntryPoint","urlTemplate":"https:\/\/printwave.pl\/de\/?s={search_term_string}"},"query-input":{"@type":"PropertyValueSpecification","valueRequired":true,"valueName":"search_term_string"}}],"inLanguage":"de"}]}},"_links":{"self":[{"href":"https:\/\/printwave.pl\/de\/wp-json\/wp\/v2\/product\/373834","targetHints":{"allow":["GET"]}}],"collection":[{"href":"https:\/\/printwave.pl\/de\/wp-json\/wp\/v2\/product"}],"about":[{"href":"https:\/\/printwave.pl\/de\/wp-json\/wp\/v2\/types\/product"}],"replies":[{"embeddable":true,"href":"https:\/\/printwave.pl\/de\/wp-json\/wp\/v2\/comments?post=373834"}],"wp:featuredmedia":[{"embeddable":true,"href":"https:\/\/printwave.pl\/de\/wp-json\/wp\/v2\/media\/373830"}],"wp:attachment":[{"href":"https:\/\/printwave.pl\/de\/wp-json\/wp\/v2\/media?parent=373834"}],"wp:term":[{"taxonomy":"product_brand","embeddable":true,"href":"https:\/\/printwave.pl\/de\/wp-json\/wp\/v2\/product_brand?post=373834"},{"taxonomy":"product_cat","embeddable":true,"href":"https:\/\/printwave.pl\/de\/wp-json\/wp\/v2\/product_cat?post=373834"},{"taxonomy":"product_tag","embeddable":true,"href":"https:\/\/printwave.pl\/de\/wp-json\/wp\/v2\/product_tag?post=373834"}],"curies":[{"name":"wp","href":"https:\/\/api.w.org\/{rel}","templated":true}]}}