{"id":372784,"date":"2025-01-21T01:45:38","date_gmt":"2025-01-21T00:45:38","guid":{"rendered":"https:\/\/printwave.pl\/de\/produkt\/sharp-lsl-men-twill-shirt\/"},"modified":"2026-02-27T05:19:52","modified_gmt":"2026-02-27T04:19:52","slug":"sharp-lsl-men-twill-shirt","status":"publish","type":"product","link":"https:\/\/printwave.pl\/de\/produkt\/sharp-lsl-men-twill-shirt\/","title":{"rendered":"Sharp LSL\/men Twill Shirt"},"content":{"rendered":"<p>\u00b7130 g\/m\u00b2<br \/>\n\u00b7100% Baumwolle, gek\u00e4mmt<br \/>\n\u00b7Halbausgestellter st\u00e4bchenverst\u00e4rkter Kragen<br \/>\n\u00b7Brusttasche links<br \/>\n\u00b7Krawattenhalterung an Knopfleiste &#8211; Tie fix\u00a9<br \/>\n\u00b7Kn\u00f6pfe mit Perlmuttschimmer<br \/>\n\u00b7Letztes Knopfloch waagerecht<br \/>\n\u00b7Schulterpasse mit an den Seiten eingelegten Falten<br \/>\n\u00b7Abgeschr\u00e4gte Manschette mit 2 Kn\u00f6pfen (wahlweise mit Manschettenkn\u00f6pfen tragbar)<br \/>\n\u00b7Seitenschlitz im \u00c4rmel mit Knopf<br \/>\n\u00b7Doppelt gelegte Seiten- und \u00c4rmeln\u00e4hte<br \/>\n\u00b7Halbrunder Saumabschluss mit Verst\u00e4rkung an den Seitenn\u00e4hten<br \/>\n\u00b72 Ersatzkn\u00f6pfe<br \/>\n\u00b7Easy Care Twill aus 100% Baumwolle.<\/p>\n","protected":false},"excerpt":{"rendered":"<p>\u00b7130 g\/m\u00b2 \u00b7100% Baumwolle, gek\u00e4mmt \u00b7Halbausgestellter st\u00e4bchenverst\u00e4rkter Kragen \u00b7Brusttasche links \u00b7Krawattenhalterung an Knopfleiste &#8211; Tie fix\u00a9 \u00b7Kn\u00f6pfe mit Perlmuttschimmer \u00b7Letztes<\/p>\n","protected":false},"featured_media":372774,"comment_status":"open","ping_status":"closed","template":"","meta":[],"product_brand":[],"product_cat":[3108],"product_tag":[3112,3110,3109,2295,3114,2296,3113,2297],"class_list":{"0":"post-372784","1":"product","2":"type-product","3":"status-publish","4":"has-post-thumbnail","6":"product_cat-hemden-blusen","7":"product_tag-buegelleicht","8":"product_tag-business-kleidung","9":"product_tag-businessbekleidung","10":"product_tag-langarm","11":"product_tag-langarm-shirt","12":"product_tag-langaermelig","13":"product_tag-langarmshirt","14":"product_tag-oberbekleidung","15":"pa_brand-bc","16":"pa_certificates-fwf-fair-wear","17":"pa_certificates-oeko-tex-standard-100","18":"pa_color-black","19":"pa_color-dark-grey","20":"pa_color-deep-red","21":"pa_color-navy","22":"pa_color-white","23":"pa_details-brusttasche","24":"pa_fabric-baumwolle","25":"pa_gender-partner-produkte","26":"pa_product-group-hemden","27":"pa_product-group-pflegeleicht","28":"pa_size-3xl","29":"pa_size-4xl","30":"pa_size-s","31":"pa_sleeve-langaermelig","32":"pa_stil-nummer-5484","33":"pa_weight-100-139-g-m","35":"first","36":"instock","37":"taxable","38":"shipping-taxable","39":"purchasable","40":"product-type-variable"},"yoast_head":"<!-- This site is optimized with the Yoast SEO Premium plugin v20.9 (Yoast SEO v26.3) - https:\/\/yoast.com\/wordpress\/plugins\/seo\/ -->\n<title>Sharp LSL\/men Twill Shirt | Printwave DE<\/title>\n<meta name=\"robots\" content=\"index, follow, max-snippet:-1, max-image-preview:large, max-video-preview:-1\" \/>\n<link rel=\"canonical\" href=\"https:\/\/printwave.pl\/de\/produkt\/sharp-lsl-men-twill-shirt\/\" \/>\n<meta property=\"og:locale\" content=\"de_DE\" \/>\n<meta property=\"og:type\" content=\"article\" \/>\n<meta property=\"og:title\" content=\"Sharp LSL\/men Twill Shirt\" \/>\n<meta property=\"og:description\" content=\"\u00b7130 g\/m\u00b2 \u00b7100% Baumwolle, gek\u00e4mmt \u00b7Halbausgestellter st\u00e4bchenverst\u00e4rkter Kragen \u00b7Brusttasche links \u00b7Krawattenhalterung an Knopfleiste &#8211; Tie fix\u00a9 \u00b7Kn\u00f6pfe mit Perlmuttschimmer \u00b7Letztes\" \/>\n<meta property=\"og:url\" content=\"https:\/\/printwave.pl\/de\/produkt\/sharp-lsl-men-twill-shirt\/\" \/>\n<meta property=\"og:site_name\" content=\"Printwave DE\" \/>\n<meta property=\"article:modified_time\" content=\"2026-02-27T04:19:52+00:00\" \/>\n<meta property=\"og:image\" content=\"https:\/\/printwave.pl\/de\/wp-content\/uploads\/sites\/3\/2025\/03\/Print-Wave-logo-2025.png\" \/>\n\t<meta property=\"og:image:width\" content=\"1645\" \/>\n\t<meta property=\"og:image:height\" content=\"297\" \/>\n\t<meta property=\"og:image:type\" content=\"image\/png\" \/>\n<meta name=\"twitter:card\" content=\"summary_large_image\" \/>\n<script type=\"application\/ld+json\" class=\"yoast-schema-graph\">{\"@context\":\"https:\/\/schema.org\",\"@graph\":[{\"@type\":\"WebPage\",\"@id\":\"https:\/\/printwave.pl\/de\/produkt\/sharp-lsl-men-twill-shirt\/\",\"url\":\"https:\/\/printwave.pl\/de\/produkt\/sharp-lsl-men-twill-shirt\/\",\"name\":\"Sharp LSL\/men Twill Shirt | Printwave DE\",\"isPartOf\":{\"@id\":\"https:\/\/printwave.pl\/de\/#website\"},\"primaryImageOfPage\":{\"@id\":\"https:\/\/printwave.pl\/de\/produkt\/sharp-lsl-men-twill-shirt\/#primaryimage\"},\"image\":{\"@id\":\"https:\/\/printwave.pl\/de\/produkt\/sharp-lsl-men-twill-shirt\/#primaryimage\"},\"thumbnailUrl\":\"https:\/\/printwave.pl\/de\/wp-content\/uploads\/sites\/3\/2025\/01\/728_42_200_m-2018_01.jpg\",\"datePublished\":\"2025-01-21T00:45:38+00:00\",\"dateModified\":\"2026-02-27T04:19:52+00:00\",\"breadcrumb\":{\"@id\":\"https:\/\/printwave.pl\/de\/produkt\/sharp-lsl-men-twill-shirt\/#breadcrumb\"},\"inLanguage\":\"de\",\"potentialAction\":[{\"@type\":\"ReadAction\",\"target\":[\"https:\/\/printwave.pl\/de\/produkt\/sharp-lsl-men-twill-shirt\/\"]}]},{\"@type\":\"ImageObject\",\"inLanguage\":\"de\",\"@id\":\"https:\/\/printwave.pl\/de\/produkt\/sharp-lsl-men-twill-shirt\/#primaryimage\",\"url\":\"https:\/\/printwave.pl\/de\/wp-content\/uploads\/sites\/3\/2025\/01\/728_42_200_m-2018_01.jpg\",\"contentUrl\":\"https:\/\/printwave.pl\/de\/wp-content\/uploads\/sites\/3\/2025\/01\/728_42_200_m-2018_01.jpg\",\"width\":1024,\"height\":1304},{\"@type\":\"BreadcrumbList\",\"@id\":\"https:\/\/printwave.pl\/de\/produkt\/sharp-lsl-men-twill-shirt\/#breadcrumb\",\"itemListElement\":[{\"@type\":\"ListItem\",\"position\":1,\"name\":\"Strona g\u0142\u00f3wna\",\"item\":\"https:\/\/printwave.pl\/de\/\"},{\"@type\":\"ListItem\",\"position\":2,\"name\":\"Shop\",\"item\":\"https:\/\/printwave.pl\/de\/shop\/\"},{\"@type\":\"ListItem\",\"position\":3,\"name\":\"Sharp LSL\/men Twill Shirt\"}]},{\"@type\":\"WebSite\",\"@id\":\"https:\/\/printwave.pl\/de\/#website\",\"url\":\"https:\/\/printwave.pl\/de\/\",\"name\":\"Printwave DE\",\"description\":\"\",\"potentialAction\":[{\"@type\":\"SearchAction\",\"target\":{\"@type\":\"EntryPoint\",\"urlTemplate\":\"https:\/\/printwave.pl\/de\/?s={search_term_string}\"},\"query-input\":{\"@type\":\"PropertyValueSpecification\",\"valueRequired\":true,\"valueName\":\"search_term_string\"}}],\"inLanguage\":\"de\"}]}<\/script>\n<!-- \/ Yoast SEO Premium plugin. -->","yoast_head_json":{"title":"Sharp LSL\/men Twill Shirt | Printwave DE","robots":{"index":"index","follow":"follow","max-snippet":"max-snippet:-1","max-image-preview":"max-image-preview:large","max-video-preview":"max-video-preview:-1"},"canonical":"https:\/\/printwave.pl\/de\/produkt\/sharp-lsl-men-twill-shirt\/","og_locale":"de_DE","og_type":"article","og_title":"Sharp LSL\/men Twill Shirt","og_description":"\u00b7130 g\/m\u00b2 \u00b7100% Baumwolle, gek\u00e4mmt \u00b7Halbausgestellter st\u00e4bchenverst\u00e4rkter Kragen \u00b7Brusttasche links \u00b7Krawattenhalterung an Knopfleiste &#8211; Tie fix\u00a9 \u00b7Kn\u00f6pfe mit Perlmuttschimmer \u00b7Letztes","og_url":"https:\/\/printwave.pl\/de\/produkt\/sharp-lsl-men-twill-shirt\/","og_site_name":"Printwave DE","article_modified_time":"2026-02-27T04:19:52+00:00","og_image":[{"width":1645,"height":297,"url":"https:\/\/printwave.pl\/de\/wp-content\/uploads\/sites\/3\/2025\/03\/Print-Wave-logo-2025.png","type":"image\/png"}],"twitter_card":"summary_large_image","schema":{"@context":"https:\/\/schema.org","@graph":[{"@type":"WebPage","@id":"https:\/\/printwave.pl\/de\/produkt\/sharp-lsl-men-twill-shirt\/","url":"https:\/\/printwave.pl\/de\/produkt\/sharp-lsl-men-twill-shirt\/","name":"Sharp LSL\/men Twill Shirt | Printwave DE","isPartOf":{"@id":"https:\/\/printwave.pl\/de\/#website"},"primaryImageOfPage":{"@id":"https:\/\/printwave.pl\/de\/produkt\/sharp-lsl-men-twill-shirt\/#primaryimage"},"image":{"@id":"https:\/\/printwave.pl\/de\/produkt\/sharp-lsl-men-twill-shirt\/#primaryimage"},"thumbnailUrl":"https:\/\/printwave.pl\/de\/wp-content\/uploads\/sites\/3\/2025\/01\/728_42_200_m-2018_01.jpg","datePublished":"2025-01-21T00:45:38+00:00","dateModified":"2026-02-27T04:19:52+00:00","breadcrumb":{"@id":"https:\/\/printwave.pl\/de\/produkt\/sharp-lsl-men-twill-shirt\/#breadcrumb"},"inLanguage":"de","potentialAction":[{"@type":"ReadAction","target":["https:\/\/printwave.pl\/de\/produkt\/sharp-lsl-men-twill-shirt\/"]}]},{"@type":"ImageObject","inLanguage":"de","@id":"https:\/\/printwave.pl\/de\/produkt\/sharp-lsl-men-twill-shirt\/#primaryimage","url":"https:\/\/printwave.pl\/de\/wp-content\/uploads\/sites\/3\/2025\/01\/728_42_200_m-2018_01.jpg","contentUrl":"https:\/\/printwave.pl\/de\/wp-content\/uploads\/sites\/3\/2025\/01\/728_42_200_m-2018_01.jpg","width":1024,"height":1304},{"@type":"BreadcrumbList","@id":"https:\/\/printwave.pl\/de\/produkt\/sharp-lsl-men-twill-shirt\/#breadcrumb","itemListElement":[{"@type":"ListItem","position":1,"name":"Strona g\u0142\u00f3wna","item":"https:\/\/printwave.pl\/de\/"},{"@type":"ListItem","position":2,"name":"Shop","item":"https:\/\/printwave.pl\/de\/shop\/"},{"@type":"ListItem","position":3,"name":"Sharp LSL\/men Twill Shirt"}]},{"@type":"WebSite","@id":"https:\/\/printwave.pl\/de\/#website","url":"https:\/\/printwave.pl\/de\/","name":"Printwave DE","description":"","potentialAction":[{"@type":"SearchAction","target":{"@type":"EntryPoint","urlTemplate":"https:\/\/printwave.pl\/de\/?s={search_term_string}"},"query-input":{"@type":"PropertyValueSpecification","valueRequired":true,"valueName":"search_term_string"}}],"inLanguage":"de"}]}},"_links":{"self":[{"href":"https:\/\/printwave.pl\/de\/wp-json\/wp\/v2\/product\/372784","targetHints":{"allow":["GET"]}}],"collection":[{"href":"https:\/\/printwave.pl\/de\/wp-json\/wp\/v2\/product"}],"about":[{"href":"https:\/\/printwave.pl\/de\/wp-json\/wp\/v2\/types\/product"}],"replies":[{"embeddable":true,"href":"https:\/\/printwave.pl\/de\/wp-json\/wp\/v2\/comments?post=372784"}],"wp:featuredmedia":[{"embeddable":true,"href":"https:\/\/printwave.pl\/de\/wp-json\/wp\/v2\/media\/372774"}],"wp:attachment":[{"href":"https:\/\/printwave.pl\/de\/wp-json\/wp\/v2\/media?parent=372784"}],"wp:term":[{"taxonomy":"product_brand","embeddable":true,"href":"https:\/\/printwave.pl\/de\/wp-json\/wp\/v2\/product_brand?post=372784"},{"taxonomy":"product_cat","embeddable":true,"href":"https:\/\/printwave.pl\/de\/wp-json\/wp\/v2\/product_cat?post=372784"},{"taxonomy":"product_tag","embeddable":true,"href":"https:\/\/printwave.pl\/de\/wp-json\/wp\/v2\/product_tag?post=372784"}],"curies":[{"name":"wp","href":"https:\/\/api.w.org\/{rel}","templated":true}]}}