{"id":371298,"date":"2025-01-21T01:01:19","date_gmt":"2025-01-21T00:01:19","guid":{"rendered":"https:\/\/printwave.pl\/de\/produkt\/womens-tailored-fit-workwear-oxford-shirt-ssl\/"},"modified":"2026-02-27T05:16:05","modified_gmt":"2026-02-27T04:16:05","slug":"womens-tailored-fit-workwear-oxford-shirt-ssl","status":"publish","type":"product","link":"https:\/\/printwave.pl\/de\/produkt\/womens-tailored-fit-workwear-oxford-shirt-ssl\/","title":{"rendered":"Women&#8217;s Tailored Fit Workwear Oxford Shirt SSL"},"content":{"rendered":"<p>\u00b7135 g\/m\u00b2<br \/>\n\u00b770% Baumwolle, 30% Polyester<br \/>\n\u00b7Klassischer Kragen mit Knopf<br \/>\n\u00b7R\u00fcckw\u00e4rtige Schulterpasse<br \/>\n\u00b7Abn\u00e4her auf Brust und R\u00fccken f\u00fcr perfekte Passform<br \/>\n\u00b7Halbrunder Saumabschluss.<\/p>\n","protected":false},"excerpt":{"rendered":"<p>\u00b7135 g\/m\u00b2 \u00b770% Baumwolle, 30% Polyester \u00b7Klassischer Kragen mit Knopf \u00b7R\u00fcckw\u00e4rtige Schulterpasse \u00b7Abn\u00e4her auf Brust und R\u00fccken f\u00fcr perfekte Passform<\/p>\n","protected":false},"featured_media":371297,"comment_status":"open","ping_status":"closed","template":"","meta":[],"product_brand":[],"product_cat":[3054,3108],"product_tag":[2436,2437,3110,3109,2795,2355,2297,3132,2442],"class_list":{"0":"post-371298","1":"product","2":"type-product","3":"status-publish","4":"has-post-thumbnail","6":"product_cat-arbeitsbekleidung","7":"product_cat-hemden-blusen","8":"product_tag-arbeitsbekleidung","9":"product_tag-arbeitskleidung","10":"product_tag-business-kleidung","11":"product_tag-businessbekleidung","12":"product_tag-kurzarm","13":"product_tag-kurzaermelig","14":"product_tag-oberbekleidung","15":"product_tag-oxford-blusen","16":"product_tag-workwear","17":"pa_brand-kustom-kit","18":"pa_certificates-oeko-tex-made-in-green","19":"pa_certificates-oeko-tex-standard-100","20":"pa_certificates-oeko-tex-step","21":"pa_certificates-sedex","22":"pa_color-black","23":"pa_color-french-navy","24":"pa_color-italian-blue","25":"pa_color-light-blue","26":"pa_color-red","27":"pa_color-white","28":"pa_details-xs","29":"pa_details-koerpernah-geschnitten","30":"pa_details-oxford","31":"pa_fabric-mischgewebe","32":"pa_gender-partner-produkte","33":"pa_product-group-blusen","34":"pa_size-2xl","35":"pa_size-3xl","36":"pa_size-l","37":"pa_size-m","38":"pa_size-s","39":"pa_size-xl","40":"pa_size-xs","41":"pa_sleeve-kurzaermelig","42":"pa_stil-nummer-5446","43":"pa_weight-100-139-g-m","45":"first","46":"instock","47":"taxable","48":"shipping-taxable","49":"purchasable","50":"product-type-variable"},"yoast_head":"<!-- This site is optimized with the Yoast SEO Premium plugin v20.9 (Yoast SEO v26.3) - https:\/\/yoast.com\/wordpress\/plugins\/seo\/ -->\n<title>Women&#039;s Tailored Fit Workwear Oxford Shirt SSL | Printwave DE<\/title>\n<meta name=\"robots\" content=\"index, follow, max-snippet:-1, max-image-preview:large, max-video-preview:-1\" \/>\n<link rel=\"canonical\" href=\"https:\/\/printwave.pl\/de\/produkt\/womens-tailored-fit-workwear-oxford-shirt-ssl\/\" \/>\n<meta property=\"og:locale\" content=\"de_DE\" \/>\n<meta property=\"og:type\" content=\"article\" \/>\n<meta property=\"og:title\" content=\"Women&#039;s Tailored Fit Workwear Oxford Shirt SSL\" \/>\n<meta property=\"og:description\" content=\"\u00b7135 g\/m\u00b2 \u00b770% Baumwolle, 30% Polyester \u00b7Klassischer Kragen mit Knopf \u00b7R\u00fcckw\u00e4rtige Schulterpasse \u00b7Abn\u00e4her auf Brust und R\u00fccken f\u00fcr perfekte Passform\" \/>\n<meta property=\"og:url\" content=\"https:\/\/printwave.pl\/de\/produkt\/womens-tailored-fit-workwear-oxford-shirt-ssl\/\" \/>\n<meta property=\"og:site_name\" content=\"Printwave DE\" \/>\n<meta property=\"article:modified_time\" content=\"2026-02-27T04:16:05+00:00\" \/>\n<meta property=\"og:image\" content=\"https:\/\/printwave.pl\/de\/wp-content\/uploads\/sites\/3\/2025\/03\/Print-Wave-logo-2025.png\" \/>\n\t<meta property=\"og:image:width\" content=\"1645\" \/>\n\t<meta property=\"og:image:height\" content=\"297\" \/>\n\t<meta property=\"og:image:type\" content=\"image\/png\" \/>\n<meta name=\"twitter:card\" content=\"summary_large_image\" \/>\n<script type=\"application\/ld+json\" class=\"yoast-schema-graph\">{\"@context\":\"https:\/\/schema.org\",\"@graph\":[{\"@type\":\"WebPage\",\"@id\":\"https:\/\/printwave.pl\/de\/produkt\/womens-tailored-fit-workwear-oxford-shirt-ssl\/\",\"url\":\"https:\/\/printwave.pl\/de\/produkt\/womens-tailored-fit-workwear-oxford-shirt-ssl\/\",\"name\":\"Women's Tailored Fit Workwear Oxford Shirt SSL | Printwave DE\",\"isPartOf\":{\"@id\":\"https:\/\/printwave.pl\/de\/#website\"},\"primaryImageOfPage\":{\"@id\":\"https:\/\/printwave.pl\/de\/produkt\/womens-tailored-fit-workwear-oxford-shirt-ssl\/#primaryimage\"},\"image\":{\"@id\":\"https:\/\/printwave.pl\/de\/produkt\/womens-tailored-fit-workwear-oxford-shirt-ssl\/#primaryimage\"},\"thumbnailUrl\":\"https:\/\/printwave.pl\/de\/wp-content\/uploads\/sites\/3\/2025\/01\/760_11_000_f-2018_01.jpg\",\"datePublished\":\"2025-01-21T00:01:19+00:00\",\"dateModified\":\"2026-02-27T04:16:05+00:00\",\"breadcrumb\":{\"@id\":\"https:\/\/printwave.pl\/de\/produkt\/womens-tailored-fit-workwear-oxford-shirt-ssl\/#breadcrumb\"},\"inLanguage\":\"de\",\"potentialAction\":[{\"@type\":\"ReadAction\",\"target\":[\"https:\/\/printwave.pl\/de\/produkt\/womens-tailored-fit-workwear-oxford-shirt-ssl\/\"]}]},{\"@type\":\"ImageObject\",\"inLanguage\":\"de\",\"@id\":\"https:\/\/printwave.pl\/de\/produkt\/womens-tailored-fit-workwear-oxford-shirt-ssl\/#primaryimage\",\"url\":\"https:\/\/printwave.pl\/de\/wp-content\/uploads\/sites\/3\/2025\/01\/760_11_000_f-2018_01.jpg\",\"contentUrl\":\"https:\/\/printwave.pl\/de\/wp-content\/uploads\/sites\/3\/2025\/01\/760_11_000_f-2018_01.jpg\",\"width\":1024,\"height\":1270},{\"@type\":\"BreadcrumbList\",\"@id\":\"https:\/\/printwave.pl\/de\/produkt\/womens-tailored-fit-workwear-oxford-shirt-ssl\/#breadcrumb\",\"itemListElement\":[{\"@type\":\"ListItem\",\"position\":1,\"name\":\"Strona g\u0142\u00f3wna\",\"item\":\"https:\/\/printwave.pl\/de\/\"},{\"@type\":\"ListItem\",\"position\":2,\"name\":\"Shop\",\"item\":\"https:\/\/printwave.pl\/de\/shop\/\"},{\"@type\":\"ListItem\",\"position\":3,\"name\":\"Women&#8217;s Tailored Fit Workwear Oxford Shirt SSL\"}]},{\"@type\":\"WebSite\",\"@id\":\"https:\/\/printwave.pl\/de\/#website\",\"url\":\"https:\/\/printwave.pl\/de\/\",\"name\":\"Printwave DE\",\"description\":\"\",\"potentialAction\":[{\"@type\":\"SearchAction\",\"target\":{\"@type\":\"EntryPoint\",\"urlTemplate\":\"https:\/\/printwave.pl\/de\/?s={search_term_string}\"},\"query-input\":{\"@type\":\"PropertyValueSpecification\",\"valueRequired\":true,\"valueName\":\"search_term_string\"}}],\"inLanguage\":\"de\"}]}<\/script>\n<!-- \/ Yoast SEO Premium plugin. -->","yoast_head_json":{"title":"Women's Tailored Fit Workwear Oxford Shirt SSL | Printwave DE","robots":{"index":"index","follow":"follow","max-snippet":"max-snippet:-1","max-image-preview":"max-image-preview:large","max-video-preview":"max-video-preview:-1"},"canonical":"https:\/\/printwave.pl\/de\/produkt\/womens-tailored-fit-workwear-oxford-shirt-ssl\/","og_locale":"de_DE","og_type":"article","og_title":"Women's Tailored Fit Workwear Oxford Shirt SSL","og_description":"\u00b7135 g\/m\u00b2 \u00b770% Baumwolle, 30% Polyester \u00b7Klassischer Kragen mit Knopf \u00b7R\u00fcckw\u00e4rtige Schulterpasse \u00b7Abn\u00e4her auf Brust und R\u00fccken f\u00fcr perfekte Passform","og_url":"https:\/\/printwave.pl\/de\/produkt\/womens-tailored-fit-workwear-oxford-shirt-ssl\/","og_site_name":"Printwave DE","article_modified_time":"2026-02-27T04:16:05+00:00","og_image":[{"width":1645,"height":297,"url":"https:\/\/printwave.pl\/de\/wp-content\/uploads\/sites\/3\/2025\/03\/Print-Wave-logo-2025.png","type":"image\/png"}],"twitter_card":"summary_large_image","schema":{"@context":"https:\/\/schema.org","@graph":[{"@type":"WebPage","@id":"https:\/\/printwave.pl\/de\/produkt\/womens-tailored-fit-workwear-oxford-shirt-ssl\/","url":"https:\/\/printwave.pl\/de\/produkt\/womens-tailored-fit-workwear-oxford-shirt-ssl\/","name":"Women's Tailored Fit Workwear Oxford Shirt SSL | Printwave DE","isPartOf":{"@id":"https:\/\/printwave.pl\/de\/#website"},"primaryImageOfPage":{"@id":"https:\/\/printwave.pl\/de\/produkt\/womens-tailored-fit-workwear-oxford-shirt-ssl\/#primaryimage"},"image":{"@id":"https:\/\/printwave.pl\/de\/produkt\/womens-tailored-fit-workwear-oxford-shirt-ssl\/#primaryimage"},"thumbnailUrl":"https:\/\/printwave.pl\/de\/wp-content\/uploads\/sites\/3\/2025\/01\/760_11_000_f-2018_01.jpg","datePublished":"2025-01-21T00:01:19+00:00","dateModified":"2026-02-27T04:16:05+00:00","breadcrumb":{"@id":"https:\/\/printwave.pl\/de\/produkt\/womens-tailored-fit-workwear-oxford-shirt-ssl\/#breadcrumb"},"inLanguage":"de","potentialAction":[{"@type":"ReadAction","target":["https:\/\/printwave.pl\/de\/produkt\/womens-tailored-fit-workwear-oxford-shirt-ssl\/"]}]},{"@type":"ImageObject","inLanguage":"de","@id":"https:\/\/printwave.pl\/de\/produkt\/womens-tailored-fit-workwear-oxford-shirt-ssl\/#primaryimage","url":"https:\/\/printwave.pl\/de\/wp-content\/uploads\/sites\/3\/2025\/01\/760_11_000_f-2018_01.jpg","contentUrl":"https:\/\/printwave.pl\/de\/wp-content\/uploads\/sites\/3\/2025\/01\/760_11_000_f-2018_01.jpg","width":1024,"height":1270},{"@type":"BreadcrumbList","@id":"https:\/\/printwave.pl\/de\/produkt\/womens-tailored-fit-workwear-oxford-shirt-ssl\/#breadcrumb","itemListElement":[{"@type":"ListItem","position":1,"name":"Strona g\u0142\u00f3wna","item":"https:\/\/printwave.pl\/de\/"},{"@type":"ListItem","position":2,"name":"Shop","item":"https:\/\/printwave.pl\/de\/shop\/"},{"@type":"ListItem","position":3,"name":"Women&#8217;s Tailored Fit Workwear Oxford Shirt SSL"}]},{"@type":"WebSite","@id":"https:\/\/printwave.pl\/de\/#website","url":"https:\/\/printwave.pl\/de\/","name":"Printwave DE","description":"","potentialAction":[{"@type":"SearchAction","target":{"@type":"EntryPoint","urlTemplate":"https:\/\/printwave.pl\/de\/?s={search_term_string}"},"query-input":{"@type":"PropertyValueSpecification","valueRequired":true,"valueName":"search_term_string"}}],"inLanguage":"de"}]}},"_links":{"self":[{"href":"https:\/\/printwave.pl\/de\/wp-json\/wp\/v2\/product\/371298","targetHints":{"allow":["GET"]}}],"collection":[{"href":"https:\/\/printwave.pl\/de\/wp-json\/wp\/v2\/product"}],"about":[{"href":"https:\/\/printwave.pl\/de\/wp-json\/wp\/v2\/types\/product"}],"replies":[{"embeddable":true,"href":"https:\/\/printwave.pl\/de\/wp-json\/wp\/v2\/comments?post=371298"}],"wp:featuredmedia":[{"embeddable":true,"href":"https:\/\/printwave.pl\/de\/wp-json\/wp\/v2\/media\/371297"}],"wp:attachment":[{"href":"https:\/\/printwave.pl\/de\/wp-json\/wp\/v2\/media?parent=371298"}],"wp:term":[{"taxonomy":"product_brand","embeddable":true,"href":"https:\/\/printwave.pl\/de\/wp-json\/wp\/v2\/product_brand?post=371298"},{"taxonomy":"product_cat","embeddable":true,"href":"https:\/\/printwave.pl\/de\/wp-json\/wp\/v2\/product_cat?post=371298"},{"taxonomy":"product_tag","embeddable":true,"href":"https:\/\/printwave.pl\/de\/wp-json\/wp\/v2\/product_tag?post=371298"}],"curies":[{"name":"wp","href":"https:\/\/api.w.org\/{rel}","templated":true}]}}