{"id":367793,"date":"2025-01-20T23:17:36","date_gmt":"2025-01-20T22:17:36","guid":{"rendered":"https:\/\/printwave.pl\/de\/produkt\/dnm-vision-women-denim-shirt-ls\/"},"modified":"2026-02-27T05:01:43","modified_gmt":"2026-02-27T04:01:43","slug":"dnm-vision-women-denim-shirt-ls","status":"publish","type":"product","link":"https:\/\/printwave.pl\/de\/produkt\/dnm-vision-women-denim-shirt-ls\/","title":{"rendered":"DNM Vision\/women Denim Shirt LS"},"content":{"rendered":"<p>\u00b7100% Baumwolle, Denim Twill<br \/>\n\u00b7Vorgewaschen<br \/>\n\u00b7Femininer Kragen mit Lasche f\u00fcr den ersten Knopf<br \/>\n\u00b72-teilige Kragenr\u00fcckseite verst\u00e4rken den Vintage Look<br \/>\n\u00b7Schulterpasse mit doppelter Steppnaht<br \/>\n\u00b7Knopfleiste mit dekorativer Zick-Zack-Naht<br \/>\n\u00b7Ton-in-Ton K\u00f6pfe<br \/>\n\u00b7Abn\u00e4her am R\u00fccken und auf der Vorderseite f\u00fcr taillierte Passform<br \/>\n\u00b7Messing-Knopf auf der linken Manschette f\u00fcr individuellen Look<br \/>\n\u00b7Unten an den Seitenn\u00e4hten kleine Eins\u00e4tze in r\u00fcckseitigem Jeansstoff<br \/>\n\u00b7Abgerundeter Saum.<\/p>\n","protected":false},"excerpt":{"rendered":"<p>\u00b7100% Baumwolle, Denim Twill \u00b7Vorgewaschen \u00b7Femininer Kragen mit Lasche f\u00fcr den ersten Knopf \u00b72-teilige Kragenr\u00fcckseite verst\u00e4rken den Vintage Look \u00b7Schulterpasse<\/p>\n","protected":false},"featured_media":367791,"comment_status":"open","ping_status":"closed","template":"","meta":[],"product_brand":[],"product_cat":[3108],"product_tag":[3117,3118,3119,2295,2296,2297],"class_list":{"0":"post-367793","1":"product","2":"type-product","3":"status-publish","4":"has-post-thumbnail","6":"product_cat-hemden-blusen","7":"product_tag-jeans","8":"product_tag-jeansblusen","9":"product_tag-jeanshemden","10":"product_tag-langarm","11":"product_tag-langaermelig","12":"product_tag-oberbekleidung","13":"pa_brand-bc","14":"pa_certificates-fwf-fair-wear","15":"pa_certificates-oeko-tex-standard-100","16":"pa_color-deep-blue-denim","17":"pa_details-xs","18":"pa_fabric-baumwolle","19":"pa_gender-partner-produkte","20":"pa_product-group-blusen","21":"pa_size-xs","22":"pa_sleeve-langaermelig","23":"pa_stil-nummer-5369","25":"first","26":"instock","27":"taxable","28":"shipping-taxable","29":"purchasable","30":"product-type-variable"},"yoast_head":"<!-- This site is optimized with the Yoast SEO Premium plugin v20.9 (Yoast SEO v26.3) - https:\/\/yoast.com\/wordpress\/plugins\/seo\/ -->\n<title>DNM Vision\/women Denim Shirt LS | Printwave DE<\/title>\n<meta name=\"robots\" content=\"index, follow, max-snippet:-1, max-image-preview:large, max-video-preview:-1\" \/>\n<link rel=\"canonical\" href=\"https:\/\/printwave.pl\/de\/produkt\/dnm-vision-women-denim-shirt-ls\/\" \/>\n<meta property=\"og:locale\" content=\"de_DE\" \/>\n<meta property=\"og:type\" content=\"article\" \/>\n<meta property=\"og:title\" content=\"DNM Vision\/women Denim Shirt LS\" \/>\n<meta property=\"og:description\" content=\"\u00b7100% Baumwolle, Denim Twill \u00b7Vorgewaschen \u00b7Femininer Kragen mit Lasche f\u00fcr den ersten Knopf \u00b72-teilige Kragenr\u00fcckseite verst\u00e4rken den Vintage Look \u00b7Schulterpasse\" \/>\n<meta property=\"og:url\" content=\"https:\/\/printwave.pl\/de\/produkt\/dnm-vision-women-denim-shirt-ls\/\" \/>\n<meta property=\"og:site_name\" content=\"Printwave DE\" \/>\n<meta property=\"article:modified_time\" content=\"2026-02-27T04:01:43+00:00\" \/>\n<meta property=\"og:image\" content=\"https:\/\/printwave.pl\/de\/wp-content\/uploads\/sites\/3\/2025\/03\/Print-Wave-logo-2025.png\" \/>\n\t<meta property=\"og:image:width\" content=\"1645\" \/>\n\t<meta property=\"og:image:height\" content=\"297\" \/>\n\t<meta property=\"og:image:type\" content=\"image\/png\" \/>\n<meta name=\"twitter:card\" content=\"summary_large_image\" \/>\n<script type=\"application\/ld+json\" class=\"yoast-schema-graph\">{\"@context\":\"https:\/\/schema.org\",\"@graph\":[{\"@type\":\"WebPage\",\"@id\":\"https:\/\/printwave.pl\/de\/produkt\/dnm-vision-women-denim-shirt-ls\/\",\"url\":\"https:\/\/printwave.pl\/de\/produkt\/dnm-vision-women-denim-shirt-ls\/\",\"name\":\"DNM Vision\/women Denim Shirt LS | Printwave DE\",\"isPartOf\":{\"@id\":\"https:\/\/printwave.pl\/de\/#website\"},\"primaryImageOfPage\":{\"@id\":\"https:\/\/printwave.pl\/de\/produkt\/dnm-vision-women-denim-shirt-ls\/#primaryimage\"},\"image\":{\"@id\":\"https:\/\/printwave.pl\/de\/produkt\/dnm-vision-women-denim-shirt-ls\/#primaryimage\"},\"thumbnailUrl\":\"https:\/\/printwave.pl\/de\/wp-content\/uploads\/sites\/3\/2025\/01\/797_42_229_m-2018_01.jpg\",\"datePublished\":\"2025-01-20T22:17:36+00:00\",\"dateModified\":\"2026-02-27T04:01:43+00:00\",\"breadcrumb\":{\"@id\":\"https:\/\/printwave.pl\/de\/produkt\/dnm-vision-women-denim-shirt-ls\/#breadcrumb\"},\"inLanguage\":\"de\",\"potentialAction\":[{\"@type\":\"ReadAction\",\"target\":[\"https:\/\/printwave.pl\/de\/produkt\/dnm-vision-women-denim-shirt-ls\/\"]}]},{\"@type\":\"ImageObject\",\"inLanguage\":\"de\",\"@id\":\"https:\/\/printwave.pl\/de\/produkt\/dnm-vision-women-denim-shirt-ls\/#primaryimage\",\"url\":\"https:\/\/printwave.pl\/de\/wp-content\/uploads\/sites\/3\/2025\/01\/797_42_229_m-2018_01.jpg\",\"contentUrl\":\"https:\/\/printwave.pl\/de\/wp-content\/uploads\/sites\/3\/2025\/01\/797_42_229_m-2018_01.jpg\",\"width\":1024,\"height\":1304},{\"@type\":\"BreadcrumbList\",\"@id\":\"https:\/\/printwave.pl\/de\/produkt\/dnm-vision-women-denim-shirt-ls\/#breadcrumb\",\"itemListElement\":[{\"@type\":\"ListItem\",\"position\":1,\"name\":\"Strona g\u0142\u00f3wna\",\"item\":\"https:\/\/printwave.pl\/de\/\"},{\"@type\":\"ListItem\",\"position\":2,\"name\":\"Shop\",\"item\":\"https:\/\/printwave.pl\/de\/shop\/\"},{\"@type\":\"ListItem\",\"position\":3,\"name\":\"DNM Vision\/women Denim Shirt LS\"}]},{\"@type\":\"WebSite\",\"@id\":\"https:\/\/printwave.pl\/de\/#website\",\"url\":\"https:\/\/printwave.pl\/de\/\",\"name\":\"Printwave DE\",\"description\":\"\",\"potentialAction\":[{\"@type\":\"SearchAction\",\"target\":{\"@type\":\"EntryPoint\",\"urlTemplate\":\"https:\/\/printwave.pl\/de\/?s={search_term_string}\"},\"query-input\":{\"@type\":\"PropertyValueSpecification\",\"valueRequired\":true,\"valueName\":\"search_term_string\"}}],\"inLanguage\":\"de\"}]}<\/script>\n<!-- \/ Yoast SEO Premium plugin. -->","yoast_head_json":{"title":"DNM Vision\/women Denim Shirt LS | Printwave DE","robots":{"index":"index","follow":"follow","max-snippet":"max-snippet:-1","max-image-preview":"max-image-preview:large","max-video-preview":"max-video-preview:-1"},"canonical":"https:\/\/printwave.pl\/de\/produkt\/dnm-vision-women-denim-shirt-ls\/","og_locale":"de_DE","og_type":"article","og_title":"DNM Vision\/women Denim Shirt LS","og_description":"\u00b7100% Baumwolle, Denim Twill \u00b7Vorgewaschen \u00b7Femininer Kragen mit Lasche f\u00fcr den ersten Knopf \u00b72-teilige Kragenr\u00fcckseite verst\u00e4rken den Vintage Look \u00b7Schulterpasse","og_url":"https:\/\/printwave.pl\/de\/produkt\/dnm-vision-women-denim-shirt-ls\/","og_site_name":"Printwave DE","article_modified_time":"2026-02-27T04:01:43+00:00","og_image":[{"width":1645,"height":297,"url":"https:\/\/printwave.pl\/de\/wp-content\/uploads\/sites\/3\/2025\/03\/Print-Wave-logo-2025.png","type":"image\/png"}],"twitter_card":"summary_large_image","schema":{"@context":"https:\/\/schema.org","@graph":[{"@type":"WebPage","@id":"https:\/\/printwave.pl\/de\/produkt\/dnm-vision-women-denim-shirt-ls\/","url":"https:\/\/printwave.pl\/de\/produkt\/dnm-vision-women-denim-shirt-ls\/","name":"DNM Vision\/women Denim Shirt LS | Printwave DE","isPartOf":{"@id":"https:\/\/printwave.pl\/de\/#website"},"primaryImageOfPage":{"@id":"https:\/\/printwave.pl\/de\/produkt\/dnm-vision-women-denim-shirt-ls\/#primaryimage"},"image":{"@id":"https:\/\/printwave.pl\/de\/produkt\/dnm-vision-women-denim-shirt-ls\/#primaryimage"},"thumbnailUrl":"https:\/\/printwave.pl\/de\/wp-content\/uploads\/sites\/3\/2025\/01\/797_42_229_m-2018_01.jpg","datePublished":"2025-01-20T22:17:36+00:00","dateModified":"2026-02-27T04:01:43+00:00","breadcrumb":{"@id":"https:\/\/printwave.pl\/de\/produkt\/dnm-vision-women-denim-shirt-ls\/#breadcrumb"},"inLanguage":"de","potentialAction":[{"@type":"ReadAction","target":["https:\/\/printwave.pl\/de\/produkt\/dnm-vision-women-denim-shirt-ls\/"]}]},{"@type":"ImageObject","inLanguage":"de","@id":"https:\/\/printwave.pl\/de\/produkt\/dnm-vision-women-denim-shirt-ls\/#primaryimage","url":"https:\/\/printwave.pl\/de\/wp-content\/uploads\/sites\/3\/2025\/01\/797_42_229_m-2018_01.jpg","contentUrl":"https:\/\/printwave.pl\/de\/wp-content\/uploads\/sites\/3\/2025\/01\/797_42_229_m-2018_01.jpg","width":1024,"height":1304},{"@type":"BreadcrumbList","@id":"https:\/\/printwave.pl\/de\/produkt\/dnm-vision-women-denim-shirt-ls\/#breadcrumb","itemListElement":[{"@type":"ListItem","position":1,"name":"Strona g\u0142\u00f3wna","item":"https:\/\/printwave.pl\/de\/"},{"@type":"ListItem","position":2,"name":"Shop","item":"https:\/\/printwave.pl\/de\/shop\/"},{"@type":"ListItem","position":3,"name":"DNM Vision\/women Denim Shirt LS"}]},{"@type":"WebSite","@id":"https:\/\/printwave.pl\/de\/#website","url":"https:\/\/printwave.pl\/de\/","name":"Printwave DE","description":"","potentialAction":[{"@type":"SearchAction","target":{"@type":"EntryPoint","urlTemplate":"https:\/\/printwave.pl\/de\/?s={search_term_string}"},"query-input":{"@type":"PropertyValueSpecification","valueRequired":true,"valueName":"search_term_string"}}],"inLanguage":"de"}]}},"_links":{"self":[{"href":"https:\/\/printwave.pl\/de\/wp-json\/wp\/v2\/product\/367793","targetHints":{"allow":["GET"]}}],"collection":[{"href":"https:\/\/printwave.pl\/de\/wp-json\/wp\/v2\/product"}],"about":[{"href":"https:\/\/printwave.pl\/de\/wp-json\/wp\/v2\/types\/product"}],"replies":[{"embeddable":true,"href":"https:\/\/printwave.pl\/de\/wp-json\/wp\/v2\/comments?post=367793"}],"wp:featuredmedia":[{"embeddable":true,"href":"https:\/\/printwave.pl\/de\/wp-json\/wp\/v2\/media\/367791"}],"wp:attachment":[{"href":"https:\/\/printwave.pl\/de\/wp-json\/wp\/v2\/media?parent=367793"}],"wp:term":[{"taxonomy":"product_brand","embeddable":true,"href":"https:\/\/printwave.pl\/de\/wp-json\/wp\/v2\/product_brand?post=367793"},{"taxonomy":"product_cat","embeddable":true,"href":"https:\/\/printwave.pl\/de\/wp-json\/wp\/v2\/product_cat?post=367793"},{"taxonomy":"product_tag","embeddable":true,"href":"https:\/\/printwave.pl\/de\/wp-json\/wp\/v2\/product_tag?post=367793"}],"curies":[{"name":"wp","href":"https:\/\/api.w.org\/{rel}","templated":true}]}}