{"id":359106,"date":"2025-01-20T19:10:59","date_gmt":"2025-01-20T18:10:59","guid":{"rendered":"https:\/\/printwave.pl\/de\/produkt\/work-guard-stretch-trousers-reg\/"},"modified":"2026-02-27T04:39:06","modified_gmt":"2026-02-27T03:39:06","slug":"work-guard-stretch-trousers-reg","status":"publish","type":"product","link":"https:\/\/printwave.pl\/de\/produkt\/work-guard-stretch-trousers-reg\/","title":{"rendered":"Work-Guard Stretch Trousers Reg"},"content":{"rendered":"<p>\u00b7290 g\/m\u00b2<br \/>\n\u00b763% Polyester, 34% Baumwolle, 3% Elasthan<br \/>\n\u00b7Weiches Hochleistungsgewebe mit hoher Elastizit\u00e4t und ergonomischer Passform<br \/>\n\u00b7Zip mit Knopf (austauschbare farbige Zieher)<br \/>\n\u00b7Elastischer Taillenbund mit G\u00fcrtelschlaufen<br \/>\n\u00b7Diverse Multifunktionstaschen<br \/>\n\u00b7Ergonomische Knie-N\u00e4hte<br \/>\n\u00b7Doppelnaht und verst\u00e4rktes Gewebe an stark beanspruchten Stellen<br \/>\n\u00b7Verst\u00e4rkter Taillenbund<br \/>\n\u00b7Strapazierf\u00e4higes und langlebiges Finish, waschbar bis 60\u00b0C<br \/>\n\u00b7Geeignet f\u00fcr Stick<br \/>\n\u00b7Weitere Gr\u00f6\u00dfen f\u00fcr diesen Style finden Sie unter Produktnummer 904.33.<\/p>\n","protected":false},"excerpt":{"rendered":"<p>\u00b7290 g\/m\u00b2 \u00b763% Polyester, 34% Baumwolle, 3% Elasthan \u00b7Weiches Hochleistungsgewebe mit hoher Elastizit\u00e4t und ergonomischer Passform \u00b7Zip mit Knopf (austauschbare<\/p>\n","protected":false},"featured_media":359102,"comment_status":"open","ping_status":"closed","template":"","meta":[],"product_brand":[],"product_cat":[3054,2340,2251],"product_tag":[2394,2436,2545,2437,2546,2439,2297,2342,2442],"class_list":{"0":"post-359106","1":"product","2":"type-product","3":"status-publish","4":"has-post-thumbnail","6":"product_cat-arbeitsbekleidung","7":"product_cat-hosen","8":"product_cat-waschbar-bis-60c","9":"product_tag-60c-waschbar","10":"product_tag-arbeitsbekleidung","11":"product_tag-arbeitshosen","12":"product_tag-arbeitskleidung","13":"product_tag-chinos","14":"product_tag-hosen","15":"product_tag-oberbekleidung","16":"product_tag-unisex","17":"product_tag-workwear","18":"pa_brand-result-work-guard","19":"pa_color-black","20":"pa_color-navy","21":"pa_details-xs","22":"pa_details-seitentaschen","23":"pa_fabric-mischgewebe","24":"pa_gender-unisex","25":"pa_product-group-hosen","26":"pa_product-group-workwear","27":"pa_size-2xl-40-32","28":"pa_size-3xl-42-32","29":"pa_size-4xl-44-32","30":"pa_size-5xl-46-32","31":"pa_size-l-36-32","32":"pa_size-m-34-32","33":"pa_size-s-32-32","34":"pa_size-xl-38-32","35":"pa_size-xs-30-32","36":"pa_stil-nummer-5174","38":"first","39":"instock","40":"taxable","41":"shipping-taxable","42":"purchasable","43":"product-type-variable"},"yoast_head":"<!-- This site is optimized with the Yoast SEO Premium plugin v20.9 (Yoast SEO v26.3) - https:\/\/yoast.com\/wordpress\/plugins\/seo\/ -->\n<title>Work-Guard Stretch Trousers Reg | Printwave DE<\/title>\n<meta name=\"robots\" content=\"index, follow, max-snippet:-1, max-image-preview:large, max-video-preview:-1\" \/>\n<link rel=\"canonical\" href=\"https:\/\/printwave.pl\/de\/produkt\/work-guard-stretch-trousers-reg\/\" \/>\n<meta property=\"og:locale\" content=\"de_DE\" \/>\n<meta property=\"og:type\" content=\"article\" \/>\n<meta property=\"og:title\" content=\"Work-Guard Stretch Trousers Reg\" \/>\n<meta property=\"og:description\" content=\"\u00b7290 g\/m\u00b2 \u00b763% Polyester, 34% Baumwolle, 3% Elasthan \u00b7Weiches Hochleistungsgewebe mit hoher Elastizit\u00e4t und ergonomischer Passform \u00b7Zip mit Knopf (austauschbare\" \/>\n<meta property=\"og:url\" content=\"https:\/\/printwave.pl\/de\/produkt\/work-guard-stretch-trousers-reg\/\" \/>\n<meta property=\"og:site_name\" content=\"Printwave DE\" \/>\n<meta property=\"article:modified_time\" content=\"2026-02-27T03:39:06+00:00\" \/>\n<meta property=\"og:image\" content=\"https:\/\/printwave.pl\/de\/wp-content\/uploads\/sites\/3\/2025\/01\/903_33_101_m-2022_01.jpg\" \/>\n\t<meta property=\"og:image:width\" content=\"1024\" \/>\n\t<meta property=\"og:image:height\" content=\"1304\" \/>\n\t<meta property=\"og:image:type\" content=\"image\/jpeg\" \/>\n<meta name=\"twitter:card\" content=\"summary_large_image\" \/>\n<script type=\"application\/ld+json\" class=\"yoast-schema-graph\">{\"@context\":\"https:\/\/schema.org\",\"@graph\":[{\"@type\":\"WebPage\",\"@id\":\"https:\/\/printwave.pl\/de\/produkt\/work-guard-stretch-trousers-reg\/\",\"url\":\"https:\/\/printwave.pl\/de\/produkt\/work-guard-stretch-trousers-reg\/\",\"name\":\"Work-Guard Stretch Trousers Reg | Printwave DE\",\"isPartOf\":{\"@id\":\"https:\/\/printwave.pl\/de\/#website\"},\"primaryImageOfPage\":{\"@id\":\"https:\/\/printwave.pl\/de\/produkt\/work-guard-stretch-trousers-reg\/#primaryimage\"},\"image\":{\"@id\":\"https:\/\/printwave.pl\/de\/produkt\/work-guard-stretch-trousers-reg\/#primaryimage\"},\"thumbnailUrl\":\"https:\/\/printwave.pl\/de\/wp-content\/uploads\/sites\/3\/2025\/01\/903_33_101_m-2022_01.jpg\",\"datePublished\":\"2025-01-20T18:10:59+00:00\",\"dateModified\":\"2026-02-27T03:39:06+00:00\",\"breadcrumb\":{\"@id\":\"https:\/\/printwave.pl\/de\/produkt\/work-guard-stretch-trousers-reg\/#breadcrumb\"},\"inLanguage\":\"de\",\"potentialAction\":[{\"@type\":\"ReadAction\",\"target\":[\"https:\/\/printwave.pl\/de\/produkt\/work-guard-stretch-trousers-reg\/\"]}]},{\"@type\":\"ImageObject\",\"inLanguage\":\"de\",\"@id\":\"https:\/\/printwave.pl\/de\/produkt\/work-guard-stretch-trousers-reg\/#primaryimage\",\"url\":\"https:\/\/printwave.pl\/de\/wp-content\/uploads\/sites\/3\/2025\/01\/903_33_101_m-2022_01.jpg\",\"contentUrl\":\"https:\/\/printwave.pl\/de\/wp-content\/uploads\/sites\/3\/2025\/01\/903_33_101_m-2022_01.jpg\",\"width\":1024,\"height\":1304},{\"@type\":\"BreadcrumbList\",\"@id\":\"https:\/\/printwave.pl\/de\/produkt\/work-guard-stretch-trousers-reg\/#breadcrumb\",\"itemListElement\":[{\"@type\":\"ListItem\",\"position\":1,\"name\":\"Strona g\u0142\u00f3wna\",\"item\":\"https:\/\/printwave.pl\/de\/\"},{\"@type\":\"ListItem\",\"position\":2,\"name\":\"Shop\",\"item\":\"https:\/\/printwave.pl\/de\/shop\/\"},{\"@type\":\"ListItem\",\"position\":3,\"name\":\"Work-Guard Stretch Trousers Reg\"}]},{\"@type\":\"WebSite\",\"@id\":\"https:\/\/printwave.pl\/de\/#website\",\"url\":\"https:\/\/printwave.pl\/de\/\",\"name\":\"Printwave DE\",\"description\":\"\",\"potentialAction\":[{\"@type\":\"SearchAction\",\"target\":{\"@type\":\"EntryPoint\",\"urlTemplate\":\"https:\/\/printwave.pl\/de\/?s={search_term_string}\"},\"query-input\":{\"@type\":\"PropertyValueSpecification\",\"valueRequired\":true,\"valueName\":\"search_term_string\"}}],\"inLanguage\":\"de\"}]}<\/script>\n<!-- \/ Yoast SEO Premium plugin. -->","yoast_head_json":{"title":"Work-Guard Stretch Trousers Reg | Printwave DE","robots":{"index":"index","follow":"follow","max-snippet":"max-snippet:-1","max-image-preview":"max-image-preview:large","max-video-preview":"max-video-preview:-1"},"canonical":"https:\/\/printwave.pl\/de\/produkt\/work-guard-stretch-trousers-reg\/","og_locale":"de_DE","og_type":"article","og_title":"Work-Guard Stretch Trousers Reg","og_description":"\u00b7290 g\/m\u00b2 \u00b763% Polyester, 34% Baumwolle, 3% Elasthan \u00b7Weiches Hochleistungsgewebe mit hoher Elastizit\u00e4t und ergonomischer Passform \u00b7Zip mit Knopf (austauschbare","og_url":"https:\/\/printwave.pl\/de\/produkt\/work-guard-stretch-trousers-reg\/","og_site_name":"Printwave DE","article_modified_time":"2026-02-27T03:39:06+00:00","og_image":[{"width":1024,"height":1304,"url":"https:\/\/printwave.pl\/de\/wp-content\/uploads\/sites\/3\/2025\/01\/903_33_101_m-2022_01.jpg","type":"image\/jpeg"}],"twitter_card":"summary_large_image","schema":{"@context":"https:\/\/schema.org","@graph":[{"@type":"WebPage","@id":"https:\/\/printwave.pl\/de\/produkt\/work-guard-stretch-trousers-reg\/","url":"https:\/\/printwave.pl\/de\/produkt\/work-guard-stretch-trousers-reg\/","name":"Work-Guard Stretch Trousers Reg | Printwave DE","isPartOf":{"@id":"https:\/\/printwave.pl\/de\/#website"},"primaryImageOfPage":{"@id":"https:\/\/printwave.pl\/de\/produkt\/work-guard-stretch-trousers-reg\/#primaryimage"},"image":{"@id":"https:\/\/printwave.pl\/de\/produkt\/work-guard-stretch-trousers-reg\/#primaryimage"},"thumbnailUrl":"https:\/\/printwave.pl\/de\/wp-content\/uploads\/sites\/3\/2025\/01\/903_33_101_m-2022_01.jpg","datePublished":"2025-01-20T18:10:59+00:00","dateModified":"2026-02-27T03:39:06+00:00","breadcrumb":{"@id":"https:\/\/printwave.pl\/de\/produkt\/work-guard-stretch-trousers-reg\/#breadcrumb"},"inLanguage":"de","potentialAction":[{"@type":"ReadAction","target":["https:\/\/printwave.pl\/de\/produkt\/work-guard-stretch-trousers-reg\/"]}]},{"@type":"ImageObject","inLanguage":"de","@id":"https:\/\/printwave.pl\/de\/produkt\/work-guard-stretch-trousers-reg\/#primaryimage","url":"https:\/\/printwave.pl\/de\/wp-content\/uploads\/sites\/3\/2025\/01\/903_33_101_m-2022_01.jpg","contentUrl":"https:\/\/printwave.pl\/de\/wp-content\/uploads\/sites\/3\/2025\/01\/903_33_101_m-2022_01.jpg","width":1024,"height":1304},{"@type":"BreadcrumbList","@id":"https:\/\/printwave.pl\/de\/produkt\/work-guard-stretch-trousers-reg\/#breadcrumb","itemListElement":[{"@type":"ListItem","position":1,"name":"Strona g\u0142\u00f3wna","item":"https:\/\/printwave.pl\/de\/"},{"@type":"ListItem","position":2,"name":"Shop","item":"https:\/\/printwave.pl\/de\/shop\/"},{"@type":"ListItem","position":3,"name":"Work-Guard Stretch Trousers Reg"}]},{"@type":"WebSite","@id":"https:\/\/printwave.pl\/de\/#website","url":"https:\/\/printwave.pl\/de\/","name":"Printwave DE","description":"","potentialAction":[{"@type":"SearchAction","target":{"@type":"EntryPoint","urlTemplate":"https:\/\/printwave.pl\/de\/?s={search_term_string}"},"query-input":{"@type":"PropertyValueSpecification","valueRequired":true,"valueName":"search_term_string"}}],"inLanguage":"de"}]}},"_links":{"self":[{"href":"https:\/\/printwave.pl\/de\/wp-json\/wp\/v2\/product\/359106","targetHints":{"allow":["GET"]}}],"collection":[{"href":"https:\/\/printwave.pl\/de\/wp-json\/wp\/v2\/product"}],"about":[{"href":"https:\/\/printwave.pl\/de\/wp-json\/wp\/v2\/types\/product"}],"replies":[{"embeddable":true,"href":"https:\/\/printwave.pl\/de\/wp-json\/wp\/v2\/comments?post=359106"}],"wp:featuredmedia":[{"embeddable":true,"href":"https:\/\/printwave.pl\/de\/wp-json\/wp\/v2\/media\/359102"}],"wp:attachment":[{"href":"https:\/\/printwave.pl\/de\/wp-json\/wp\/v2\/media?parent=359106"}],"wp:term":[{"taxonomy":"product_brand","embeddable":true,"href":"https:\/\/printwave.pl\/de\/wp-json\/wp\/v2\/product_brand?post=359106"},{"taxonomy":"product_cat","embeddable":true,"href":"https:\/\/printwave.pl\/de\/wp-json\/wp\/v2\/product_cat?post=359106"},{"taxonomy":"product_tag","embeddable":true,"href":"https:\/\/printwave.pl\/de\/wp-json\/wp\/v2\/product_tag?post=359106"}],"curies":[{"name":"wp","href":"https:\/\/api.w.org\/{rel}","templated":true}]}}