{"id":358208,"date":"2025-01-20T18:41:54","date_gmt":"2025-01-20T17:41:54","guid":{"rendered":"https:\/\/printwave.pl\/de\/produkt\/work-guard-technical-trouser\/"},"modified":"2026-02-27T04:35:06","modified_gmt":"2026-02-27T03:35:06","slug":"work-guard-technical-trouser","status":"publish","type":"product","link":"https:\/\/printwave.pl\/de\/produkt\/work-guard-technical-trouser\/","title":{"rendered":"Work-Guard Technical Trouser"},"content":{"rendered":"<p>\u00b7270 g\/m\u00b2<br \/>\n\u00b765% Polyester, 35% Baumwolle<br \/>\n\u00b7Kontrastmaterial im Kniebereich: 210 g\/m\u00b2, 100% Polyester<br \/>\n\u00b7Zip mit Nietenverschluss<br \/>\n\u00b7Elastischer Taillenbund mit G\u00fcrtelschlaufen<br \/>\n\u00b7Diverse Taschen<br \/>\n\u00b7Innen Einschubtaschen f\u00fcr Kniepolster<br \/>\n\u00b7Dreifachn\u00e4hte, teilweise verst\u00e4rkte N\u00e4hte an Taschen und beanspruchten Stellen<br \/>\n\u00b7Dekorative Reflektionsstreifen<br \/>\n\u00b7F\u00fcr Stick geeignet<br \/>\n\u00b7Waschbar bis 60\u00b0C.<\/p>\n","protected":false},"excerpt":{"rendered":"<p>\u00b7270 g\/m\u00b2 \u00b765% Polyester, 35% Baumwolle \u00b7Kontrastmaterial im Kniebereich: 210 g\/m\u00b2, 100% Polyester \u00b7Zip mit Nietenverschluss \u00b7Elastischer Taillenbund mit G\u00fcrtelschlaufen<\/p>\n","protected":false},"featured_media":358205,"comment_status":"open","ping_status":"closed","template":"","meta":[],"product_brand":[],"product_cat":[3054,2340],"product_tag":[2673,2436,2545,2437,2546,2439,2567,2568,2297,2342,2306,2442,2678],"class_list":{"0":"post-358208","1":"product","2":"type-product","3":"status-publish","4":"has-post-thumbnail","6":"product_cat-arbeitsbekleidung","7":"product_cat-hosen","8":"product_tag-2-farbig","9":"product_tag-arbeitsbekleidung","10":"product_tag-arbeitshosen","11":"product_tag-arbeitskleidung","12":"product_tag-chinos","13":"product_tag-hosen","14":"product_tag-kniekissen","15":"product_tag-kniepolster","16":"product_tag-oberbekleidung","17":"product_tag-unisex","18":"product_tag-winddicht","19":"product_tag-workwear","20":"product_tag-zweifarbig","21":"pa_brand-result-work-guard","22":"pa_color-grey-black","23":"pa_color-navy-black","24":"pa_details-seitentaschen","25":"pa_fabric-mischgewebe","26":"pa_gender-herren","27":"pa_product-group-hosen","28":"pa_product-group-workwear","29":"pa_size-2xl","30":"pa_size-3xl","31":"pa_size-4xl","32":"pa_size-5xl","33":"pa_size-l","34":"pa_size-m","35":"pa_size-s","36":"pa_size-xl","37":"pa_size-xs","38":"pa_stil-nummer-5130","39":"pa_weight-ab-220-g-m","41":"first","42":"instock","43":"taxable","44":"shipping-taxable","45":"purchasable","46":"product-type-variable"},"yoast_head":"<!-- This site is optimized with the Yoast SEO Premium plugin v20.9 (Yoast SEO v26.3) - https:\/\/yoast.com\/wordpress\/plugins\/seo\/ -->\n<title>Work-Guard Technical Trouser | Printwave DE<\/title>\n<meta name=\"robots\" content=\"index, follow, max-snippet:-1, max-image-preview:large, max-video-preview:-1\" \/>\n<link rel=\"canonical\" href=\"https:\/\/printwave.pl\/de\/produkt\/work-guard-technical-trouser\/\" \/>\n<meta property=\"og:locale\" content=\"de_DE\" \/>\n<meta property=\"og:type\" content=\"article\" \/>\n<meta property=\"og:title\" content=\"Work-Guard Technical Trouser\" \/>\n<meta property=\"og:description\" content=\"\u00b7270 g\/m\u00b2 \u00b765% Polyester, 35% Baumwolle \u00b7Kontrastmaterial im Kniebereich: 210 g\/m\u00b2, 100% Polyester \u00b7Zip mit Nietenverschluss \u00b7Elastischer Taillenbund mit G\u00fcrtelschlaufen\" \/>\n<meta property=\"og:url\" content=\"https:\/\/printwave.pl\/de\/produkt\/work-guard-technical-trouser\/\" \/>\n<meta property=\"og:site_name\" content=\"Printwave DE\" \/>\n<meta property=\"article:modified_time\" content=\"2026-02-27T03:35:06+00:00\" \/>\n<meta property=\"og:image\" content=\"https:\/\/printwave.pl\/de\/wp-content\/uploads\/sites\/3\/2025\/03\/Print-Wave-logo-2025.png\" \/>\n\t<meta property=\"og:image:width\" content=\"1645\" \/>\n\t<meta property=\"og:image:height\" content=\"297\" \/>\n\t<meta property=\"og:image:type\" content=\"image\/png\" \/>\n<meta name=\"twitter:card\" content=\"summary_large_image\" \/>\n<script type=\"application\/ld+json\" class=\"yoast-schema-graph\">{\"@context\":\"https:\/\/schema.org\",\"@graph\":[{\"@type\":\"WebPage\",\"@id\":\"https:\/\/printwave.pl\/de\/produkt\/work-guard-technical-trouser\/\",\"url\":\"https:\/\/printwave.pl\/de\/produkt\/work-guard-technical-trouser\/\",\"name\":\"Work-Guard Technical Trouser | Printwave DE\",\"isPartOf\":{\"@id\":\"https:\/\/printwave.pl\/de\/#website\"},\"primaryImageOfPage\":{\"@id\":\"https:\/\/printwave.pl\/de\/produkt\/work-guard-technical-trouser\/#primaryimage\"},\"image\":{\"@id\":\"https:\/\/printwave.pl\/de\/produkt\/work-guard-technical-trouser\/#primaryimage\"},\"thumbnailUrl\":\"https:\/\/printwave.pl\/de\/wp-content\/uploads\/sites\/3\/2025\/01\/910_33_240_m-2022_01.jpg\",\"datePublished\":\"2025-01-20T17:41:54+00:00\",\"dateModified\":\"2026-02-27T03:35:06+00:00\",\"breadcrumb\":{\"@id\":\"https:\/\/printwave.pl\/de\/produkt\/work-guard-technical-trouser\/#breadcrumb\"},\"inLanguage\":\"de\",\"potentialAction\":[{\"@type\":\"ReadAction\",\"target\":[\"https:\/\/printwave.pl\/de\/produkt\/work-guard-technical-trouser\/\"]}]},{\"@type\":\"ImageObject\",\"inLanguage\":\"de\",\"@id\":\"https:\/\/printwave.pl\/de\/produkt\/work-guard-technical-trouser\/#primaryimage\",\"url\":\"https:\/\/printwave.pl\/de\/wp-content\/uploads\/sites\/3\/2025\/01\/910_33_240_m-2022_01.jpg\",\"contentUrl\":\"https:\/\/printwave.pl\/de\/wp-content\/uploads\/sites\/3\/2025\/01\/910_33_240_m-2022_01.jpg\",\"width\":1024,\"height\":1304},{\"@type\":\"BreadcrumbList\",\"@id\":\"https:\/\/printwave.pl\/de\/produkt\/work-guard-technical-trouser\/#breadcrumb\",\"itemListElement\":[{\"@type\":\"ListItem\",\"position\":1,\"name\":\"Strona g\u0142\u00f3wna\",\"item\":\"https:\/\/printwave.pl\/de\/\"},{\"@type\":\"ListItem\",\"position\":2,\"name\":\"Shop\",\"item\":\"https:\/\/printwave.pl\/de\/shop\/\"},{\"@type\":\"ListItem\",\"position\":3,\"name\":\"Work-Guard Technical Trouser\"}]},{\"@type\":\"WebSite\",\"@id\":\"https:\/\/printwave.pl\/de\/#website\",\"url\":\"https:\/\/printwave.pl\/de\/\",\"name\":\"Printwave DE\",\"description\":\"\",\"potentialAction\":[{\"@type\":\"SearchAction\",\"target\":{\"@type\":\"EntryPoint\",\"urlTemplate\":\"https:\/\/printwave.pl\/de\/?s={search_term_string}\"},\"query-input\":{\"@type\":\"PropertyValueSpecification\",\"valueRequired\":true,\"valueName\":\"search_term_string\"}}],\"inLanguage\":\"de\"}]}<\/script>\n<!-- \/ Yoast SEO Premium plugin. -->","yoast_head_json":{"title":"Work-Guard Technical Trouser | Printwave DE","robots":{"index":"index","follow":"follow","max-snippet":"max-snippet:-1","max-image-preview":"max-image-preview:large","max-video-preview":"max-video-preview:-1"},"canonical":"https:\/\/printwave.pl\/de\/produkt\/work-guard-technical-trouser\/","og_locale":"de_DE","og_type":"article","og_title":"Work-Guard Technical Trouser","og_description":"\u00b7270 g\/m\u00b2 \u00b765% Polyester, 35% Baumwolle \u00b7Kontrastmaterial im Kniebereich: 210 g\/m\u00b2, 100% Polyester \u00b7Zip mit Nietenverschluss \u00b7Elastischer Taillenbund mit G\u00fcrtelschlaufen","og_url":"https:\/\/printwave.pl\/de\/produkt\/work-guard-technical-trouser\/","og_site_name":"Printwave DE","article_modified_time":"2026-02-27T03:35:06+00:00","og_image":[{"width":1645,"height":297,"url":"https:\/\/printwave.pl\/de\/wp-content\/uploads\/sites\/3\/2025\/03\/Print-Wave-logo-2025.png","type":"image\/png"}],"twitter_card":"summary_large_image","schema":{"@context":"https:\/\/schema.org","@graph":[{"@type":"WebPage","@id":"https:\/\/printwave.pl\/de\/produkt\/work-guard-technical-trouser\/","url":"https:\/\/printwave.pl\/de\/produkt\/work-guard-technical-trouser\/","name":"Work-Guard Technical Trouser | Printwave DE","isPartOf":{"@id":"https:\/\/printwave.pl\/de\/#website"},"primaryImageOfPage":{"@id":"https:\/\/printwave.pl\/de\/produkt\/work-guard-technical-trouser\/#primaryimage"},"image":{"@id":"https:\/\/printwave.pl\/de\/produkt\/work-guard-technical-trouser\/#primaryimage"},"thumbnailUrl":"https:\/\/printwave.pl\/de\/wp-content\/uploads\/sites\/3\/2025\/01\/910_33_240_m-2022_01.jpg","datePublished":"2025-01-20T17:41:54+00:00","dateModified":"2026-02-27T03:35:06+00:00","breadcrumb":{"@id":"https:\/\/printwave.pl\/de\/produkt\/work-guard-technical-trouser\/#breadcrumb"},"inLanguage":"de","potentialAction":[{"@type":"ReadAction","target":["https:\/\/printwave.pl\/de\/produkt\/work-guard-technical-trouser\/"]}]},{"@type":"ImageObject","inLanguage":"de","@id":"https:\/\/printwave.pl\/de\/produkt\/work-guard-technical-trouser\/#primaryimage","url":"https:\/\/printwave.pl\/de\/wp-content\/uploads\/sites\/3\/2025\/01\/910_33_240_m-2022_01.jpg","contentUrl":"https:\/\/printwave.pl\/de\/wp-content\/uploads\/sites\/3\/2025\/01\/910_33_240_m-2022_01.jpg","width":1024,"height":1304},{"@type":"BreadcrumbList","@id":"https:\/\/printwave.pl\/de\/produkt\/work-guard-technical-trouser\/#breadcrumb","itemListElement":[{"@type":"ListItem","position":1,"name":"Strona g\u0142\u00f3wna","item":"https:\/\/printwave.pl\/de\/"},{"@type":"ListItem","position":2,"name":"Shop","item":"https:\/\/printwave.pl\/de\/shop\/"},{"@type":"ListItem","position":3,"name":"Work-Guard Technical Trouser"}]},{"@type":"WebSite","@id":"https:\/\/printwave.pl\/de\/#website","url":"https:\/\/printwave.pl\/de\/","name":"Printwave DE","description":"","potentialAction":[{"@type":"SearchAction","target":{"@type":"EntryPoint","urlTemplate":"https:\/\/printwave.pl\/de\/?s={search_term_string}"},"query-input":{"@type":"PropertyValueSpecification","valueRequired":true,"valueName":"search_term_string"}}],"inLanguage":"de"}]}},"_links":{"self":[{"href":"https:\/\/printwave.pl\/de\/wp-json\/wp\/v2\/product\/358208","targetHints":{"allow":["GET"]}}],"collection":[{"href":"https:\/\/printwave.pl\/de\/wp-json\/wp\/v2\/product"}],"about":[{"href":"https:\/\/printwave.pl\/de\/wp-json\/wp\/v2\/types\/product"}],"replies":[{"embeddable":true,"href":"https:\/\/printwave.pl\/de\/wp-json\/wp\/v2\/comments?post=358208"}],"wp:featuredmedia":[{"embeddable":true,"href":"https:\/\/printwave.pl\/de\/wp-json\/wp\/v2\/media\/358205"}],"wp:attachment":[{"href":"https:\/\/printwave.pl\/de\/wp-json\/wp\/v2\/media?parent=358208"}],"wp:term":[{"taxonomy":"product_brand","embeddable":true,"href":"https:\/\/printwave.pl\/de\/wp-json\/wp\/v2\/product_brand?post=358208"},{"taxonomy":"product_cat","embeddable":true,"href":"https:\/\/printwave.pl\/de\/wp-json\/wp\/v2\/product_cat?post=358208"},{"taxonomy":"product_tag","embeddable":true,"href":"https:\/\/printwave.pl\/de\/wp-json\/wp\/v2\/product_tag?post=358208"}],"curies":[{"name":"wp","href":"https:\/\/api.w.org\/{rel}","templated":true}]}}