{"id":358048,"date":"2025-01-20T18:35:34","date_gmt":"2025-01-20T17:35:34","guid":{"rendered":"https:\/\/printwave.pl\/de\/produkt\/hi-vis-waterproof-suit\/"},"modified":"2026-02-27T04:34:17","modified_gmt":"2026-02-27T03:34:17","slug":"hi-vis-waterproof-suit","status":"publish","type":"product","link":"https:\/\/printwave.pl\/de\/produkt\/hi-vis-waterproof-suit\/","title":{"rendered":"Hi-Vis Waterproof Suit"},"content":{"rendered":"<p>\u00b7210 g\/m\u00b2<br \/>\n\u00b7100% Polyester, PVC<br \/>\n\u00b7Wasserdicht (2.000 mm) und winddicht<br \/>\n\u00b7Verschwei\u00dfte N\u00e4hte<br \/>\n\u00b7Reflektierende B\u00e4nder<br \/>\n\u00b7Jacke: Kapuze mit Kordelzug<br \/>\n\u00b7Full Zip mit Windschutzleiste mit Druckkn\u00f6pfen<br \/>\n\u00b7Seitentaschen mit Lasche<br \/>\n\u00b7Bel\u00fcftungsschlitze und Netzf\u00fctter im R\u00fccken<br \/>\n\u00b7Elastische \u00c4rmelb\u00fcndchen<br \/>\n\u00b7Kordelzug am Saum<br \/>\n\u00b7Hose: Elastischer Bund<br \/>\n\u00b7Seitliche Einschubtaschen<br \/>\n\u00b7Verstaubar in einem mitgelieferten Beutel.<\/p>\n","protected":false},"excerpt":{"rendered":"<p>\u00b7210 g\/m\u00b2 \u00b7100% Polyester, PVC \u00b7Wasserdicht (2.000 mm) und winddicht \u00b7Verschwei\u00dfte N\u00e4hte \u00b7Reflektierende B\u00e4nder \u00b7Jacke: Kapuze mit Kordelzug \u00b7Full Zip<\/p>\n","protected":false},"featured_media":358043,"comment_status":"open","ping_status":"closed","template":"","meta":[],"product_brand":[],"product_cat":[3054,2340,2292,4192],"product_tag":[],"class_list":{"0":"post-358048","1":"product","2":"type-product","3":"status-publish","4":"has-post-thumbnail","6":"product_cat-arbeitsbekleidung","7":"product_cat-hosen","8":"product_cat-jacken","9":"product_cat-sicherheitsbekleidung","10":"pa_brand-result-safe-guard","11":"pa_color-fluorescent-yellow","12":"pa_details-xs","13":"pa_details-full-zip","14":"pa_details-hi-vis","15":"pa_details-kapuze","16":"pa_details-reflektierende-details","17":"pa_details-seitentaschen","18":"pa_fabric-polyester","19":"pa_gender-herren","20":"pa_product-group-hosen","21":"pa_product-group-jacken","22":"pa_product-group-workwear","23":"pa_size-2xl","24":"pa_size-3xl","25":"pa_size-4xl","26":"pa_size-l","27":"pa_size-m","28":"pa_size-s","29":"pa_size-xl","30":"pa_size-xs","31":"pa_sleeve-langaermelig","32":"pa_stil-nummer-5118","33":"pa_weight-200-219-g-m","35":"first","36":"instock","37":"taxable","38":"shipping-taxable","39":"purchasable","40":"product-type-variable"},"yoast_head":"<!-- This site is optimized with the Yoast SEO Premium plugin v20.9 (Yoast SEO v26.3) - https:\/\/yoast.com\/wordpress\/plugins\/seo\/ -->\n<title>Hi-Vis Waterproof Suit | Printwave DE<\/title>\n<meta name=\"robots\" content=\"index, follow, max-snippet:-1, max-image-preview:large, max-video-preview:-1\" \/>\n<link rel=\"canonical\" href=\"https:\/\/printwave.pl\/de\/produkt\/hi-vis-waterproof-suit\/\" \/>\n<meta property=\"og:locale\" content=\"de_DE\" \/>\n<meta property=\"og:type\" content=\"article\" \/>\n<meta property=\"og:title\" content=\"Hi-Vis Waterproof Suit\" \/>\n<meta property=\"og:description\" content=\"\u00b7210 g\/m\u00b2 \u00b7100% Polyester, PVC \u00b7Wasserdicht (2.000 mm) und winddicht \u00b7Verschwei\u00dfte N\u00e4hte \u00b7Reflektierende B\u00e4nder \u00b7Jacke: Kapuze mit Kordelzug \u00b7Full Zip\" \/>\n<meta property=\"og:url\" content=\"https:\/\/printwave.pl\/de\/produkt\/hi-vis-waterproof-suit\/\" \/>\n<meta property=\"og:site_name\" content=\"Printwave DE\" \/>\n<meta property=\"article:modified_time\" content=\"2026-02-27T03:34:17+00:00\" \/>\n<meta property=\"og:image\" content=\"https:\/\/printwave.pl\/de\/wp-content\/uploads\/sites\/3\/2025\/03\/Print-Wave-logo-2025.png\" \/>\n\t<meta property=\"og:image:width\" content=\"1645\" \/>\n\t<meta property=\"og:image:height\" content=\"297\" \/>\n\t<meta property=\"og:image:type\" content=\"image\/png\" \/>\n<meta name=\"twitter:card\" content=\"summary_large_image\" \/>\n<script type=\"application\/ld+json\" class=\"yoast-schema-graph\">{\"@context\":\"https:\/\/schema.org\",\"@graph\":[{\"@type\":\"WebPage\",\"@id\":\"https:\/\/printwave.pl\/de\/produkt\/hi-vis-waterproof-suit\/\",\"url\":\"https:\/\/printwave.pl\/de\/produkt\/hi-vis-waterproof-suit\/\",\"name\":\"Hi-Vis Waterproof Suit | Printwave DE\",\"isPartOf\":{\"@id\":\"https:\/\/printwave.pl\/de\/#website\"},\"primaryImageOfPage\":{\"@id\":\"https:\/\/printwave.pl\/de\/produkt\/hi-vis-waterproof-suit\/#primaryimage\"},\"image\":{\"@id\":\"https:\/\/printwave.pl\/de\/produkt\/hi-vis-waterproof-suit\/#primaryimage\"},\"thumbnailUrl\":\"https:\/\/printwave.pl\/de\/wp-content\/uploads\/sites\/3\/2025\/01\/912_33_605_m-2016_01.jpg\",\"datePublished\":\"2025-01-20T17:35:34+00:00\",\"dateModified\":\"2026-02-27T03:34:17+00:00\",\"breadcrumb\":{\"@id\":\"https:\/\/printwave.pl\/de\/produkt\/hi-vis-waterproof-suit\/#breadcrumb\"},\"inLanguage\":\"de\",\"potentialAction\":[{\"@type\":\"ReadAction\",\"target\":[\"https:\/\/printwave.pl\/de\/produkt\/hi-vis-waterproof-suit\/\"]}]},{\"@type\":\"ImageObject\",\"inLanguage\":\"de\",\"@id\":\"https:\/\/printwave.pl\/de\/produkt\/hi-vis-waterproof-suit\/#primaryimage\",\"url\":\"https:\/\/printwave.pl\/de\/wp-content\/uploads\/sites\/3\/2025\/01\/912_33_605_m-2016_01.jpg\",\"contentUrl\":\"https:\/\/printwave.pl\/de\/wp-content\/uploads\/sites\/3\/2025\/01\/912_33_605_m-2016_01.jpg\",\"width\":1024,\"height\":1304},{\"@type\":\"BreadcrumbList\",\"@id\":\"https:\/\/printwave.pl\/de\/produkt\/hi-vis-waterproof-suit\/#breadcrumb\",\"itemListElement\":[{\"@type\":\"ListItem\",\"position\":1,\"name\":\"Strona g\u0142\u00f3wna\",\"item\":\"https:\/\/printwave.pl\/de\/\"},{\"@type\":\"ListItem\",\"position\":2,\"name\":\"Shop\",\"item\":\"https:\/\/printwave.pl\/de\/shop\/\"},{\"@type\":\"ListItem\",\"position\":3,\"name\":\"Hi-Vis Waterproof Suit\"}]},{\"@type\":\"WebSite\",\"@id\":\"https:\/\/printwave.pl\/de\/#website\",\"url\":\"https:\/\/printwave.pl\/de\/\",\"name\":\"Printwave DE\",\"description\":\"\",\"potentialAction\":[{\"@type\":\"SearchAction\",\"target\":{\"@type\":\"EntryPoint\",\"urlTemplate\":\"https:\/\/printwave.pl\/de\/?s={search_term_string}\"},\"query-input\":{\"@type\":\"PropertyValueSpecification\",\"valueRequired\":true,\"valueName\":\"search_term_string\"}}],\"inLanguage\":\"de\"}]}<\/script>\n<!-- \/ Yoast SEO Premium plugin. -->","yoast_head_json":{"title":"Hi-Vis Waterproof Suit | Printwave DE","robots":{"index":"index","follow":"follow","max-snippet":"max-snippet:-1","max-image-preview":"max-image-preview:large","max-video-preview":"max-video-preview:-1"},"canonical":"https:\/\/printwave.pl\/de\/produkt\/hi-vis-waterproof-suit\/","og_locale":"de_DE","og_type":"article","og_title":"Hi-Vis Waterproof Suit","og_description":"\u00b7210 g\/m\u00b2 \u00b7100% Polyester, PVC \u00b7Wasserdicht (2.000 mm) und winddicht \u00b7Verschwei\u00dfte N\u00e4hte \u00b7Reflektierende B\u00e4nder \u00b7Jacke: Kapuze mit Kordelzug \u00b7Full Zip","og_url":"https:\/\/printwave.pl\/de\/produkt\/hi-vis-waterproof-suit\/","og_site_name":"Printwave DE","article_modified_time":"2026-02-27T03:34:17+00:00","og_image":[{"width":1645,"height":297,"url":"https:\/\/printwave.pl\/de\/wp-content\/uploads\/sites\/3\/2025\/03\/Print-Wave-logo-2025.png","type":"image\/png"}],"twitter_card":"summary_large_image","schema":{"@context":"https:\/\/schema.org","@graph":[{"@type":"WebPage","@id":"https:\/\/printwave.pl\/de\/produkt\/hi-vis-waterproof-suit\/","url":"https:\/\/printwave.pl\/de\/produkt\/hi-vis-waterproof-suit\/","name":"Hi-Vis Waterproof Suit | Printwave DE","isPartOf":{"@id":"https:\/\/printwave.pl\/de\/#website"},"primaryImageOfPage":{"@id":"https:\/\/printwave.pl\/de\/produkt\/hi-vis-waterproof-suit\/#primaryimage"},"image":{"@id":"https:\/\/printwave.pl\/de\/produkt\/hi-vis-waterproof-suit\/#primaryimage"},"thumbnailUrl":"https:\/\/printwave.pl\/de\/wp-content\/uploads\/sites\/3\/2025\/01\/912_33_605_m-2016_01.jpg","datePublished":"2025-01-20T17:35:34+00:00","dateModified":"2026-02-27T03:34:17+00:00","breadcrumb":{"@id":"https:\/\/printwave.pl\/de\/produkt\/hi-vis-waterproof-suit\/#breadcrumb"},"inLanguage":"de","potentialAction":[{"@type":"ReadAction","target":["https:\/\/printwave.pl\/de\/produkt\/hi-vis-waterproof-suit\/"]}]},{"@type":"ImageObject","inLanguage":"de","@id":"https:\/\/printwave.pl\/de\/produkt\/hi-vis-waterproof-suit\/#primaryimage","url":"https:\/\/printwave.pl\/de\/wp-content\/uploads\/sites\/3\/2025\/01\/912_33_605_m-2016_01.jpg","contentUrl":"https:\/\/printwave.pl\/de\/wp-content\/uploads\/sites\/3\/2025\/01\/912_33_605_m-2016_01.jpg","width":1024,"height":1304},{"@type":"BreadcrumbList","@id":"https:\/\/printwave.pl\/de\/produkt\/hi-vis-waterproof-suit\/#breadcrumb","itemListElement":[{"@type":"ListItem","position":1,"name":"Strona g\u0142\u00f3wna","item":"https:\/\/printwave.pl\/de\/"},{"@type":"ListItem","position":2,"name":"Shop","item":"https:\/\/printwave.pl\/de\/shop\/"},{"@type":"ListItem","position":3,"name":"Hi-Vis Waterproof Suit"}]},{"@type":"WebSite","@id":"https:\/\/printwave.pl\/de\/#website","url":"https:\/\/printwave.pl\/de\/","name":"Printwave DE","description":"","potentialAction":[{"@type":"SearchAction","target":{"@type":"EntryPoint","urlTemplate":"https:\/\/printwave.pl\/de\/?s={search_term_string}"},"query-input":{"@type":"PropertyValueSpecification","valueRequired":true,"valueName":"search_term_string"}}],"inLanguage":"de"}]}},"_links":{"self":[{"href":"https:\/\/printwave.pl\/de\/wp-json\/wp\/v2\/product\/358048","targetHints":{"allow":["GET"]}}],"collection":[{"href":"https:\/\/printwave.pl\/de\/wp-json\/wp\/v2\/product"}],"about":[{"href":"https:\/\/printwave.pl\/de\/wp-json\/wp\/v2\/types\/product"}],"replies":[{"embeddable":true,"href":"https:\/\/printwave.pl\/de\/wp-json\/wp\/v2\/comments?post=358048"}],"wp:featuredmedia":[{"embeddable":true,"href":"https:\/\/printwave.pl\/de\/wp-json\/wp\/v2\/media\/358043"}],"wp:attachment":[{"href":"https:\/\/printwave.pl\/de\/wp-json\/wp\/v2\/media?parent=358048"}],"wp:term":[{"taxonomy":"product_brand","embeddable":true,"href":"https:\/\/printwave.pl\/de\/wp-json\/wp\/v2\/product_brand?post=358048"},{"taxonomy":"product_cat","embeddable":true,"href":"https:\/\/printwave.pl\/de\/wp-json\/wp\/v2\/product_cat?post=358048"},{"taxonomy":"product_tag","embeddable":true,"href":"https:\/\/printwave.pl\/de\/wp-json\/wp\/v2\/product_tag?post=358048"}],"curies":[{"name":"wp","href":"https:\/\/api.w.org\/{rel}","templated":true}]}}