{"id":357091,"date":"2025-01-20T18:07:11","date_gmt":"2025-01-20T17:07:11","guid":{"rendered":"https:\/\/printwave.pl\/de\/produkt\/organic-natural-dyed-maxi-bag-for-life\/"},"modified":"2026-02-27T04:29:57","modified_gmt":"2026-02-27T03:29:57","slug":"organic-natural-dyed-maxi-bag-for-life","status":"publish","type":"product","link":"https:\/\/printwave.pl\/de\/produkt\/organic-natural-dyed-maxi-bag-for-life\/","title":{"rendered":"Organic Natural Dyed Maxi Bag for Life"},"content":{"rendered":"<p>\u00b7140 g\/m\u00b2<br \/>\n\u00b7100% Baumwolle (organisch)<br \/>\n\u00b7Gef\u00e4rbt mit nachhaltig gewonnenen nat\u00fcrlichen Farbstoffen<br \/>\n\u00b7Leichte Farbabweichungen durch nat\u00fcrliches F\u00e4rbeverfahren<br \/>\n\u00b7Verblasst sch\u00f6n mit der Zeit<br \/>\n\u00b7Kann in der Hand oder \u00fcber der Schulter getragen werden<br \/>\n\u00b7Leicht umzuetikettieren<br \/>\n\u00b7Fassungsverm\u00f6gen: 18 Ltr.<br \/>\n\u00b7Ma\u00dfe: 34 x 39 x 13,5 cm<br \/>\n\u00b7Max. Fl\u00e4che f\u00fcr Stick: runder Stickrahmen (Gr\u00f6\u00dfe 22)<br \/>\n\u00b7Max. Fl\u00e4che f\u00fcr Druck: 33 x 34 cm.<\/p>\n","protected":false},"excerpt":{"rendered":"<p>\u00b7140 g\/m\u00b2 \u00b7100% Baumwolle (organisch) \u00b7Gef\u00e4rbt mit nachhaltig gewonnenen nat\u00fcrlichen Farbstoffen \u00b7Leichte Farbabweichungen durch nat\u00fcrliches F\u00e4rbeverfahren \u00b7Verblasst sch\u00f6n mit der<\/p>\n","protected":false},"featured_media":357088,"comment_status":"open","ping_status":"closed","template":"","meta":[],"product_brand":[],"product_cat":[2272],"product_tag":[],"class_list":{"0":"post-357091","1":"product","2":"type-product","3":"status-publish","4":"has-post-thumbnail","6":"product_cat-taschen-accessoires","7":"pa_brand-westford-mill","8":"pa_color-indigo-blue","9":"pa_color-myrobalan-stone","10":"pa_color-pomegranate-rose","11":"pa_color-sea-salt","12":"pa_details-easy-to-relabel","13":"pa_details-organic","14":"pa_eco-organisch","15":"pa_fabric-organics","16":"pa_gender-unisex","17":"pa_product-group-einkaufstaschen","18":"pa_size-one-size","19":"pa_stil-nummer-5058","20":"pa_weight-140-169-g-m","22":"first","23":"instock","24":"taxable","25":"shipping-taxable","26":"purchasable","27":"product-type-variable"},"yoast_head":"<!-- This site is optimized with the Yoast SEO Premium plugin v20.9 (Yoast SEO v26.3) - https:\/\/yoast.com\/wordpress\/plugins\/seo\/ -->\n<title>Organic Natural Dyed Maxi Bag for Life | Printwave DE<\/title>\n<meta name=\"robots\" content=\"index, follow, max-snippet:-1, max-image-preview:large, max-video-preview:-1\" \/>\n<link rel=\"canonical\" href=\"https:\/\/printwave.pl\/de\/produkt\/organic-natural-dyed-maxi-bag-for-life\/\" \/>\n<meta property=\"og:locale\" content=\"de_DE\" \/>\n<meta property=\"og:type\" content=\"article\" \/>\n<meta property=\"og:title\" content=\"Organic Natural Dyed Maxi Bag for Life\" \/>\n<meta property=\"og:description\" content=\"\u00b7140 g\/m\u00b2 \u00b7100% Baumwolle (organisch) \u00b7Gef\u00e4rbt mit nachhaltig gewonnenen nat\u00fcrlichen Farbstoffen \u00b7Leichte Farbabweichungen durch nat\u00fcrliches F\u00e4rbeverfahren \u00b7Verblasst sch\u00f6n mit der\" \/>\n<meta property=\"og:url\" content=\"https:\/\/printwave.pl\/de\/produkt\/organic-natural-dyed-maxi-bag-for-life\/\" \/>\n<meta property=\"og:site_name\" content=\"Printwave DE\" \/>\n<meta property=\"article:modified_time\" content=\"2026-02-27T03:29:57+00:00\" \/>\n<meta property=\"og:image\" content=\"https:\/\/printwave.pl\/de\/wp-content\/uploads\/sites\/3\/2025\/03\/Print-Wave-logo-2025.png\" \/>\n\t<meta property=\"og:image:width\" content=\"1645\" \/>\n\t<meta property=\"og:image:height\" content=\"297\" \/>\n\t<meta property=\"og:image:type\" content=\"image\/png\" \/>\n<meta name=\"twitter:card\" content=\"summary_large_image\" \/>\n<script type=\"application\/ld+json\" class=\"yoast-schema-graph\">{\"@context\":\"https:\/\/schema.org\",\"@graph\":[{\"@type\":\"WebPage\",\"@id\":\"https:\/\/printwave.pl\/de\/produkt\/organic-natural-dyed-maxi-bag-for-life\/\",\"url\":\"https:\/\/printwave.pl\/de\/produkt\/organic-natural-dyed-maxi-bag-for-life\/\",\"name\":\"Organic Natural Dyed Maxi Bag for Life | Printwave DE\",\"isPartOf\":{\"@id\":\"https:\/\/printwave.pl\/de\/#website\"},\"primaryImageOfPage\":{\"@id\":\"https:\/\/printwave.pl\/de\/produkt\/organic-natural-dyed-maxi-bag-for-life\/#primaryimage\"},\"image\":{\"@id\":\"https:\/\/printwave.pl\/de\/produkt\/organic-natural-dyed-maxi-bag-for-life\/#primaryimage\"},\"thumbnailUrl\":\"https:\/\/printwave.pl\/de\/wp-content\/uploads\/sites\/3\/2025\/01\/923_28_003_m-2023_01.jpg\",\"datePublished\":\"2025-01-20T17:07:11+00:00\",\"dateModified\":\"2026-02-27T03:29:57+00:00\",\"breadcrumb\":{\"@id\":\"https:\/\/printwave.pl\/de\/produkt\/organic-natural-dyed-maxi-bag-for-life\/#breadcrumb\"},\"inLanguage\":\"de\",\"potentialAction\":[{\"@type\":\"ReadAction\",\"target\":[\"https:\/\/printwave.pl\/de\/produkt\/organic-natural-dyed-maxi-bag-for-life\/\"]}]},{\"@type\":\"ImageObject\",\"inLanguage\":\"de\",\"@id\":\"https:\/\/printwave.pl\/de\/produkt\/organic-natural-dyed-maxi-bag-for-life\/#primaryimage\",\"url\":\"https:\/\/printwave.pl\/de\/wp-content\/uploads\/sites\/3\/2025\/01\/923_28_003_m-2023_01.jpg\",\"contentUrl\":\"https:\/\/printwave.pl\/de\/wp-content\/uploads\/sites\/3\/2025\/01\/923_28_003_m-2023_01.jpg\",\"width\":1024,\"height\":1304},{\"@type\":\"BreadcrumbList\",\"@id\":\"https:\/\/printwave.pl\/de\/produkt\/organic-natural-dyed-maxi-bag-for-life\/#breadcrumb\",\"itemListElement\":[{\"@type\":\"ListItem\",\"position\":1,\"name\":\"Strona g\u0142\u00f3wna\",\"item\":\"https:\/\/printwave.pl\/de\/\"},{\"@type\":\"ListItem\",\"position\":2,\"name\":\"Shop\",\"item\":\"https:\/\/printwave.pl\/de\/shop\/\"},{\"@type\":\"ListItem\",\"position\":3,\"name\":\"Organic Natural Dyed Maxi Bag for Life\"}]},{\"@type\":\"WebSite\",\"@id\":\"https:\/\/printwave.pl\/de\/#website\",\"url\":\"https:\/\/printwave.pl\/de\/\",\"name\":\"Printwave DE\",\"description\":\"\",\"potentialAction\":[{\"@type\":\"SearchAction\",\"target\":{\"@type\":\"EntryPoint\",\"urlTemplate\":\"https:\/\/printwave.pl\/de\/?s={search_term_string}\"},\"query-input\":{\"@type\":\"PropertyValueSpecification\",\"valueRequired\":true,\"valueName\":\"search_term_string\"}}],\"inLanguage\":\"de\"}]}<\/script>\n<!-- \/ Yoast SEO Premium plugin. -->","yoast_head_json":{"title":"Organic Natural Dyed Maxi Bag for Life | Printwave DE","robots":{"index":"index","follow":"follow","max-snippet":"max-snippet:-1","max-image-preview":"max-image-preview:large","max-video-preview":"max-video-preview:-1"},"canonical":"https:\/\/printwave.pl\/de\/produkt\/organic-natural-dyed-maxi-bag-for-life\/","og_locale":"de_DE","og_type":"article","og_title":"Organic Natural Dyed Maxi Bag for Life","og_description":"\u00b7140 g\/m\u00b2 \u00b7100% Baumwolle (organisch) \u00b7Gef\u00e4rbt mit nachhaltig gewonnenen nat\u00fcrlichen Farbstoffen \u00b7Leichte Farbabweichungen durch nat\u00fcrliches F\u00e4rbeverfahren \u00b7Verblasst sch\u00f6n mit der","og_url":"https:\/\/printwave.pl\/de\/produkt\/organic-natural-dyed-maxi-bag-for-life\/","og_site_name":"Printwave DE","article_modified_time":"2026-02-27T03:29:57+00:00","og_image":[{"width":1645,"height":297,"url":"https:\/\/printwave.pl\/de\/wp-content\/uploads\/sites\/3\/2025\/03\/Print-Wave-logo-2025.png","type":"image\/png"}],"twitter_card":"summary_large_image","schema":{"@context":"https:\/\/schema.org","@graph":[{"@type":"WebPage","@id":"https:\/\/printwave.pl\/de\/produkt\/organic-natural-dyed-maxi-bag-for-life\/","url":"https:\/\/printwave.pl\/de\/produkt\/organic-natural-dyed-maxi-bag-for-life\/","name":"Organic Natural Dyed Maxi Bag for Life | Printwave DE","isPartOf":{"@id":"https:\/\/printwave.pl\/de\/#website"},"primaryImageOfPage":{"@id":"https:\/\/printwave.pl\/de\/produkt\/organic-natural-dyed-maxi-bag-for-life\/#primaryimage"},"image":{"@id":"https:\/\/printwave.pl\/de\/produkt\/organic-natural-dyed-maxi-bag-for-life\/#primaryimage"},"thumbnailUrl":"https:\/\/printwave.pl\/de\/wp-content\/uploads\/sites\/3\/2025\/01\/923_28_003_m-2023_01.jpg","datePublished":"2025-01-20T17:07:11+00:00","dateModified":"2026-02-27T03:29:57+00:00","breadcrumb":{"@id":"https:\/\/printwave.pl\/de\/produkt\/organic-natural-dyed-maxi-bag-for-life\/#breadcrumb"},"inLanguage":"de","potentialAction":[{"@type":"ReadAction","target":["https:\/\/printwave.pl\/de\/produkt\/organic-natural-dyed-maxi-bag-for-life\/"]}]},{"@type":"ImageObject","inLanguage":"de","@id":"https:\/\/printwave.pl\/de\/produkt\/organic-natural-dyed-maxi-bag-for-life\/#primaryimage","url":"https:\/\/printwave.pl\/de\/wp-content\/uploads\/sites\/3\/2025\/01\/923_28_003_m-2023_01.jpg","contentUrl":"https:\/\/printwave.pl\/de\/wp-content\/uploads\/sites\/3\/2025\/01\/923_28_003_m-2023_01.jpg","width":1024,"height":1304},{"@type":"BreadcrumbList","@id":"https:\/\/printwave.pl\/de\/produkt\/organic-natural-dyed-maxi-bag-for-life\/#breadcrumb","itemListElement":[{"@type":"ListItem","position":1,"name":"Strona g\u0142\u00f3wna","item":"https:\/\/printwave.pl\/de\/"},{"@type":"ListItem","position":2,"name":"Shop","item":"https:\/\/printwave.pl\/de\/shop\/"},{"@type":"ListItem","position":3,"name":"Organic Natural Dyed Maxi Bag for Life"}]},{"@type":"WebSite","@id":"https:\/\/printwave.pl\/de\/#website","url":"https:\/\/printwave.pl\/de\/","name":"Printwave DE","description":"","potentialAction":[{"@type":"SearchAction","target":{"@type":"EntryPoint","urlTemplate":"https:\/\/printwave.pl\/de\/?s={search_term_string}"},"query-input":{"@type":"PropertyValueSpecification","valueRequired":true,"valueName":"search_term_string"}}],"inLanguage":"de"}]}},"_links":{"self":[{"href":"https:\/\/printwave.pl\/de\/wp-json\/wp\/v2\/product\/357091","targetHints":{"allow":["GET"]}}],"collection":[{"href":"https:\/\/printwave.pl\/de\/wp-json\/wp\/v2\/product"}],"about":[{"href":"https:\/\/printwave.pl\/de\/wp-json\/wp\/v2\/types\/product"}],"replies":[{"embeddable":true,"href":"https:\/\/printwave.pl\/de\/wp-json\/wp\/v2\/comments?post=357091"}],"wp:featuredmedia":[{"embeddable":true,"href":"https:\/\/printwave.pl\/de\/wp-json\/wp\/v2\/media\/357088"}],"wp:attachment":[{"href":"https:\/\/printwave.pl\/de\/wp-json\/wp\/v2\/media?parent=357091"}],"wp:term":[{"taxonomy":"product_brand","embeddable":true,"href":"https:\/\/printwave.pl\/de\/wp-json\/wp\/v2\/product_brand?post=357091"},{"taxonomy":"product_cat","embeddable":true,"href":"https:\/\/printwave.pl\/de\/wp-json\/wp\/v2\/product_cat?post=357091"},{"taxonomy":"product_tag","embeddable":true,"href":"https:\/\/printwave.pl\/de\/wp-json\/wp\/v2\/product_tag?post=357091"}],"curies":[{"name":"wp","href":"https:\/\/api.w.org\/{rel}","templated":true}]}}