{"id":356455,"date":"2025-01-20T17:46:14","date_gmt":"2025-01-20T16:46:14","guid":{"rendered":"https:\/\/printwave.pl\/de\/produkt\/safety-cargo-trouser\/"},"modified":"2026-02-27T04:26:40","modified_gmt":"2026-02-27T03:26:40","slug":"safety-cargo-trouser","status":"publish","type":"product","link":"https:\/\/printwave.pl\/de\/produkt\/safety-cargo-trouser\/","title":{"rendered":"Safety Cargo Trouser"},"content":{"rendered":"<p>\u00b7280 g\/m\u00b2<br \/>\n\u00b780% Polyester, 20% Baumwolle (Twill)<br \/>\n\u00b7EN ISO 20471:2013, Klasse 2<br \/>\n\u00b7Robust und strapazierf\u00e4hig mit Stretch-Effekt<br \/>\n\u00b7Teilweise elastischer Bund mit G\u00fcrtelschlaufen<br \/>\n\u00b7Knopfverschluss mit Zip vorne<br \/>\n\u00b7Bund hinten h\u00f6her geschnitten<br \/>\n\u00b7Seitliche Eingrifftaschen mit zus\u00e4tzlicher Zip-Innentasches, Ges\u00e4\u00dftasche und Lineal-Tasche hinten, seitliche Beintasche, Hammerschlaufe<br \/>\n\u00b7Kniepolstertaschen<br \/>\n\u00b7Kontrasteins\u00e4tze in Black<br \/>\n\u00b7Reflektierende Streifen<br \/>\n\u00b7Verst\u00e4rke N\u00e4hte<br \/>\n\u00b7Gro\u00dfz\u00fcgig geschnitten<br \/>\n\u00b7Leicht umzuetikettieren.<\/p>\n","protected":false},"excerpt":{"rendered":"<p>\u00b7280 g\/m\u00b2 \u00b780% Polyester, 20% Baumwolle (Twill) \u00b7EN ISO 20471:2013, Klasse 2 \u00b7Robust und strapazierf\u00e4hig mit Stretch-Effekt \u00b7Teilweise elastischer Bund<\/p>\n","protected":false},"featured_media":356452,"comment_status":"open","ping_status":"closed","template":"","meta":[],"product_brand":[],"product_cat":[3054,2340,4170,4192],"product_tag":[],"class_list":{"0":"post-356455","1":"product","2":"type-product","3":"status-publish","4":"has-post-thumbnail","6":"product_cat-arbeitsbekleidung","7":"product_cat-hosen","8":"product_cat-ohne-etikett-kein-label","9":"product_cat-sicherheitsbekleidung","10":"pa_brand-result-safe-guard","11":"pa_color-fluorescent-orange","12":"pa_color-fluorescent-yellow","13":"pa_details-xs","14":"pa_details-easy-to-relabel","15":"pa_details-hi-vis","16":"pa_details-reflektierende-details","17":"pa_details-seitentaschen-mit-zip","18":"pa_fabric-mischgewebe","19":"pa_gender-unisex","20":"pa_product-group-hosen","21":"pa_product-group-workwear","22":"pa_size-2xl","23":"pa_size-3xl","24":"pa_size-4xl","25":"pa_size-l","26":"pa_size-m","27":"pa_size-s","28":"pa_size-xl","29":"pa_size-xs","30":"pa_stil-nummer-5017","32":"first","33":"instock","34":"taxable","35":"shipping-taxable","36":"purchasable","37":"product-type-variable"},"yoast_head":"<!-- This site is optimized with the Yoast SEO Premium plugin v20.9 (Yoast SEO v26.3) - https:\/\/yoast.com\/wordpress\/plugins\/seo\/ -->\n<title>Safety Cargo Trouser | Printwave DE<\/title>\n<meta name=\"robots\" content=\"index, follow, max-snippet:-1, max-image-preview:large, max-video-preview:-1\" \/>\n<link rel=\"canonical\" href=\"https:\/\/printwave.pl\/de\/produkt\/safety-cargo-trouser\/\" \/>\n<meta property=\"og:locale\" content=\"de_DE\" \/>\n<meta property=\"og:type\" content=\"article\" \/>\n<meta property=\"og:title\" content=\"Safety Cargo Trouser\" \/>\n<meta property=\"og:description\" content=\"\u00b7280 g\/m\u00b2 \u00b780% Polyester, 20% Baumwolle (Twill) \u00b7EN ISO 20471:2013, Klasse 2 \u00b7Robust und strapazierf\u00e4hig mit Stretch-Effekt \u00b7Teilweise elastischer Bund\" \/>\n<meta property=\"og:url\" content=\"https:\/\/printwave.pl\/de\/produkt\/safety-cargo-trouser\/\" \/>\n<meta property=\"og:site_name\" content=\"Printwave DE\" \/>\n<meta property=\"article:modified_time\" content=\"2026-02-27T03:26:40+00:00\" \/>\n<meta property=\"og:image\" content=\"https:\/\/printwave.pl\/de\/wp-content\/uploads\/sites\/3\/2025\/03\/Print-Wave-logo-2025.png\" \/>\n\t<meta property=\"og:image:width\" content=\"1645\" \/>\n\t<meta property=\"og:image:height\" content=\"297\" \/>\n\t<meta property=\"og:image:type\" content=\"image\/png\" \/>\n<meta name=\"twitter:card\" content=\"summary_large_image\" \/>\n<script type=\"application\/ld+json\" class=\"yoast-schema-graph\">{\"@context\":\"https:\/\/schema.org\",\"@graph\":[{\"@type\":\"WebPage\",\"@id\":\"https:\/\/printwave.pl\/de\/produkt\/safety-cargo-trouser\/\",\"url\":\"https:\/\/printwave.pl\/de\/produkt\/safety-cargo-trouser\/\",\"name\":\"Safety Cargo Trouser | Printwave DE\",\"isPartOf\":{\"@id\":\"https:\/\/printwave.pl\/de\/#website\"},\"primaryImageOfPage\":{\"@id\":\"https:\/\/printwave.pl\/de\/produkt\/safety-cargo-trouser\/#primaryimage\"},\"image\":{\"@id\":\"https:\/\/printwave.pl\/de\/produkt\/safety-cargo-trouser\/#primaryimage\"},\"thumbnailUrl\":\"https:\/\/printwave.pl\/de\/wp-content\/uploads\/sites\/3\/2025\/01\/930_33_605_m-2022_01.jpg\",\"datePublished\":\"2025-01-20T16:46:14+00:00\",\"dateModified\":\"2026-02-27T03:26:40+00:00\",\"breadcrumb\":{\"@id\":\"https:\/\/printwave.pl\/de\/produkt\/safety-cargo-trouser\/#breadcrumb\"},\"inLanguage\":\"de\",\"potentialAction\":[{\"@type\":\"ReadAction\",\"target\":[\"https:\/\/printwave.pl\/de\/produkt\/safety-cargo-trouser\/\"]}]},{\"@type\":\"ImageObject\",\"inLanguage\":\"de\",\"@id\":\"https:\/\/printwave.pl\/de\/produkt\/safety-cargo-trouser\/#primaryimage\",\"url\":\"https:\/\/printwave.pl\/de\/wp-content\/uploads\/sites\/3\/2025\/01\/930_33_605_m-2022_01.jpg\",\"contentUrl\":\"https:\/\/printwave.pl\/de\/wp-content\/uploads\/sites\/3\/2025\/01\/930_33_605_m-2022_01.jpg\",\"width\":1024,\"height\":1304},{\"@type\":\"BreadcrumbList\",\"@id\":\"https:\/\/printwave.pl\/de\/produkt\/safety-cargo-trouser\/#breadcrumb\",\"itemListElement\":[{\"@type\":\"ListItem\",\"position\":1,\"name\":\"Strona g\u0142\u00f3wna\",\"item\":\"https:\/\/printwave.pl\/de\/\"},{\"@type\":\"ListItem\",\"position\":2,\"name\":\"Shop\",\"item\":\"https:\/\/printwave.pl\/de\/shop\/\"},{\"@type\":\"ListItem\",\"position\":3,\"name\":\"Safety Cargo Trouser\"}]},{\"@type\":\"WebSite\",\"@id\":\"https:\/\/printwave.pl\/de\/#website\",\"url\":\"https:\/\/printwave.pl\/de\/\",\"name\":\"Printwave DE\",\"description\":\"\",\"potentialAction\":[{\"@type\":\"SearchAction\",\"target\":{\"@type\":\"EntryPoint\",\"urlTemplate\":\"https:\/\/printwave.pl\/de\/?s={search_term_string}\"},\"query-input\":{\"@type\":\"PropertyValueSpecification\",\"valueRequired\":true,\"valueName\":\"search_term_string\"}}],\"inLanguage\":\"de\"}]}<\/script>\n<!-- \/ Yoast SEO Premium plugin. -->","yoast_head_json":{"title":"Safety Cargo Trouser | Printwave DE","robots":{"index":"index","follow":"follow","max-snippet":"max-snippet:-1","max-image-preview":"max-image-preview:large","max-video-preview":"max-video-preview:-1"},"canonical":"https:\/\/printwave.pl\/de\/produkt\/safety-cargo-trouser\/","og_locale":"de_DE","og_type":"article","og_title":"Safety Cargo Trouser","og_description":"\u00b7280 g\/m\u00b2 \u00b780% Polyester, 20% Baumwolle (Twill) \u00b7EN ISO 20471:2013, Klasse 2 \u00b7Robust und strapazierf\u00e4hig mit Stretch-Effekt \u00b7Teilweise elastischer Bund","og_url":"https:\/\/printwave.pl\/de\/produkt\/safety-cargo-trouser\/","og_site_name":"Printwave DE","article_modified_time":"2026-02-27T03:26:40+00:00","og_image":[{"width":1645,"height":297,"url":"https:\/\/printwave.pl\/de\/wp-content\/uploads\/sites\/3\/2025\/03\/Print-Wave-logo-2025.png","type":"image\/png"}],"twitter_card":"summary_large_image","schema":{"@context":"https:\/\/schema.org","@graph":[{"@type":"WebPage","@id":"https:\/\/printwave.pl\/de\/produkt\/safety-cargo-trouser\/","url":"https:\/\/printwave.pl\/de\/produkt\/safety-cargo-trouser\/","name":"Safety Cargo Trouser | Printwave DE","isPartOf":{"@id":"https:\/\/printwave.pl\/de\/#website"},"primaryImageOfPage":{"@id":"https:\/\/printwave.pl\/de\/produkt\/safety-cargo-trouser\/#primaryimage"},"image":{"@id":"https:\/\/printwave.pl\/de\/produkt\/safety-cargo-trouser\/#primaryimage"},"thumbnailUrl":"https:\/\/printwave.pl\/de\/wp-content\/uploads\/sites\/3\/2025\/01\/930_33_605_m-2022_01.jpg","datePublished":"2025-01-20T16:46:14+00:00","dateModified":"2026-02-27T03:26:40+00:00","breadcrumb":{"@id":"https:\/\/printwave.pl\/de\/produkt\/safety-cargo-trouser\/#breadcrumb"},"inLanguage":"de","potentialAction":[{"@type":"ReadAction","target":["https:\/\/printwave.pl\/de\/produkt\/safety-cargo-trouser\/"]}]},{"@type":"ImageObject","inLanguage":"de","@id":"https:\/\/printwave.pl\/de\/produkt\/safety-cargo-trouser\/#primaryimage","url":"https:\/\/printwave.pl\/de\/wp-content\/uploads\/sites\/3\/2025\/01\/930_33_605_m-2022_01.jpg","contentUrl":"https:\/\/printwave.pl\/de\/wp-content\/uploads\/sites\/3\/2025\/01\/930_33_605_m-2022_01.jpg","width":1024,"height":1304},{"@type":"BreadcrumbList","@id":"https:\/\/printwave.pl\/de\/produkt\/safety-cargo-trouser\/#breadcrumb","itemListElement":[{"@type":"ListItem","position":1,"name":"Strona g\u0142\u00f3wna","item":"https:\/\/printwave.pl\/de\/"},{"@type":"ListItem","position":2,"name":"Shop","item":"https:\/\/printwave.pl\/de\/shop\/"},{"@type":"ListItem","position":3,"name":"Safety Cargo Trouser"}]},{"@type":"WebSite","@id":"https:\/\/printwave.pl\/de\/#website","url":"https:\/\/printwave.pl\/de\/","name":"Printwave DE","description":"","potentialAction":[{"@type":"SearchAction","target":{"@type":"EntryPoint","urlTemplate":"https:\/\/printwave.pl\/de\/?s={search_term_string}"},"query-input":{"@type":"PropertyValueSpecification","valueRequired":true,"valueName":"search_term_string"}}],"inLanguage":"de"}]}},"_links":{"self":[{"href":"https:\/\/printwave.pl\/de\/wp-json\/wp\/v2\/product\/356455","targetHints":{"allow":["GET"]}}],"collection":[{"href":"https:\/\/printwave.pl\/de\/wp-json\/wp\/v2\/product"}],"about":[{"href":"https:\/\/printwave.pl\/de\/wp-json\/wp\/v2\/types\/product"}],"replies":[{"embeddable":true,"href":"https:\/\/printwave.pl\/de\/wp-json\/wp\/v2\/comments?post=356455"}],"wp:featuredmedia":[{"embeddable":true,"href":"https:\/\/printwave.pl\/de\/wp-json\/wp\/v2\/media\/356452"}],"wp:attachment":[{"href":"https:\/\/printwave.pl\/de\/wp-json\/wp\/v2\/media?parent=356455"}],"wp:term":[{"taxonomy":"product_brand","embeddable":true,"href":"https:\/\/printwave.pl\/de\/wp-json\/wp\/v2\/product_brand?post=356455"},{"taxonomy":"product_cat","embeddable":true,"href":"https:\/\/printwave.pl\/de\/wp-json\/wp\/v2\/product_cat?post=356455"},{"taxonomy":"product_tag","embeddable":true,"href":"https:\/\/printwave.pl\/de\/wp-json\/wp\/v2\/product_tag?post=356455"}],"curies":[{"name":"wp","href":"https:\/\/api.w.org\/{rel}","templated":true}]}}