{"id":355567,"date":"2025-01-20T17:19:47","date_gmt":"2025-01-20T16:19:47","guid":{"rendered":"https:\/\/printwave.pl\/de\/produkt\/all-black-safety-trainer-size-3\/"},"modified":"2026-02-27T04:23:02","modified_gmt":"2026-02-27T03:23:02","slug":"all-black-safety-trainer-size-3","status":"publish","type":"product","link":"https:\/\/printwave.pl\/de\/produkt\/all-black-safety-trainer-size-3\/","title":{"rendered":"All Black Safety Trainer &#8211; size 3"},"content":{"rendered":"<p>\u00b7Obermaterial: 100% Thermoplastisches Polyurethan (TPU)<br \/>\n\u00b7Atmungsaktiv<br \/>\n\u00b7Sohle: PU\/PU zweilagig<br \/>\n\u00b7Hohe Energieaufnahme im Fersenbereich<br \/>\n\u00b7Stahlkappe<br \/>\n\u00b7\u00d6l abweisend<br \/>\n\u00b7Rutschhemmend (SRA)<br \/>\n\u00b7Ersatz-Einlegesohlen<br \/>\n\u00b7EN ISO 20345:2011 SB SRA<br \/>\n\u00b7Weitere Gr\u00f6\u00dfen f\u00fcr diesen Style finden Sie unter Produktnummer 937.33.<\/p>\n","protected":false},"excerpt":{"rendered":"<p>\u00b7Obermaterial: 100% Thermoplastisches Polyurethan (TPU) \u00b7Atmungsaktiv \u00b7Sohle: PU\/PU zweilagig \u00b7Hohe Energieaufnahme im Fersenbereich \u00b7Stahlkappe \u00b7\u00d6l abweisend \u00b7Rutschhemmend (SRA) \u00b7Ersatz-Einlegesohlen \u00b7EN<\/p>\n","protected":false},"featured_media":355565,"comment_status":"open","ping_status":"closed","template":"","meta":[],"product_brand":[],"product_cat":[3054,2393],"product_tag":[],"class_list":{"0":"post-355567","1":"product","2":"type-product","3":"status-publish","4":"has-post-thumbnail","6":"product_cat-arbeitsbekleidung","7":"product_cat-schuhe","8":"pa_brand-result-work-guard","9":"pa_color-black","10":"pa_fabric-polyurethan","11":"pa_gender-unisex","12":"pa_product-group-schuhe","13":"pa_size-3-36","14":"pa_stil-nummer-4978","16":"first","17":"outofstock","18":"taxable","19":"shipping-taxable","20":"purchasable","21":"product-type-variable"},"yoast_head":"<!-- This site is optimized with the Yoast SEO Premium plugin v20.9 (Yoast SEO v26.3) - https:\/\/yoast.com\/wordpress\/plugins\/seo\/ -->\n<title>All Black Safety Trainer - size 3 | Printwave DE<\/title>\n<meta name=\"robots\" content=\"index, follow, max-snippet:-1, max-image-preview:large, max-video-preview:-1\" \/>\n<link rel=\"canonical\" href=\"https:\/\/printwave.pl\/de\/produkt\/all-black-safety-trainer-size-3\/\" \/>\n<meta property=\"og:locale\" content=\"de_DE\" \/>\n<meta property=\"og:type\" content=\"article\" \/>\n<meta property=\"og:title\" content=\"All Black Safety Trainer - size 3\" \/>\n<meta property=\"og:description\" content=\"\u00b7Obermaterial: 100% Thermoplastisches Polyurethan (TPU) \u00b7Atmungsaktiv \u00b7Sohle: PU\/PU zweilagig \u00b7Hohe Energieaufnahme im Fersenbereich \u00b7Stahlkappe \u00b7\u00d6l abweisend \u00b7Rutschhemmend (SRA) \u00b7Ersatz-Einlegesohlen \u00b7EN\" \/>\n<meta property=\"og:url\" content=\"https:\/\/printwave.pl\/de\/produkt\/all-black-safety-trainer-size-3\/\" \/>\n<meta property=\"og:site_name\" content=\"Printwave DE\" \/>\n<meta property=\"article:modified_time\" content=\"2026-02-27T03:23:02+00:00\" \/>\n<meta property=\"og:image\" content=\"https:\/\/printwave.pl\/de\/wp-content\/uploads\/sites\/3\/2025\/03\/Print-Wave-logo-2025.png\" \/>\n\t<meta property=\"og:image:width\" content=\"1645\" \/>\n\t<meta property=\"og:image:height\" content=\"297\" \/>\n\t<meta property=\"og:image:type\" content=\"image\/png\" \/>\n<meta name=\"twitter:card\" content=\"summary_large_image\" \/>\n<script type=\"application\/ld+json\" class=\"yoast-schema-graph\">{\"@context\":\"https:\/\/schema.org\",\"@graph\":[{\"@type\":\"WebPage\",\"@id\":\"https:\/\/printwave.pl\/de\/produkt\/all-black-safety-trainer-size-3\/\",\"url\":\"https:\/\/printwave.pl\/de\/produkt\/all-black-safety-trainer-size-3\/\",\"name\":\"All Black Safety Trainer - size 3 | Printwave DE\",\"isPartOf\":{\"@id\":\"https:\/\/printwave.pl\/de\/#website\"},\"primaryImageOfPage\":{\"@id\":\"https:\/\/printwave.pl\/de\/produkt\/all-black-safety-trainer-size-3\/#primaryimage\"},\"image\":{\"@id\":\"https:\/\/printwave.pl\/de\/produkt\/all-black-safety-trainer-size-3\/#primaryimage\"},\"thumbnailUrl\":\"https:\/\/printwave.pl\/de\/wp-content\/uploads\/sites\/3\/2025\/01\/938_33_101_m-2022_01.jpg\",\"datePublished\":\"2025-01-20T16:19:47+00:00\",\"dateModified\":\"2026-02-27T03:23:02+00:00\",\"breadcrumb\":{\"@id\":\"https:\/\/printwave.pl\/de\/produkt\/all-black-safety-trainer-size-3\/#breadcrumb\"},\"inLanguage\":\"de\",\"potentialAction\":[{\"@type\":\"ReadAction\",\"target\":[\"https:\/\/printwave.pl\/de\/produkt\/all-black-safety-trainer-size-3\/\"]}]},{\"@type\":\"ImageObject\",\"inLanguage\":\"de\",\"@id\":\"https:\/\/printwave.pl\/de\/produkt\/all-black-safety-trainer-size-3\/#primaryimage\",\"url\":\"https:\/\/printwave.pl\/de\/wp-content\/uploads\/sites\/3\/2025\/01\/938_33_101_m-2022_01.jpg\",\"contentUrl\":\"https:\/\/printwave.pl\/de\/wp-content\/uploads\/sites\/3\/2025\/01\/938_33_101_m-2022_01.jpg\",\"width\":1024,\"height\":1304},{\"@type\":\"BreadcrumbList\",\"@id\":\"https:\/\/printwave.pl\/de\/produkt\/all-black-safety-trainer-size-3\/#breadcrumb\",\"itemListElement\":[{\"@type\":\"ListItem\",\"position\":1,\"name\":\"Strona g\u0142\u00f3wna\",\"item\":\"https:\/\/printwave.pl\/de\/\"},{\"@type\":\"ListItem\",\"position\":2,\"name\":\"Shop\",\"item\":\"https:\/\/printwave.pl\/de\/shop\/\"},{\"@type\":\"ListItem\",\"position\":3,\"name\":\"All Black Safety Trainer &#8211; size 3\"}]},{\"@type\":\"WebSite\",\"@id\":\"https:\/\/printwave.pl\/de\/#website\",\"url\":\"https:\/\/printwave.pl\/de\/\",\"name\":\"Printwave DE\",\"description\":\"\",\"potentialAction\":[{\"@type\":\"SearchAction\",\"target\":{\"@type\":\"EntryPoint\",\"urlTemplate\":\"https:\/\/printwave.pl\/de\/?s={search_term_string}\"},\"query-input\":{\"@type\":\"PropertyValueSpecification\",\"valueRequired\":true,\"valueName\":\"search_term_string\"}}],\"inLanguage\":\"de\"}]}<\/script>\n<!-- \/ Yoast SEO Premium plugin. -->","yoast_head_json":{"title":"All Black Safety Trainer - size 3 | Printwave DE","robots":{"index":"index","follow":"follow","max-snippet":"max-snippet:-1","max-image-preview":"max-image-preview:large","max-video-preview":"max-video-preview:-1"},"canonical":"https:\/\/printwave.pl\/de\/produkt\/all-black-safety-trainer-size-3\/","og_locale":"de_DE","og_type":"article","og_title":"All Black Safety Trainer - size 3","og_description":"\u00b7Obermaterial: 100% Thermoplastisches Polyurethan (TPU) \u00b7Atmungsaktiv \u00b7Sohle: PU\/PU zweilagig \u00b7Hohe Energieaufnahme im Fersenbereich \u00b7Stahlkappe \u00b7\u00d6l abweisend \u00b7Rutschhemmend (SRA) \u00b7Ersatz-Einlegesohlen \u00b7EN","og_url":"https:\/\/printwave.pl\/de\/produkt\/all-black-safety-trainer-size-3\/","og_site_name":"Printwave DE","article_modified_time":"2026-02-27T03:23:02+00:00","og_image":[{"width":1645,"height":297,"url":"https:\/\/printwave.pl\/de\/wp-content\/uploads\/sites\/3\/2025\/03\/Print-Wave-logo-2025.png","type":"image\/png"}],"twitter_card":"summary_large_image","schema":{"@context":"https:\/\/schema.org","@graph":[{"@type":"WebPage","@id":"https:\/\/printwave.pl\/de\/produkt\/all-black-safety-trainer-size-3\/","url":"https:\/\/printwave.pl\/de\/produkt\/all-black-safety-trainer-size-3\/","name":"All Black Safety Trainer - size 3 | Printwave DE","isPartOf":{"@id":"https:\/\/printwave.pl\/de\/#website"},"primaryImageOfPage":{"@id":"https:\/\/printwave.pl\/de\/produkt\/all-black-safety-trainer-size-3\/#primaryimage"},"image":{"@id":"https:\/\/printwave.pl\/de\/produkt\/all-black-safety-trainer-size-3\/#primaryimage"},"thumbnailUrl":"https:\/\/printwave.pl\/de\/wp-content\/uploads\/sites\/3\/2025\/01\/938_33_101_m-2022_01.jpg","datePublished":"2025-01-20T16:19:47+00:00","dateModified":"2026-02-27T03:23:02+00:00","breadcrumb":{"@id":"https:\/\/printwave.pl\/de\/produkt\/all-black-safety-trainer-size-3\/#breadcrumb"},"inLanguage":"de","potentialAction":[{"@type":"ReadAction","target":["https:\/\/printwave.pl\/de\/produkt\/all-black-safety-trainer-size-3\/"]}]},{"@type":"ImageObject","inLanguage":"de","@id":"https:\/\/printwave.pl\/de\/produkt\/all-black-safety-trainer-size-3\/#primaryimage","url":"https:\/\/printwave.pl\/de\/wp-content\/uploads\/sites\/3\/2025\/01\/938_33_101_m-2022_01.jpg","contentUrl":"https:\/\/printwave.pl\/de\/wp-content\/uploads\/sites\/3\/2025\/01\/938_33_101_m-2022_01.jpg","width":1024,"height":1304},{"@type":"BreadcrumbList","@id":"https:\/\/printwave.pl\/de\/produkt\/all-black-safety-trainer-size-3\/#breadcrumb","itemListElement":[{"@type":"ListItem","position":1,"name":"Strona g\u0142\u00f3wna","item":"https:\/\/printwave.pl\/de\/"},{"@type":"ListItem","position":2,"name":"Shop","item":"https:\/\/printwave.pl\/de\/shop\/"},{"@type":"ListItem","position":3,"name":"All Black Safety Trainer &#8211; size 3"}]},{"@type":"WebSite","@id":"https:\/\/printwave.pl\/de\/#website","url":"https:\/\/printwave.pl\/de\/","name":"Printwave DE","description":"","potentialAction":[{"@type":"SearchAction","target":{"@type":"EntryPoint","urlTemplate":"https:\/\/printwave.pl\/de\/?s={search_term_string}"},"query-input":{"@type":"PropertyValueSpecification","valueRequired":true,"valueName":"search_term_string"}}],"inLanguage":"de"}]}},"_links":{"self":[{"href":"https:\/\/printwave.pl\/de\/wp-json\/wp\/v2\/product\/355567","targetHints":{"allow":["GET"]}}],"collection":[{"href":"https:\/\/printwave.pl\/de\/wp-json\/wp\/v2\/product"}],"about":[{"href":"https:\/\/printwave.pl\/de\/wp-json\/wp\/v2\/types\/product"}],"replies":[{"embeddable":true,"href":"https:\/\/printwave.pl\/de\/wp-json\/wp\/v2\/comments?post=355567"}],"wp:featuredmedia":[{"embeddable":true,"href":"https:\/\/printwave.pl\/de\/wp-json\/wp\/v2\/media\/355565"}],"wp:attachment":[{"href":"https:\/\/printwave.pl\/de\/wp-json\/wp\/v2\/media?parent=355567"}],"wp:term":[{"taxonomy":"product_brand","embeddable":true,"href":"https:\/\/printwave.pl\/de\/wp-json\/wp\/v2\/product_brand?post=355567"},{"taxonomy":"product_cat","embeddable":true,"href":"https:\/\/printwave.pl\/de\/wp-json\/wp\/v2\/product_cat?post=355567"},{"taxonomy":"product_tag","embeddable":true,"href":"https:\/\/printwave.pl\/de\/wp-json\/wp\/v2\/product_tag?post=355567"}],"curies":[{"name":"wp","href":"https:\/\/api.w.org\/{rel}","templated":true}]}}