{"id":355010,"date":"2025-01-20T17:03:10","date_gmt":"2025-01-20T16:03:10","guid":{"rendered":"https:\/\/printwave.pl\/de\/produkt\/escape-carry-on-wheelie\/"},"modified":"2026-02-27T04:20:18","modified_gmt":"2026-02-27T03:20:18","slug":"escape-carry-on-wheelie","status":"publish","type":"product","link":"https:\/\/printwave.pl\/de\/produkt\/escape-carry-on-wheelie\/","title":{"rendered":"Escape Carry-On Wheelie"},"content":{"rendered":"<p>\u00b7100% Polyester (600D)<br \/>\n\u00b7Robuster ausziehbarer Zuggriff<br \/>\n\u00b7Kompressionsriemen und gepolsterte Griffe oben und seitlich<br \/>\n\u00b7Verschlie\u00dfbares Zip-Hauptfach<br \/>\n\u00b7Gro\u00dfe Fronttasche mit Zip und Netzinnenf\u00e4chern<br \/>\n\u00b7Gepolstertes Laptopfach, passend f\u00fcr nahezu alle Laptops bis 15,6&#8243;<br \/>\n\u00b7Innentasche mit Zip<br \/>\n\u00b7Als Handgep\u00e4ck geeignet &#8211; passend f\u00fcr die meisten Fluggesellschaften<br \/>\n\u00b7Langlebige Rollen<br \/>\n\u00b7Kann mit BG485 (946.29) Escape Handle Wrap individualisiert werden<br \/>\n\u00b7Leicht umzuetikettieren<br \/>\n\u00b7Fassungsverm\u00f6gen: 40 Ltr.<br \/>\n\u00b7Ma\u00dfe: 35 x 54 x 30 cm<br \/>\n\u00b7Max. Fl\u00e4che f\u00fcr Stick: runder Stickrahmen (Gr\u00f6\u00dfe 22)<br \/>\n\u00b7Max. Druckfl\u00e4che: 22 x 36 cm.<\/p>\n","protected":false},"excerpt":{"rendered":"<p>\u00b7100% Polyester (600D) \u00b7Robuster ausziehbarer Zuggriff \u00b7Kompressionsriemen und gepolsterte Griffe oben und seitlich \u00b7Verschlie\u00dfbares Zip-Hauptfach \u00b7Gro\u00dfe Fronttasche mit Zip und<\/p>\n","protected":false},"featured_media":355006,"comment_status":"open","ping_status":"closed","template":"","meta":[],"product_brand":[],"product_cat":[2272],"product_tag":[],"class_list":{"0":"post-355010","1":"product","2":"type-product","3":"status-publish","4":"has-post-thumbnail","6":"product_cat-taschen-accessoires","7":"pa_brand-bagbase","8":"pa_color-black","9":"pa_color-grey-marl","10":"pa_details-koffer","11":"pa_details-tasche-mit-rollen","12":"pa_fabric-polyester","13":"pa_gender-unisex","14":"pa_product-group-reisetaschen","15":"pa_size-one-size","16":"pa_stil-nummer-4949","18":"first","19":"instock","20":"taxable","21":"shipping-taxable","22":"purchasable","23":"product-type-variable"},"yoast_head":"<!-- This site is optimized with the Yoast SEO Premium plugin v20.9 (Yoast SEO v26.3) - https:\/\/yoast.com\/wordpress\/plugins\/seo\/ -->\n<title>Escape Carry-On Wheelie | Printwave DE<\/title>\n<meta name=\"robots\" content=\"index, follow, max-snippet:-1, max-image-preview:large, max-video-preview:-1\" \/>\n<link rel=\"canonical\" href=\"https:\/\/printwave.pl\/de\/produkt\/escape-carry-on-wheelie\/\" \/>\n<meta property=\"og:locale\" content=\"de_DE\" \/>\n<meta property=\"og:type\" content=\"article\" \/>\n<meta property=\"og:title\" content=\"Escape Carry-On Wheelie\" \/>\n<meta property=\"og:description\" content=\"\u00b7100% Polyester (600D) \u00b7Robuster ausziehbarer Zuggriff \u00b7Kompressionsriemen und gepolsterte Griffe oben und seitlich \u00b7Verschlie\u00dfbares Zip-Hauptfach \u00b7Gro\u00dfe Fronttasche mit Zip und\" \/>\n<meta property=\"og:url\" content=\"https:\/\/printwave.pl\/de\/produkt\/escape-carry-on-wheelie\/\" \/>\n<meta property=\"og:site_name\" content=\"Printwave DE\" \/>\n<meta property=\"article:modified_time\" content=\"2026-02-27T03:20:18+00:00\" \/>\n<meta property=\"og:image\" content=\"https:\/\/printwave.pl\/de\/wp-content\/uploads\/sites\/3\/2025\/01\/944_29_101_m-2022_01.jpg\" \/>\n\t<meta property=\"og:image:width\" content=\"1024\" \/>\n\t<meta property=\"og:image:height\" content=\"1304\" \/>\n\t<meta property=\"og:image:type\" content=\"image\/jpeg\" \/>\n<meta name=\"twitter:card\" content=\"summary_large_image\" \/>\n<script type=\"application\/ld+json\" class=\"yoast-schema-graph\">{\"@context\":\"https:\/\/schema.org\",\"@graph\":[{\"@type\":\"WebPage\",\"@id\":\"https:\/\/printwave.pl\/de\/produkt\/escape-carry-on-wheelie\/\",\"url\":\"https:\/\/printwave.pl\/de\/produkt\/escape-carry-on-wheelie\/\",\"name\":\"Escape Carry-On Wheelie | Printwave DE\",\"isPartOf\":{\"@id\":\"https:\/\/printwave.pl\/de\/#website\"},\"primaryImageOfPage\":{\"@id\":\"https:\/\/printwave.pl\/de\/produkt\/escape-carry-on-wheelie\/#primaryimage\"},\"image\":{\"@id\":\"https:\/\/printwave.pl\/de\/produkt\/escape-carry-on-wheelie\/#primaryimage\"},\"thumbnailUrl\":\"https:\/\/printwave.pl\/de\/wp-content\/uploads\/sites\/3\/2025\/01\/944_29_101_m-2022_01.jpg\",\"datePublished\":\"2025-01-20T16:03:10+00:00\",\"dateModified\":\"2026-02-27T03:20:18+00:00\",\"breadcrumb\":{\"@id\":\"https:\/\/printwave.pl\/de\/produkt\/escape-carry-on-wheelie\/#breadcrumb\"},\"inLanguage\":\"de\",\"potentialAction\":[{\"@type\":\"ReadAction\",\"target\":[\"https:\/\/printwave.pl\/de\/produkt\/escape-carry-on-wheelie\/\"]}]},{\"@type\":\"ImageObject\",\"inLanguage\":\"de\",\"@id\":\"https:\/\/printwave.pl\/de\/produkt\/escape-carry-on-wheelie\/#primaryimage\",\"url\":\"https:\/\/printwave.pl\/de\/wp-content\/uploads\/sites\/3\/2025\/01\/944_29_101_m-2022_01.jpg\",\"contentUrl\":\"https:\/\/printwave.pl\/de\/wp-content\/uploads\/sites\/3\/2025\/01\/944_29_101_m-2022_01.jpg\",\"width\":1024,\"height\":1304},{\"@type\":\"BreadcrumbList\",\"@id\":\"https:\/\/printwave.pl\/de\/produkt\/escape-carry-on-wheelie\/#breadcrumb\",\"itemListElement\":[{\"@type\":\"ListItem\",\"position\":1,\"name\":\"Strona g\u0142\u00f3wna\",\"item\":\"https:\/\/printwave.pl\/de\/\"},{\"@type\":\"ListItem\",\"position\":2,\"name\":\"Shop\",\"item\":\"https:\/\/printwave.pl\/de\/shop\/\"},{\"@type\":\"ListItem\",\"position\":3,\"name\":\"Escape Carry-On Wheelie\"}]},{\"@type\":\"WebSite\",\"@id\":\"https:\/\/printwave.pl\/de\/#website\",\"url\":\"https:\/\/printwave.pl\/de\/\",\"name\":\"Printwave DE\",\"description\":\"\",\"potentialAction\":[{\"@type\":\"SearchAction\",\"target\":{\"@type\":\"EntryPoint\",\"urlTemplate\":\"https:\/\/printwave.pl\/de\/?s={search_term_string}\"},\"query-input\":{\"@type\":\"PropertyValueSpecification\",\"valueRequired\":true,\"valueName\":\"search_term_string\"}}],\"inLanguage\":\"de\"}]}<\/script>\n<!-- \/ Yoast SEO Premium plugin. -->","yoast_head_json":{"title":"Escape Carry-On Wheelie | Printwave DE","robots":{"index":"index","follow":"follow","max-snippet":"max-snippet:-1","max-image-preview":"max-image-preview:large","max-video-preview":"max-video-preview:-1"},"canonical":"https:\/\/printwave.pl\/de\/produkt\/escape-carry-on-wheelie\/","og_locale":"de_DE","og_type":"article","og_title":"Escape Carry-On Wheelie","og_description":"\u00b7100% Polyester (600D) \u00b7Robuster ausziehbarer Zuggriff \u00b7Kompressionsriemen und gepolsterte Griffe oben und seitlich \u00b7Verschlie\u00dfbares Zip-Hauptfach \u00b7Gro\u00dfe Fronttasche mit Zip und","og_url":"https:\/\/printwave.pl\/de\/produkt\/escape-carry-on-wheelie\/","og_site_name":"Printwave DE","article_modified_time":"2026-02-27T03:20:18+00:00","og_image":[{"width":1024,"height":1304,"url":"https:\/\/printwave.pl\/de\/wp-content\/uploads\/sites\/3\/2025\/01\/944_29_101_m-2022_01.jpg","type":"image\/jpeg"}],"twitter_card":"summary_large_image","schema":{"@context":"https:\/\/schema.org","@graph":[{"@type":"WebPage","@id":"https:\/\/printwave.pl\/de\/produkt\/escape-carry-on-wheelie\/","url":"https:\/\/printwave.pl\/de\/produkt\/escape-carry-on-wheelie\/","name":"Escape Carry-On Wheelie | Printwave DE","isPartOf":{"@id":"https:\/\/printwave.pl\/de\/#website"},"primaryImageOfPage":{"@id":"https:\/\/printwave.pl\/de\/produkt\/escape-carry-on-wheelie\/#primaryimage"},"image":{"@id":"https:\/\/printwave.pl\/de\/produkt\/escape-carry-on-wheelie\/#primaryimage"},"thumbnailUrl":"https:\/\/printwave.pl\/de\/wp-content\/uploads\/sites\/3\/2025\/01\/944_29_101_m-2022_01.jpg","datePublished":"2025-01-20T16:03:10+00:00","dateModified":"2026-02-27T03:20:18+00:00","breadcrumb":{"@id":"https:\/\/printwave.pl\/de\/produkt\/escape-carry-on-wheelie\/#breadcrumb"},"inLanguage":"de","potentialAction":[{"@type":"ReadAction","target":["https:\/\/printwave.pl\/de\/produkt\/escape-carry-on-wheelie\/"]}]},{"@type":"ImageObject","inLanguage":"de","@id":"https:\/\/printwave.pl\/de\/produkt\/escape-carry-on-wheelie\/#primaryimage","url":"https:\/\/printwave.pl\/de\/wp-content\/uploads\/sites\/3\/2025\/01\/944_29_101_m-2022_01.jpg","contentUrl":"https:\/\/printwave.pl\/de\/wp-content\/uploads\/sites\/3\/2025\/01\/944_29_101_m-2022_01.jpg","width":1024,"height":1304},{"@type":"BreadcrumbList","@id":"https:\/\/printwave.pl\/de\/produkt\/escape-carry-on-wheelie\/#breadcrumb","itemListElement":[{"@type":"ListItem","position":1,"name":"Strona g\u0142\u00f3wna","item":"https:\/\/printwave.pl\/de\/"},{"@type":"ListItem","position":2,"name":"Shop","item":"https:\/\/printwave.pl\/de\/shop\/"},{"@type":"ListItem","position":3,"name":"Escape Carry-On Wheelie"}]},{"@type":"WebSite","@id":"https:\/\/printwave.pl\/de\/#website","url":"https:\/\/printwave.pl\/de\/","name":"Printwave DE","description":"","potentialAction":[{"@type":"SearchAction","target":{"@type":"EntryPoint","urlTemplate":"https:\/\/printwave.pl\/de\/?s={search_term_string}"},"query-input":{"@type":"PropertyValueSpecification","valueRequired":true,"valueName":"search_term_string"}}],"inLanguage":"de"}]}},"_links":{"self":[{"href":"https:\/\/printwave.pl\/de\/wp-json\/wp\/v2\/product\/355010","targetHints":{"allow":["GET"]}}],"collection":[{"href":"https:\/\/printwave.pl\/de\/wp-json\/wp\/v2\/product"}],"about":[{"href":"https:\/\/printwave.pl\/de\/wp-json\/wp\/v2\/types\/product"}],"replies":[{"embeddable":true,"href":"https:\/\/printwave.pl\/de\/wp-json\/wp\/v2\/comments?post=355010"}],"wp:featuredmedia":[{"embeddable":true,"href":"https:\/\/printwave.pl\/de\/wp-json\/wp\/v2\/media\/355006"}],"wp:attachment":[{"href":"https:\/\/printwave.pl\/de\/wp-json\/wp\/v2\/media?parent=355010"}],"wp:term":[{"taxonomy":"product_brand","embeddable":true,"href":"https:\/\/printwave.pl\/de\/wp-json\/wp\/v2\/product_brand?post=355010"},{"taxonomy":"product_cat","embeddable":true,"href":"https:\/\/printwave.pl\/de\/wp-json\/wp\/v2\/product_cat?post=355010"},{"taxonomy":"product_tag","embeddable":true,"href":"https:\/\/printwave.pl\/de\/wp-json\/wp\/v2\/product_tag?post=355010"}],"curies":[{"name":"wp","href":"https:\/\/api.w.org\/{rel}","templated":true}]}}