{"id":354839,"date":"2025-01-20T16:57:23","date_gmt":"2025-01-20T15:57:23","guid":{"rendered":"https:\/\/printwave.pl\/de\/produkt\/escape-handle-wrap\/"},"modified":"2026-02-27T04:19:32","modified_gmt":"2026-02-27T03:19:32","slug":"escape-handle-wrap","status":"publish","type":"product","link":"https:\/\/printwave.pl\/de\/produkt\/escape-handle-wrap\/","title":{"rendered":"Escape Handle Wrap"},"content":{"rendered":"<p>\u00b7100% Polyester (600D)<br \/>\n\u00b7Optimal zur individuellen Veredelung geeignet<br \/>\n\u00b7Rip-Strip\u2122 Klettverschluss-Manschette zur Individualisierung<br \/>\n\u00b7Passen f\u00fcr BG480 (943.29), BG481 (944.29) und BG483 (945.29)<br \/>\n\u00b7Ma\u00dfe: 19 x 11 cm<br \/>\n\u00b7Max. Fl\u00e4che f\u00fcr Stick: Kleberahmen (Gr\u00f6\u00dfe: 15 x 3,5 cm)<br \/>\n\u00b7Max. Druckfl\u00e4che: 15 x 3,5 cm.<\/p>\n","protected":false},"excerpt":{"rendered":"<p>\u00b7100% Polyester (600D) \u00b7Optimal zur individuellen Veredelung geeignet \u00b7Rip-Strip\u2122 Klettverschluss-Manschette zur Individualisierung \u00b7Passen f\u00fcr BG480 (943.29), BG481 (944.29) und BG483<\/p>\n","protected":false},"featured_media":354835,"comment_status":"open","ping_status":"closed","template":"","meta":[],"product_brand":[],"product_cat":[2272],"product_tag":[],"class_list":{"0":"post-354839","1":"product","2":"type-product","3":"status-publish","4":"has-post-thumbnail","6":"product_cat-taschen-accessoires","7":"pa_brand-bagbase","8":"pa_color-black","9":"pa_color-bright-royal","10":"pa_color-classic-red","11":"pa_color-fuchsia","12":"pa_color-grey-marl","13":"pa_color-jungle-camo","14":"pa_color-lime-green","15":"pa_color-orange","16":"pa_color-yellow","17":"pa_fabric-polyester","18":"pa_gender-unisex","19":"pa_product-group-sonstige","20":"pa_size-one-size","21":"pa_stil-nummer-4940","23":"first","24":"instock","25":"taxable","26":"shipping-taxable","27":"purchasable","28":"product-type-variable"},"yoast_head":"<!-- This site is optimized with the Yoast SEO Premium plugin v20.9 (Yoast SEO v26.3) - https:\/\/yoast.com\/wordpress\/plugins\/seo\/ -->\n<title>Escape Handle Wrap | Printwave DE<\/title>\n<meta name=\"robots\" content=\"index, follow, max-snippet:-1, max-image-preview:large, max-video-preview:-1\" \/>\n<link rel=\"canonical\" href=\"https:\/\/printwave.pl\/de\/produkt\/escape-handle-wrap\/\" \/>\n<meta property=\"og:locale\" content=\"de_DE\" \/>\n<meta property=\"og:type\" content=\"article\" \/>\n<meta property=\"og:title\" content=\"Escape Handle Wrap\" \/>\n<meta property=\"og:description\" content=\"\u00b7100% Polyester (600D) \u00b7Optimal zur individuellen Veredelung geeignet \u00b7Rip-Strip\u2122 Klettverschluss-Manschette zur Individualisierung \u00b7Passen f\u00fcr BG480 (943.29), BG481 (944.29) und BG483\" \/>\n<meta property=\"og:url\" content=\"https:\/\/printwave.pl\/de\/produkt\/escape-handle-wrap\/\" \/>\n<meta property=\"og:site_name\" content=\"Printwave DE\" \/>\n<meta property=\"article:modified_time\" content=\"2026-02-27T03:19:32+00:00\" \/>\n<meta property=\"og:image\" content=\"https:\/\/printwave.pl\/de\/wp-content\/uploads\/sites\/3\/2025\/03\/Print-Wave-logo-2025.png\" \/>\n\t<meta property=\"og:image:width\" content=\"1645\" \/>\n\t<meta property=\"og:image:height\" content=\"297\" \/>\n\t<meta property=\"og:image:type\" content=\"image\/png\" \/>\n<meta name=\"twitter:card\" content=\"summary_large_image\" \/>\n<script type=\"application\/ld+json\" class=\"yoast-schema-graph\">{\"@context\":\"https:\/\/schema.org\",\"@graph\":[{\"@type\":\"WebPage\",\"@id\":\"https:\/\/printwave.pl\/de\/produkt\/escape-handle-wrap\/\",\"url\":\"https:\/\/printwave.pl\/de\/produkt\/escape-handle-wrap\/\",\"name\":\"Escape Handle Wrap | Printwave DE\",\"isPartOf\":{\"@id\":\"https:\/\/printwave.pl\/de\/#website\"},\"primaryImageOfPage\":{\"@id\":\"https:\/\/printwave.pl\/de\/produkt\/escape-handle-wrap\/#primaryimage\"},\"image\":{\"@id\":\"https:\/\/printwave.pl\/de\/produkt\/escape-handle-wrap\/#primaryimage\"},\"thumbnailUrl\":\"https:\/\/printwave.pl\/de\/wp-content\/uploads\/sites\/3\/2025\/01\/946_29_m-2022_01.jpg\",\"datePublished\":\"2025-01-20T15:57:23+00:00\",\"dateModified\":\"2026-02-27T03:19:32+00:00\",\"breadcrumb\":{\"@id\":\"https:\/\/printwave.pl\/de\/produkt\/escape-handle-wrap\/#breadcrumb\"},\"inLanguage\":\"de\",\"potentialAction\":[{\"@type\":\"ReadAction\",\"target\":[\"https:\/\/printwave.pl\/de\/produkt\/escape-handle-wrap\/\"]}]},{\"@type\":\"ImageObject\",\"inLanguage\":\"de\",\"@id\":\"https:\/\/printwave.pl\/de\/produkt\/escape-handle-wrap\/#primaryimage\",\"url\":\"https:\/\/printwave.pl\/de\/wp-content\/uploads\/sites\/3\/2025\/01\/946_29_m-2022_01.jpg\",\"contentUrl\":\"https:\/\/printwave.pl\/de\/wp-content\/uploads\/sites\/3\/2025\/01\/946_29_m-2022_01.jpg\",\"width\":1024,\"height\":1304},{\"@type\":\"BreadcrumbList\",\"@id\":\"https:\/\/printwave.pl\/de\/produkt\/escape-handle-wrap\/#breadcrumb\",\"itemListElement\":[{\"@type\":\"ListItem\",\"position\":1,\"name\":\"Strona g\u0142\u00f3wna\",\"item\":\"https:\/\/printwave.pl\/de\/\"},{\"@type\":\"ListItem\",\"position\":2,\"name\":\"Shop\",\"item\":\"https:\/\/printwave.pl\/de\/shop\/\"},{\"@type\":\"ListItem\",\"position\":3,\"name\":\"Escape Handle Wrap\"}]},{\"@type\":\"WebSite\",\"@id\":\"https:\/\/printwave.pl\/de\/#website\",\"url\":\"https:\/\/printwave.pl\/de\/\",\"name\":\"Printwave DE\",\"description\":\"\",\"potentialAction\":[{\"@type\":\"SearchAction\",\"target\":{\"@type\":\"EntryPoint\",\"urlTemplate\":\"https:\/\/printwave.pl\/de\/?s={search_term_string}\"},\"query-input\":{\"@type\":\"PropertyValueSpecification\",\"valueRequired\":true,\"valueName\":\"search_term_string\"}}],\"inLanguage\":\"de\"}]}<\/script>\n<!-- \/ Yoast SEO Premium plugin. -->","yoast_head_json":{"title":"Escape Handle Wrap | Printwave DE","robots":{"index":"index","follow":"follow","max-snippet":"max-snippet:-1","max-image-preview":"max-image-preview:large","max-video-preview":"max-video-preview:-1"},"canonical":"https:\/\/printwave.pl\/de\/produkt\/escape-handle-wrap\/","og_locale":"de_DE","og_type":"article","og_title":"Escape Handle Wrap","og_description":"\u00b7100% Polyester (600D) \u00b7Optimal zur individuellen Veredelung geeignet \u00b7Rip-Strip\u2122 Klettverschluss-Manschette zur Individualisierung \u00b7Passen f\u00fcr BG480 (943.29), BG481 (944.29) und BG483","og_url":"https:\/\/printwave.pl\/de\/produkt\/escape-handle-wrap\/","og_site_name":"Printwave DE","article_modified_time":"2026-02-27T03:19:32+00:00","og_image":[{"width":1645,"height":297,"url":"https:\/\/printwave.pl\/de\/wp-content\/uploads\/sites\/3\/2025\/03\/Print-Wave-logo-2025.png","type":"image\/png"}],"twitter_card":"summary_large_image","schema":{"@context":"https:\/\/schema.org","@graph":[{"@type":"WebPage","@id":"https:\/\/printwave.pl\/de\/produkt\/escape-handle-wrap\/","url":"https:\/\/printwave.pl\/de\/produkt\/escape-handle-wrap\/","name":"Escape Handle Wrap | Printwave DE","isPartOf":{"@id":"https:\/\/printwave.pl\/de\/#website"},"primaryImageOfPage":{"@id":"https:\/\/printwave.pl\/de\/produkt\/escape-handle-wrap\/#primaryimage"},"image":{"@id":"https:\/\/printwave.pl\/de\/produkt\/escape-handle-wrap\/#primaryimage"},"thumbnailUrl":"https:\/\/printwave.pl\/de\/wp-content\/uploads\/sites\/3\/2025\/01\/946_29_m-2022_01.jpg","datePublished":"2025-01-20T15:57:23+00:00","dateModified":"2026-02-27T03:19:32+00:00","breadcrumb":{"@id":"https:\/\/printwave.pl\/de\/produkt\/escape-handle-wrap\/#breadcrumb"},"inLanguage":"de","potentialAction":[{"@type":"ReadAction","target":["https:\/\/printwave.pl\/de\/produkt\/escape-handle-wrap\/"]}]},{"@type":"ImageObject","inLanguage":"de","@id":"https:\/\/printwave.pl\/de\/produkt\/escape-handle-wrap\/#primaryimage","url":"https:\/\/printwave.pl\/de\/wp-content\/uploads\/sites\/3\/2025\/01\/946_29_m-2022_01.jpg","contentUrl":"https:\/\/printwave.pl\/de\/wp-content\/uploads\/sites\/3\/2025\/01\/946_29_m-2022_01.jpg","width":1024,"height":1304},{"@type":"BreadcrumbList","@id":"https:\/\/printwave.pl\/de\/produkt\/escape-handle-wrap\/#breadcrumb","itemListElement":[{"@type":"ListItem","position":1,"name":"Strona g\u0142\u00f3wna","item":"https:\/\/printwave.pl\/de\/"},{"@type":"ListItem","position":2,"name":"Shop","item":"https:\/\/printwave.pl\/de\/shop\/"},{"@type":"ListItem","position":3,"name":"Escape Handle Wrap"}]},{"@type":"WebSite","@id":"https:\/\/printwave.pl\/de\/#website","url":"https:\/\/printwave.pl\/de\/","name":"Printwave DE","description":"","potentialAction":[{"@type":"SearchAction","target":{"@type":"EntryPoint","urlTemplate":"https:\/\/printwave.pl\/de\/?s={search_term_string}"},"query-input":{"@type":"PropertyValueSpecification","valueRequired":true,"valueName":"search_term_string"}}],"inLanguage":"de"}]}},"_links":{"self":[{"href":"https:\/\/printwave.pl\/de\/wp-json\/wp\/v2\/product\/354839","targetHints":{"allow":["GET"]}}],"collection":[{"href":"https:\/\/printwave.pl\/de\/wp-json\/wp\/v2\/product"}],"about":[{"href":"https:\/\/printwave.pl\/de\/wp-json\/wp\/v2\/types\/product"}],"replies":[{"embeddable":true,"href":"https:\/\/printwave.pl\/de\/wp-json\/wp\/v2\/comments?post=354839"}],"wp:featuredmedia":[{"embeddable":true,"href":"https:\/\/printwave.pl\/de\/wp-json\/wp\/v2\/media\/354835"}],"wp:attachment":[{"href":"https:\/\/printwave.pl\/de\/wp-json\/wp\/v2\/media?parent=354839"}],"wp:term":[{"taxonomy":"product_brand","embeddable":true,"href":"https:\/\/printwave.pl\/de\/wp-json\/wp\/v2\/product_brand?post=354839"},{"taxonomy":"product_cat","embeddable":true,"href":"https:\/\/printwave.pl\/de\/wp-json\/wp\/v2\/product_cat?post=354839"},{"taxonomy":"product_tag","embeddable":true,"href":"https:\/\/printwave.pl\/de\/wp-json\/wp\/v2\/product_tag?post=354839"}],"curies":[{"name":"wp","href":"https:\/\/api.w.org\/{rel}","templated":true}]}}