{"id":354484,"date":"2025-01-20T16:47:02","date_gmt":"2025-01-20T15:47:02","guid":{"rendered":"https:\/\/printwave.pl\/de\/produkt\/madrid-womens-cobbler-apron\/"},"modified":"2026-02-27T04:18:09","modified_gmt":"2026-02-27T03:18:09","slug":"madrid-womens-cobbler-apron","status":"publish","type":"product","link":"https:\/\/printwave.pl\/de\/produkt\/madrid-womens-cobbler-apron\/","title":{"rendered":"MADRID Women\u2019s Cobbler Apron"},"content":{"rendered":"<p>\u00b7205 g\/m\u00b2<br \/>\n\u00b765% Polyester, 35% Baumwolle<br \/>\n\u00b7Aufgesetzte Tasche<br \/>\n\u00b7Pflegeleicht<br \/>\n\u00b7Farbecht<br \/>\n\u00b7Reaktiv gef\u00e4rbt<br \/>\n\u00b7Verriegelung an B\u00e4ndern und Taschen<br \/>\n\u00b7Format: 50 x 80 cm (Gr\u00f6\u00dfe 1), 55 x 85 cm (Gr\u00f6\u00dfe 2)<br \/>\n\u00b7Waschbar bis 60\u00b0C.<\/p>\n","protected":false},"excerpt":{"rendered":"<p>\u00b7205 g\/m\u00b2 \u00b765% Polyester, 35% Baumwolle \u00b7Aufgesetzte Tasche \u00b7Pflegeleicht \u00b7Farbecht \u00b7Reaktiv gef\u00e4rbt \u00b7Verriegelung an B\u00e4ndern und Taschen \u00b7Format: 50 x<\/p>\n","protected":false},"featured_media":354480,"comment_status":"open","ping_status":"closed","template":"","meta":[],"product_brand":[],"product_cat":[4477,2339,2251],"product_tag":[2723,2436,2724,2437,2725,2674,2726,2675,2677,2297,2442],"class_list":{"0":"post-354484","1":"product","2":"type-product","3":"status-publish","4":"has-post-thumbnail","6":"product_cat-hotel-restaurant-catering-care-2","7":"product_cat-topseller","8":"product_cat-waschbar-bis-60c","9":"product_tag-85c-waschbar","10":"product_tag-arbeitsbekleidung","11":"product_tag-arbeitskittel","12":"product_tag-arbeitskleidung","13":"product_tag-aermellos","14":"product_tag-gastronomie","15":"product_tag-kasack","16":"product_tag-kochbekleidung","17":"product_tag-kochkleidung","18":"product_tag-oberbekleidung","19":"product_tag-workwear","20":"pa_brand-sg-accessories-bistro-ex-jassz-bistro","21":"pa_certificates-oeko-tex-step","22":"pa_color-black","23":"pa_color-bottle-green","24":"pa_color-burgundy","25":"pa_color-grey","26":"pa_color-navy","27":"pa_color-red","28":"pa_color-royal","29":"pa_color-white","30":"pa_fabric-mischgewebe","31":"pa_gender-damen","32":"pa_product-group-gastronomie","33":"pa_product-group-schuerzen","34":"pa_size-1-xs-m","35":"pa_size-2-l-2xl","36":"pa_stil-nummer-4923","37":"pa_weight-200-219-g-m","39":"first","40":"instock","41":"taxable","42":"shipping-taxable","43":"purchasable","44":"product-type-variable"},"yoast_head":"<!-- This site is optimized with the Yoast SEO Premium plugin v20.9 (Yoast SEO v26.3) - https:\/\/yoast.com\/wordpress\/plugins\/seo\/ -->\n<title>MADRID Women\u2019s Cobbler Apron | Printwave DE<\/title>\n<meta name=\"robots\" content=\"index, follow, max-snippet:-1, max-image-preview:large, max-video-preview:-1\" \/>\n<link rel=\"canonical\" href=\"https:\/\/printwave.pl\/de\/produkt\/madrid-womens-cobbler-apron\/\" \/>\n<meta property=\"og:locale\" content=\"de_DE\" \/>\n<meta property=\"og:type\" content=\"article\" \/>\n<meta property=\"og:title\" content=\"MADRID Women\u2019s Cobbler Apron\" \/>\n<meta property=\"og:description\" content=\"\u00b7205 g\/m\u00b2 \u00b765% Polyester, 35% Baumwolle \u00b7Aufgesetzte Tasche \u00b7Pflegeleicht \u00b7Farbecht \u00b7Reaktiv gef\u00e4rbt \u00b7Verriegelung an B\u00e4ndern und Taschen \u00b7Format: 50 x\" \/>\n<meta property=\"og:url\" content=\"https:\/\/printwave.pl\/de\/produkt\/madrid-womens-cobbler-apron\/\" \/>\n<meta property=\"og:site_name\" content=\"Printwave DE\" \/>\n<meta property=\"article:modified_time\" content=\"2026-02-27T03:18:09+00:00\" \/>\n<meta property=\"og:image\" content=\"https:\/\/printwave.pl\/de\/wp-content\/uploads\/sites\/3\/2025\/03\/Print-Wave-logo-2025.png\" \/>\n\t<meta property=\"og:image:width\" content=\"1645\" \/>\n\t<meta property=\"og:image:height\" content=\"297\" \/>\n\t<meta property=\"og:image:type\" content=\"image\/png\" \/>\n<meta name=\"twitter:card\" content=\"summary_large_image\" \/>\n<script type=\"application\/ld+json\" class=\"yoast-schema-graph\">{\"@context\":\"https:\/\/schema.org\",\"@graph\":[{\"@type\":\"WebPage\",\"@id\":\"https:\/\/printwave.pl\/de\/produkt\/madrid-womens-cobbler-apron\/\",\"url\":\"https:\/\/printwave.pl\/de\/produkt\/madrid-womens-cobbler-apron\/\",\"name\":\"MADRID Women\u2019s Cobbler Apron | Printwave DE\",\"isPartOf\":{\"@id\":\"https:\/\/printwave.pl\/de\/#website\"},\"primaryImageOfPage\":{\"@id\":\"https:\/\/printwave.pl\/de\/produkt\/madrid-womens-cobbler-apron\/#primaryimage\"},\"image\":{\"@id\":\"https:\/\/printwave.pl\/de\/produkt\/madrid-womens-cobbler-apron\/#primaryimage\"},\"thumbnailUrl\":\"https:\/\/printwave.pl\/de\/wp-content\/uploads\/sites\/3\/2025\/01\/948_59_540_m-2023_01.jpg\",\"datePublished\":\"2025-01-20T15:47:02+00:00\",\"dateModified\":\"2026-02-27T03:18:09+00:00\",\"breadcrumb\":{\"@id\":\"https:\/\/printwave.pl\/de\/produkt\/madrid-womens-cobbler-apron\/#breadcrumb\"},\"inLanguage\":\"de\",\"potentialAction\":[{\"@type\":\"ReadAction\",\"target\":[\"https:\/\/printwave.pl\/de\/produkt\/madrid-womens-cobbler-apron\/\"]}]},{\"@type\":\"ImageObject\",\"inLanguage\":\"de\",\"@id\":\"https:\/\/printwave.pl\/de\/produkt\/madrid-womens-cobbler-apron\/#primaryimage\",\"url\":\"https:\/\/printwave.pl\/de\/wp-content\/uploads\/sites\/3\/2025\/01\/948_59_540_m-2023_01.jpg\",\"contentUrl\":\"https:\/\/printwave.pl\/de\/wp-content\/uploads\/sites\/3\/2025\/01\/948_59_540_m-2023_01.jpg\",\"width\":1024,\"height\":1304},{\"@type\":\"BreadcrumbList\",\"@id\":\"https:\/\/printwave.pl\/de\/produkt\/madrid-womens-cobbler-apron\/#breadcrumb\",\"itemListElement\":[{\"@type\":\"ListItem\",\"position\":1,\"name\":\"Strona g\u0142\u00f3wna\",\"item\":\"https:\/\/printwave.pl\/de\/\"},{\"@type\":\"ListItem\",\"position\":2,\"name\":\"Shop\",\"item\":\"https:\/\/printwave.pl\/de\/shop\/\"},{\"@type\":\"ListItem\",\"position\":3,\"name\":\"MADRID Women\u2019s Cobbler Apron\"}]},{\"@type\":\"WebSite\",\"@id\":\"https:\/\/printwave.pl\/de\/#website\",\"url\":\"https:\/\/printwave.pl\/de\/\",\"name\":\"Printwave DE\",\"description\":\"\",\"potentialAction\":[{\"@type\":\"SearchAction\",\"target\":{\"@type\":\"EntryPoint\",\"urlTemplate\":\"https:\/\/printwave.pl\/de\/?s={search_term_string}\"},\"query-input\":{\"@type\":\"PropertyValueSpecification\",\"valueRequired\":true,\"valueName\":\"search_term_string\"}}],\"inLanguage\":\"de\"}]}<\/script>\n<!-- \/ Yoast SEO Premium plugin. -->","yoast_head_json":{"title":"MADRID Women\u2019s Cobbler Apron | Printwave DE","robots":{"index":"index","follow":"follow","max-snippet":"max-snippet:-1","max-image-preview":"max-image-preview:large","max-video-preview":"max-video-preview:-1"},"canonical":"https:\/\/printwave.pl\/de\/produkt\/madrid-womens-cobbler-apron\/","og_locale":"de_DE","og_type":"article","og_title":"MADRID Women\u2019s Cobbler Apron","og_description":"\u00b7205 g\/m\u00b2 \u00b765% Polyester, 35% Baumwolle \u00b7Aufgesetzte Tasche \u00b7Pflegeleicht \u00b7Farbecht \u00b7Reaktiv gef\u00e4rbt \u00b7Verriegelung an B\u00e4ndern und Taschen \u00b7Format: 50 x","og_url":"https:\/\/printwave.pl\/de\/produkt\/madrid-womens-cobbler-apron\/","og_site_name":"Printwave DE","article_modified_time":"2026-02-27T03:18:09+00:00","og_image":[{"width":1645,"height":297,"url":"https:\/\/printwave.pl\/de\/wp-content\/uploads\/sites\/3\/2025\/03\/Print-Wave-logo-2025.png","type":"image\/png"}],"twitter_card":"summary_large_image","schema":{"@context":"https:\/\/schema.org","@graph":[{"@type":"WebPage","@id":"https:\/\/printwave.pl\/de\/produkt\/madrid-womens-cobbler-apron\/","url":"https:\/\/printwave.pl\/de\/produkt\/madrid-womens-cobbler-apron\/","name":"MADRID Women\u2019s Cobbler Apron | Printwave DE","isPartOf":{"@id":"https:\/\/printwave.pl\/de\/#website"},"primaryImageOfPage":{"@id":"https:\/\/printwave.pl\/de\/produkt\/madrid-womens-cobbler-apron\/#primaryimage"},"image":{"@id":"https:\/\/printwave.pl\/de\/produkt\/madrid-womens-cobbler-apron\/#primaryimage"},"thumbnailUrl":"https:\/\/printwave.pl\/de\/wp-content\/uploads\/sites\/3\/2025\/01\/948_59_540_m-2023_01.jpg","datePublished":"2025-01-20T15:47:02+00:00","dateModified":"2026-02-27T03:18:09+00:00","breadcrumb":{"@id":"https:\/\/printwave.pl\/de\/produkt\/madrid-womens-cobbler-apron\/#breadcrumb"},"inLanguage":"de","potentialAction":[{"@type":"ReadAction","target":["https:\/\/printwave.pl\/de\/produkt\/madrid-womens-cobbler-apron\/"]}]},{"@type":"ImageObject","inLanguage":"de","@id":"https:\/\/printwave.pl\/de\/produkt\/madrid-womens-cobbler-apron\/#primaryimage","url":"https:\/\/printwave.pl\/de\/wp-content\/uploads\/sites\/3\/2025\/01\/948_59_540_m-2023_01.jpg","contentUrl":"https:\/\/printwave.pl\/de\/wp-content\/uploads\/sites\/3\/2025\/01\/948_59_540_m-2023_01.jpg","width":1024,"height":1304},{"@type":"BreadcrumbList","@id":"https:\/\/printwave.pl\/de\/produkt\/madrid-womens-cobbler-apron\/#breadcrumb","itemListElement":[{"@type":"ListItem","position":1,"name":"Strona g\u0142\u00f3wna","item":"https:\/\/printwave.pl\/de\/"},{"@type":"ListItem","position":2,"name":"Shop","item":"https:\/\/printwave.pl\/de\/shop\/"},{"@type":"ListItem","position":3,"name":"MADRID Women\u2019s Cobbler Apron"}]},{"@type":"WebSite","@id":"https:\/\/printwave.pl\/de\/#website","url":"https:\/\/printwave.pl\/de\/","name":"Printwave DE","description":"","potentialAction":[{"@type":"SearchAction","target":{"@type":"EntryPoint","urlTemplate":"https:\/\/printwave.pl\/de\/?s={search_term_string}"},"query-input":{"@type":"PropertyValueSpecification","valueRequired":true,"valueName":"search_term_string"}}],"inLanguage":"de"}]}},"_links":{"self":[{"href":"https:\/\/printwave.pl\/de\/wp-json\/wp\/v2\/product\/354484","targetHints":{"allow":["GET"]}}],"collection":[{"href":"https:\/\/printwave.pl\/de\/wp-json\/wp\/v2\/product"}],"about":[{"href":"https:\/\/printwave.pl\/de\/wp-json\/wp\/v2\/types\/product"}],"replies":[{"embeddable":true,"href":"https:\/\/printwave.pl\/de\/wp-json\/wp\/v2\/comments?post=354484"}],"wp:featuredmedia":[{"embeddable":true,"href":"https:\/\/printwave.pl\/de\/wp-json\/wp\/v2\/media\/354480"}],"wp:attachment":[{"href":"https:\/\/printwave.pl\/de\/wp-json\/wp\/v2\/media?parent=354484"}],"wp:term":[{"taxonomy":"product_brand","embeddable":true,"href":"https:\/\/printwave.pl\/de\/wp-json\/wp\/v2\/product_brand?post=354484"},{"taxonomy":"product_cat","embeddable":true,"href":"https:\/\/printwave.pl\/de\/wp-json\/wp\/v2\/product_cat?post=354484"},{"taxonomy":"product_tag","embeddable":true,"href":"https:\/\/printwave.pl\/de\/wp-json\/wp\/v2\/product_tag?post=354484"}],"curies":[{"name":"wp","href":"https:\/\/api.w.org\/{rel}","templated":true}]}}