{"id":350247,"date":"2025-01-20T14:36:24","date_gmt":"2025-01-20T13:36:24","guid":{"rendered":"https:\/\/printwave.pl\/de\/produkt\/medical-face-mask-3-ply-kids\/"},"modified":"2026-02-27T04:01:03","modified_gmt":"2026-02-27T03:01:03","slug":"medical-face-mask-3-ply-kids","status":"publish","type":"product","link":"https:\/\/printwave.pl\/de\/produkt\/medical-face-mask-3-ply-kids\/","title":{"rendered":"Medical face mask 3-ply Kids"},"content":{"rendered":"<p>\u00b7100% Polypropylen (Vliesstoff)<br \/>\n\u00b7Medizinische Einwegmaske (nach Klasse I) mit 3 Schutzlagen (Spunbound-Meltblown-Spunbound)<br \/>\n\u00b7Innerste Schicht absorbiert Fl\u00fcssigkeiten<br \/>\n\u00b7Mittlere Schicht dient als Barriere f\u00fcr Keime<br \/>\n\u00b7\u00c4u\u00dfere Schicht ist wasserabweisend und sch\u00fctzt vor Spritzwasser<br \/>\n\u00b7Flexible Ohrschlaufe, Nasenb\u00fcgel aus Kunststoff<br \/>\n\u00b7Hautfreundlich, atmungsaktiv<br \/>\n\u00b7Effizienz der Bakterieninfiltration \u2265 95% (BFE)<br \/>\n\u00b7Klassifiziert gem\u00e4\u00df EN14683:2019-10 Typ I<br \/>\n\u00b7Made in EU<br \/>\n\u00b71 Verkaufseinheit\/Pack mit 50 St\u00fcck &#8211; bitte bestellen Sie in Verkaufseinheit(en), z.B. 2 (f\u00fcr 100 St\u00fcck)<br \/>\n\u00b7Vom Umtausch ausgeschlossen<\/p>\n","protected":false},"excerpt":{"rendered":"<p>\u00b7100% Polypropylen (Vliesstoff) \u00b7Medizinische Einwegmaske (nach Klasse I) mit 3 Schutzlagen (Spunbound-Meltblown-Spunbound) \u00b7Innerste Schicht absorbiert Fl\u00fcssigkeiten \u00b7Mittlere Schicht dient als<\/p>\n","protected":false},"featured_media":350243,"comment_status":"open","ping_status":"closed","template":"","meta":[],"product_brand":[],"product_cat":[4477],"product_tag":[],"class_list":{"0":"post-350247","1":"product","2":"type-product","3":"status-publish","4":"has-post-thumbnail","6":"product_cat-hotel-restaurant-catering-care-2","7":"pa_brand-virshields","8":"pa_color-blue","9":"pa_gender-kinder","10":"pa_product-group-sonstige","11":"pa_size-one-size","13":"first","14":"instock","15":"taxable","16":"shipping-taxable","17":"purchasable","18":"product-type-variable"},"yoast_head":"<!-- This site is optimized with the Yoast SEO Premium plugin v20.9 (Yoast SEO v26.3) - https:\/\/yoast.com\/wordpress\/plugins\/seo\/ -->\n<title>Medical face mask 3-ply Kids | Printwave DE<\/title>\n<meta name=\"robots\" content=\"index, follow, max-snippet:-1, max-image-preview:large, max-video-preview:-1\" \/>\n<link rel=\"canonical\" href=\"https:\/\/printwave.pl\/de\/produkt\/medical-face-mask-3-ply-kids\/\" \/>\n<meta property=\"og:locale\" content=\"de_DE\" \/>\n<meta property=\"og:type\" content=\"article\" \/>\n<meta property=\"og:title\" content=\"Medical face mask 3-ply Kids\" \/>\n<meta property=\"og:description\" content=\"\u00b7100% Polypropylen (Vliesstoff) \u00b7Medizinische Einwegmaske (nach Klasse I) mit 3 Schutzlagen (Spunbound-Meltblown-Spunbound) \u00b7Innerste Schicht absorbiert Fl\u00fcssigkeiten \u00b7Mittlere Schicht dient als\" \/>\n<meta property=\"og:url\" content=\"https:\/\/printwave.pl\/de\/produkt\/medical-face-mask-3-ply-kids\/\" \/>\n<meta property=\"og:site_name\" content=\"Printwave DE\" \/>\n<meta property=\"article:modified_time\" content=\"2026-02-27T03:01:03+00:00\" \/>\n<meta property=\"og:image\" content=\"https:\/\/printwave.pl\/de\/wp-content\/uploads\/sites\/3\/2025\/03\/Print-Wave-logo-2025.png\" \/>\n\t<meta property=\"og:image:width\" content=\"1645\" \/>\n\t<meta property=\"og:image:height\" content=\"297\" \/>\n\t<meta property=\"og:image:type\" content=\"image\/png\" \/>\n<meta name=\"twitter:card\" content=\"summary_large_image\" \/>\n<script type=\"application\/ld+json\" class=\"yoast-schema-graph\">{\"@context\":\"https:\/\/schema.org\",\"@graph\":[{\"@type\":\"WebPage\",\"@id\":\"https:\/\/printwave.pl\/de\/produkt\/medical-face-mask-3-ply-kids\/\",\"url\":\"https:\/\/printwave.pl\/de\/produkt\/medical-face-mask-3-ply-kids\/\",\"name\":\"Medical face mask 3-ply Kids | Printwave DE\",\"isPartOf\":{\"@id\":\"https:\/\/printwave.pl\/de\/#website\"},\"primaryImageOfPage\":{\"@id\":\"https:\/\/printwave.pl\/de\/produkt\/medical-face-mask-3-ply-kids\/#primaryimage\"},\"image\":{\"@id\":\"https:\/\/printwave.pl\/de\/produkt\/medical-face-mask-3-ply-kids\/#primaryimage\"},\"thumbnailUrl\":\"https:\/\/printwave.pl\/de\/wp-content\/uploads\/sites\/3\/2025\/01\/995_63_301_m-2022_01.jpg\",\"datePublished\":\"2025-01-20T13:36:24+00:00\",\"dateModified\":\"2026-02-27T03:01:03+00:00\",\"breadcrumb\":{\"@id\":\"https:\/\/printwave.pl\/de\/produkt\/medical-face-mask-3-ply-kids\/#breadcrumb\"},\"inLanguage\":\"de\",\"potentialAction\":[{\"@type\":\"ReadAction\",\"target\":[\"https:\/\/printwave.pl\/de\/produkt\/medical-face-mask-3-ply-kids\/\"]}]},{\"@type\":\"ImageObject\",\"inLanguage\":\"de\",\"@id\":\"https:\/\/printwave.pl\/de\/produkt\/medical-face-mask-3-ply-kids\/#primaryimage\",\"url\":\"https:\/\/printwave.pl\/de\/wp-content\/uploads\/sites\/3\/2025\/01\/995_63_301_m-2022_01.jpg\",\"contentUrl\":\"https:\/\/printwave.pl\/de\/wp-content\/uploads\/sites\/3\/2025\/01\/995_63_301_m-2022_01.jpg\",\"width\":1024,\"height\":1304},{\"@type\":\"BreadcrumbList\",\"@id\":\"https:\/\/printwave.pl\/de\/produkt\/medical-face-mask-3-ply-kids\/#breadcrumb\",\"itemListElement\":[{\"@type\":\"ListItem\",\"position\":1,\"name\":\"Strona g\u0142\u00f3wna\",\"item\":\"https:\/\/printwave.pl\/de\/\"},{\"@type\":\"ListItem\",\"position\":2,\"name\":\"Shop\",\"item\":\"https:\/\/printwave.pl\/de\/shop\/\"},{\"@type\":\"ListItem\",\"position\":3,\"name\":\"Medical face mask 3-ply Kids\"}]},{\"@type\":\"WebSite\",\"@id\":\"https:\/\/printwave.pl\/de\/#website\",\"url\":\"https:\/\/printwave.pl\/de\/\",\"name\":\"Printwave DE\",\"description\":\"\",\"potentialAction\":[{\"@type\":\"SearchAction\",\"target\":{\"@type\":\"EntryPoint\",\"urlTemplate\":\"https:\/\/printwave.pl\/de\/?s={search_term_string}\"},\"query-input\":{\"@type\":\"PropertyValueSpecification\",\"valueRequired\":true,\"valueName\":\"search_term_string\"}}],\"inLanguage\":\"de\"}]}<\/script>\n<!-- \/ Yoast SEO Premium plugin. -->","yoast_head_json":{"title":"Medical face mask 3-ply Kids | Printwave DE","robots":{"index":"index","follow":"follow","max-snippet":"max-snippet:-1","max-image-preview":"max-image-preview:large","max-video-preview":"max-video-preview:-1"},"canonical":"https:\/\/printwave.pl\/de\/produkt\/medical-face-mask-3-ply-kids\/","og_locale":"de_DE","og_type":"article","og_title":"Medical face mask 3-ply Kids","og_description":"\u00b7100% Polypropylen (Vliesstoff) \u00b7Medizinische Einwegmaske (nach Klasse I) mit 3 Schutzlagen (Spunbound-Meltblown-Spunbound) \u00b7Innerste Schicht absorbiert Fl\u00fcssigkeiten \u00b7Mittlere Schicht dient als","og_url":"https:\/\/printwave.pl\/de\/produkt\/medical-face-mask-3-ply-kids\/","og_site_name":"Printwave DE","article_modified_time":"2026-02-27T03:01:03+00:00","og_image":[{"width":1645,"height":297,"url":"https:\/\/printwave.pl\/de\/wp-content\/uploads\/sites\/3\/2025\/03\/Print-Wave-logo-2025.png","type":"image\/png"}],"twitter_card":"summary_large_image","schema":{"@context":"https:\/\/schema.org","@graph":[{"@type":"WebPage","@id":"https:\/\/printwave.pl\/de\/produkt\/medical-face-mask-3-ply-kids\/","url":"https:\/\/printwave.pl\/de\/produkt\/medical-face-mask-3-ply-kids\/","name":"Medical face mask 3-ply Kids | Printwave DE","isPartOf":{"@id":"https:\/\/printwave.pl\/de\/#website"},"primaryImageOfPage":{"@id":"https:\/\/printwave.pl\/de\/produkt\/medical-face-mask-3-ply-kids\/#primaryimage"},"image":{"@id":"https:\/\/printwave.pl\/de\/produkt\/medical-face-mask-3-ply-kids\/#primaryimage"},"thumbnailUrl":"https:\/\/printwave.pl\/de\/wp-content\/uploads\/sites\/3\/2025\/01\/995_63_301_m-2022_01.jpg","datePublished":"2025-01-20T13:36:24+00:00","dateModified":"2026-02-27T03:01:03+00:00","breadcrumb":{"@id":"https:\/\/printwave.pl\/de\/produkt\/medical-face-mask-3-ply-kids\/#breadcrumb"},"inLanguage":"de","potentialAction":[{"@type":"ReadAction","target":["https:\/\/printwave.pl\/de\/produkt\/medical-face-mask-3-ply-kids\/"]}]},{"@type":"ImageObject","inLanguage":"de","@id":"https:\/\/printwave.pl\/de\/produkt\/medical-face-mask-3-ply-kids\/#primaryimage","url":"https:\/\/printwave.pl\/de\/wp-content\/uploads\/sites\/3\/2025\/01\/995_63_301_m-2022_01.jpg","contentUrl":"https:\/\/printwave.pl\/de\/wp-content\/uploads\/sites\/3\/2025\/01\/995_63_301_m-2022_01.jpg","width":1024,"height":1304},{"@type":"BreadcrumbList","@id":"https:\/\/printwave.pl\/de\/produkt\/medical-face-mask-3-ply-kids\/#breadcrumb","itemListElement":[{"@type":"ListItem","position":1,"name":"Strona g\u0142\u00f3wna","item":"https:\/\/printwave.pl\/de\/"},{"@type":"ListItem","position":2,"name":"Shop","item":"https:\/\/printwave.pl\/de\/shop\/"},{"@type":"ListItem","position":3,"name":"Medical face mask 3-ply Kids"}]},{"@type":"WebSite","@id":"https:\/\/printwave.pl\/de\/#website","url":"https:\/\/printwave.pl\/de\/","name":"Printwave DE","description":"","potentialAction":[{"@type":"SearchAction","target":{"@type":"EntryPoint","urlTemplate":"https:\/\/printwave.pl\/de\/?s={search_term_string}"},"query-input":{"@type":"PropertyValueSpecification","valueRequired":true,"valueName":"search_term_string"}}],"inLanguage":"de"}]}},"_links":{"self":[{"href":"https:\/\/printwave.pl\/de\/wp-json\/wp\/v2\/product\/350247","targetHints":{"allow":["GET"]}}],"collection":[{"href":"https:\/\/printwave.pl\/de\/wp-json\/wp\/v2\/product"}],"about":[{"href":"https:\/\/printwave.pl\/de\/wp-json\/wp\/v2\/types\/product"}],"replies":[{"embeddable":true,"href":"https:\/\/printwave.pl\/de\/wp-json\/wp\/v2\/comments?post=350247"}],"wp:featuredmedia":[{"embeddable":true,"href":"https:\/\/printwave.pl\/de\/wp-json\/wp\/v2\/media\/350243"}],"wp:attachment":[{"href":"https:\/\/printwave.pl\/de\/wp-json\/wp\/v2\/media?parent=350247"}],"wp:term":[{"taxonomy":"product_brand","embeddable":true,"href":"https:\/\/printwave.pl\/de\/wp-json\/wp\/v2\/product_brand?post=350247"},{"taxonomy":"product_cat","embeddable":true,"href":"https:\/\/printwave.pl\/de\/wp-json\/wp\/v2\/product_cat?post=350247"},{"taxonomy":"product_tag","embeddable":true,"href":"https:\/\/printwave.pl\/de\/wp-json\/wp\/v2\/product_tag?post=350247"}],"curies":[{"name":"wp","href":"https:\/\/api.w.org\/{rel}","templated":true}]}}