{"id":9511,"date":"2023-05-22T09:13:59","date_gmt":"2023-05-22T07:13:59","guid":{"rendered":"https:\/\/www.printwave.hmcloud.pl\/?page_id=3"},"modified":"2023-08-11T18:50:42","modified_gmt":"2023-08-11T16:50:42","slug":"datenschutzbestimmungen","status":"publish","type":"page","link":"https:\/\/printwave.pl\/de\/datenschutzbestimmungen\/","title":{"rendered":"Datenschutzbestimmungen"},"content":{"rendered":"<div class=\"wpb-content-wrapper\"><p>[vc_row][vc_column]\t\t<div id=\"wd-64d666c418fd9\" class=\"wd-text-block wd-wpb reset-last-child wd-rs-64d666c418fd9 text-left \">\n\t\t\t<p><strong>Datenschutzrichtlinie f\u00fcr die Website<\/strong>\u00a0<a href=\"http:\/\/printwave.pl\/\">www.printwave.pl<\/a><\/p>\n<p><strong>DOKUMENTVERSION: [1.0]<\/strong><\/p>\n<p><strong>LETZTES UPDATE: [06.08.2023]<\/strong><\/p>\n<p>Der Schutz der Privatsph\u00e4re der Benutzer ist f\u00fcr PRINTWAVE besonders wichtig. Aus diesem Grund stellen wir den Benutzern der Website\u00a0<a href=\"http:\/\/printwave.pl\/\">www.printwave.pl<\/a>\u00a0angemessene Sicherheitsma\u00dfnahmen zur Verf\u00fcgung, um ihre personenbezogenen Daten zu sch\u00fctzen.<\/p>\n<p>Der Administrator ist auch bestrebt, die Benutzer angemessen \u00fcber ihre Rechte und Pflichten im Zusammenhang mit der Verarbeitung personenbezogener Daten zu informieren, insbesondere im Hinblick auf die Bestimmungen zum Datenschutz gem\u00e4\u00df der EU-Verordnung 2016\/679 des Europ\u00e4ischen Parlaments und des Rates vom 27. April 2016 zum Schutz nat\u00fcrlicher Personen bei der Verarbeitung personenbezogener Daten und zum freien Datenverkehr sowie zur Aufhebung der Richtlinie 95\/46\/EG (im Folgenden \u201eDSGVO\u201c).<\/p>\n<p>Daher informiert der Administrator die Benutzer dieses Dienstes in diesem Dokument \u00fcber die rechtlichen Grundlagen f\u00fcr die Verarbeitung personenbezogener Daten, die von den Benutzern im Zusammenhang mit der Nutzung der Website\u00a0<a href=\"http:\/\/printwave.pl\/\">www.printwave.pl<\/a>\u00a0(im Folgenden \u201eDienst\u201c) \u00fcbermittelt wurden, sowie \u00fcber die Methoden der Datenerhebung und -verarbeitung sowie des Datenschutzes und \u00fcber die Rechte der Benutzer.<\/p>\n<p>Benutzer ist jede nat\u00fcrliche Person, deren Daten betroffen sind und die den Online-Dienst\u00a0<a href=\"http:\/\/printwave.pl\/\">www.printwave.pl<\/a>\u00a0oder die elektronischen Dienste nutzt, die \u00fcber den Dienst verf\u00fcgbar sind.<\/p>\n<p>&nbsp;<\/p>\n<p><strong>ADMINISTRATOR DER DATEN, KONTAKTDATEN<\/strong><\/p>\n<p>Der Administrator der personenbezogenen Daten, die vom Benutzer im Rahmen der Website\u00a0<a href=\"http:\/\/printwave.pl\/\">www.printwave.pl<\/a>\u00a0zur Verf\u00fcgung gestellt wurden, ist\u00a0<strong>Fabryka CMYKa Niciak Sp\u00f3\u0142ka Jawna<\/strong>\u00a0ul. Rynkowska 1, 85-503 Bydgoszcz | Polska NIP: 9671424370<br \/>\nVAT No. PL9671424370<\/p>\n<p>Um Informationen \u00fcber die Verarbeitung personenbezogener Daten durch den Administrator und die Aus\u00fcbung der zustehenden Rechte zu erhalten, kann sich der Benutzer \u00fcber eine Nachricht an folgende E-Mail-Adresse an den Administrator wenden:\u00a0<a href=\"mailto:sklep@printwave.pl\">sklep@printwave.pl<\/a>\u00a0oder per Post an die Adresse:\u00a0<strong>Fabryka CMYKa Niciak Sp\u00f3\u0142ka Jawna<\/strong>\u00a0ul. Rynkowska 1, 85-503 Bydgoszcz | Polska mit dem Vermerk \u201ePERSONENBEZOGENE DATEN\u201c.<\/p>\n<p>Um zu \u00fcberpr\u00fcfen, ob die Person, die eine bestimmte Operation mit personenbezogenen Daten beantragt, dazu berechtigt ist, kann der Administrator zus\u00e4tzliche Informationen anfordern, um die Identit\u00e4t der Person zu \u00fcberpr\u00fcfen.<\/p>\n<p>&nbsp;<\/p>\n<p><strong>VOM ADMINISTRATOR VERARBEITETE PERSONENBEZOGENE DATEN<\/strong><\/p>\n<p>Der Administrator erh\u00e4lt personenbezogene Daten direkt vom Benutzer \u00fcber die Website, einschlie\u00dflich der Registrierung des Benutzers auf der Website oder des Ausf\u00fcllens eines Kontaktformulars auf der Website und des Versendens einer Nachricht an den Administrator \u00fcber dieses Formular.<\/p>\n<p>Der Administrator sammelt \u00fcber die Website folgende personenbezogene Daten des Benutzers: Name, Telefonnummer, E-Mail-Adresse, Gesch\u00e4ftsname.<\/p>\n<p>&nbsp;<\/p>\n<p><strong>ZWECKE UND RECHTSGRUNDLAGEN DER DATENVERARBEITUNG<\/strong><\/p>\n<p>Die Zwecke der Verarbeitung personenbezogener Daten durch den Administrator h\u00e4ngen davon ab, wie der Benutzer die Website nutzt und welche Funktionen ihm zur Verf\u00fcgung stehen.<\/p>\n<p>Zun\u00e4chst verarbeitet der Administrator die personenbezogenen Daten des Benutzers, um den Vertrag \u00fcber die Erbringung von Dienstleistungen auf elektronischem Wege gem\u00e4\u00df den Bestimmungen der Website zu schlie\u00dfen und zu erf\u00fcllen sowie den \u00fcber die Website geschlossenen Kaufvertrag zu erf\u00fcllen (Rechtsgrundlage: Art. 6 Abs. 1 lit. b DSGVO). Im Zusammenhang mit dem Kaufvertrag obliegen dem Administrator \u00f6ffentlich-rechtliche Pflichten, einschlie\u00dflich steuerlicher Pflichten, weshalb der Administrator die personenbezogenen Daten des Benutzers verarbeiten kann, um diese Pflichten zu erf\u00fcllen (Rechtsgrundlage: Art. 6 Abs. 1 lit. b und c DSGVO sowie entsprechende Steuervorschriften).<\/p>\n<p>Wenn der Benutzer eine Beschwerde einreicht oder andere Probleme meldet, verarbeitet der Administrator seine personenbezogenen Daten, um Beschwerden und Anfragen zu pr\u00fcfen und zu beantworten (Rechtsgrundlage: Art. 6 Abs. 1 lit. c DSGVO und Art. 6 Abs. 1 lit. f DSGVO, d. h. berechtigtes Interesse des Administrators und des Benutzers in Form von Kommunikation und Beilegung von Streitigkeiten).<\/p>\n<p>Sofern der Benutzer seine freiwillige Einwilligung gegeben hat (z. B. durch Nutzung des Kontaktformulars oder Anmeldung zum Newsletter), kann der Administrator die personenbezogenen Daten des Benutzers f\u00fcr Marketingzwecke verarbeiten, einschlie\u00dflich der Durchf\u00fchrung von Marketingkommunikation per E-Mail oder Telefon (Rechtsgrundlage: Art. 6 Abs. 1 lit. a und f DSGVO, Gesetz \u00fcber die Erbringung von Dienstleistungen auf elektronischem Wege, Telekommunikationsgesetz).<\/p>\n<p>Der Administrator beh\u00e4lt sich das Recht vor, personenbezogene Daten der Benutzer zum Zwecke der Feststellung, Verfolgung, Durchsetzung oder Abwehr von Anspr\u00fcchen zu speichern sowie zur Verhinderung von Missbrauch und Betrug (Rechtsgrundlage: Art. 6 Abs. 1 lit. f DSGVO).<\/p>\n<p><strong>AUFBEWAHRUNGSFRIST F\u00dcR DATEN<\/strong><\/p>\n<p>Die Aufbewahrungsfrist f\u00fcr personenbezogene Daten der Benutzer h\u00e4ngt von den Zwecken ab, f\u00fcr die der Verantwortliche die Daten verarbeitet, insbesondere: a) Personenbezogene Daten, die f\u00fcr den Abschluss und die Durchf\u00fchrung von Vertr\u00e4gen erforderlich sind, werden f\u00fcr die Dauer ihrer G\u00fcltigkeit gespeichert. b) Personenbezogene Daten, die zur Erf\u00fcllung \u00f6ffentlich-rechtlicher Verpflichtungen erforderlich sind, werden f\u00fcr den Zeitraum aufbewahrt, der durch die entsprechenden gesetzlichen Bestimmungen festgelegt ist, und bei Steuerpflichten f\u00fcr f\u00fcnf Jahre. c) Personenbezogene Daten, die zu Marketingzwecken angegeben wurden, werden bis zur Widerrufung der Einwilligung oder zum Ausdruck des Widerspruchs verarbeitet. Die Aufbewahrungsfrist f\u00fcr Daten kann verl\u00e4ngert werden, wenn dies durch allgemein geltende Vorschriften gerechtfertigt ist oder im berechtigten Interesse des Verantwortlichen liegt, um Anspr\u00fcche festzustellen, durchzusetzen oder abzuwehren.<\/p>\n<p>&nbsp;<\/p>\n<p><strong>EMPF\u00c4NGER PERSONENBEZOGENER DATEN, EINSCHLIESSLICH EMPF\u00c4NGER AUSSERHALB DES EWR<\/strong><\/p>\n<p>Verarbeitende Parteien. Der Verantwortliche nutzt die Dienste anderer verarbeitender Parteien, die in seinem Auftrag personenbezogene Daten verarbeiten, z. B. im Bereich Verwaltung, Buchhaltung, Informationstechnologie und Serverdienste, Wartung und Betreuung von Informationssystemen und Datenbanken. Dar\u00fcber hinaus k\u00f6nnen Mitarbeiter staatlicher Beh\u00f6rden und \u00c4mter, die f\u00fcr die Kontrolle oder \u00dcberwachung der T\u00e4tigkeit des Verantwortlichen zust\u00e4ndig sind, Zugriff auf personenbezogene Daten des Benutzers erhalten.<\/p>\n<p>\u00dcbermittlung personenbezogener Daten au\u00dferhalb des EWR. Im Zusammenhang mit der Nutzung bestimmter Informationssysteme kann der Verantwortliche personenbezogene Daten des Benutzers au\u00dferhalb des Europ\u00e4ischen Wirtschaftsraums, insbesondere in die USA, \u00fcbermitteln. Wir versichern, dass alle Parteien, mit denen der Verantwortliche zusammenarbeitet, die Sicherheitsanforderungen gem\u00e4\u00df den geltenden Bestimmungen zum Schutz personenbezogener Daten erf\u00fcllen. Die \u00dcbermittlung von Daten in die USA erfolgt auf der Grundlage von der Europ\u00e4ischen Kommission erlassenen Standardvertragsklauseln. Der Zugriff auf diese Klauseln ist in der Gesch\u00e4ftsstelle des Verantwortlichen m\u00f6glich.<\/p>\n<p>Weitergabe von Daten an andere Verantwortliche. Bei Auswahl der Zahlungsoption \u201ePrzelewy24\u201c werden die personenbezogenen Daten des Benutzers dem Zahlungsanbieter PayPro S.A. mit Sitz in Pozna\u0144 (ul. Pastelowa 8, 60-198) zur Abwicklung der Transaktion zur Verf\u00fcgung gestellt.<\/p>\n<p>&nbsp;<\/p>\n<p><strong>NUTZERRECHTE<\/strong><\/p>\n<p>Im Zusammenhang mit der Verarbeitung personenbezogener Daten durch den Administrator hat der Benutzer das Recht auf:<\/p>\n<ol>\n<li>Zugang zu seinen Daten und Erhalt einer Kopie davon<\/li>\n<li>Berichtigung (Korrektur) seiner personenbezogenen Daten<\/li>\n<li>Einschr\u00e4nkung der Verarbeitung personenbezogener Daten<\/li>\n<li>L\u00f6schung personenbezogener Daten<\/li>\n<li>Widerspruch gegen die Verarbeitung personenbezogener Daten<\/li>\n<li>\u00dcbertragung seiner Daten<\/li>\n<li>Falls die Verarbeitung aufgrund einer erteilten Einwilligung erfolgt \u2013 das Recht, die Einwilligung jederzeit zu widerrufen, ohne dass die Rechtm\u00e4\u00dfigkeit der Verarbeitung, die vor dem Widerruf aufgrund der Einwilligung erfolgt ist, beeintr\u00e4chtigt wird<\/li>\n<li>Einreichung einer Beschwerde beim Pr\u00e4sidenten des Amtes f\u00fcr den Schutz personenbezogener Daten (Adresse: Amt f\u00fcr den Schutz personenbezogener Daten, ul. Stawki 2, 00-193 Warschau) Um von den oben genannten Rechten Gebrauch zu machen, sollten Sie sich wie oben in der \u201eDatenschutzrichtlinie\u201c beschrieben mit dem Datenverantwortlichen in Verbindung setzen.<\/li>\n<\/ol>\n<p>&nbsp;<\/p>\n<p><strong>PROFILERSTELLUNG<\/strong><\/p>\n<p>Der Administrator hat keine Absicht, die personenbezogenen Daten des Benutzers zu profilieren.<\/p>\n<p>&nbsp;<\/p>\n<p><strong>FREIWILLIGKEIT DER DATENANGABE<\/strong><\/p>\n<p>Die Angabe bestimmter personenbezogener Daten durch den Benutzer: a) f\u00fcr den Erhalt von Marketingkorrespondenz \u2013 ist freiwillig; b) zum Abschluss und zur Durchf\u00fchrung von Vertr\u00e4gen (\u00fcber die Erbringung von Dienstleistungen auf elektronischem Wege oder den Verkauf) \u2013 ist erforderlich, um eine Rechtsbeziehung zwischen dem Benutzer und dem Administrator herzustellen; c) zur Erf\u00fcllung gesetzlicher Verpflichtungen, einschlie\u00dflich Abrechnungszwecken \u2013 ist erforderlich, um die Rechtm\u00e4\u00dfigkeit sicherzustellen.<\/p>\n<p>&nbsp;<\/p>\n<p><strong>COOKIES<\/strong><\/p>\n<p>Ein Cookie ist eine kleine Textdatei, die auf dem Computer, Tablet oder Smartphone gespeichert wird, wenn Sie die Website zum ersten Mal besuchen. Die von uns verwendeten Cookies sind f\u00fcr das reibungslose Funktionieren der Website und deren Benutzerfreundlichkeit unerl\u00e4sslich. Sie gew\u00e4hrleisten eine optimale Website-Performance. In der Website verwenden wir: a) Technische Cookies \u2013 Diese Cookies sind f\u00fcr die Nutzung der grundlegenden Funktionen der Website erforderlich. b) Funktionale Cookies \u2013 Diese Cookies erm\u00f6glichen uns die Analyse der Nutzung der Website durch den Benutzer zur Bewertung und Verbesserung ihrer Leistung. c) Marketing-Cookies \u2013 Diese Cookies erm\u00f6glichen die Anzeige von Werbeinhalten, die den Vorlieben des Benutzers entsprechen. Weitere Informationen zu Cookies, deren Verwaltung oder L\u00f6schung finden Sie auf der Website allaboutcookies.org oder in der Hilfesektion Ihres Browsers.<\/p>\n<p>&nbsp;<\/p>\n<p><strong>ANDERE TECHNOLOGIEN<\/strong><\/p>\n<p>Printwave sammelt auch Daten \u00fcber die Nutzer der Website in Protokollen, Systemdiensten oder mithilfe anderer Technologien (z. B. Pixel, SDK-Codes). Dadurch erfahren wir, welche Unterseiten unserer Website besucht wurden oder wie oft die Website angezeigt wurde. Wir nutzen diese Technologien, um die Effizienz und Sicherheit der Website zu verbessern, die Website besser an Ihre Bed\u00fcrfnisse anzupassen und die Suche nach Informationen zu beschleunigen.<\/p>\n<p>Auf unserer Website verwenden wir Google Analytics, das von Google LLC, 1600 Amphitheatre Parkway, Mountain View, CA 94043, USA, bereitgestellt wird. Mit dieser Technologie kann Google Informationen \u00fcber den Browsertyp\/-version, das Betriebssystem, die URL-Adresse des Verweises, die verk\u00fcrzte IP-Adresse oder die Serveranfragezeit im Cookie speichern. Die durch das Cookie generierten Informationen \u00fcber die Nutzung der Website werden in der Regel an einen Server von Google in den USA \u00fcbertragen und dort gespeichert. Google Analytics sammelt keine Daten, die eine Identifikation erm\u00f6glichen w\u00fcrden. Daher sind die im Rahmen von Google Analytics gesammelten Daten keine personenbezogenen Daten.<\/p>\n<p>Google verarbeitet in unserem Auftrag Informationen \u00fcber Ihre Nutzung der Website (im Rahmen von Google Analytics), um die Nutzung der Website zu bewerten, Aktivit\u00e4tsberichte zu erstellen und andere Dienste in Zusammenhang mit der Nutzung der Website bereitzustellen. Die im Rahmen von Google Analytics von Ihrem Browser \u00fcbermittelte IP-Adresse wird nicht mit anderen Google-Daten verkn\u00fcpft. Weitere Informationen zu Nutzungsbedingungen und Datenschutz finden Sie unter:\u00a0<a href=\"https:\/\/support.google.com\/analytics\/answer\/9019185?hl=de\">https:\/\/support.google.com\/analytics\/answer\/9019185?hl=de<\/a><\/p>\n<p>&nbsp;<\/p>\n<p><strong>\u00c4NDERUNGEN<\/strong><\/p>\n<p>Um die in dieser Datenschutzrichtlinie enthaltenen Informationen zu aktualisieren und deren \u00dcbereinstimmung mit den geltenden gesetzlichen Vorschriften sicherzustellen, kann diese Datenschutzrichtlinie ge\u00e4ndert werden. Im Falle einer \u00c4nderung des Inhalts der Datenschutzrichtlinie wird das Aktualisierungsdatum am Anfang des Textes ge\u00e4ndert. Um Informationen zum Schutz personenbezogener Daten zu erhalten, empfiehlt der Administrator den Benutzern, sich regelm\u00e4\u00dfig mit den Bestimmungen der Datenschutzrichtlinie vertraut zu machen.<\/p>\n\t\t<\/div>\n\t\t[\/vc_column][\/vc_row]<\/p>\n<\/div>","protected":false},"excerpt":{"rendered":"<p>[vc_row][vc_column][\/vc_column][\/vc_row]<\/p>\n","protected":false},"author":1,"featured_media":0,"parent":0,"menu_order":0,"comment_status":"closed","ping_status":"closed","template":"","meta":{"footnotes":""},"class_list":["post-9511","page","type-page","status-publish","hentry"],"yoast_head":"<!-- This site is optimized with the Yoast SEO Premium plugin v20.9 (Yoast SEO v26.3) - https:\/\/yoast.com\/wordpress\/plugins\/seo\/ -->\n<title>Datenschutzbestimmungen | Printwave DE<\/title>\n<meta name=\"robots\" content=\"index, follow, max-snippet:-1, max-image-preview:large, max-video-preview:-1\" \/>\n<link rel=\"canonical\" href=\"https:\/\/printwave.pl\/de\/datenschutzbestimmungen\/\" \/>\n<meta property=\"og:locale\" content=\"de_DE\" \/>\n<meta property=\"og:type\" content=\"article\" \/>\n<meta property=\"og:title\" content=\"Datenschutzbestimmungen\" \/>\n<meta property=\"og:description\" content=\"[vc_row][vc_column][\/vc_column][\/vc_row]\" \/>\n<meta property=\"og:url\" content=\"https:\/\/printwave.pl\/de\/datenschutzbestimmungen\/\" \/>\n<meta property=\"og:site_name\" content=\"Printwave DE\" \/>\n<meta property=\"article:modified_time\" content=\"2023-08-11T16:50:42+00:00\" \/>\n<meta property=\"og:image\" content=\"https:\/\/printwave.pl\/de\/wp-content\/uploads\/sites\/3\/2025\/03\/Print-Wave-logo-2025.png\" \/>\n\t<meta property=\"og:image:width\" content=\"1645\" \/>\n\t<meta property=\"og:image:height\" content=\"297\" \/>\n\t<meta property=\"og:image:type\" content=\"image\/png\" \/>\n<meta name=\"twitter:card\" content=\"summary_large_image\" \/>\n<meta name=\"twitter:label1\" content=\"Gesch\u00e4tzte Lesezeit\" \/>\n\t<meta name=\"twitter:data1\" content=\"9\u00a0Minuten\" \/>\n<script type=\"application\/ld+json\" class=\"yoast-schema-graph\">{\"@context\":\"https:\/\/schema.org\",\"@graph\":[{\"@type\":\"WebPage\",\"@id\":\"https:\/\/printwave.pl\/de\/datenschutzbestimmungen\/\",\"url\":\"https:\/\/printwave.pl\/de\/datenschutzbestimmungen\/\",\"name\":\"Datenschutzbestimmungen | Printwave DE\",\"isPartOf\":{\"@id\":\"https:\/\/printwave.pl\/de\/#website\"},\"datePublished\":\"2023-05-22T07:13:59+00:00\",\"dateModified\":\"2023-08-11T16:50:42+00:00\",\"breadcrumb\":{\"@id\":\"https:\/\/printwave.pl\/de\/datenschutzbestimmungen\/#breadcrumb\"},\"inLanguage\":\"de\",\"potentialAction\":[{\"@type\":\"ReadAction\",\"target\":[\"https:\/\/printwave.pl\/de\/datenschutzbestimmungen\/\"]}]},{\"@type\":\"BreadcrumbList\",\"@id\":\"https:\/\/printwave.pl\/de\/datenschutzbestimmungen\/#breadcrumb\",\"itemListElement\":[{\"@type\":\"ListItem\",\"position\":1,\"name\":\"Strona g\u0142\u00f3wna\",\"item\":\"https:\/\/printwave.pl\/de\/\"},{\"@type\":\"ListItem\",\"position\":2,\"name\":\"Datenschutzbestimmungen\"}]},{\"@type\":\"WebSite\",\"@id\":\"https:\/\/printwave.pl\/de\/#website\",\"url\":\"https:\/\/printwave.pl\/de\/\",\"name\":\"Printwave DE\",\"description\":\"\",\"potentialAction\":[{\"@type\":\"SearchAction\",\"target\":{\"@type\":\"EntryPoint\",\"urlTemplate\":\"https:\/\/printwave.pl\/de\/?s={search_term_string}\"},\"query-input\":{\"@type\":\"PropertyValueSpecification\",\"valueRequired\":true,\"valueName\":\"search_term_string\"}}],\"inLanguage\":\"de\"}]}<\/script>\n<!-- \/ Yoast SEO Premium plugin. -->","yoast_head_json":{"title":"Datenschutzbestimmungen | Printwave DE","robots":{"index":"index","follow":"follow","max-snippet":"max-snippet:-1","max-image-preview":"max-image-preview:large","max-video-preview":"max-video-preview:-1"},"canonical":"https:\/\/printwave.pl\/de\/datenschutzbestimmungen\/","og_locale":"de_DE","og_type":"article","og_title":"Datenschutzbestimmungen","og_description":"[vc_row][vc_column][\/vc_column][\/vc_row]","og_url":"https:\/\/printwave.pl\/de\/datenschutzbestimmungen\/","og_site_name":"Printwave DE","article_modified_time":"2023-08-11T16:50:42+00:00","og_image":[{"width":1645,"height":297,"url":"https:\/\/printwave.pl\/de\/wp-content\/uploads\/sites\/3\/2025\/03\/Print-Wave-logo-2025.png","type":"image\/png"}],"twitter_card":"summary_large_image","twitter_misc":{"Gesch\u00e4tzte Lesezeit":"9\u00a0Minuten"},"schema":{"@context":"https:\/\/schema.org","@graph":[{"@type":"WebPage","@id":"https:\/\/printwave.pl\/de\/datenschutzbestimmungen\/","url":"https:\/\/printwave.pl\/de\/datenschutzbestimmungen\/","name":"Datenschutzbestimmungen | Printwave DE","isPartOf":{"@id":"https:\/\/printwave.pl\/de\/#website"},"datePublished":"2023-05-22T07:13:59+00:00","dateModified":"2023-08-11T16:50:42+00:00","breadcrumb":{"@id":"https:\/\/printwave.pl\/de\/datenschutzbestimmungen\/#breadcrumb"},"inLanguage":"de","potentialAction":[{"@type":"ReadAction","target":["https:\/\/printwave.pl\/de\/datenschutzbestimmungen\/"]}]},{"@type":"BreadcrumbList","@id":"https:\/\/printwave.pl\/de\/datenschutzbestimmungen\/#breadcrumb","itemListElement":[{"@type":"ListItem","position":1,"name":"Strona g\u0142\u00f3wna","item":"https:\/\/printwave.pl\/de\/"},{"@type":"ListItem","position":2,"name":"Datenschutzbestimmungen"}]},{"@type":"WebSite","@id":"https:\/\/printwave.pl\/de\/#website","url":"https:\/\/printwave.pl\/de\/","name":"Printwave DE","description":"","potentialAction":[{"@type":"SearchAction","target":{"@type":"EntryPoint","urlTemplate":"https:\/\/printwave.pl\/de\/?s={search_term_string}"},"query-input":{"@type":"PropertyValueSpecification","valueRequired":true,"valueName":"search_term_string"}}],"inLanguage":"de"}]}},"_links":{"self":[{"href":"https:\/\/printwave.pl\/de\/wp-json\/wp\/v2\/pages\/9511","targetHints":{"allow":["GET"]}}],"collection":[{"href":"https:\/\/printwave.pl\/de\/wp-json\/wp\/v2\/pages"}],"about":[{"href":"https:\/\/printwave.pl\/de\/wp-json\/wp\/v2\/types\/page"}],"author":[{"embeddable":true,"href":"https:\/\/printwave.pl\/de\/wp-json\/wp\/v2\/users\/1"}],"replies":[{"embeddable":true,"href":"https:\/\/printwave.pl\/de\/wp-json\/wp\/v2\/comments?post=9511"}],"version-history":[{"count":0,"href":"https:\/\/printwave.pl\/de\/wp-json\/wp\/v2\/pages\/9511\/revisions"}],"wp:attachment":[{"href":"https:\/\/printwave.pl\/de\/wp-json\/wp\/v2\/media?parent=9511"}],"curies":[{"name":"wp","href":"https:\/\/api.w.org\/{rel}","templated":true}]}}