{"id":205366,"date":"2023-06-28T15:48:18","date_gmt":"2023-06-28T13:48:18","guid":{"rendered":"https:\/\/www.printwave.hmcloud.pl\/?page_id=205366"},"modified":"2023-08-11T18:51:51","modified_gmt":"2023-08-11T16:51:51","slug":"etikettier-kleidung","status":"publish","type":"page","link":"https:\/\/printwave.pl\/de\/etikettier-kleidung\/","title":{"rendered":"Kennzeichnung von Kleidungsst\u00fccken"},"content":{"rendered":"<div class=\"wpb-content-wrapper\"><p>[vc_row][vc_column]\t\t<div id=\"wd-64d6670a7f0d0\" class=\"wd-text-block wd-wpb reset-last-child wd-rs-64d6670a7f0d0 text-left \">\n\t\t\t<p>Willkommen in unserem Unternehmen, das sich auf den Verkauf und die Personalisierung von Kleidung spezialisiert hat! Wir sind stolze Lieferanten hochwertiger Kleidung f\u00fcr verschiedene Branchen und Zwecke. Wir bieten eine breite Auswahl an reflektierender und regul\u00e4rer Kleidung, die nach deiner Vision angepasst und personalisiert werden kann.<\/p>\n<p>Unser professionelles Team steht bereit, um dir bei der Auswahl der richtigen Kleidung und der Erstellung von einzigartigen Markierungen und Markierungsmethoden zu helfen, die deine individuellen Bed\u00fcrfnisse erf\u00fcllen. Egal, ob du personalisierte T-Shirts, Hoodies oder andere Produkte ben\u00f6tigst, unsere Personalisierungsdienste erm\u00f6glichen es dir, deine Marke, dein Team, deine Veranstaltung oder deine Kampagne in Szene zu setzen.<\/p>\n<p>Warum solltest du unser Unternehmen w\u00e4hlen? Erstens bieten wir hochwertige Produkte von renommierten Herstellern an, die Langlebigkeit und Tragekomfort gew\u00e4hrleisten. Zweitens erm\u00f6glicht uns unser Wissen und unsere Erfahrung im Bereich der Kleidungspersonalisierung die Erstellung professioneller und \u00e4sthetisch ansprechender Designs. Drittens legen wir Wert auf eine individuelle Betreuung jedes Kunden und bieten Beratung und Unterst\u00fctzung in jeder Phase.<\/p>\n<p>Wir laden dich ein, unser Sortiment an Kleidung zu erkunden, in dem du vielf\u00e4ltige Modelle und Gr\u00f6\u00dfen findest. Nutze dann unsere Personalisierungsdienste, um deiner Kleidung einen einzigartigen Charakter zu verleihen. Trage stolz Kleidung, die deine Marke repr\u00e4sentiert oder deine \u00dcberzeugungen zum Ausdruck bringt.<\/p>\n<p>Nimm noch heute Kontakt mit uns auf, um eine Zusammenarbeit zu beginnen. Unser Team beantwortet gerne deine Fragen, gibt Ratschl\u00e4ge und erstellt ein auf deine Bed\u00fcrfnisse zugeschnittenes Angebot. Schlie\u00dfe dich unserem zufriedenen Kundenkreis an und erlebe Professionalit\u00e4t und Qualit\u00e4t unserer Kleidungspersonalisierungsdienste!<\/p>\n<p>Ich hoffe, die \u00dcbersetzung entspricht deinen Erwartungen. Wenn du weitere Fragen hast oder Hilfe ben\u00f6tigst, stehe ich gerne zur Verf\u00fcgung!<\/p>\n\t\t<\/div>\n\t\t[\/vc_column][\/vc_row]<\/p>\n<\/div>","protected":false},"excerpt":{"rendered":"<p>[vc_row][vc_column][\/vc_column][\/vc_row]<\/p>\n","protected":false},"author":1,"featured_media":0,"parent":0,"menu_order":0,"comment_status":"closed","ping_status":"closed","template":"","meta":{"footnotes":""},"class_list":["post-205366","page","type-page","status-publish","hentry"],"yoast_head":"<!-- This site is optimized with the Yoast SEO Premium plugin v20.9 (Yoast SEO v26.3) - https:\/\/yoast.com\/wordpress\/plugins\/seo\/ -->\n<title>Kennzeichnung von Kleidungsst\u00fccken | Printwave DE<\/title>\n<meta name=\"robots\" content=\"index, follow, max-snippet:-1, max-image-preview:large, max-video-preview:-1\" \/>\n<link rel=\"canonical\" href=\"https:\/\/printwave.pl\/de\/etikettier-kleidung\/\" \/>\n<meta property=\"og:locale\" content=\"de_DE\" \/>\n<meta property=\"og:type\" content=\"article\" \/>\n<meta property=\"og:title\" content=\"Kennzeichnung von Kleidungsst\u00fccken\" \/>\n<meta property=\"og:description\" content=\"[vc_row][vc_column][\/vc_column][\/vc_row]\" \/>\n<meta property=\"og:url\" content=\"https:\/\/printwave.pl\/de\/etikettier-kleidung\/\" \/>\n<meta property=\"og:site_name\" content=\"Printwave DE\" \/>\n<meta property=\"article:modified_time\" content=\"2023-08-11T16:51:51+00:00\" \/>\n<meta property=\"og:image\" content=\"https:\/\/printwave.pl\/de\/wp-content\/uploads\/sites\/3\/2025\/03\/Print-Wave-logo-2025.png\" \/>\n\t<meta property=\"og:image:width\" content=\"1645\" \/>\n\t<meta property=\"og:image:height\" content=\"297\" \/>\n\t<meta property=\"og:image:type\" content=\"image\/png\" \/>\n<meta name=\"twitter:card\" content=\"summary_large_image\" \/>\n<meta name=\"twitter:label1\" content=\"Gesch\u00e4tzte Lesezeit\" \/>\n\t<meta name=\"twitter:data1\" content=\"2\u00a0Minuten\" \/>\n<script type=\"application\/ld+json\" class=\"yoast-schema-graph\">{\"@context\":\"https:\/\/schema.org\",\"@graph\":[{\"@type\":\"WebPage\",\"@id\":\"https:\/\/printwave.pl\/de\/etikettier-kleidung\/\",\"url\":\"https:\/\/printwave.pl\/de\/etikettier-kleidung\/\",\"name\":\"Kennzeichnung von Kleidungsst\u00fccken | Printwave DE\",\"isPartOf\":{\"@id\":\"https:\/\/printwave.pl\/de\/#website\"},\"datePublished\":\"2023-06-28T13:48:18+00:00\",\"dateModified\":\"2023-08-11T16:51:51+00:00\",\"breadcrumb\":{\"@id\":\"https:\/\/printwave.pl\/de\/etikettier-kleidung\/#breadcrumb\"},\"inLanguage\":\"de\",\"potentialAction\":[{\"@type\":\"ReadAction\",\"target\":[\"https:\/\/printwave.pl\/de\/etikettier-kleidung\/\"]}]},{\"@type\":\"BreadcrumbList\",\"@id\":\"https:\/\/printwave.pl\/de\/etikettier-kleidung\/#breadcrumb\",\"itemListElement\":[{\"@type\":\"ListItem\",\"position\":1,\"name\":\"Strona g\u0142\u00f3wna\",\"item\":\"https:\/\/printwave.pl\/de\/\"},{\"@type\":\"ListItem\",\"position\":2,\"name\":\"Kennzeichnung von Kleidungsst\u00fccken\"}]},{\"@type\":\"WebSite\",\"@id\":\"https:\/\/printwave.pl\/de\/#website\",\"url\":\"https:\/\/printwave.pl\/de\/\",\"name\":\"Printwave DE\",\"description\":\"\",\"potentialAction\":[{\"@type\":\"SearchAction\",\"target\":{\"@type\":\"EntryPoint\",\"urlTemplate\":\"https:\/\/printwave.pl\/de\/?s={search_term_string}\"},\"query-input\":{\"@type\":\"PropertyValueSpecification\",\"valueRequired\":true,\"valueName\":\"search_term_string\"}}],\"inLanguage\":\"de\"}]}<\/script>\n<!-- \/ Yoast SEO Premium plugin. -->","yoast_head_json":{"title":"Kennzeichnung von Kleidungsst\u00fccken | Printwave DE","robots":{"index":"index","follow":"follow","max-snippet":"max-snippet:-1","max-image-preview":"max-image-preview:large","max-video-preview":"max-video-preview:-1"},"canonical":"https:\/\/printwave.pl\/de\/etikettier-kleidung\/","og_locale":"de_DE","og_type":"article","og_title":"Kennzeichnung von Kleidungsst\u00fccken","og_description":"[vc_row][vc_column][\/vc_column][\/vc_row]","og_url":"https:\/\/printwave.pl\/de\/etikettier-kleidung\/","og_site_name":"Printwave DE","article_modified_time":"2023-08-11T16:51:51+00:00","og_image":[{"width":1645,"height":297,"url":"https:\/\/printwave.pl\/de\/wp-content\/uploads\/sites\/3\/2025\/03\/Print-Wave-logo-2025.png","type":"image\/png"}],"twitter_card":"summary_large_image","twitter_misc":{"Gesch\u00e4tzte Lesezeit":"2\u00a0Minuten"},"schema":{"@context":"https:\/\/schema.org","@graph":[{"@type":"WebPage","@id":"https:\/\/printwave.pl\/de\/etikettier-kleidung\/","url":"https:\/\/printwave.pl\/de\/etikettier-kleidung\/","name":"Kennzeichnung von Kleidungsst\u00fccken | Printwave DE","isPartOf":{"@id":"https:\/\/printwave.pl\/de\/#website"},"datePublished":"2023-06-28T13:48:18+00:00","dateModified":"2023-08-11T16:51:51+00:00","breadcrumb":{"@id":"https:\/\/printwave.pl\/de\/etikettier-kleidung\/#breadcrumb"},"inLanguage":"de","potentialAction":[{"@type":"ReadAction","target":["https:\/\/printwave.pl\/de\/etikettier-kleidung\/"]}]},{"@type":"BreadcrumbList","@id":"https:\/\/printwave.pl\/de\/etikettier-kleidung\/#breadcrumb","itemListElement":[{"@type":"ListItem","position":1,"name":"Strona g\u0142\u00f3wna","item":"https:\/\/printwave.pl\/de\/"},{"@type":"ListItem","position":2,"name":"Kennzeichnung von Kleidungsst\u00fccken"}]},{"@type":"WebSite","@id":"https:\/\/printwave.pl\/de\/#website","url":"https:\/\/printwave.pl\/de\/","name":"Printwave DE","description":"","potentialAction":[{"@type":"SearchAction","target":{"@type":"EntryPoint","urlTemplate":"https:\/\/printwave.pl\/de\/?s={search_term_string}"},"query-input":{"@type":"PropertyValueSpecification","valueRequired":true,"valueName":"search_term_string"}}],"inLanguage":"de"}]}},"_links":{"self":[{"href":"https:\/\/printwave.pl\/de\/wp-json\/wp\/v2\/pages\/205366","targetHints":{"allow":["GET"]}}],"collection":[{"href":"https:\/\/printwave.pl\/de\/wp-json\/wp\/v2\/pages"}],"about":[{"href":"https:\/\/printwave.pl\/de\/wp-json\/wp\/v2\/types\/page"}],"author":[{"embeddable":true,"href":"https:\/\/printwave.pl\/de\/wp-json\/wp\/v2\/users\/1"}],"replies":[{"embeddable":true,"href":"https:\/\/printwave.pl\/de\/wp-json\/wp\/v2\/comments?post=205366"}],"version-history":[{"count":0,"href":"https:\/\/printwave.pl\/de\/wp-json\/wp\/v2\/pages\/205366\/revisions"}],"wp:attachment":[{"href":"https:\/\/printwave.pl\/de\/wp-json\/wp\/v2\/media?parent=205366"}],"curies":[{"name":"wp","href":"https:\/\/api.w.org\/{rel}","templated":true}]}}