{"id":179501,"date":"2023-06-08T12:33:47","date_gmt":"2023-06-08T10:33:47","guid":{"rendered":"https:\/\/www.printwave.hmcloud.pl\/?page_id=179501"},"modified":"2024-09-24T16:33:54","modified_gmt":"2024-09-24T14:33:54","slug":"grafik-dienstleistungen","status":"publish","type":"page","link":"https:\/\/printwave.pl\/de\/grafik-dienstleistungen\/","title":{"rendered":"Grafische Dienstleistungen"},"content":{"rendered":"<div class=\"wpb-content-wrapper\"><p>[vc_row][vc_column]\t\t<div id=\"wd-66f2ccf93278d\" class=\"wd-text-block wd-wpb reset-last-child wd-rs-66f2ccf93278d text-left \">\n\t\t\t<p>Unser Unternehmen bietet umfassende Grafikdesign-Dienstleistungen an und ist auf die Bekleidungskennzeichnungsbranche spezialisiert. Dank unseres erfahrenen Teams von Grafikern erstellen wir einzigartige Projekte, die Ihre Kleidung hervorheben und Ihre Marke effektiv bewerben. Egal, ob Sie ein Logo, ein Muster oder ein individuelles Grafikdesign ben\u00f6tigen \u2013 wir sind hier, um Ihre Erwartungen zu erf\u00fcllen.<\/p>\n<p>Unser Team von Grafikern versteht, wie wichtig visuelle Kommunikation ist, und passt jedes Projekt pr\u00e4zise an Ihre Bed\u00fcrfnisse und Vorlieben an. Wir entwerfen originelle Designs, die nicht nur den Charakter Ihrer Marke widerspiegeln, sondern auch die Aufmerksamkeit Ihrer Kunden auf sich ziehen. Unsere Dienstleistungen umfassen die Gestaltung von Logos, Etiketten, Zeichen, Bekleidungsmustern und anderen grafischen Elementen, die das Image Ihrer Marke st\u00e4rken.<\/p>\n<p>Wir liefern Grafikprojekte auf h\u00f6chstem Niveau. Mit modernster Grafiksoftware und stets den aktuellen Trends folgend, bieten wir Ihnen innovative, \u00e4sthetische und funktionale L\u00f6sungen. Wir arbeiten effizient und passen uns immer Ihren Terminen und Anforderungen an, um eine schnelle Auftragsabwicklung zu gew\u00e4hrleisten.<\/p>\n<p>Dank unserer Designs werden sich Ihre Produkte abheben, die Aufmerksamkeit der Kunden gewinnen und das positive Image Ihrer Marke auf dem Markt st\u00e4rken.<\/p>\n\t\t<\/div>\n\t\t<div id=\"wd-66f2cdc5529c8\" class=\" wd-rs-66f2cdc5529c8  wd-button-wrapper text-center\"><a href=\"\/de\/kontakt\" title=\"Wir laden Sie zur Zusammenarbeit ein!\" class=\"btn btn-color-primary btn-style-bordered btn-shape-rectangle btn-size-default\">Wir laden Sie zur Zusammenarbeit ein!<\/a><\/div>[\/vc_column][\/vc_row]<\/p>\n<\/div>","protected":false},"excerpt":{"rendered":"<p>[vc_row][vc_column][\/vc_column][\/vc_row]<\/p>\n","protected":false},"author":1,"featured_media":0,"parent":0,"menu_order":0,"comment_status":"closed","ping_status":"closed","template":"","meta":{"footnotes":""},"class_list":["post-179501","page","type-page","status-publish","hentry"],"yoast_head":"<!-- This site is optimized with the Yoast SEO Premium plugin v20.9 (Yoast SEO v26.3) - https:\/\/yoast.com\/wordpress\/plugins\/seo\/ -->\n<title>Grafische Dienstleistungen | Printwave DE<\/title>\n<meta name=\"robots\" content=\"index, follow, max-snippet:-1, max-image-preview:large, max-video-preview:-1\" \/>\n<link rel=\"canonical\" href=\"https:\/\/printwave.pl\/de\/grafik-dienstleistungen\/\" \/>\n<meta property=\"og:locale\" content=\"de_DE\" \/>\n<meta property=\"og:type\" content=\"article\" \/>\n<meta property=\"og:title\" content=\"Grafische Dienstleistungen\" \/>\n<meta property=\"og:description\" content=\"[vc_row][vc_column][\/vc_column][\/vc_row]\" \/>\n<meta property=\"og:url\" content=\"https:\/\/printwave.pl\/de\/grafik-dienstleistungen\/\" \/>\n<meta property=\"og:site_name\" content=\"Printwave DE\" \/>\n<meta property=\"article:modified_time\" content=\"2024-09-24T14:33:54+00:00\" \/>\n<meta property=\"og:image\" content=\"https:\/\/printwave.pl\/de\/wp-content\/uploads\/sites\/3\/2025\/03\/Print-Wave-logo-2025.png\" \/>\n\t<meta property=\"og:image:width\" content=\"1645\" \/>\n\t<meta property=\"og:image:height\" content=\"297\" \/>\n\t<meta property=\"og:image:type\" content=\"image\/png\" \/>\n<meta name=\"twitter:card\" content=\"summary_large_image\" \/>\n<meta name=\"twitter:label1\" content=\"Gesch\u00e4tzte Lesezeit\" \/>\n\t<meta name=\"twitter:data1\" content=\"2\u00a0Minuten\" \/>\n<script type=\"application\/ld+json\" class=\"yoast-schema-graph\">{\"@context\":\"https:\/\/schema.org\",\"@graph\":[{\"@type\":\"WebPage\",\"@id\":\"https:\/\/printwave.pl\/de\/grafik-dienstleistungen\/\",\"url\":\"https:\/\/printwave.pl\/de\/grafik-dienstleistungen\/\",\"name\":\"Grafische Dienstleistungen | Printwave DE\",\"isPartOf\":{\"@id\":\"https:\/\/printwave.pl\/de\/#website\"},\"datePublished\":\"2023-06-08T10:33:47+00:00\",\"dateModified\":\"2024-09-24T14:33:54+00:00\",\"breadcrumb\":{\"@id\":\"https:\/\/printwave.pl\/de\/grafik-dienstleistungen\/#breadcrumb\"},\"inLanguage\":\"de\",\"potentialAction\":[{\"@type\":\"ReadAction\",\"target\":[\"https:\/\/printwave.pl\/de\/grafik-dienstleistungen\/\"]}]},{\"@type\":\"BreadcrumbList\",\"@id\":\"https:\/\/printwave.pl\/de\/grafik-dienstleistungen\/#breadcrumb\",\"itemListElement\":[{\"@type\":\"ListItem\",\"position\":1,\"name\":\"Strona g\u0142\u00f3wna\",\"item\":\"https:\/\/printwave.pl\/de\/\"},{\"@type\":\"ListItem\",\"position\":2,\"name\":\"Grafische Dienstleistungen\"}]},{\"@type\":\"WebSite\",\"@id\":\"https:\/\/printwave.pl\/de\/#website\",\"url\":\"https:\/\/printwave.pl\/de\/\",\"name\":\"Printwave DE\",\"description\":\"\",\"potentialAction\":[{\"@type\":\"SearchAction\",\"target\":{\"@type\":\"EntryPoint\",\"urlTemplate\":\"https:\/\/printwave.pl\/de\/?s={search_term_string}\"},\"query-input\":{\"@type\":\"PropertyValueSpecification\",\"valueRequired\":true,\"valueName\":\"search_term_string\"}}],\"inLanguage\":\"de\"}]}<\/script>\n<!-- \/ Yoast SEO Premium plugin. -->","yoast_head_json":{"title":"Grafische Dienstleistungen | Printwave DE","robots":{"index":"index","follow":"follow","max-snippet":"max-snippet:-1","max-image-preview":"max-image-preview:large","max-video-preview":"max-video-preview:-1"},"canonical":"https:\/\/printwave.pl\/de\/grafik-dienstleistungen\/","og_locale":"de_DE","og_type":"article","og_title":"Grafische Dienstleistungen","og_description":"[vc_row][vc_column][\/vc_column][\/vc_row]","og_url":"https:\/\/printwave.pl\/de\/grafik-dienstleistungen\/","og_site_name":"Printwave DE","article_modified_time":"2024-09-24T14:33:54+00:00","og_image":[{"width":1645,"height":297,"url":"https:\/\/printwave.pl\/de\/wp-content\/uploads\/sites\/3\/2025\/03\/Print-Wave-logo-2025.png","type":"image\/png"}],"twitter_card":"summary_large_image","twitter_misc":{"Gesch\u00e4tzte Lesezeit":"2\u00a0Minuten"},"schema":{"@context":"https:\/\/schema.org","@graph":[{"@type":"WebPage","@id":"https:\/\/printwave.pl\/de\/grafik-dienstleistungen\/","url":"https:\/\/printwave.pl\/de\/grafik-dienstleistungen\/","name":"Grafische Dienstleistungen | Printwave DE","isPartOf":{"@id":"https:\/\/printwave.pl\/de\/#website"},"datePublished":"2023-06-08T10:33:47+00:00","dateModified":"2024-09-24T14:33:54+00:00","breadcrumb":{"@id":"https:\/\/printwave.pl\/de\/grafik-dienstleistungen\/#breadcrumb"},"inLanguage":"de","potentialAction":[{"@type":"ReadAction","target":["https:\/\/printwave.pl\/de\/grafik-dienstleistungen\/"]}]},{"@type":"BreadcrumbList","@id":"https:\/\/printwave.pl\/de\/grafik-dienstleistungen\/#breadcrumb","itemListElement":[{"@type":"ListItem","position":1,"name":"Strona g\u0142\u00f3wna","item":"https:\/\/printwave.pl\/de\/"},{"@type":"ListItem","position":2,"name":"Grafische Dienstleistungen"}]},{"@type":"WebSite","@id":"https:\/\/printwave.pl\/de\/#website","url":"https:\/\/printwave.pl\/de\/","name":"Printwave DE","description":"","potentialAction":[{"@type":"SearchAction","target":{"@type":"EntryPoint","urlTemplate":"https:\/\/printwave.pl\/de\/?s={search_term_string}"},"query-input":{"@type":"PropertyValueSpecification","valueRequired":true,"valueName":"search_term_string"}}],"inLanguage":"de"}]}},"_links":{"self":[{"href":"https:\/\/printwave.pl\/de\/wp-json\/wp\/v2\/pages\/179501","targetHints":{"allow":["GET"]}}],"collection":[{"href":"https:\/\/printwave.pl\/de\/wp-json\/wp\/v2\/pages"}],"about":[{"href":"https:\/\/printwave.pl\/de\/wp-json\/wp\/v2\/types\/page"}],"author":[{"embeddable":true,"href":"https:\/\/printwave.pl\/de\/wp-json\/wp\/v2\/users\/1"}],"replies":[{"embeddable":true,"href":"https:\/\/printwave.pl\/de\/wp-json\/wp\/v2\/comments?post=179501"}],"version-history":[{"count":4,"href":"https:\/\/printwave.pl\/de\/wp-json\/wp\/v2\/pages\/179501\/revisions"}],"predecessor-version":[{"id":348459,"href":"https:\/\/printwave.pl\/de\/wp-json\/wp\/v2\/pages\/179501\/revisions\/348459"}],"wp:attachment":[{"href":"https:\/\/printwave.pl\/de\/wp-json\/wp\/v2\/media?parent=179501"}],"curies":[{"name":"wp","href":"https:\/\/api.w.org\/{rel}","templated":true}]}}